{"id":14305,"date":"2020-11-12T22:35:52","date_gmt":"2020-11-12T21:35:52","guid":{"rendered":"https:\/\/easylingo.com\/es2\/?page_id=14305"},"modified":"2023-02-22T14:38:11","modified_gmt":"2023-02-22T13:38:11","slug":"dekujeme-app","status":"publish","type":"page","link":"https:\/\/easylingo.com\/cs\/dekujeme-app\/","title":{"rendered":"D\u011bkujeme-app"},"content":{"rendered":"\n[et_pb_section fb_built=&#8220;1&#8243; _builder_version=&#8220;4.6.6&#8243; _module_preset=&#8220;default&#8220;][et_pb_row column_structure=&#8220;1_2,1_2&#8243; _builder_version=&#8220;4.6.6&#8243; _module_preset=&#8220;default&#8220;][et_pb_column type=&#8220;1_2&#8243; _builder_version=&#8220;4.6.6&#8243; _module_preset=&#8220;default&#8220;][et_pb_image src=&#8220;https:\/\/easylingo.com\/cs\/wp-content\/uploads\/sites\/3\/2020\/11\/redboy.png&#8220; title_text=&#8220;redboy&#8220; _builder_version=&#8220;4.7.6&#8243; _module_preset=&#8220;default&#8220; custom_margin=&#8220;|||156px||&#8220;][\/et_pb_image][\/et_pb_column][et_pb_column type=&#8220;1_2&#8243; _builder_version=&#8220;4.7.6&#8243; _module_preset=&#8220;default&#8220;][et_pb_text _builder_version=&#8220;4.7.6&#8243; _module_preset=&#8220;default&#8220; custom_margin=&#8220;78px||54px|||&#8220;]<h1 style=\"text-align: center\"><span style=\"font-size: xx-large\"><strong>D\u011bkujeme, \u017ee jste se rozhodli studovat s EasyLingo<\/strong><\/span><\/h1>\n<h2 style=\"text-align: center\">M\u016f\u017ee chv\u00edli trvat, ne\u017e bude va\u0161e objedn\u00e1vka vy\u0159\u00edzena.  V\u00e1mi zakoupen\u00e9 kurzy by se m\u011bly zanedlouho objevit v sekci &#8222;Moje kurzy&#8220;. Po\u010dkejte pros\u00edm a pokud se tak nestane b\u011bhem 15 minut, kontaktujte n\u00e1s na <span style=\"color: #339ccd\"><a href=\"mailto:info@easylingo.com\">info@easylingo.com<\/a><\/span>. P\u0159ejeme p\u0159\u00edjemnou z\u00e1bavu u studia ciz\u00edch jazyk\u016f.<\/h2>[\/et_pb_text][et_pb_button button_url=&#8220;https:\/\/student.easylingo.com\/login&#8220; button_text=&#8220;Zp\u011bt do aplikace&#8220; button_alignment=&#8220;center&#8220; module_id=&#8220;olearn-thanx-continue&#8220; _builder_version=&#8220;4.7.6&#8243; _module_preset=&#8220;default&#8220; custom_button=&#8220;on&#8220; button_text_size=&#8220;16px&#8220; button_text_color=&#8220;#ffffff&#8220; button_bg_use_color_gradient=&#8220;on&#8220; button_bg_color_gradient_start=&#8220;#0095da&#8220; button_bg_color_gradient_end=&#8220;#1390ae&#8220; button_bg_color_gradient_overlays_image=&#8220;on&#8220; button_border_width=&#8220;0px&#8220; button_border_radius=&#8220;100px&#8220; button_letter_spacing=&#8220;3px&#8220; button_font=&#8220;Proxima Bold|||on|||||&#8220; button_icon=&#8220;%%3%%&#8220; custom_margin=&#8220;49px|111px|||false|false&#8220; custom_padding=&#8220;15px|70px|15px|70px|false|false&#8220;][\/et_pb_button][\/et_pb_column][\/et_pb_row][et_pb_row _builder_version=&#8220;4.6.6&#8243; _module_preset=&#8220;default&#8220;][et_pb_column type=&#8220;4_4&#8243; _builder_version=&#8220;4.6.6&#8243; _module_preset=&#8220;default&#8220;][et_pb_code _builder_version=&#8220;4.9.2&#8243; _module_preset=&#8220;default&#8220; hover_enabled=&#8220;0&#8243; sticky_enabled=&#8220;0&#8243;]<div class=\"typeform-widget\" data-url=\"https:\/\/form.typeform.com\/to\/FNI2SQA2?typeform-medium=embed-snippet#email=xxxxx&#038;dotaznik=xxxxx\" style=\"width: 100%; height: 500px;\"><\/div><script> (function() { var qs,js,q,s,d=document, gi=d.getElementById, ce=d.createElement, gt=d.getElementsByTagName, id=\"typef_orm\", b=\"https:\/\/embed.typeform.com\/\"; if(!gi.call(d,id)) { js=ce.call(d,\"script\"); js.id=id; js.src=b+\"embed.js\"; q=gt.call(d,\"script\")[0]; q.parentNode.insertBefore(js,q) } })() <\/script>[\/et_pb_code][\/et_pb_column][\/et_pb_row][\/et_pb_section]\n","protected":false},"excerpt":{"rendered":"<p>D\u011bkujeme, \u017ee jste se rozhodli studovat s EasyLingo M\u016f\u017ee chv\u00edli trvat, ne\u017e bude va\u0161e objedn\u00e1vka vy\u0159\u00edzena. V\u00e1mi zakoupen\u00e9 kurzy by se m\u011bly zanedlouho objevit v sekci &#8222;Moje kurzy&#8220;. Po\u010dkejte pros\u00edm a pokud se tak nestane b\u011bhem 15 minut, kontaktujte n\u00e1s na info@easylingo.com. P\u0159ejeme p\u0159\u00edjemnou z\u00e1bavu u studia ciz\u00edch jazyk\u016f.<\/p>\n","protected":false},"author":1,"featured_media":0,"parent":0,"menu_order":0,"comment_status":"closed","ping_status":"closed","template":"","meta":{"_et_pb_use_builder":"on","_et_pb_old_content":"<!-- wp:divi\/placeholder \/-->","_et_gb_content_width":"","inline_featured_image":false},"yoast_head":"<!-- This site is optimized with the Yoast SEO plugin v21.5 - https:\/\/yoast.com\/wordpress\/plugins\/seo\/ -->\n<title>D\u011bkujeme-app - EasyLingo<\/title>\n<meta name=\"robots\" content=\"index, follow, max-snippet:-1, max-image-preview:large, max-video-preview:-1\" \/>\n<link rel=\"canonical\" href=\"https:\/\/easylingo.com\/cs\/dekujeme-app\/\" \/>\n<meta property=\"og:locale\" content=\"cs_CZ\" \/>\n<meta property=\"og:type\" content=\"article\" \/>\n<meta property=\"og:title\" content=\"D\u011bkujeme-app - EasyLingo\" \/>\n<meta property=\"og:description\" content=\"D\u011bkujeme, \u017ee jste se rozhodli studovat s EasyLingo M\u016f\u017ee chv\u00edli trvat, ne\u017e bude va\u0161e objedn\u00e1vka vy\u0159\u00edzena. V\u00e1mi zakoupen\u00e9 kurzy by se m\u011bly zanedlouho objevit v sekci &quot;Moje kurzy&quot;. Po\u010dkejte pros\u00edm a pokud se tak nestane b\u011bhem 15 minut, kontaktujte n\u00e1s na info@easylingo.com. P\u0159ejeme p\u0159\u00edjemnou z\u00e1bavu u studia ciz\u00edch jazyk\u016f.\" \/>\n<meta property=\"og:url\" content=\"https:\/\/easylingo.com\/cs\/dekujeme-app\/\" \/>\n<meta property=\"og:site_name\" content=\"EasyLingo\" \/>\n<meta property=\"article:publisher\" content=\"https:\/\/www.facebook.com\/onlinejazyky\/\" \/>\n<meta property=\"article:modified_time\" content=\"2023-02-22T13:38:11+00:00\" \/>\n<meta name=\"twitter:card\" content=\"summary_large_image\" \/>\n<meta name=\"twitter:label1\" content=\"Odhadovan\u00e1 doba \u010dten\u00ed\" \/>\n\t<meta name=\"twitter:data1\" content=\"1 minuta\" \/>\n<script type=\"application\/ld+json\" class=\"yoast-schema-graph\">{\"@context\":\"https:\/\/schema.org\",\"@graph\":[{\"@type\":\"WebPage\",\"@id\":\"https:\/\/easylingo.com\/cs\/dekujeme-app\/\",\"url\":\"https:\/\/easylingo.com\/cs\/dekujeme-app\/\",\"name\":\"D\u011bkujeme-app - EasyLingo\",\"isPartOf\":{\"@id\":\"https:\/\/easylingo.com\/cs\/#website\"},\"datePublished\":\"2020-11-12T21:35:52+00:00\",\"dateModified\":\"2023-02-22T13:38:11+00:00\",\"breadcrumb\":{\"@id\":\"https:\/\/easylingo.com\/cs\/dekujeme-app\/#breadcrumb\"},\"inLanguage\":\"cs\",\"potentialAction\":[{\"@type\":\"ReadAction\",\"target\":[\"https:\/\/easylingo.com\/cs\/dekujeme-app\/\"]}]},{\"@type\":\"BreadcrumbList\",\"@id\":\"https:\/\/easylingo.com\/cs\/dekujeme-app\/#breadcrumb\",\"itemListElement\":[{\"@type\":\"ListItem\",\"position\":1,\"name\":\"Home\",\"item\":\"https:\/\/easylingo.com\/cs\/\"},{\"@type\":\"ListItem\",\"position\":2,\"name\":\"D\u011bkujeme-app\"}]},{\"@type\":\"WebSite\",\"@id\":\"https:\/\/easylingo.com\/cs\/#website\",\"url\":\"https:\/\/easylingo.com\/cs\/\",\"name\":\"EasyLingo\",\"description\":\"Nau\u010dte se jazyky: snadn\u011bji, z\u00e1bavn\u011bji a odkudkoliv.\",\"potentialAction\":[{\"@type\":\"SearchAction\",\"target\":{\"@type\":\"EntryPoint\",\"urlTemplate\":\"https:\/\/easylingo.com\/cs\/?s={search_term_string}\"},\"query-input\":\"required name=search_term_string\"}],\"inLanguage\":\"cs\"}]}<\/script>\n<!-- \/ Yoast SEO plugin. -->","yoast_head_json":{"title":"D\u011bkujeme-app - EasyLingo","robots":{"index":"index","follow":"follow","max-snippet":"max-snippet:-1","max-image-preview":"max-image-preview:large","max-video-preview":"max-video-preview:-1"},"canonical":"https:\/\/easylingo.com\/cs\/dekujeme-app\/","og_locale":"cs_CZ","og_type":"article","og_title":"D\u011bkujeme-app - EasyLingo","og_description":"D\u011bkujeme, \u017ee jste se rozhodli studovat s EasyLingo M\u016f\u017ee chv\u00edli trvat, ne\u017e bude va\u0161e objedn\u00e1vka vy\u0159\u00edzena. V\u00e1mi zakoupen\u00e9 kurzy by se m\u011bly zanedlouho objevit v sekci \"Moje kurzy\". Po\u010dkejte pros\u00edm a pokud se tak nestane b\u011bhem 15 minut, kontaktujte n\u00e1s na info@easylingo.com. P\u0159ejeme p\u0159\u00edjemnou z\u00e1bavu u studia ciz\u00edch jazyk\u016f.","og_url":"https:\/\/easylingo.com\/cs\/dekujeme-app\/","og_site_name":"EasyLingo","article_publisher":"https:\/\/www.facebook.com\/onlinejazyky\/","article_modified_time":"2023-02-22T13:38:11+00:00","twitter_card":"summary_large_image","twitter_misc":{"Odhadovan\u00e1 doba \u010dten\u00ed":"1 minuta"},"schema":{"@context":"https:\/\/schema.org","@graph":[{"@type":"WebPage","@id":"https:\/\/easylingo.com\/cs\/dekujeme-app\/","url":"https:\/\/easylingo.com\/cs\/dekujeme-app\/","name":"D\u011bkujeme-app - EasyLingo","isPartOf":{"@id":"https:\/\/easylingo.com\/cs\/#website"},"datePublished":"2020-11-12T21:35:52+00:00","dateModified":"2023-02-22T13:38:11+00:00","breadcrumb":{"@id":"https:\/\/easylingo.com\/cs\/dekujeme-app\/#breadcrumb"},"inLanguage":"cs","potentialAction":[{"@type":"ReadAction","target":["https:\/\/easylingo.com\/cs\/dekujeme-app\/"]}]},{"@type":"BreadcrumbList","@id":"https:\/\/easylingo.com\/cs\/dekujeme-app\/#breadcrumb","itemListElement":[{"@type":"ListItem","position":1,"name":"Home","item":"https:\/\/easylingo.com\/cs\/"},{"@type":"ListItem","position":2,"name":"D\u011bkujeme-app"}]},{"@type":"WebSite","@id":"https:\/\/easylingo.com\/cs\/#website","url":"https:\/\/easylingo.com\/cs\/","name":"EasyLingo","description":"Nau\u010dte se jazyky: snadn\u011bji, z\u00e1bavn\u011bji a odkudkoliv.","potentialAction":[{"@type":"SearchAction","target":{"@type":"EntryPoint","urlTemplate":"https:\/\/easylingo.com\/cs\/?s={search_term_string}"},"query-input":"required name=search_term_string"}],"inLanguage":"cs"}]}},"_links":{"self":[{"href":"https:\/\/easylingo.com\/cs\/wp-json\/wp\/v2\/pages\/14305"}],"collection":[{"href":"https:\/\/easylingo.com\/cs\/wp-json\/wp\/v2\/pages"}],"about":[{"href":"https:\/\/easylingo.com\/cs\/wp-json\/wp\/v2\/types\/page"}],"author":[{"embeddable":true,"href":"https:\/\/easylingo.com\/cs\/wp-json\/wp\/v2\/users\/1"}],"replies":[{"embeddable":true,"href":"https:\/\/easylingo.com\/cs\/wp-json\/wp\/v2\/comments?post=14305"}],"version-history":[{"count":7,"href":"https:\/\/easylingo.com\/cs\/wp-json\/wp\/v2\/pages\/14305\/revisions"}],"predecessor-version":[{"id":28481,"href":"https:\/\/easylingo.com\/cs\/wp-json\/wp\/v2\/pages\/14305\/revisions\/28481"}],"wp:attachment":[{"href":"https:\/\/easylingo.com\/cs\/wp-json\/wp\/v2\/media?parent=14305"}],"curies":[{"name":"wp","href":"https:\/\/api.w.org\/{rel}","templated":true}]}}