{"id":15495,"date":"2021-01-17T11:45:01","date_gmt":"2021-01-17T11:45:01","guid":{"rendered":"https:\/\/easylingo.com\/cs\/?page_id=15495"},"modified":"2023-09-14T11:03:51","modified_gmt":"2023-09-14T10:03:51","slug":"blog","status":"publish","type":"page","link":"https:\/\/easylingo.com\/cs\/blog\/","title":{"rendered":"Blog"},"content":{"rendered":"<p>[et_pb_section fb_built=&#8220;1&#8243; _builder_version=&#8220;4.16&#8243; background_image=&#8220;https:\/\/easylingo.com\/es2\/wp-content\/uploads\/sites\/4\/2020\/11\/hero-bottom.svg&#8220; background_position=&#8220;bottom_center&#8220; custom_padding=&#8220;2px||0px|||&#8220; global_colors_info=&#8220;{}&#8220; da_is_popup=&#8220;off&#8220; da_exit_intent=&#8220;off&#8220; da_has_close=&#8220;on&#8220; da_alt_close=&#8220;off&#8220; da_dark_close=&#8220;off&#8220; da_not_modal=&#8220;on&#8220; da_is_singular=&#8220;off&#8220; da_with_loader=&#8220;off&#8220; da_has_shadow=&#8220;on&#8220; da_disable_devices=&#8220;off|off|off&#8220;][et_pb_row _builder_version=&#8220;4.21.0&#8243; _module_preset=&#8220;default&#8220;][et_pb_column _builder_version=&#8220;4.21.0&#8243; _module_preset=&#8220;default&#8220; type=&#8220;4_4&#8243;][et_pb_button button_url=&#8220;https:\/\/easylingo.com\/cs\/nejvyhodnejsi-balicky-jazyku&#8220; button_text=&#8220;VYU\u017dIJ SLEVU 80 % NA V\u0160ECHNY JAZYKOV\u00c9 KURZY \u2013 POUZE DO 20. 9.&#8220; button_alignment=&#8220;center&#8220; button_text_tablet=&#8220;VYU\u017dIJ SLEVU 80 % NA V\u0160ECHNY JAZYKOV\u00c9 KURZY \u2013 POUZE DO 20. 9.&#8220; button_text_phone=&#8220;SLEVA 80 % NA JAZYKOV\u00c9 BAL\u00cd\u010cKY \u2013 POUZE DO 20. 9.&#8220; button_text_last_edited=&#8220;on|phone&#8220; disabled_on=&#8220;off|off|off&#8220; _builder_version=&#8220;4.21.0&#8243; custom_button=&#8220;on&#8220; button_text_size=&#8220;20px&#8220; button_text_color=&#8220;#FFFFFF&#8220; button_bg_color=&#8220;#E02B20&#8243; button_bg_color_gradient_overlays_image=&#8220;on&#8220; button_border_width=&#8220;0px&#8220; button_border_color=&#8220;rgba(255,255,255,0.09)&#8220; button_border_radius=&#8220;0px&#8220; button_letter_spacing=&#8220;1.5px&#8220; button_font=&#8220;Proxima Bold|||on|||||&#8220; button_icon=&#8220;&#x39;||divi||400&#8243; background_layout=&#8220;dark&#8220; custom_margin=&#8220;-10px||1px||false|false&#8220; custom_padding=&#8220;3px|18px|0px|18px|false|false&#8220; animation_style=&#8220;slide&#8220; animation_duration=&#8220;300ms&#8220; animation_intensity_slide=&#8220;25%&#8220; button_text_size_tablet=&#8220;20px&#8220; button_text_size_phone=&#8220;13px&#8220; button_text_size_last_edited=&#8220;on|desktop&#8220; global_colors_info=&#8220;{}&#8220; global_module=&#8220;31519&#8243; theme_builder_area=&#8220;post_content&#8220;][\/et_pb_button][\/et_pb_column][\/et_pb_row][et_pb_row column_structure=&#8220;2_5,3_5&#8243; _builder_version=&#8220;4.16&#8243; max_width=&#8220;1440px&#8220; module_alignment=&#8220;center&#8220; min_height=&#8220;530px&#8220; custom_margin=&#8220;|1px||auto||&#8220; custom_padding=&#8220;||13px|||&#8220; global_colors_info=&#8220;{}&#8220;][et_pb_column type=&#8220;2_5&#8243; _builder_version=&#8220;4.16&#8243; global_colors_info=&#8220;{}&#8220;][et_pb_text content_phone=&#8220;<\/p>\n<h1><span>O n\u00e1s<br \/><span>EasyLingo<\/span><\/span><\/h1>\n<p>&#8220; content_last_edited=&#8220;off|desktop&#8220; _builder_version=&#8220;4.16&#8243; custom_margin=&#8220;60px|||||&#8220; custom_margin_tablet=&#8220;&#8220; custom_margin_phone=&#8220;20px||||false|false&#8220; custom_margin_last_edited=&#8220;on|phone&#8220; inline_fonts=&#8220;Proxima Bold&#8220; global_colors_info=&#8220;{}&#8220;]<\/p>\n<h1><span style=\"font-size: 80px;font-family: 'Proxima Bold';font-weight: normal\">Blog<\/span><\/h1>\n<p>[\/et_pb_text][et_pb_text _builder_version=&#8220;4.16&#8243; custom_padding=&#8220;|0px|||false|false&#8220; inline_fonts=&#8220;Proxima Bold,Proxima Light&#8220; global_colors_info=&#8220;{}&#8220;]<\/p>\n<p><span style=\"font-family: 'Proxima Light';font-weight: normal;font-size: x-large;color: #339ccd\">Nau\u010d\u00edme v\u00e1s anglicky z pohodl\u00ed va\u0161eho domova. Snadn\u011bji, z\u00e1bavn\u011bji a odkudkoliv.<\/span><\/p>\n<p>[\/et_pb_text][et_pb_button button_url=&#8220;#scrollto&#8220; button_text=&#8220;\u010d\u00edst v\u00edc&#8220; button_alignment=&#8220;left&#8220; _builder_version=&#8220;4.16&#8243; custom_button=&#8220;on&#8220; button_text_size=&#8220;16px&#8220; button_text_color=&#8220;#ffffff&#8220; button_bg_color=&#8220;#0095da&#8220; button_bg_use_color_gradient=&#8220;on&#8220; button_bg_color_gradient_stops=&#8220;#0095da 0%|#1390ae 100%&#8220; button_bg_color_gradient_overlays_image=&#8220;on&#8220; button_bg_color_gradient_start=&#8220;#0095da&#8220; button_bg_color_gradient_end=&#8220;#1390ae&#8220; button_border_width=&#8220;0px&#8220; button_border_color=&#8220;rgba(255,255,255,0.09)&#8220; button_border_radius=&#8220;100px&#8220; button_letter_spacing=&#8220;3px&#8220; button_font=&#8220;Proxima Bold|||on|||||&#8220; button_icon=&#8220;&#x24;||divi||400&#8243; custom_margin=&#8220;20px||||false|false&#8220; custom_padding=&#8220;15px|70px|15px|60px|false|false&#8220; animation_style=&#8220;slide&#8220; animation_duration=&#8220;300ms&#8220; animation_intensity_slide=&#8220;25%&#8220; box_shadow_style=&#8220;preset3&#8243; box_shadow_color=&#8220;rgba(0,149,218,0.43)&#8220; global_colors_info=&#8220;{}&#8220;][\/et_pb_button][\/et_pb_column][et_pb_column type=&#8220;3_5&#8243; _builder_version=&#8220;4.16&#8243; global_colors_info=&#8220;{}&#8220;][et_pb_image src=&#8220;https:\/\/easylingo.com\/cs\/wp-content\/uploads\/sites\/3\/2020\/11\/vtramvaji.png&#8220; title_text=&#8220;vtramvaji&#8220; align=&#8220;center&#8220; align_tablet=&#8220;&#8220; align_phone=&#8220;center&#8220; align_last_edited=&#8220;on|phone&#8220; _builder_version=&#8220;4.16&#8243; width_tablet=&#8220;&#8220; width_phone=&#8220;100%&#8220; width_last_edited=&#8220;on|phone&#8220; custom_margin=&#8220;0px|-147px|-150px|0px|false|false&#8220; custom_margin_tablet=&#8220;|0px||0px|false|false&#8220; custom_margin_phone=&#8220;0px||-100px||false|false&#8220; custom_margin_last_edited=&#8220;on|phone&#8220; scroll_vertical_motion=&#8220;0|50|50|100|0|0|-1&#8243; scroll_blur_enable=&#8220;on&#8220; scroll_blur=&#8220;0|40|60|100|0px|0px|10px&#8220; motion_trigger_start=&#8220;bottom&#8220; global_colors_info=&#8220;{}&#8220;][\/et_pb_image][\/et_pb_column][\/et_pb_row][\/et_pb_section][et_pb_section fb_built=&#8220;1&#8243; _builder_version=&#8220;4.16&#8243; custom_padding=&#8220;50px|||||&#8220; global_colors_info=&#8220;{}&#8220; da_is_popup=&#8220;off&#8220; da_exit_intent=&#8220;off&#8220; da_has_close=&#8220;on&#8220; da_alt_close=&#8220;off&#8220; da_dark_close=&#8220;off&#8220; da_not_modal=&#8220;on&#8220; da_is_singular=&#8220;off&#8220; da_with_loader=&#8220;off&#8220; da_has_shadow=&#8220;on&#8220; da_disable_devices=&#8220;off|off|off&#8220;][et_pb_row _builder_version=&#8220;4.16&#8243; custom_margin=&#8220;|auto|50px|auto||&#8220; global_colors_info=&#8220;{}&#8220;][et_pb_column type=&#8220;4_4&#8243; _builder_version=&#8220;4.16&#8243; global_colors_info=&#8220;{}&#8220;][et_pb_blog fullwidth=&#8220;off&#8220; meta_date=&#8220;j. m. Y&#8220; show_more=&#8220;on&#8220; show_author=&#8220;off&#8220; show_date=&#8220;off&#8220; show_categories=&#8220;off&#8220; _builder_version=&#8220;4.16&#8243; header_font=&#8220;|700|||||||&#8220; header_text_color=&#8220;#333333&#8243; header_font_size=&#8220;21px&#8220; header_line_height=&#8220;1.3em&#8220; meta_font_size=&#8220;13px&#8220; read_more_font=&#8220;|600|||||||&#8220; read_more_letter_spacing=&#8220;1px&#8220; read_more_line_height=&#8220;1.8em&#8220; border_radii=&#8220;on|10px|10px|10px|10px&#8220; box_shadow_style=&#8220;preset1&#8243; box_shadow_color=&#8220;rgba(0,0,0,0.1)&#8220; global_colors_info=&#8220;{}&#8220;][\/et_pb_blog][\/et_pb_column][\/et_pb_row][\/et_pb_section]<\/p>\n","protected":false},"excerpt":{"rendered":"<p>BlogNau\u010d\u00edme v\u00e1s anglicky z pohodl\u00ed va\u0161eho domova. Snadn\u011bji, z\u00e1bavn\u011bji a odkudkoliv.<\/p>\n","protected":false},"author":1,"featured_media":0,"parent":0,"menu_order":0,"comment_status":"closed","ping_status":"closed","template":"","meta":{"_et_pb_use_builder":"on","_et_pb_old_content":"","_et_gb_content_width":"","inline_featured_image":false},"yoast_head":"<!-- This site is optimized with the Yoast SEO plugin v21.5 - https:\/\/yoast.com\/wordpress\/plugins\/seo\/ -->\n<title>Blog - EasyLingo<\/title>\n<meta name=\"robots\" content=\"index, follow, max-snippet:-1, max-image-preview:large, max-video-preview:-1\" \/>\n<link rel=\"canonical\" href=\"https:\/\/easylingo.com\/cs\/blog\/\" \/>\n<meta property=\"og:locale\" content=\"cs_CZ\" \/>\n<meta property=\"og:type\" content=\"article\" \/>\n<meta property=\"og:title\" content=\"Blog - EasyLingo\" \/>\n<meta property=\"og:description\" content=\"BlogNau\u010d\u00edme v\u00e1s anglicky z pohodl\u00ed va\u0161eho domova. Snadn\u011bji, z\u00e1bavn\u011bji a odkudkoliv.\" \/>\n<meta property=\"og:url\" content=\"https:\/\/easylingo.com\/cs\/blog\/\" \/>\n<meta property=\"og:site_name\" content=\"EasyLingo\" \/>\n<meta property=\"article:publisher\" content=\"https:\/\/www.facebook.com\/onlinejazyky\/\" \/>\n<meta property=\"article:modified_time\" content=\"2023-09-14T10:03:51+00:00\" \/>\n<meta name=\"twitter:card\" content=\"summary_large_image\" \/>\n<meta name=\"twitter:label1\" content=\"Odhadovan\u00e1 doba \u010dten\u00ed\" \/>\n\t<meta name=\"twitter:data1\" content=\"4 minuty\" \/>\n<script type=\"application\/ld+json\" class=\"yoast-schema-graph\">{\"@context\":\"https:\/\/schema.org\",\"@graph\":[{\"@type\":\"WebPage\",\"@id\":\"https:\/\/easylingo.com\/cs\/blog\/\",\"url\":\"https:\/\/easylingo.com\/cs\/blog\/\",\"name\":\"Blog - EasyLingo\",\"isPartOf\":{\"@id\":\"https:\/\/easylingo.com\/cs\/#website\"},\"datePublished\":\"2021-01-17T11:45:01+00:00\",\"dateModified\":\"2023-09-14T10:03:51+00:00\",\"breadcrumb\":{\"@id\":\"https:\/\/easylingo.com\/cs\/blog\/#breadcrumb\"},\"inLanguage\":\"cs\",\"potentialAction\":[{\"@type\":\"ReadAction\",\"target\":[\"https:\/\/easylingo.com\/cs\/blog\/\"]}]},{\"@type\":\"BreadcrumbList\",\"@id\":\"https:\/\/easylingo.com\/cs\/blog\/#breadcrumb\",\"itemListElement\":[{\"@type\":\"ListItem\",\"position\":1,\"name\":\"Home\",\"item\":\"https:\/\/easylingo.com\/cs\/\"},{\"@type\":\"ListItem\",\"position\":2,\"name\":\"Blog\"}]},{\"@type\":\"WebSite\",\"@id\":\"https:\/\/easylingo.com\/cs\/#website\",\"url\":\"https:\/\/easylingo.com\/cs\/\",\"name\":\"EasyLingo\",\"description\":\"Nau\u010dte se jazyky: snadn\u011bji, z\u00e1bavn\u011bji a odkudkoliv.\",\"potentialAction\":[{\"@type\":\"SearchAction\",\"target\":{\"@type\":\"EntryPoint\",\"urlTemplate\":\"https:\/\/easylingo.com\/cs\/?s={search_term_string}\"},\"query-input\":\"required name=search_term_string\"}],\"inLanguage\":\"cs\"}]}<\/script>\n<!-- \/ Yoast SEO plugin. -->","yoast_head_json":{"title":"Blog - EasyLingo","robots":{"index":"index","follow":"follow","max-snippet":"max-snippet:-1","max-image-preview":"max-image-preview:large","max-video-preview":"max-video-preview:-1"},"canonical":"https:\/\/easylingo.com\/cs\/blog\/","og_locale":"cs_CZ","og_type":"article","og_title":"Blog - EasyLingo","og_description":"BlogNau\u010d\u00edme v\u00e1s anglicky z pohodl\u00ed va\u0161eho domova. Snadn\u011bji, z\u00e1bavn\u011bji a odkudkoliv.","og_url":"https:\/\/easylingo.com\/cs\/blog\/","og_site_name":"EasyLingo","article_publisher":"https:\/\/www.facebook.com\/onlinejazyky\/","article_modified_time":"2023-09-14T10:03:51+00:00","twitter_card":"summary_large_image","twitter_misc":{"Odhadovan\u00e1 doba \u010dten\u00ed":"4 minuty"},"schema":{"@context":"https:\/\/schema.org","@graph":[{"@type":"WebPage","@id":"https:\/\/easylingo.com\/cs\/blog\/","url":"https:\/\/easylingo.com\/cs\/blog\/","name":"Blog - EasyLingo","isPartOf":{"@id":"https:\/\/easylingo.com\/cs\/#website"},"datePublished":"2021-01-17T11:45:01+00:00","dateModified":"2023-09-14T10:03:51+00:00","breadcrumb":{"@id":"https:\/\/easylingo.com\/cs\/blog\/#breadcrumb"},"inLanguage":"cs","potentialAction":[{"@type":"ReadAction","target":["https:\/\/easylingo.com\/cs\/blog\/"]}]},{"@type":"BreadcrumbList","@id":"https:\/\/easylingo.com\/cs\/blog\/#breadcrumb","itemListElement":[{"@type":"ListItem","position":1,"name":"Home","item":"https:\/\/easylingo.com\/cs\/"},{"@type":"ListItem","position":2,"name":"Blog"}]},{"@type":"WebSite","@id":"https:\/\/easylingo.com\/cs\/#website","url":"https:\/\/easylingo.com\/cs\/","name":"EasyLingo","description":"Nau\u010dte se jazyky: snadn\u011bji, z\u00e1bavn\u011bji a odkudkoliv.","potentialAction":[{"@type":"SearchAction","target":{"@type":"EntryPoint","urlTemplate":"https:\/\/easylingo.com\/cs\/?s={search_term_string}"},"query-input":"required name=search_term_string"}],"inLanguage":"cs"}]}},"_links":{"self":[{"href":"https:\/\/easylingo.com\/cs\/wp-json\/wp\/v2\/pages\/15495"}],"collection":[{"href":"https:\/\/easylingo.com\/cs\/wp-json\/wp\/v2\/pages"}],"about":[{"href":"https:\/\/easylingo.com\/cs\/wp-json\/wp\/v2\/types\/page"}],"author":[{"embeddable":true,"href":"https:\/\/easylingo.com\/cs\/wp-json\/wp\/v2\/users\/1"}],"replies":[{"embeddable":true,"href":"https:\/\/easylingo.com\/cs\/wp-json\/wp\/v2\/comments?post=15495"}],"version-history":[{"count":6,"href":"https:\/\/easylingo.com\/cs\/wp-json\/wp\/v2\/pages\/15495\/revisions"}],"predecessor-version":[{"id":31547,"href":"https:\/\/easylingo.com\/cs\/wp-json\/wp\/v2\/pages\/15495\/revisions\/31547"}],"wp:attachment":[{"href":"https:\/\/easylingo.com\/cs\/wp-json\/wp\/v2\/media?parent=15495"}],"curies":[{"name":"wp","href":"https:\/\/api.w.org\/{rel}","templated":true}]}}