{"id":16055,"date":"2021-03-04T08:43:28","date_gmt":"2021-03-04T07:43:28","guid":{"rendered":"https:\/\/easylingo.com\/cs\/?page_id=16055"},"modified":"2021-03-04T10:30:07","modified_gmt":"2021-03-04T09:30:07","slug":"o-nas","status":"publish","type":"page","link":"https:\/\/easylingo.com\/cs\/o-nas\/","title":{"rendered":"O n\u00e1s"},"content":{"rendered":"<p>[et_pb_section fb_built=&#8220;1&#8243; _builder_version=&#8220;4.7.6&#8243; background_image=&#8220;https:\/\/easylingo.com\/es2\/wp-content\/uploads\/sites\/4\/2020\/11\/hero-bottom.svg&#8220; background_position=&#8220;bottom_center&#8220; custom_padding=&#8220;2px|||||&#8220;][et_pb_row column_structure=&#8220;2_5,3_5&#8243; _builder_version=&#8220;4.7.0&#8243; max_width=&#8220;1440px&#8220; module_alignment=&#8220;center&#8220; min_height=&#8220;530px&#8220; custom_margin=&#8220;|1px||auto||&#8220;][et_pb_column type=&#8220;2_5&#8243; _builder_version=&#8220;4.3.4&#8243;][et_pb_text content_phone=&#8220;<\/p>\n<h1><span>O n\u00e1s<br \/><span>EasyLingo<\/span><\/span><\/h1>\n<p>&#8220; content_last_edited=&#8220;off|desktop&#8220; _builder_version=&#8220;4.7.5&#8243; custom_margin=&#8220;60px|||||&#8220; custom_margin_tablet=&#8220;&#8220; custom_margin_phone=&#8220;20px||||false|false&#8220; custom_margin_last_edited=&#8220;on|phone&#8220; inline_fonts=&#8220;Proxima Bold&#8220;]<\/p>\n<h1><span style=\"font-size: 80px;font-family: 'Proxima Bold';font-weight: normal\">O n\u00e1s<br \/><span style=\"color: #339ccd\">EasyLingo<\/span><\/span><\/h1>\n<p>[\/et_pb_text][et_pb_text _builder_version=&#8220;4.6.6&#8243; custom_padding=&#8220;|0px|||false|false&#8220; inline_fonts=&#8220;Proxima Bold,Proxima Light&#8220;]<\/p>\n<p><span style=\"font-family: 'Proxima Light';font-weight: normal;font-size: x-large;color: #339ccd\">Nau\u010d\u00edme v\u00e1s anglicky z pohodl\u00ed va\u0161eho domova. Snadn\u011bji, z\u00e1bavn\u011bji a odkudkoliv.<\/span><\/p>\n<p>[\/et_pb_text][et_pb_button button_url=&#8220;#scrollto&#8220; button_text=&#8220;zjistit v\u00edc&#8220; button_alignment=&#8220;left&#8220; _builder_version=&#8220;4.7.5&#8243; custom_button=&#8220;on&#8220; button_text_size=&#8220;16px&#8220; button_text_color=&#8220;#ffffff&#8220; button_bg_color=&#8220;#0095da&#8220; button_bg_use_color_gradient=&#8220;on&#8220; button_bg_color_gradient_start=&#8220;#0095da&#8220; button_bg_color_gradient_end=&#8220;#1390ae&#8220; button_bg_color_gradient_overlays_image=&#8220;on&#8220; button_border_width=&#8220;0px&#8220; button_border_color=&#8220;rgba(255,255,255,0.09)&#8220; button_border_radius=&#8220;100px&#8220; button_letter_spacing=&#8220;3px&#8220; button_font=&#8220;Proxima Bold|||on|||||&#8220; button_icon=&#8220;%%3%%&#8220; custom_margin=&#8220;20px||||false|false&#8220; custom_padding=&#8220;15px|70px|15px|60px|false|false&#8220; animation_style=&#8220;slide&#8220; animation_duration=&#8220;300ms&#8220; animation_intensity_slide=&#8220;25%&#8220; box_shadow_style=&#8220;preset3&#8243; box_shadow_color=&#8220;rgba(0,149,218,0.43)&#8220;][\/et_pb_button][\/et_pb_column][et_pb_column type=&#8220;3_5&#8243; _builder_version=&#8220;4.3.4&#8243;][et_pb_image src=&#8220;https:\/\/easylingo.com\/cs\/wp-content\/uploads\/sites\/3\/2020\/11\/onas.png&#8220; alt=&#8220;EasyLingo je t\u00fdm lektor\u016f, metodik\u016f, v\u00fdvoj\u00e1\u0159\u016f a jazykov\u00fdch nad\u0161enc\u016f.&#8220; title_text=&#8220;EasyLingo je t\u00fdm lektor\u016f, metodik\u016f, v\u00fdvoj\u00e1\u0159\u016f a jazykov\u00fdch nad\u0161enc\u016f.&#8220; align=&#8220;center&#8220; align_tablet=&#8220;&#8220; align_phone=&#8220;center&#8220; align_last_edited=&#8220;on|phone&#8220; _builder_version=&#8220;4.7.6&#8243; width_tablet=&#8220;&#8220; width_phone=&#8220;100%&#8220; width_last_edited=&#8220;on|phone&#8220; custom_margin=&#8220;0px|-147px|-150px|0px|false|false&#8220; custom_margin_tablet=&#8220;|0px||0px|false|false&#8220; custom_margin_phone=&#8220;0px||-100px||false|false&#8220; custom_margin_last_edited=&#8220;on|phone&#8220; scroll_vertical_motion=&#8220;0|50|50|100|0|0|-1&#8243; scroll_blur_enable=&#8220;on&#8220; scroll_blur=&#8220;0|40|60|100|0px|0px|10px&#8220; motion_trigger_start=&#8220;bottom&#8220;][\/et_pb_image][\/et_pb_column][\/et_pb_row][\/et_pb_section][et_pb_section fb_built=&#8220;1&#8243; custom_padding_last_edited=&#8220;on|phone&#8220; module_id=&#8220;scrollto&#8220; _builder_version=&#8220;4.7.5&#8243; custom_padding=&#8220;112px||150px|||&#8220; custom_padding_tablet=&#8220;&#8220; custom_padding_phone=&#8220;70px||100px||false|false&#8220;][et_pb_row column_structure=&#8220;2_5,3_5&#8243; _builder_version=&#8220;4.7.0&#8243; width=&#8220;66%&#8220; width_tablet=&#8220;&#8220; width_phone=&#8220;80%&#8220; width_last_edited=&#8220;on|phone&#8220; module_alignment=&#8220;center&#8220; custom_padding=&#8220;28px|||||&#8220;][et_pb_column type=&#8220;2_5&#8243; _builder_version=&#8220;4.3.4&#8243;][et_pb_blurb title=&#8220;84 online kurz\u016f \u0161esti sv\u011btov\u00fdch jazyk\u016f&#8220; image=&#8220;https:\/\/easylingo.com\/cs\/wp-content\/uploads\/sites\/3\/2020\/12\/EL_lang-box-predplatne-300&#215;244.png&#8220; _builder_version=&#8220;4.7.6&#8243; header_font=&#8220;Proxima Bold||||||||&#8220; header_font_size=&#8220;21px&#8220; header_letter_spacing=&#8220;1px&#8220; header_line_height=&#8220;1.3em&#8220; custom_margin=&#8220;||1px|||&#8220; custom_padding=&#8220;30px|30px|30px|30px|false|false&#8220; border_radii=&#8220;on|15px|15px|15px|15px&#8220; box_shadow_style=&#8220;preset1&#8243; box_shadow_color=&#8220;rgba(0,0,0,0.16)&#8220; inline_fonts=&#8220;Proxima Regular&#8220;]<\/p>\n<p><span>Vyberte si z \u0161irok\u00e9 nab\u00eddky online kurz\u016f a za\u010dn\u011bte studovat je\u0161t\u011b dnes<a href=\"https:\/\/l.facebook.com\/l.php?u=http%3A%2F%2Fwww.onlinejazyky.cz%2F%3Fstart%26fbclid%3DIwAR0ubmj9ddUyMcWB4sE2WLj055btb5vViP9-88arKA3Cgj2LRSKV8Bep01k&amp;h=AT1vQurAlclEMPIJ1BuKd71apKJ3q6PAFwbpefA9SVNY6w7_gDRexljzOkYFeHq8P3LdkJFqOqrjXR81cpNoyrcR0yIK8gKjZ0qRyt3rE1mQUDjQCkHZN1LLV9DUywTOzEU\"> jak\u00fdkoliv kurz zdarma<\/a>. M\u016f\u017eete si bezplatn\u011b vyzkou\u0161et prvn\u00ed lekci a vybrat si tak kurz, kter\u00fd je u\u0161it\u00fd na m\u00edru pr\u00e1v\u011b v\u00e1m. M\u00e1me pro v\u00e1s p\u0159ipraveny kurzy obecn\u00e9, slov\u00ed\u010dkov\u00e9, kurzy pro d\u011bti a v neposledn\u00ed \u0159ad\u011b i odborn\u00e9 kurzy se specializovanou slovn\u00ed z\u00e1sobou.<br \/> <\/span><\/p>\n<p>[\/et_pb_blurb][et_pb_button button_url=&#8220;https:\/\/student.easylingo.com\/login?lang=cs&#038;regForm=true&#8220; button_text=&#8220;za\u010d\u00edt zdarma&#8220; button_alignment=&#8220;center&#8220; _builder_version=&#8220;4.7.5&#8243; custom_button=&#8220;on&#8220; button_text_size=&#8220;16px&#8220; button_text_color=&#8220;#ffffff&#8220; button_bg_color=&#8220;#0095da&#8220; button_bg_use_color_gradient=&#8220;on&#8220; button_bg_color_gradient_start=&#8220;#0095da&#8220; button_bg_color_gradient_end=&#8220;#1390ae&#8220; button_bg_color_gradient_overlays_image=&#8220;on&#8220; button_border_width=&#8220;0px&#8220; button_border_color=&#8220;rgba(255,255,255,0.09)&#8220; button_border_radius=&#8220;100px&#8220; button_letter_spacing=&#8220;3px&#8220; button_font=&#8220;Proxima Bold|||on|||||&#8220; button_icon=&#8220;%%3%%&#8220; custom_margin=&#8220;-25px||||false|false&#8220; custom_padding=&#8220;15px|70px|15px|60px|false|false&#8220; animation_style=&#8220;slide&#8220; animation_duration=&#8220;300ms&#8220; animation_intensity_slide=&#8220;24%&#8220; box_shadow_style=&#8220;preset3&#8243; box_shadow_color=&#8220;rgba(0,149,218,0.43)&#8220;][\/et_pb_button][\/et_pb_column][et_pb_column type=&#8220;3_5&#8243; _builder_version=&#8220;4.3.4&#8243;][et_pb_text _builder_version=&#8220;4.7.6&#8243; custom_margin=&#8220;40px|||||&#8220; inline_fonts=&#8220;Proxima Light,Proxima Bold&#8220;]<\/p>\n<p><span style=\"font-size: x-large;font-family: 'Proxima Light';font-weight: normal\"><span style=\"font-weight: 400\">A\u0165 u\u017e jste nov\u00e1\u010dek nebo ost\u0159\u00edlen\u00fd profesion\u00e1l, s na\u0161imi online jazykov\u00fdmi kurzy se posunete o kus d\u00e1l.<\/span><\/span><\/p>\n<p>[\/et_pb_text][et_pb_text _builder_version=&#8220;4.3.4&#8243; inline_fonts=&#8220;Proxima Light,Proxima Regular&#8220;]<\/p>\n<p><b>V\u00fduce jazyk\u016f se v\u011bnujeme p\u0159es 20 let. <\/b><span style=\"font-weight: 400\">Jsme t\u00fdm profesion\u00e1ln\u00edch lektor\u016f, metodik\u016f, program\u00e1tor\u016f, grafik\u016f, ilustr\u00e1tor\u016f a jazykov\u00fdch nad\u0161enc\u016f, kte\u0159\u00ed si dali za c\u00edl nau\u010dit na\u0161e studenty ciz\u00ed jazyky snadn\u011bji, z\u00e1bavn\u011bji a odkudkoliv.\u00a0<\/span><\/p>\n<p><span style=\"font-weight: 400\">Proto jsme v roce 2013 zavedli \u010dist\u011b online v\u00fduku a vytvo\u0159ili e-learningov\u00fd v\u00fdukov\u00fd syst\u00e9m EasyLingo.com, kter\u00fd vyu\u017e\u00edvaj\u00ed stovky tis\u00edc nad\u0161en\u00fdch student\u016f.<\/span><\/p>\n<p><b>Od roku 2015 sd\u00edl\u00edme na\u0161e jazykov\u00e9 zku\u0161enosti na<\/b> <a href=\"http:\/\/sogoodlanguages.com\/\"><span style=\"font-weight: 400\">SoGoodLanguages.com<\/span><\/a><span style=\"font-weight: 400\">, bezplatn\u00e9m mezin\u00e1rodn\u00edm magaz\u00ednu pro studenty ciz\u00edch jazyk\u016f, kter\u00fd pln\u00edme super p\u0159ehledn\u00fdmi v\u00fdklady gramatiky, nejlep\u0161\u00edmi tipy k v\u00fduce jazyk\u016f, dvojjazy\u010dn\u00fdmi \u010dl\u00e1nky a slov\u00ed\u010dky a fr\u00e1zemi na odborn\u00e1 t\u00e9mata.<\/span><\/p>\n<p>[\/et_pb_text][\/et_pb_column][\/et_pb_row][\/et_pb_section]<\/p>\n","protected":false},"excerpt":{"rendered":"<p>O n\u00e1sEasyLingoNau\u010d\u00edme v\u00e1s anglicky z pohodl\u00ed va\u0161eho domova. Snadn\u011bji, z\u00e1bavn\u011bji a odkudkoliv.Vyberte si z \u0161irok\u00e9 nab\u00eddky online kurz\u016f a za\u010dn\u011bte studovat je\u0161t\u011b dnes jak\u00fdkoliv kurz zdarma. M\u016f\u017eete si bezplatn\u011b vyzkou\u0161et prvn\u00ed lekci a vybrat si tak kurz, kter\u00fd je u\u0161it\u00fd na m\u00edru pr\u00e1v\u011b v\u00e1m. M\u00e1me pro v\u00e1s p\u0159ipraveny kurzy obecn\u00e9, slov\u00ed\u010dkov\u00e9, kurzy pro d\u011bti a [&hellip;]<\/p>\n","protected":false},"author":4,"featured_media":0,"parent":0,"menu_order":0,"comment_status":"closed","ping_status":"closed","template":"","meta":{"_et_pb_use_builder":"on","_et_pb_old_content":"","_et_gb_content_width":"","inline_featured_image":false},"yoast_head":"<!-- This site is optimized with the Yoast SEO plugin v21.5 - https:\/\/yoast.com\/wordpress\/plugins\/seo\/ -->\n<title>O n\u00e1s - EasyLingo<\/title>\n<meta name=\"robots\" content=\"index, follow, max-snippet:-1, max-image-preview:large, max-video-preview:-1\" \/>\n<link rel=\"canonical\" href=\"https:\/\/easylingo.com\/cs\/o-nas\/\" \/>\n<meta property=\"og:locale\" content=\"cs_CZ\" \/>\n<meta property=\"og:type\" content=\"article\" \/>\n<meta property=\"og:title\" content=\"O n\u00e1s - EasyLingo\" \/>\n<meta property=\"og:description\" content=\"O n\u00e1sEasyLingoNau\u010d\u00edme v\u00e1s anglicky z pohodl\u00ed va\u0161eho domova. Snadn\u011bji, z\u00e1bavn\u011bji a odkudkoliv.Vyberte si z \u0161irok\u00e9 nab\u00eddky online kurz\u016f a za\u010dn\u011bte studovat je\u0161t\u011b dnes jak\u00fdkoliv kurz zdarma. M\u016f\u017eete si bezplatn\u011b vyzkou\u0161et prvn\u00ed lekci a vybrat si tak kurz, kter\u00fd je u\u0161it\u00fd na m\u00edru pr\u00e1v\u011b v\u00e1m. M\u00e1me pro v\u00e1s p\u0159ipraveny kurzy obecn\u00e9, slov\u00ed\u010dkov\u00e9, kurzy pro d\u011bti a [&hellip;]\" \/>\n<meta property=\"og:url\" content=\"https:\/\/easylingo.com\/cs\/o-nas\/\" \/>\n<meta property=\"og:site_name\" content=\"EasyLingo\" \/>\n<meta property=\"article:publisher\" content=\"https:\/\/www.facebook.com\/onlinejazyky\/\" \/>\n<meta property=\"article:modified_time\" content=\"2021-03-04T09:30:07+00:00\" \/>\n<meta name=\"twitter:card\" content=\"summary_large_image\" \/>\n<meta name=\"twitter:label1\" content=\"Odhadovan\u00e1 doba \u010dten\u00ed\" \/>\n\t<meta name=\"twitter:data1\" content=\"5 minut\" \/>\n<script type=\"application\/ld+json\" class=\"yoast-schema-graph\">{\"@context\":\"https:\/\/schema.org\",\"@graph\":[{\"@type\":\"WebPage\",\"@id\":\"https:\/\/easylingo.com\/cs\/o-nas\/\",\"url\":\"https:\/\/easylingo.com\/cs\/o-nas\/\",\"name\":\"O n\u00e1s - EasyLingo\",\"isPartOf\":{\"@id\":\"https:\/\/easylingo.com\/cs\/#website\"},\"datePublished\":\"2021-03-04T07:43:28+00:00\",\"dateModified\":\"2021-03-04T09:30:07+00:00\",\"breadcrumb\":{\"@id\":\"https:\/\/easylingo.com\/cs\/o-nas\/#breadcrumb\"},\"inLanguage\":\"cs\",\"potentialAction\":[{\"@type\":\"ReadAction\",\"target\":[\"https:\/\/easylingo.com\/cs\/o-nas\/\"]}]},{\"@type\":\"BreadcrumbList\",\"@id\":\"https:\/\/easylingo.com\/cs\/o-nas\/#breadcrumb\",\"itemListElement\":[{\"@type\":\"ListItem\",\"position\":1,\"name\":\"Home\",\"item\":\"https:\/\/easylingo.com\/cs\/\"},{\"@type\":\"ListItem\",\"position\":2,\"name\":\"O n\u00e1s\"}]},{\"@type\":\"WebSite\",\"@id\":\"https:\/\/easylingo.com\/cs\/#website\",\"url\":\"https:\/\/easylingo.com\/cs\/\",\"name\":\"EasyLingo\",\"description\":\"Nau\u010dte se jazyky: snadn\u011bji, z\u00e1bavn\u011bji a odkudkoliv.\",\"potentialAction\":[{\"@type\":\"SearchAction\",\"target\":{\"@type\":\"EntryPoint\",\"urlTemplate\":\"https:\/\/easylingo.com\/cs\/?s={search_term_string}\"},\"query-input\":\"required name=search_term_string\"}],\"inLanguage\":\"cs\"}]}<\/script>\n<!-- \/ Yoast SEO plugin. -->","yoast_head_json":{"title":"O n\u00e1s - EasyLingo","robots":{"index":"index","follow":"follow","max-snippet":"max-snippet:-1","max-image-preview":"max-image-preview:large","max-video-preview":"max-video-preview:-1"},"canonical":"https:\/\/easylingo.com\/cs\/o-nas\/","og_locale":"cs_CZ","og_type":"article","og_title":"O n\u00e1s - EasyLingo","og_description":"O n\u00e1sEasyLingoNau\u010d\u00edme v\u00e1s anglicky z pohodl\u00ed va\u0161eho domova. Snadn\u011bji, z\u00e1bavn\u011bji a odkudkoliv.Vyberte si z \u0161irok\u00e9 nab\u00eddky online kurz\u016f a za\u010dn\u011bte studovat je\u0161t\u011b dnes jak\u00fdkoliv kurz zdarma. M\u016f\u017eete si bezplatn\u011b vyzkou\u0161et prvn\u00ed lekci a vybrat si tak kurz, kter\u00fd je u\u0161it\u00fd na m\u00edru pr\u00e1v\u011b v\u00e1m. M\u00e1me pro v\u00e1s p\u0159ipraveny kurzy obecn\u00e9, slov\u00ed\u010dkov\u00e9, kurzy pro d\u011bti a [&hellip;]","og_url":"https:\/\/easylingo.com\/cs\/o-nas\/","og_site_name":"EasyLingo","article_publisher":"https:\/\/www.facebook.com\/onlinejazyky\/","article_modified_time":"2021-03-04T09:30:07+00:00","twitter_card":"summary_large_image","twitter_misc":{"Odhadovan\u00e1 doba \u010dten\u00ed":"5 minut"},"schema":{"@context":"https:\/\/schema.org","@graph":[{"@type":"WebPage","@id":"https:\/\/easylingo.com\/cs\/o-nas\/","url":"https:\/\/easylingo.com\/cs\/o-nas\/","name":"O n\u00e1s - EasyLingo","isPartOf":{"@id":"https:\/\/easylingo.com\/cs\/#website"},"datePublished":"2021-03-04T07:43:28+00:00","dateModified":"2021-03-04T09:30:07+00:00","breadcrumb":{"@id":"https:\/\/easylingo.com\/cs\/o-nas\/#breadcrumb"},"inLanguage":"cs","potentialAction":[{"@type":"ReadAction","target":["https:\/\/easylingo.com\/cs\/o-nas\/"]}]},{"@type":"BreadcrumbList","@id":"https:\/\/easylingo.com\/cs\/o-nas\/#breadcrumb","itemListElement":[{"@type":"ListItem","position":1,"name":"Home","item":"https:\/\/easylingo.com\/cs\/"},{"@type":"ListItem","position":2,"name":"O n\u00e1s"}]},{"@type":"WebSite","@id":"https:\/\/easylingo.com\/cs\/#website","url":"https:\/\/easylingo.com\/cs\/","name":"EasyLingo","description":"Nau\u010dte se jazyky: snadn\u011bji, z\u00e1bavn\u011bji a odkudkoliv.","potentialAction":[{"@type":"SearchAction","target":{"@type":"EntryPoint","urlTemplate":"https:\/\/easylingo.com\/cs\/?s={search_term_string}"},"query-input":"required name=search_term_string"}],"inLanguage":"cs"}]}},"_links":{"self":[{"href":"https:\/\/easylingo.com\/cs\/wp-json\/wp\/v2\/pages\/16055"}],"collection":[{"href":"https:\/\/easylingo.com\/cs\/wp-json\/wp\/v2\/pages"}],"about":[{"href":"https:\/\/easylingo.com\/cs\/wp-json\/wp\/v2\/types\/page"}],"author":[{"embeddable":true,"href":"https:\/\/easylingo.com\/cs\/wp-json\/wp\/v2\/users\/4"}],"replies":[{"embeddable":true,"href":"https:\/\/easylingo.com\/cs\/wp-json\/wp\/v2\/comments?post=16055"}],"version-history":[{"count":4,"href":"https:\/\/easylingo.com\/cs\/wp-json\/wp\/v2\/pages\/16055\/revisions"}],"predecessor-version":[{"id":16548,"href":"https:\/\/easylingo.com\/cs\/wp-json\/wp\/v2\/pages\/16055\/revisions\/16548"}],"wp:attachment":[{"href":"https:\/\/easylingo.com\/cs\/wp-json\/wp\/v2\/media?parent=16055"}],"curies":[{"name":"wp","href":"https:\/\/api.w.org\/{rel}","templated":true}]}}