{"id":18827,"date":"2021-10-01T11:25:12","date_gmt":"2021-10-01T10:25:12","guid":{"rendered":"https:\/\/easylingo.com\/cs\/?page_id=18827"},"modified":"2021-10-01T11:38:13","modified_gmt":"2021-10-01T10:38:13","slug":"akce-skoncila","status":"publish","type":"page","link":"https:\/\/easylingo.com\/cs\/akce-skoncila\/","title":{"rendered":"Akce skon\u010dila"},"content":{"rendered":"<p>[et_pb_section fb_built=&#8220;1&#8243; _builder_version=&#8220;4.3.4&#8243; background_image=&#8220;https:\/\/easylingo.com\/es2\/wp-content\/uploads\/sites\/4\/2020\/11\/hero-bottom.svg&#8220; background_position=&#8220;bottom_center&#8220; custom_padding=&#8220;3px||0px|||&#8220; da_disable_devices=&#8220;off|off|off&#8220; da_is_popup=&#8220;off&#8220; da_exit_intent=&#8220;off&#8220; da_has_close=&#8220;on&#8220; da_alt_close=&#8220;off&#8220; da_dark_close=&#8220;off&#8220; da_not_modal=&#8220;on&#8220; da_is_singular=&#8220;off&#8220; da_with_loader=&#8220;off&#8220; da_has_shadow=&#8220;on&#8220;][et_pb_row column_structure=&#8220;2_5,3_5&#8243; _builder_version=&#8220;4.7.0&#8243; max_width=&#8220;1370px&#8220; module_alignment=&#8220;center&#8220; min_height=&#8220;530px&#8220; custom_margin=&#8220;|1px||auto||&#8220; custom_padding=&#8220;||30px|||&#8220;][et_pb_column type=&#8220;2_5&#8243; _builder_version=&#8220;4.3.4&#8243;][et_pb_text content_phone=&#8220;<\/p>\n<h1><span>\u010casto kladen\u00e9<br \/><span>ot\u00e1zky<\/span><\/span><\/h1>\n<p>&#8220; content_last_edited=&#8220;off|desktop&#8220; _builder_version=&#8220;4.9.7&#8243; custom_margin=&#8220;60px|-200px||||&#8220; custom_margin_tablet=&#8220;&#8220; custom_margin_phone=&#8220;20px||||false|false&#8220; custom_margin_last_edited=&#8220;on|phone&#8220; hover_enabled=&#8220;0&#8243; inline_fonts=&#8220;Proxima Bold&#8220; custom_padding=&#8220;|0px||||&#8220; sticky_enabled=&#8220;0&#8243;]<\/p>\n<h1><span style=\"font-size: 65px;font-family: 'Proxima Bold';font-weight: normal\">A j\u00e9je, to je nemil\u00e9<br \/>\n<span style=\"color: #339ccd\">Akce ji\u017e skon\u010dila.\u00a0<\/span><\/span><span style=\"font-size: 65px;font-family: 'Proxima Bold';font-weight: normal\"><span style=\"color: #339ccd\"><\/span><\/span><span style=\"font-size: 65px;font-family: 'Proxima Bold';font-weight: normal\"><span style=\"color: #339ccd\"><\/span><\/span><\/h1>\n<p><span style=\"font-size: 65px;font-family: 'Proxima Bold';font-weight: normal\"><span style=\"color: #339ccd\"><\/span><\/span>[\/et_pb_text][et_pb_button button_url=&#8220;https:\/\/easylingo.com\/cs\/cenik\/&#8220; button_text=&#8220;AKTU\u00c1LN\u00cd NAB\u00cdDKA&#8220; button_alignment=&#8220;left&#8220; _builder_version=&#8220;4.9.7&#8243; custom_button=&#8220;on&#8220; button_text_size=&#8220;16px&#8220; button_text_color=&#8220;#ffffff&#8220; button_bg_color=&#8220;#0095da&#8220; button_bg_use_color_gradient=&#8220;on&#8220; button_bg_color_gradient_start=&#8220;#0095da&#8220; button_bg_color_gradient_end=&#8220;#1390ae&#8220; button_bg_color_gradient_overlays_image=&#8220;on&#8220; button_border_width=&#8220;0px&#8220; button_border_color=&#8220;rgba(255,255,255,0.09)&#8220; button_border_radius=&#8220;100px&#8220; button_letter_spacing=&#8220;3px&#8220; button_font=&#8220;Proxima Bold|||on|||||&#8220; button_icon=&#8220;%%3%%&#8220; custom_margin=&#8220;20px||||false|false&#8220; custom_padding=&#8220;15px|70px|15px|60px|false|false&#8220; animation_style=&#8220;slide&#8220; animation_duration=&#8220;300ms&#8220; animation_intensity_slide=&#8220;24%&#8220; hover_enabled=&#8220;0&#8243; box_shadow_style=&#8220;preset3&#8243; box_shadow_color=&#8220;rgba(0,149,218,0.43)&#8220; sticky_enabled=&#8220;0&#8243;][\/et_pb_button][\/et_pb_column][et_pb_column type=&#8220;3_5&#8243; _builder_version=&#8220;4.3.4&#8243;][et_pb_image src=&#8220;https:\/\/easylingo.com\/cs\/wp-content\/uploads\/sites\/3\/2021\/03\/EL_phone_mockup.png&#8220; alt=&#8220;Transparentn\u00ed jedn\u00e1n\u00ed &#8211; nic p\u0159ed v\u00e1mi neskr\u00fdv\u00e1me.&#8220; title_text=&#8220;EL_phone_mockup&#8220; align=&#8220;center&#8220; _builder_version=&#8220;4.7.6&#8243; custom_margin=&#8220;0px|0px|-200px|0px|false|false&#8220; custom_margin_tablet=&#8220;&#8220; custom_margin_phone=&#8220;0px|0px|-102px|0px|false|false&#8220; custom_margin_last_edited=&#8220;on|phone&#8220; scroll_vertical_motion_enable=&#8220;on&#8220; scroll_vertical_motion=&#8220;0|50|50|100|0|0|-0.15&#8243; scroll_blur_enable=&#8220;on&#8220; scroll_blur=&#8220;0|40|60|100|0px|0px|10px&#8220; motion_trigger_start=&#8220;bottom&#8220;][\/et_pb_image][\/et_pb_column][\/et_pb_row][\/et_pb_section]<\/p>\n","protected":false},"excerpt":{"rendered":"<p>A j\u00e9je, to je nemil\u00e9 Akce ji\u017e skon\u010dila.\u00a0<\/p>\n","protected":false},"author":150,"featured_media":0,"parent":0,"menu_order":0,"comment_status":"closed","ping_status":"closed","template":"","meta":{"_et_pb_use_builder":"on","_et_pb_old_content":"","_et_gb_content_width":"","inline_featured_image":false},"yoast_head":"<!-- This site is optimized with the Yoast SEO plugin v21.5 - https:\/\/yoast.com\/wordpress\/plugins\/seo\/ -->\n<title>Akce skon\u010dila - EasyLingo<\/title>\n<meta name=\"robots\" content=\"index, follow, max-snippet:-1, max-image-preview:large, max-video-preview:-1\" \/>\n<link rel=\"canonical\" href=\"https:\/\/easylingo.com\/cs\/akce-skoncila\/\" \/>\n<meta property=\"og:locale\" content=\"cs_CZ\" \/>\n<meta property=\"og:type\" content=\"article\" \/>\n<meta property=\"og:title\" content=\"Akce skon\u010dila - EasyLingo\" \/>\n<meta property=\"og:description\" content=\"A j\u00e9je, to je nemil\u00e9 Akce ji\u017e skon\u010dila.\u00a0\" \/>\n<meta property=\"og:url\" content=\"https:\/\/easylingo.com\/cs\/akce-skoncila\/\" \/>\n<meta property=\"og:site_name\" content=\"EasyLingo\" \/>\n<meta property=\"article:publisher\" content=\"https:\/\/www.facebook.com\/onlinejazyky\/\" \/>\n<meta property=\"article:modified_time\" content=\"2021-10-01T10:38:13+00:00\" \/>\n<meta name=\"twitter:card\" content=\"summary_large_image\" \/>\n<meta name=\"twitter:label1\" content=\"Odhadovan\u00e1 doba \u010dten\u00ed\" \/>\n\t<meta name=\"twitter:data1\" content=\"2 minuty\" \/>\n<script type=\"application\/ld+json\" class=\"yoast-schema-graph\">{\"@context\":\"https:\/\/schema.org\",\"@graph\":[{\"@type\":\"WebPage\",\"@id\":\"https:\/\/easylingo.com\/cs\/akce-skoncila\/\",\"url\":\"https:\/\/easylingo.com\/cs\/akce-skoncila\/\",\"name\":\"Akce skon\u010dila - EasyLingo\",\"isPartOf\":{\"@id\":\"https:\/\/easylingo.com\/cs\/#website\"},\"datePublished\":\"2021-10-01T10:25:12+00:00\",\"dateModified\":\"2021-10-01T10:38:13+00:00\",\"breadcrumb\":{\"@id\":\"https:\/\/easylingo.com\/cs\/akce-skoncila\/#breadcrumb\"},\"inLanguage\":\"cs\",\"potentialAction\":[{\"@type\":\"ReadAction\",\"target\":[\"https:\/\/easylingo.com\/cs\/akce-skoncila\/\"]}]},{\"@type\":\"BreadcrumbList\",\"@id\":\"https:\/\/easylingo.com\/cs\/akce-skoncila\/#breadcrumb\",\"itemListElement\":[{\"@type\":\"ListItem\",\"position\":1,\"name\":\"Home\",\"item\":\"https:\/\/easylingo.com\/cs\/\"},{\"@type\":\"ListItem\",\"position\":2,\"name\":\"Akce skon\u010dila\"}]},{\"@type\":\"WebSite\",\"@id\":\"https:\/\/easylingo.com\/cs\/#website\",\"url\":\"https:\/\/easylingo.com\/cs\/\",\"name\":\"EasyLingo\",\"description\":\"Nau\u010dte se jazyky: snadn\u011bji, z\u00e1bavn\u011bji a odkudkoliv.\",\"potentialAction\":[{\"@type\":\"SearchAction\",\"target\":{\"@type\":\"EntryPoint\",\"urlTemplate\":\"https:\/\/easylingo.com\/cs\/?s={search_term_string}\"},\"query-input\":\"required name=search_term_string\"}],\"inLanguage\":\"cs\"}]}<\/script>\n<!-- \/ Yoast SEO plugin. -->","yoast_head_json":{"title":"Akce skon\u010dila - EasyLingo","robots":{"index":"index","follow":"follow","max-snippet":"max-snippet:-1","max-image-preview":"max-image-preview:large","max-video-preview":"max-video-preview:-1"},"canonical":"https:\/\/easylingo.com\/cs\/akce-skoncila\/","og_locale":"cs_CZ","og_type":"article","og_title":"Akce skon\u010dila - EasyLingo","og_description":"A j\u00e9je, to je nemil\u00e9 Akce ji\u017e skon\u010dila.\u00a0","og_url":"https:\/\/easylingo.com\/cs\/akce-skoncila\/","og_site_name":"EasyLingo","article_publisher":"https:\/\/www.facebook.com\/onlinejazyky\/","article_modified_time":"2021-10-01T10:38:13+00:00","twitter_card":"summary_large_image","twitter_misc":{"Odhadovan\u00e1 doba \u010dten\u00ed":"2 minuty"},"schema":{"@context":"https:\/\/schema.org","@graph":[{"@type":"WebPage","@id":"https:\/\/easylingo.com\/cs\/akce-skoncila\/","url":"https:\/\/easylingo.com\/cs\/akce-skoncila\/","name":"Akce skon\u010dila - EasyLingo","isPartOf":{"@id":"https:\/\/easylingo.com\/cs\/#website"},"datePublished":"2021-10-01T10:25:12+00:00","dateModified":"2021-10-01T10:38:13+00:00","breadcrumb":{"@id":"https:\/\/easylingo.com\/cs\/akce-skoncila\/#breadcrumb"},"inLanguage":"cs","potentialAction":[{"@type":"ReadAction","target":["https:\/\/easylingo.com\/cs\/akce-skoncila\/"]}]},{"@type":"BreadcrumbList","@id":"https:\/\/easylingo.com\/cs\/akce-skoncila\/#breadcrumb","itemListElement":[{"@type":"ListItem","position":1,"name":"Home","item":"https:\/\/easylingo.com\/cs\/"},{"@type":"ListItem","position":2,"name":"Akce skon\u010dila"}]},{"@type":"WebSite","@id":"https:\/\/easylingo.com\/cs\/#website","url":"https:\/\/easylingo.com\/cs\/","name":"EasyLingo","description":"Nau\u010dte se jazyky: snadn\u011bji, z\u00e1bavn\u011bji a odkudkoliv.","potentialAction":[{"@type":"SearchAction","target":{"@type":"EntryPoint","urlTemplate":"https:\/\/easylingo.com\/cs\/?s={search_term_string}"},"query-input":"required name=search_term_string"}],"inLanguage":"cs"}]}},"_links":{"self":[{"href":"https:\/\/easylingo.com\/cs\/wp-json\/wp\/v2\/pages\/18827"}],"collection":[{"href":"https:\/\/easylingo.com\/cs\/wp-json\/wp\/v2\/pages"}],"about":[{"href":"https:\/\/easylingo.com\/cs\/wp-json\/wp\/v2\/types\/page"}],"author":[{"embeddable":true,"href":"https:\/\/easylingo.com\/cs\/wp-json\/wp\/v2\/users\/150"}],"replies":[{"embeddable":true,"href":"https:\/\/easylingo.com\/cs\/wp-json\/wp\/v2\/comments?post=18827"}],"version-history":[{"count":1,"href":"https:\/\/easylingo.com\/cs\/wp-json\/wp\/v2\/pages\/18827\/revisions"}],"predecessor-version":[{"id":18828,"href":"https:\/\/easylingo.com\/cs\/wp-json\/wp\/v2\/pages\/18827\/revisions\/18828"}],"wp:attachment":[{"href":"https:\/\/easylingo.com\/cs\/wp-json\/wp\/v2\/media?parent=18827"}],"curies":[{"name":"wp","href":"https:\/\/api.w.org\/{rel}","templated":true}]}}