{"id":24944,"date":"2022-08-09T12:38:44","date_gmt":"2022-08-09T11:38:44","guid":{"rendered":"https:\/\/easylingo.com\/cs\/?page_id=24944"},"modified":"2022-08-09T13:55:08","modified_gmt":"2022-08-09T12:55:08","slug":"registrace-byla-uspesna","status":"publish","type":"page","link":"https:\/\/easylingo.com\/cs\/registrace-byla-uspesna\/","title":{"rendered":"Brzy zjist\u00ed\u0161, jak se i ty dok\u00e1\u017ee\u0161 nau\u010dit ciz\u00ed jazyk"},"content":{"rendered":"<p>[et_pb_section fb_built=&#8220;1&#8243; next_background_color=&#8220;#ffffff&#8220; admin_label=&#8220;Section&#8220; _builder_version=&#8220;4.16&#8243; background_color=&#8220;rgba(51,156,205,0.16)&#8220; background_enable_image=&#8220;off&#8220; background_size=&#8220;contain&#8220; background_position=&#8220;bottom_right&#8220; min_height=&#8220;643.1px&#8220; overflow-x=&#8220;hidden&#8220; overflow-y=&#8220;hidden&#8220; custom_margin=&#8220;||202px|||&#8220; custom_padding=&#8220;2px||94px|||&#8220; bottom_divider_style=&#8220;wave2&#8243; bottom_divider_flip=&#8220;horizontal&#8220; da_disable_devices=&#8220;off|off|off&#8220; global_colors_info=&#8220;{}&#8220; da_is_popup=&#8220;off&#8220; da_exit_intent=&#8220;off&#8220; da_has_close=&#8220;on&#8220; da_alt_close=&#8220;off&#8220; da_dark_close=&#8220;off&#8220; da_not_modal=&#8220;on&#8220; da_is_singular=&#8220;off&#8220; da_with_loader=&#8220;off&#8220; da_has_shadow=&#8220;on&#8220;][et_pb_row _builder_version=&#8220;4.17.4&#8243; _module_preset=&#8220;default&#8220; global_colors_info=&#8220;{}&#8220;][et_pb_column type=&#8220;4_4&#8243; _builder_version=&#8220;4.17.4&#8243; _module_preset=&#8220;default&#8220; global_colors_info=&#8220;{}&#8220;][et_pb_text _builder_version=&#8220;4.17.4&#8243; _module_preset=&#8220;default&#8220; hover_enabled=&#8220;0&#8243; global_colors_info=&#8220;{}&#8220; sticky_enabled=&#8220;0&#8243;]<\/p>\n<h1 style=\"text-align: center\"><strong><span style=\"font-size: 55px;font-family: 'Proxima Bold'\"><span style=\"color: #339ccd\">Tajemstv\u00ed ciz\u00edch jazyk\u016f <\/span><\/span><\/strong><\/h1>\n<h1 style=\"text-align: center\"><strong><span style=\"font-size: 55px;font-family: 'Proxima Bold'\"><span style=\"color: #000000\">u\u017e putuje do tv\u00e9 e-mailov\u00e9 schr\u00e1nky.\u00a0<\/span><\/span><\/strong><\/h1>\n<p>[\/et_pb_text][et_pb_text _builder_version=&#8220;4.17.4&#8243; _module_preset=&#8220;default&#8220; global_colors_info=&#8220;{}&#8220;]<\/p>\n<h2 style=\"text-align: center\"><strong>Zkontroluj, jestli Ti n\u00e1\u0161 e-mail s p\u0159edm\u011btem: &#8222;Tajemstv\u00ed ciz\u00edho jazyka&#8220; dorazil<\/strong><strong><\/strong><\/h2>\n<h2 style=\"text-align: center\"><strong style=\"font-size: 2rem\">Nem\u016f\u017ee\u0161 ho naj\u00edt v Doru\u010den\u00e9 po\u0161t\u011b?\u00a0<\/strong><\/h2>\n<p style=\"text-align: center\"><strong style=\"font-size: 2rem\">Postupuj podle n\u00e1vodu:\u00a0<\/strong><\/p>\n<p>[\/et_pb_text][\/et_pb_column][\/et_pb_row][et_pb_row _builder_version=&#8220;4.17.4&#8243; _module_preset=&#8220;default&#8220; global_colors_info=&#8220;{}&#8220;][et_pb_column type=&#8220;4_4&#8243; _builder_version=&#8220;4.17.4&#8243; _module_preset=&#8220;default&#8220; global_colors_info=&#8220;{}&#8220;][et_pb_text _builder_version=&#8220;4.17.4&#8243; _module_preset=&#8220;default&#8220; global_colors_info=&#8220;{}&#8220;]<\/p>\n<h2><strong style=\"font-size: 2rem\">Na Gmail.com:\u00a0<\/strong><\/h2>\n<h2>1. Zkontroluj slo\u017eku PROMOAKCE.<br \/>2. Najdi e-mail od Katky z EasyLinga, p\u0159et\u00e1hni ho do doru\u010den\u00e9 po\u0161ty.<\/h2>\n<p>[\/et_pb_text][et_pb_image src=&#8220;https:\/\/easylingo.com\/cs\/wp-content\/uploads\/sites\/3\/2022\/08\/Sni\u0301mek-obrazovky-2022-08-09-v-11.29.39.png&#8220; title_text=&#8220;Sni\u0301mek obrazovky 2022-08-09 v 11.29.39&#8243; _builder_version=&#8220;4.17.4&#8243; _module_preset=&#8220;default&#8220; global_colors_info=&#8220;{}&#8220;][\/et_pb_image][et_pb_text _builder_version=&#8220;4.17.4&#8243; _module_preset=&#8220;default&#8220; global_colors_info=&#8220;{}&#8220;]<\/p>\n<h2>3. Nena\u0161el jsi e-mail v Promoakc\u00edch? Zkontroluj tak\u00e9 slo\u017eku SPAM.<\/h2>\n<p>[\/et_pb_text][et_pb_image src=&#8220;https:\/\/easylingo.com\/cs\/wp-content\/uploads\/sites\/3\/2022\/08\/Sni\u0301mek-obrazovky-2022-08-09-v-11.45.51.png&#8220; title_text=&#8220;Sni\u0301mek obrazovky 2022-08-09 v 11.45.51&#8243; _builder_version=&#8220;4.17.4&#8243; _module_preset=&#8220;default&#8220; global_colors_info=&#8220;{}&#8220;][\/et_pb_image][et_pb_text _builder_version=&#8220;4.17.4&#8243; _module_preset=&#8220;default&#8220; global_colors_info=&#8220;{}&#8220;]<\/p>\n<h2>4. P\u0159et\u00e1hni e-mail od Katky ze slo\u017eky SPAM do Doru\u010den\u00e9 po\u0161ty (viz krok 2).<br \/>\n5. A te\u010f u\u017e ti \u017e\u00e1dn\u00fd e-mail neunikne! \ud83d\ude42<\/h2>\n<p>[\/et_pb_text][et_pb_text _builder_version=&#8220;4.17.4&#8243; _module_preset=&#8220;default&#8220; global_colors_info=&#8220;{}&#8220;]<\/p>\n<h2><strong style=\"font-size: 2rem\"> Na Email.cz:\u00a0<\/strong><\/h2>\n<h2>1. Zkontroluj slo\u017eky Hromadn\u00e9 a SPAM.<\/h2>\n<p>[\/et_pb_text][et_pb_image src=&#8220;https:\/\/easylingo.com\/cs\/wp-content\/uploads\/sites\/3\/2022\/08\/Sni\u0301mek-obrazovky-2022-08-09-v-11.42.41.png&#8220; title_text=&#8220;Sni\u0301mek obrazovky 2022-08-09 v 11.42.41&#8243; _builder_version=&#8220;4.17.4&#8243; _module_preset=&#8220;default&#8220; global_colors_info=&#8220;{}&#8220;][\/et_pb_image][et_pb_text _builder_version=&#8220;4.17.4&#8243; _module_preset=&#8220;default&#8220; global_colors_info=&#8220;{}&#8220;]<\/p>\n<h2>2. Najdi e-mail od Katky z EasyLinga a p\u0159et\u00e1hni ho do doru\u010den\u00e9 po\u0161ty.<\/h2>\n<p>[\/et_pb_text][et_pb_image src=&#8220;https:\/\/easylingo.com\/cs\/wp-content\/uploads\/sites\/3\/2022\/08\/Sni\u0301mek-obrazovky-2022-08-09-v-11.40.34.png&#8220; title_text=&#8220;Sni\u0301mek obrazovky 2022-08-09 v 11.40.34&#8243; _builder_version=&#8220;4.17.4&#8243; _module_preset=&#8220;default&#8220; global_colors_info=&#8220;{}&#8220;][\/et_pb_image][et_pb_text _builder_version=&#8220;4.17.4&#8243; _module_preset=&#8220;default&#8220; global_colors_info=&#8220;{}&#8220;]<\/p>\n<h2>3. Te\u010f u\u017e ti \u017e\u00e1dn\u00fd e-mail neunikne \ud83d\ude42<\/h2>\n<p>[\/et_pb_text][\/et_pb_column][\/et_pb_row][\/et_pb_section]<\/p>\n","protected":false},"excerpt":{"rendered":"<p>Tajemstv\u00ed ciz\u00edch jazyk\u016f u\u017e putuje do tv\u00e9 e-mailov\u00e9 schr\u00e1nky.\u00a0Zkontroluj, jestli Ti n\u00e1\u0161 e-mail s p\u0159edm\u011btem: &#8222;Tajemstv\u00ed ciz\u00edho jazyka&#8220; dorazil Nem\u016f\u017ee\u0161 ho naj\u00edt v Doru\u010den\u00e9 po\u0161t\u011b?\u00a0 Postupuj podle n\u00e1vodu:\u00a0Na Gmail.com:\u00a0 1. Zkontroluj slo\u017eku PROMOAKCE.2. Najdi e-mail od Katky z EasyLinga, p\u0159et\u00e1hni ho do doru\u010den\u00e9 po\u0161ty.3. Nena\u0161el jsi e-mail v Promoakc\u00edch? Zkontroluj tak\u00e9 slo\u017eku SPAM.4. P\u0159et\u00e1hni e-mail [&hellip;]<\/p>\n","protected":false},"author":150,"featured_media":0,"parent":0,"menu_order":0,"comment_status":"closed","ping_status":"closed","template":"","meta":{"_et_pb_use_builder":"on","_et_pb_old_content":"","_et_gb_content_width":"","inline_featured_image":false},"yoast_head":"<!-- This site is optimized with the Yoast SEO plugin v21.5 - https:\/\/yoast.com\/wordpress\/plugins\/seo\/ -->\n<title>Brzy zjist\u00ed\u0161, jak se i ty dok\u00e1\u017ee\u0161 nau\u010dit ciz\u00ed jazyk - EasyLingo<\/title>\n<meta name=\"robots\" content=\"index, follow, max-snippet:-1, max-image-preview:large, max-video-preview:-1\" \/>\n<link rel=\"canonical\" href=\"https:\/\/easylingo.com\/cs\/registrace-byla-uspesna\/\" \/>\n<meta property=\"og:locale\" content=\"cs_CZ\" \/>\n<meta property=\"og:type\" content=\"article\" \/>\n<meta property=\"og:title\" content=\"Brzy zjist\u00ed\u0161, jak se i ty dok\u00e1\u017ee\u0161 nau\u010dit ciz\u00ed jazyk - EasyLingo\" \/>\n<meta property=\"og:description\" content=\"Tajemstv\u00ed ciz\u00edch jazyk\u016f u\u017e putuje do tv\u00e9 e-mailov\u00e9 schr\u00e1nky.\u00a0Zkontroluj, jestli Ti n\u00e1\u0161 e-mail s p\u0159edm\u011btem: &quot;Tajemstv\u00ed ciz\u00edho jazyka&quot; dorazil Nem\u016f\u017ee\u0161 ho naj\u00edt v Doru\u010den\u00e9 po\u0161t\u011b?\u00a0 Postupuj podle n\u00e1vodu:\u00a0Na Gmail.com:\u00a0 1. Zkontroluj slo\u017eku PROMOAKCE.2. Najdi e-mail od Katky z EasyLinga, p\u0159et\u00e1hni ho do doru\u010den\u00e9 po\u0161ty.3. Nena\u0161el jsi e-mail v Promoakc\u00edch? Zkontroluj tak\u00e9 slo\u017eku SPAM.4. P\u0159et\u00e1hni e-mail [&hellip;]\" \/>\n<meta property=\"og:url\" content=\"https:\/\/easylingo.com\/cs\/registrace-byla-uspesna\/\" \/>\n<meta property=\"og:site_name\" content=\"EasyLingo\" \/>\n<meta property=\"article:publisher\" content=\"https:\/\/www.facebook.com\/onlinejazyky\/\" \/>\n<meta property=\"article:modified_time\" content=\"2022-08-09T12:55:08+00:00\" \/>\n<meta name=\"twitter:card\" content=\"summary_large_image\" \/>\n<meta name=\"twitter:label1\" content=\"Odhadovan\u00e1 doba \u010dten\u00ed\" \/>\n\t<meta name=\"twitter:data1\" content=\"3 minuty\" \/>\n<script type=\"application\/ld+json\" class=\"yoast-schema-graph\">{\"@context\":\"https:\/\/schema.org\",\"@graph\":[{\"@type\":\"WebPage\",\"@id\":\"https:\/\/easylingo.com\/cs\/registrace-byla-uspesna\/\",\"url\":\"https:\/\/easylingo.com\/cs\/registrace-byla-uspesna\/\",\"name\":\"Brzy zjist\u00ed\u0161, jak se i ty dok\u00e1\u017ee\u0161 nau\u010dit ciz\u00ed jazyk - EasyLingo\",\"isPartOf\":{\"@id\":\"https:\/\/easylingo.com\/cs\/#website\"},\"datePublished\":\"2022-08-09T11:38:44+00:00\",\"dateModified\":\"2022-08-09T12:55:08+00:00\",\"breadcrumb\":{\"@id\":\"https:\/\/easylingo.com\/cs\/registrace-byla-uspesna\/#breadcrumb\"},\"inLanguage\":\"cs\",\"potentialAction\":[{\"@type\":\"ReadAction\",\"target\":[\"https:\/\/easylingo.com\/cs\/registrace-byla-uspesna\/\"]}]},{\"@type\":\"BreadcrumbList\",\"@id\":\"https:\/\/easylingo.com\/cs\/registrace-byla-uspesna\/#breadcrumb\",\"itemListElement\":[{\"@type\":\"ListItem\",\"position\":1,\"name\":\"Home\",\"item\":\"https:\/\/easylingo.com\/cs\/\"},{\"@type\":\"ListItem\",\"position\":2,\"name\":\"Brzy zjist\u00ed\u0161, jak se i ty dok\u00e1\u017ee\u0161 nau\u010dit ciz\u00ed jazyk\"}]},{\"@type\":\"WebSite\",\"@id\":\"https:\/\/easylingo.com\/cs\/#website\",\"url\":\"https:\/\/easylingo.com\/cs\/\",\"name\":\"EasyLingo\",\"description\":\"Nau\u010dte se jazyky: snadn\u011bji, z\u00e1bavn\u011bji a odkudkoliv.\",\"potentialAction\":[{\"@type\":\"SearchAction\",\"target\":{\"@type\":\"EntryPoint\",\"urlTemplate\":\"https:\/\/easylingo.com\/cs\/?s={search_term_string}\"},\"query-input\":\"required name=search_term_string\"}],\"inLanguage\":\"cs\"}]}<\/script>\n<!-- \/ Yoast SEO plugin. -->","yoast_head_json":{"title":"Brzy zjist\u00ed\u0161, jak se i ty dok\u00e1\u017ee\u0161 nau\u010dit ciz\u00ed jazyk - EasyLingo","robots":{"index":"index","follow":"follow","max-snippet":"max-snippet:-1","max-image-preview":"max-image-preview:large","max-video-preview":"max-video-preview:-1"},"canonical":"https:\/\/easylingo.com\/cs\/registrace-byla-uspesna\/","og_locale":"cs_CZ","og_type":"article","og_title":"Brzy zjist\u00ed\u0161, jak se i ty dok\u00e1\u017ee\u0161 nau\u010dit ciz\u00ed jazyk - EasyLingo","og_description":"Tajemstv\u00ed ciz\u00edch jazyk\u016f u\u017e putuje do tv\u00e9 e-mailov\u00e9 schr\u00e1nky.\u00a0Zkontroluj, jestli Ti n\u00e1\u0161 e-mail s p\u0159edm\u011btem: \"Tajemstv\u00ed ciz\u00edho jazyka\" dorazil Nem\u016f\u017ee\u0161 ho naj\u00edt v Doru\u010den\u00e9 po\u0161t\u011b?\u00a0 Postupuj podle n\u00e1vodu:\u00a0Na Gmail.com:\u00a0 1. Zkontroluj slo\u017eku PROMOAKCE.2. Najdi e-mail od Katky z EasyLinga, p\u0159et\u00e1hni ho do doru\u010den\u00e9 po\u0161ty.3. Nena\u0161el jsi e-mail v Promoakc\u00edch? Zkontroluj tak\u00e9 slo\u017eku SPAM.4. P\u0159et\u00e1hni e-mail [&hellip;]","og_url":"https:\/\/easylingo.com\/cs\/registrace-byla-uspesna\/","og_site_name":"EasyLingo","article_publisher":"https:\/\/www.facebook.com\/onlinejazyky\/","article_modified_time":"2022-08-09T12:55:08+00:00","twitter_card":"summary_large_image","twitter_misc":{"Odhadovan\u00e1 doba \u010dten\u00ed":"3 minuty"},"schema":{"@context":"https:\/\/schema.org","@graph":[{"@type":"WebPage","@id":"https:\/\/easylingo.com\/cs\/registrace-byla-uspesna\/","url":"https:\/\/easylingo.com\/cs\/registrace-byla-uspesna\/","name":"Brzy zjist\u00ed\u0161, jak se i ty dok\u00e1\u017ee\u0161 nau\u010dit ciz\u00ed jazyk - EasyLingo","isPartOf":{"@id":"https:\/\/easylingo.com\/cs\/#website"},"datePublished":"2022-08-09T11:38:44+00:00","dateModified":"2022-08-09T12:55:08+00:00","breadcrumb":{"@id":"https:\/\/easylingo.com\/cs\/registrace-byla-uspesna\/#breadcrumb"},"inLanguage":"cs","potentialAction":[{"@type":"ReadAction","target":["https:\/\/easylingo.com\/cs\/registrace-byla-uspesna\/"]}]},{"@type":"BreadcrumbList","@id":"https:\/\/easylingo.com\/cs\/registrace-byla-uspesna\/#breadcrumb","itemListElement":[{"@type":"ListItem","position":1,"name":"Home","item":"https:\/\/easylingo.com\/cs\/"},{"@type":"ListItem","position":2,"name":"Brzy zjist\u00ed\u0161, jak se i ty dok\u00e1\u017ee\u0161 nau\u010dit ciz\u00ed jazyk"}]},{"@type":"WebSite","@id":"https:\/\/easylingo.com\/cs\/#website","url":"https:\/\/easylingo.com\/cs\/","name":"EasyLingo","description":"Nau\u010dte se jazyky: snadn\u011bji, z\u00e1bavn\u011bji a odkudkoliv.","potentialAction":[{"@type":"SearchAction","target":{"@type":"EntryPoint","urlTemplate":"https:\/\/easylingo.com\/cs\/?s={search_term_string}"},"query-input":"required name=search_term_string"}],"inLanguage":"cs"}]}},"_links":{"self":[{"href":"https:\/\/easylingo.com\/cs\/wp-json\/wp\/v2\/pages\/24944"}],"collection":[{"href":"https:\/\/easylingo.com\/cs\/wp-json\/wp\/v2\/pages"}],"about":[{"href":"https:\/\/easylingo.com\/cs\/wp-json\/wp\/v2\/types\/page"}],"author":[{"embeddable":true,"href":"https:\/\/easylingo.com\/cs\/wp-json\/wp\/v2\/users\/150"}],"replies":[{"embeddable":true,"href":"https:\/\/easylingo.com\/cs\/wp-json\/wp\/v2\/comments?post=24944"}],"version-history":[{"count":8,"href":"https:\/\/easylingo.com\/cs\/wp-json\/wp\/v2\/pages\/24944\/revisions"}],"predecessor-version":[{"id":24956,"href":"https:\/\/easylingo.com\/cs\/wp-json\/wp\/v2\/pages\/24944\/revisions\/24956"}],"wp:attachment":[{"href":"https:\/\/easylingo.com\/cs\/wp-json\/wp\/v2\/media?parent=24944"}],"curies":[{"name":"wp","href":"https:\/\/api.w.org\/{rel}","templated":true}]}}