{"id":29708,"date":"2023-05-25T12:44:31","date_gmt":"2023-05-25T11:44:31","guid":{"rendered":"https:\/\/easylingo.com\/cs\/?page_id=29708"},"modified":"2023-05-25T12:45:56","modified_gmt":"2023-05-25T11:45:56","slug":"aj-na-cesty-aktivace","status":"publish","type":"page","link":"https:\/\/easylingo.com\/cs\/aj-na-cesty-aktivace\/","title":{"rendered":"Angli\u010dtina na cesty aktivov\u00e1na"},"content":{"rendered":"<p>[et_pb_section fb_built=&#8220;1&#8243; _builder_version=&#8220;4.16&#8243; background_image=&#8220;https:\/\/easylingo.com\/es2\/wp-content\/uploads\/sites\/4\/2020\/11\/hero-bottom.svg&#8220; background_position=&#8220;bottom_center&#8220; custom_padding=&#8220;2px||48px|||&#8220; da_disable_devices=&#8220;off|off|off&#8220; locked=&#8220;off&#8220; global_colors_info=&#8220;{}&#8220; theme_builder_area=&#8220;post_content&#8220; da_is_popup=&#8220;off&#8220; da_exit_intent=&#8220;off&#8220; da_has_close=&#8220;on&#8220; da_alt_close=&#8220;off&#8220; da_dark_close=&#8220;off&#8220; da_not_modal=&#8220;on&#8220; da_is_singular=&#8220;off&#8220; da_with_loader=&#8220;off&#8220; da_has_shadow=&#8220;on&#8220;][et_pb_row _builder_version=&#8220;4.16&#8243; max_width=&#8220;1172px&#8220; module_alignment=&#8220;center&#8220; min_height=&#8220;530px&#8220; custom_margin=&#8220;6px|auto||auto|false|false&#8220; custom_margin_tablet=&#8220;&#8220; custom_margin_phone=&#8220;0px||||false|false&#8220; custom_margin_last_edited=&#8220;on|phone&#8220; custom_padding=&#8220;3px||0px||false|false&#8220; global_colors_info=&#8220;{}&#8220; theme_builder_area=&#8220;post_content&#8220;][et_pb_column type=&#8220;4_4&#8243; _builder_version=&#8220;4.16&#8243; global_colors_info=&#8220;{}&#8220; theme_builder_area=&#8220;post_content&#8220;][et_pb_text content_tablet=&#8220;<\/p>\n<h1><span><b>Studujte ciz\u00ed jazyky online<br \/>a z\u00edskejte <\/b><\/span><span><span>nov\u00e9 p\u0159\u00e1tele<\/span><\/span><\/h1>\n<p>&#8220; content_phone=&#8220;<\/p>\n<h1><span><b>Studujte ciz\u00ed jazyky online<br \/>a z\u00edskejte <\/b><\/span><span><span>nov\u00e9 p\u0159\u00e1tele<\/span><\/span><\/h1>\n<p>&#8220; content_last_edited=&#8220;on|desktop&#8220; _builder_version=&#8220;4.19.5&#8243; header_line_height=&#8220;2em&#8220; custom_margin=&#8220;52px||18px|||&#8220; inline_fonts=&#8220;Proxima Bold&#8220; global_colors_info=&#8220;{}&#8220; theme_builder_area=&#8220;post_content&#8220;]<\/p>\n<h1 style=\"text-align: center\"><span style=\"font-family: Proxima Bold\"><span style=\"font-size: 72px\">D\u011bkujeme!<\/span><\/span><\/h1>\n<p>[\/et_pb_text][et_pb_text _builder_version=&#8220;4.19.5&#8243; width=&#8220;1000px&#8220; module_alignment=&#8220;center&#8220; custom_padding=&#8220;|0px|||false|false&#8220; inline_fonts=&#8220;Proxima Bold,Proxima Light&#8220; global_colors_info=&#8220;{}&#8220; theme_builder_area=&#8220;post_content&#8220;]<\/p>\n<p style=\"text-align: center\"><span style=\"color: #000000;font-family: Proxima Light;font-size: x-large\"><b>Kurz ti bude aktivov\u00e1n do n\u00e1sleduj\u00edc\u00edho pracovn\u00edho dne. <\/b><\/span><\/p>\n<p style=\"text-align: center\"><span style=\"color: #000000;font-family: Proxima Light;font-size: x-large\"><b>U\u017e tak se ale m\u016f\u017ee\u0161 p\u0159ihl\u00e1sit do studovny a procvi\u010dit si 1. lekci.\u00a0<\/b><\/span><\/p>\n<p>[\/et_pb_text][et_pb_button button_url=&#8220;https:\/\/student.onlinejazyky.cz\/login&#8220; button_text=&#8220;JDU NA TO&#8220; button_alignment=&#8220;center&#8220; _builder_version=&#8220;4.19.5&#8243; custom_button=&#8220;on&#8220; button_text_size=&#8220;16px&#8220; button_text_color=&#8220;#ffffff&#8220; button_bg_color=&#8220;#0095da&#8220; button_bg_use_color_gradient=&#8220;on&#8220; button_bg_color_gradient_stops=&#8220;#0095da 0%|#1390ae 100%&#8220; button_bg_color_gradient_overlays_image=&#8220;on&#8220; button_bg_color_gradient_start=&#8220;#0095da&#8220; button_bg_color_gradient_end=&#8220;#1390ae&#8220; button_border_width=&#8220;0px&#8220; button_border_color=&#8220;rgba(255,255,255,0.09)&#8220; button_border_radius=&#8220;100px&#8220; button_letter_spacing=&#8220;3px&#8220; button_font=&#8220;Proxima Bold|||on|||||&#8220; button_icon=&#8220;&#x24;||divi||400&#8243; custom_margin=&#8220;20px||||false|false&#8220; custom_padding=&#8220;15px|70px|15px|60px|false|false&#8220; animation_style=&#8220;slide&#8220; animation_duration=&#8220;300ms&#8220; animation_intensity_slide=&#8220;25%&#8220; box_shadow_style=&#8220;preset3&#8243; box_shadow_color=&#8220;rgba(0,149,218,0.43)&#8220; global_colors_info=&#8220;{}&#8220; theme_builder_area=&#8220;post_content&#8220;][\/et_pb_button][\/et_pb_column][\/et_pb_row][et_pb_row _builder_version=&#8220;4.16&#8243; _module_preset=&#8220;default&#8220; global_colors_info=&#8220;{}&#8220; theme_builder_area=&#8220;post_content&#8220;][et_pb_column type=&#8220;4_4&#8243; _builder_version=&#8220;4.16&#8243; _module_preset=&#8220;default&#8220; global_colors_info=&#8220;{}&#8220; theme_builder_area=&#8220;post_content&#8220;][et_pb_image src=&#8220;https:\/\/easylingo.com\/cs\/wp-content\/uploads\/sites\/3\/2020\/11\/cover-hero-bg2.png&#8220; alt=&#8220;Pa\u0159\u00ed\u017e, Pisa, Lond\u00fdn, New York &#8211; pozn\u00e1vejte sv\u011bt s EasyLingo!&#8220; title_text=&#8220;Pa\u0159\u00ed\u017e, Pisa, Lond\u00fdn, New York &#8211; pozn\u00e1vejte sv\u011bt s EasyLingo!&#8220; align=&#8220;center&#8220; _builder_version=&#8220;4.16&#8243; _module_preset=&#8220;default&#8220; custom_margin=&#8220;-229px|||||&#8220; custom_padding=&#8220;3px|||||&#8220; scroll_vertical_motion_enable=&#8220;on&#8220; scroll_vertical_motion=&#8220;0|50|50|100|-0.15|0|0.15&#8243; scroll_blur_enable=&#8220;on&#8220; scroll_blur=&#8220;0|40|60|100|0px|0px|10px&#8220; global_colors_info=&#8220;{}&#8220; theme_builder_area=&#8220;post_content&#8220;][\/et_pb_image][\/et_pb_column][\/et_pb_row][\/et_pb_section]<\/p>\n","protected":false},"excerpt":{"rendered":"<p>D\u011bkujeme!Kurz ti bude aktivov\u00e1n do n\u00e1sleduj\u00edc\u00edho pracovn\u00edho dne. U\u017e tak se ale m\u016f\u017ee\u0161 p\u0159ihl\u00e1sit do studovny a procvi\u010dit si 1. lekci.\u00a0<\/p>\n","protected":false},"author":150,"featured_media":0,"parent":0,"menu_order":0,"comment_status":"closed","ping_status":"closed","template":"","meta":{"_et_pb_use_builder":"on","_et_pb_old_content":"","_et_gb_content_width":"","inline_featured_image":false},"yoast_head":"<!-- This site is optimized with the Yoast SEO plugin v21.5 - https:\/\/yoast.com\/wordpress\/plugins\/seo\/ -->\n<title>Angli\u010dtina na cesty aktivov\u00e1na - EasyLingo<\/title>\n<meta name=\"robots\" content=\"index, follow, max-snippet:-1, max-image-preview:large, max-video-preview:-1\" \/>\n<link rel=\"canonical\" href=\"https:\/\/easylingo.com\/cs\/aj-na-cesty-aktivace\/\" \/>\n<meta property=\"og:locale\" content=\"cs_CZ\" \/>\n<meta property=\"og:type\" content=\"article\" \/>\n<meta property=\"og:title\" content=\"Angli\u010dtina na cesty aktivov\u00e1na - EasyLingo\" \/>\n<meta property=\"og:description\" content=\"D\u011bkujeme!Kurz ti bude aktivov\u00e1n do n\u00e1sleduj\u00edc\u00edho pracovn\u00edho dne. U\u017e tak se ale m\u016f\u017ee\u0161 p\u0159ihl\u00e1sit do studovny a procvi\u010dit si 1. lekci.\u00a0\" \/>\n<meta property=\"og:url\" content=\"https:\/\/easylingo.com\/cs\/aj-na-cesty-aktivace\/\" \/>\n<meta property=\"og:site_name\" content=\"EasyLingo\" \/>\n<meta property=\"article:publisher\" content=\"https:\/\/www.facebook.com\/onlinejazyky\/\" \/>\n<meta property=\"article:modified_time\" content=\"2023-05-25T11:45:56+00:00\" \/>\n<meta name=\"twitter:card\" content=\"summary_large_image\" \/>\n<meta name=\"twitter:label1\" content=\"Odhadovan\u00e1 doba \u010dten\u00ed\" \/>\n\t<meta name=\"twitter:data1\" content=\"3 minuty\" \/>\n<script type=\"application\/ld+json\" class=\"yoast-schema-graph\">{\"@context\":\"https:\/\/schema.org\",\"@graph\":[{\"@type\":\"WebPage\",\"@id\":\"https:\/\/easylingo.com\/cs\/aj-na-cesty-aktivace\/\",\"url\":\"https:\/\/easylingo.com\/cs\/aj-na-cesty-aktivace\/\",\"name\":\"Angli\u010dtina na cesty aktivov\u00e1na - EasyLingo\",\"isPartOf\":{\"@id\":\"https:\/\/easylingo.com\/cs\/#website\"},\"datePublished\":\"2023-05-25T11:44:31+00:00\",\"dateModified\":\"2023-05-25T11:45:56+00:00\",\"breadcrumb\":{\"@id\":\"https:\/\/easylingo.com\/cs\/aj-na-cesty-aktivace\/#breadcrumb\"},\"inLanguage\":\"cs\",\"potentialAction\":[{\"@type\":\"ReadAction\",\"target\":[\"https:\/\/easylingo.com\/cs\/aj-na-cesty-aktivace\/\"]}]},{\"@type\":\"BreadcrumbList\",\"@id\":\"https:\/\/easylingo.com\/cs\/aj-na-cesty-aktivace\/#breadcrumb\",\"itemListElement\":[{\"@type\":\"ListItem\",\"position\":1,\"name\":\"Home\",\"item\":\"https:\/\/easylingo.com\/cs\/\"},{\"@type\":\"ListItem\",\"position\":2,\"name\":\"Angli\u010dtina na cesty aktivov\u00e1na\"}]},{\"@type\":\"WebSite\",\"@id\":\"https:\/\/easylingo.com\/cs\/#website\",\"url\":\"https:\/\/easylingo.com\/cs\/\",\"name\":\"EasyLingo\",\"description\":\"Nau\u010dte se jazyky: snadn\u011bji, z\u00e1bavn\u011bji a odkudkoliv.\",\"potentialAction\":[{\"@type\":\"SearchAction\",\"target\":{\"@type\":\"EntryPoint\",\"urlTemplate\":\"https:\/\/easylingo.com\/cs\/?s={search_term_string}\"},\"query-input\":\"required name=search_term_string\"}],\"inLanguage\":\"cs\"}]}<\/script>\n<!-- \/ Yoast SEO plugin. -->","yoast_head_json":{"title":"Angli\u010dtina na cesty aktivov\u00e1na - EasyLingo","robots":{"index":"index","follow":"follow","max-snippet":"max-snippet:-1","max-image-preview":"max-image-preview:large","max-video-preview":"max-video-preview:-1"},"canonical":"https:\/\/easylingo.com\/cs\/aj-na-cesty-aktivace\/","og_locale":"cs_CZ","og_type":"article","og_title":"Angli\u010dtina na cesty aktivov\u00e1na - EasyLingo","og_description":"D\u011bkujeme!Kurz ti bude aktivov\u00e1n do n\u00e1sleduj\u00edc\u00edho pracovn\u00edho dne. U\u017e tak se ale m\u016f\u017ee\u0161 p\u0159ihl\u00e1sit do studovny a procvi\u010dit si 1. lekci.\u00a0","og_url":"https:\/\/easylingo.com\/cs\/aj-na-cesty-aktivace\/","og_site_name":"EasyLingo","article_publisher":"https:\/\/www.facebook.com\/onlinejazyky\/","article_modified_time":"2023-05-25T11:45:56+00:00","twitter_card":"summary_large_image","twitter_misc":{"Odhadovan\u00e1 doba \u010dten\u00ed":"3 minuty"},"schema":{"@context":"https:\/\/schema.org","@graph":[{"@type":"WebPage","@id":"https:\/\/easylingo.com\/cs\/aj-na-cesty-aktivace\/","url":"https:\/\/easylingo.com\/cs\/aj-na-cesty-aktivace\/","name":"Angli\u010dtina na cesty aktivov\u00e1na - EasyLingo","isPartOf":{"@id":"https:\/\/easylingo.com\/cs\/#website"},"datePublished":"2023-05-25T11:44:31+00:00","dateModified":"2023-05-25T11:45:56+00:00","breadcrumb":{"@id":"https:\/\/easylingo.com\/cs\/aj-na-cesty-aktivace\/#breadcrumb"},"inLanguage":"cs","potentialAction":[{"@type":"ReadAction","target":["https:\/\/easylingo.com\/cs\/aj-na-cesty-aktivace\/"]}]},{"@type":"BreadcrumbList","@id":"https:\/\/easylingo.com\/cs\/aj-na-cesty-aktivace\/#breadcrumb","itemListElement":[{"@type":"ListItem","position":1,"name":"Home","item":"https:\/\/easylingo.com\/cs\/"},{"@type":"ListItem","position":2,"name":"Angli\u010dtina na cesty aktivov\u00e1na"}]},{"@type":"WebSite","@id":"https:\/\/easylingo.com\/cs\/#website","url":"https:\/\/easylingo.com\/cs\/","name":"EasyLingo","description":"Nau\u010dte se jazyky: snadn\u011bji, z\u00e1bavn\u011bji a odkudkoliv.","potentialAction":[{"@type":"SearchAction","target":{"@type":"EntryPoint","urlTemplate":"https:\/\/easylingo.com\/cs\/?s={search_term_string}"},"query-input":"required name=search_term_string"}],"inLanguage":"cs"}]}},"_links":{"self":[{"href":"https:\/\/easylingo.com\/cs\/wp-json\/wp\/v2\/pages\/29708"}],"collection":[{"href":"https:\/\/easylingo.com\/cs\/wp-json\/wp\/v2\/pages"}],"about":[{"href":"https:\/\/easylingo.com\/cs\/wp-json\/wp\/v2\/types\/page"}],"author":[{"embeddable":true,"href":"https:\/\/easylingo.com\/cs\/wp-json\/wp\/v2\/users\/150"}],"replies":[{"embeddable":true,"href":"https:\/\/easylingo.com\/cs\/wp-json\/wp\/v2\/comments?post=29708"}],"version-history":[{"count":3,"href":"https:\/\/easylingo.com\/cs\/wp-json\/wp\/v2\/pages\/29708\/revisions"}],"predecessor-version":[{"id":29714,"href":"https:\/\/easylingo.com\/cs\/wp-json\/wp\/v2\/pages\/29708\/revisions\/29714"}],"wp:attachment":[{"href":"https:\/\/easylingo.com\/cs\/wp-json\/wp\/v2\/media?parent=29708"}],"curies":[{"name":"wp","href":"https:\/\/api.w.org\/{rel}","templated":true}]}}