{"id":35689,"date":"2024-04-25T08:27:23","date_gmt":"2024-04-25T07:27:23","guid":{"rendered":"https:\/\/easylingo.com\/cs\/zasady-cookies-eu\/"},"modified":"2024-07-09T09:52:47","modified_gmt":"2024-07-09T08:52:47","slug":"zasady-cookies-eu","status":"publish","type":"page","link":"https:\/\/easylingo.com\/cs\/zasady-cookies-eu\/","title":{"rendered":"Z\u00e1sady cookies (EU)"},"content":{"rendered":"","protected":false},"excerpt":{"rendered":"","protected":false},"author":6666,"featured_media":0,"parent":0,"menu_order":0,"comment_status":"closed","ping_status":"closed","template":"","meta":{"_et_pb_use_builder":"","_et_pb_old_content":"","_et_gb_content_width":"","inline_featured_image":false},"yoast_head":"<!-- This site is optimized with the Yoast SEO plugin v21.5 - https:\/\/yoast.com\/wordpress\/plugins\/seo\/ -->\n<title>Z\u00e1sady cookies (EU) - EasyLingo<\/title>\n<meta name=\"robots\" content=\"index, follow, max-snippet:-1, max-image-preview:large, max-video-preview:-1\" \/>\n<link rel=\"canonical\" href=\"https:\/\/easylingo.com\/cs\/zasady-cookies-eu\/\" \/>\n<meta property=\"og:locale\" content=\"cs_CZ\" \/>\n<meta property=\"og:type\" content=\"article\" \/>\n<meta property=\"og:title\" content=\"Z\u00e1sady cookies (EU) - EasyLingo\" \/>\n<meta property=\"og:url\" content=\"https:\/\/easylingo.com\/cs\/zasady-cookies-eu\/\" \/>\n<meta property=\"og:site_name\" content=\"EasyLingo\" \/>\n<meta property=\"article:publisher\" content=\"https:\/\/www.facebook.com\/onlinejazyky\/\" \/>\n<meta property=\"article:modified_time\" content=\"2024-07-09T08:52:47+00:00\" \/>\n<meta name=\"twitter:card\" content=\"summary_large_image\" \/>\n<script type=\"application\/ld+json\" class=\"yoast-schema-graph\">{\"@context\":\"https:\/\/schema.org\",\"@graph\":[{\"@type\":\"WebPage\",\"@id\":\"https:\/\/easylingo.com\/cs\/zasady-cookies-eu\/\",\"url\":\"https:\/\/easylingo.com\/cs\/zasady-cookies-eu\/\",\"name\":\"Z\u00e1sady cookies (EU) - EasyLingo\",\"isPartOf\":{\"@id\":\"https:\/\/easylingo.com\/cs\/#website\"},\"datePublished\":\"2024-04-25T07:27:23+00:00\",\"dateModified\":\"2024-07-09T08:52:47+00:00\",\"breadcrumb\":{\"@id\":\"https:\/\/easylingo.com\/cs\/zasady-cookies-eu\/#breadcrumb\"},\"inLanguage\":\"cs\",\"potentialAction\":[{\"@type\":\"ReadAction\",\"target\":[\"https:\/\/easylingo.com\/cs\/zasady-cookies-eu\/\"]}]},{\"@type\":\"BreadcrumbList\",\"@id\":\"https:\/\/easylingo.com\/cs\/zasady-cookies-eu\/#breadcrumb\",\"itemListElement\":[{\"@type\":\"ListItem\",\"position\":1,\"name\":\"Home\",\"item\":\"https:\/\/easylingo.com\/cs\/\"},{\"@type\":\"ListItem\",\"position\":2,\"name\":\"Z\u00e1sady cookies (EU)\"}]},{\"@type\":\"WebSite\",\"@id\":\"https:\/\/easylingo.com\/cs\/#website\",\"url\":\"https:\/\/easylingo.com\/cs\/\",\"name\":\"EasyLingo\",\"description\":\"Nau\u010dte se jazyky: snadn\u011bji, z\u00e1bavn\u011bji a odkudkoliv.\",\"potentialAction\":[{\"@type\":\"SearchAction\",\"target\":{\"@type\":\"EntryPoint\",\"urlTemplate\":\"https:\/\/easylingo.com\/cs\/?s={search_term_string}\"},\"query-input\":\"required name=search_term_string\"}],\"inLanguage\":\"cs\"}]}<\/script>\n<!-- \/ Yoast SEO plugin. -->","yoast_head_json":{"title":"Z\u00e1sady cookies (EU) - EasyLingo","robots":{"index":"index","follow":"follow","max-snippet":"max-snippet:-1","max-image-preview":"max-image-preview:large","max-video-preview":"max-video-preview:-1"},"canonical":"https:\/\/easylingo.com\/cs\/zasady-cookies-eu\/","og_locale":"cs_CZ","og_type":"article","og_title":"Z\u00e1sady cookies (EU) - EasyLingo","og_url":"https:\/\/easylingo.com\/cs\/zasady-cookies-eu\/","og_site_name":"EasyLingo","article_publisher":"https:\/\/www.facebook.com\/onlinejazyky\/","article_modified_time":"2024-07-09T08:52:47+00:00","twitter_card":"summary_large_image","schema":{"@context":"https:\/\/schema.org","@graph":[{"@type":"WebPage","@id":"https:\/\/easylingo.com\/cs\/zasady-cookies-eu\/","url":"https:\/\/easylingo.com\/cs\/zasady-cookies-eu\/","name":"Z\u00e1sady cookies (EU) - EasyLingo","isPartOf":{"@id":"https:\/\/easylingo.com\/cs\/#website"},"datePublished":"2024-04-25T07:27:23+00:00","dateModified":"2024-07-09T08:52:47+00:00","breadcrumb":{"@id":"https:\/\/easylingo.com\/cs\/zasady-cookies-eu\/#breadcrumb"},"inLanguage":"cs","potentialAction":[{"@type":"ReadAction","target":["https:\/\/easylingo.com\/cs\/zasady-cookies-eu\/"]}]},{"@type":"BreadcrumbList","@id":"https:\/\/easylingo.com\/cs\/zasady-cookies-eu\/#breadcrumb","itemListElement":[{"@type":"ListItem","position":1,"name":"Home","item":"https:\/\/easylingo.com\/cs\/"},{"@type":"ListItem","position":2,"name":"Z\u00e1sady cookies (EU)"}]},{"@type":"WebSite","@id":"https:\/\/easylingo.com\/cs\/#website","url":"https:\/\/easylingo.com\/cs\/","name":"EasyLingo","description":"Nau\u010dte se jazyky: snadn\u011bji, z\u00e1bavn\u011bji a odkudkoliv.","potentialAction":[{"@type":"SearchAction","target":{"@type":"EntryPoint","urlTemplate":"https:\/\/easylingo.com\/cs\/?s={search_term_string}"},"query-input":"required name=search_term_string"}],"inLanguage":"cs"}]}},"_links":{"self":[{"href":"https:\/\/easylingo.com\/cs\/wp-json\/wp\/v2\/pages\/35689"}],"collection":[{"href":"https:\/\/easylingo.com\/cs\/wp-json\/wp\/v2\/pages"}],"about":[{"href":"https:\/\/easylingo.com\/cs\/wp-json\/wp\/v2\/types\/page"}],"author":[{"embeddable":true,"href":"https:\/\/easylingo.com\/cs\/wp-json\/wp\/v2\/users\/6666"}],"replies":[{"embeddable":true,"href":"https:\/\/easylingo.com\/cs\/wp-json\/wp\/v2\/comments?post=35689"}],"version-history":[{"count":1,"href":"https:\/\/easylingo.com\/cs\/wp-json\/wp\/v2\/pages\/35689\/revisions"}],"predecessor-version":[{"id":36541,"href":"https:\/\/easylingo.com\/cs\/wp-json\/wp\/v2\/pages\/35689\/revisions\/36541"}],"wp:attachment":[{"href":"https:\/\/easylingo.com\/cs\/wp-json\/wp\/v2\/media?parent=35689"}],"curies":[{"name":"wp","href":"https:\/\/api.w.org\/{rel}","templated":true}]}}