{"id":94,"date":"2020-10-26T17:53:23","date_gmt":"2020-10-26T17:53:23","guid":{"rendered":"https:\/\/easylingo.com\/es2\/?page_id=94"},"modified":"2025-12-11T08:58:53","modified_gmt":"2025-12-11T07:58:53","slug":"kontakt","status":"publish","type":"page","link":"https:\/\/easylingo.com\/cs\/kontakt\/","title":{"rendered":"Kontakt"},"content":{"rendered":"<p>[et_pb_section fb_built=&#8220;1&#8243; _builder_version=&#8220;4.16&#8243; background_image=&#8220;https:\/\/easylingo.com\/es2\/wp-content\/uploads\/sites\/4\/2020\/11\/hero-bottom.svg&#8220; background_position=&#8220;bottom_center&#8220; global_colors_info=&#8220;{}&#8220; da_is_popup=&#8220;off&#8220; da_exit_intent=&#8220;off&#8220; da_has_close=&#8220;on&#8220; da_alt_close=&#8220;off&#8220; da_dark_close=&#8220;off&#8220; da_not_modal=&#8220;on&#8220; da_is_singular=&#8220;off&#8220; da_with_loader=&#8220;off&#8220; da_has_shadow=&#8220;on&#8220; da_disable_devices=&#8220;off|off|off&#8220;][et_pb_row column_structure=&#8220;1_2,1_2&#8243; _builder_version=&#8220;4.16&#8243; width=&#8220;85%&#8220; max_width=&#8220;1440px&#8220; module_alignment=&#8220;center&#8220; min_height=&#8220;530px&#8220; custom_margin=&#8220;|1px||auto||&#8220; global_colors_info=&#8220;{}&#8220;][et_pb_column type=&#8220;1_2&#8243; _builder_version=&#8220;4.16&#8243; global_colors_info=&#8220;{}&#8220;][et_pb_text content_phone=&#8220;<\/p>\n<h1><span>Kontakt<\/span><\/h1>\n<p>&#8220; content_last_edited=&#8220;off|desktop&#8220; _builder_version=&#8220;4.16&#8243; custom_margin=&#8220;-1px||1px|||&#8220; inline_fonts=&#8220;Proxima Bold&#8220; global_colors_info=&#8220;{}&#8220;]<\/p>\n<h1><span style=\"font-size: 80px;font-family: 'Proxima Bold';font-weight: normal\">Kontakt<\/span><\/h1>\n<p>[\/et_pb_text][et_pb_text _builder_version=&#8220;4.16&#8243; custom_margin=&#8220;||1px|||&#8220; inline_fonts=&#8220;Proxima Light,Proxima Bold&#8220; global_colors_info=&#8220;{}&#8220;]<\/p>\n<p><span style=\"font-family: 'Proxima Bold';font-size: x-large\">Napi\u0161te n\u00e1m<\/span><\/p>\n<p>[\/et_pb_text][et_pb_text _builder_version=&#8220;4.21.0&#8243; hover_enabled=&#8220;0&#8243; inline_fonts=&#8220;Proxima Light,Proxima Regular&#8220; global_colors_info=&#8220;{}&#8220; sticky_enabled=&#8220;0&#8243;]<\/p>\n<p><span style=\"font-weight: 400;\">Napi\u0161te n\u00e1m na <a href=\"mailto:info@easylingo.com\">info@easylingo.com<\/a> a nebo p\u0159es n\u00e1\u0161 online chat v prav\u00e9m doln\u00edm rohu (modr\u00e1 bublinka). R\u00e1di v\u00e1m odpov\u00edme na v\u0161echny dotazy a pom\u016f\u017eeme vybrat prav\u00fd kurz pr\u00e1v\u011b pro v\u00e1s.<\/span><\/p>\n<p>[\/et_pb_text][\/et_pb_column][et_pb_column type=&#8220;1_2&#8243; _builder_version=&#8220;4.16&#8243; global_colors_info=&#8220;{}&#8220;][et_pb_image src=&#8220;https:\/\/easylingo.com\/cs\/wp-content\/uploads\/sites\/3\/2020\/11\/fr.png&#8220; alt=&#8220;A\u0165 jste kdekoli, jsme tu pro v\u00e1s.&#8220; title_text=&#8220;A\u0165 jste kdekoli, jsme tu pro v\u00e1s.&#8220; _builder_version=&#8220;4.16&#8243; _module_preset=&#8220;default&#8220; custom_margin=&#8220;|-126px|-119px|||&#8220; global_colors_info=&#8220;{}&#8220;][\/et_pb_image][\/et_pb_column][\/et_pb_row][\/et_pb_section][et_pb_section fb_built=&#8220;1&#8243; custom_padding_last_edited=&#8220;on|phone&#8220; _builder_version=&#8220;4.16&#8243; custom_padding=&#8220;149px||150px|||&#8220; custom_padding_tablet=&#8220;&#8220; custom_padding_phone=&#8220;50px||50px||false|false&#8220; global_colors_info=&#8220;{}&#8220; da_is_popup=&#8220;off&#8220; da_exit_intent=&#8220;off&#8220; da_has_close=&#8220;on&#8220; da_alt_close=&#8220;off&#8220; da_dark_close=&#8220;off&#8220; da_not_modal=&#8220;on&#8220; da_is_singular=&#8220;off&#8220; da_with_loader=&#8220;off&#8220; da_has_shadow=&#8220;on&#8220; da_disable_devices=&#8220;off|off|off&#8220;][et_pb_row column_structure=&#8220;1_2,1_2&#8243; _builder_version=&#8220;4.16&#8243; width=&#8220;60%&#8220; width_tablet=&#8220;&#8220; width_phone=&#8220;80%&#8220; width_last_edited=&#8220;on|phone&#8220; module_alignment=&#8220;center&#8220; global_colors_info=&#8220;{}&#8220;][et_pb_column type=&#8220;1_2&#8243; _builder_version=&#8220;4.16&#8243; global_colors_info=&#8220;{}&#8220;][et_pb_text _builder_version=&#8220;4.16&#8243; custom_padding=&#8220;|0px|||false|false&#8220; inline_fonts=&#8220;Proxima Bold,Proxima Light&#8220; global_colors_info=&#8220;{}&#8220;]<\/p>\n<p><span style=\"font-family: 'Proxima Light';font-weight: normal;font-size: x-large;color: #339ccd\">info@easylingo.com<\/span><\/p>\n<p>Pond\u011bl\u00ed a\u017e p\u00e1tek 8:00 &#8211; 16:00<\/p>\n<p>[\/et_pb_text][\/et_pb_column][et_pb_column type=&#8220;1_2&#8243; _builder_version=&#8220;4.16&#8243; global_colors_info=&#8220;{}&#8220;][et_pb_text _builder_version=&#8220;4.16&#8243; custom_margin=&#8220;||15px|||&#8220; custom_padding=&#8220;|0px|||false|false&#8220; inline_fonts=&#8220;Proxima Bold,Proxima Light&#8220; global_colors_info=&#8220;{}&#8220;]<\/p>\n<p><span style=\"font-family: 'Proxima Light';font-weight: normal;font-size: x-large;color: #339ccd\">ONLINE learning s.r.o.<\/span><\/p>\n<p>[\/et_pb_text][et_pb_text _builder_version=&#8220;4.16&#8243; text_letter_spacing=&#8220;26px&#8220; custom_padding=&#8220;|0px|||false|false&#8220; inline_fonts=&#8220;Proxima Bold,Proxima Light&#8220; global_colors_info=&#8220;{}&#8220;]<a href=\"https:\/\/www.facebook.com\/easylingoes\" target=\"_blank\" rel=\"noopener noreferrer\"><img decoding=\"async\" loading=\"lazy\" src=\"https:\/\/easylingo.com\/es\/wp-content\/uploads\/sites\/4\/2020\/12\/Facebook.png\" alt=\"\" class=\"wp-image-16115 alignnone size-full\" width=\"40\" height=\"40\" \/><\/a> <a href=\"https:\/\/www.instagram.com\/easylingoes\/\" target=\"_blank\" rel=\"noopener noreferrer\"><img decoding=\"async\" loading=\"lazy\" src=\"https:\/\/easylingo.com\/es\/wp-content\/uploads\/sites\/4\/2020\/12\/Instagram.png\" alt=\"\" class=\"wp-image-16114 alignnone size-medium\" width=\"40\" height=\"40\" \/><\/a> <a href=\"https:\/\/twitter.com\/easylingo_es\" target=\"_blank\" rel=\"noopener noreferrer\"><img decoding=\"async\" loading=\"lazy\" src=\"https:\/\/easylingo.com\/es\/wp-content\/uploads\/sites\/4\/2020\/12\/Twitter-Copy.png\" alt=\"\" class=\"wp-image-16113 alignnone size-full\" width=\"40\" height=\"40\" \/><\/a>[\/et_pb_text][\/et_pb_column][\/et_pb_row][\/et_pb_section]<\/p>\n","protected":false},"excerpt":{"rendered":"<p>KontaktNapi\u0161te n\u00e1mNapi\u0161te n\u00e1m na info@easylingo.com a nebo p\u0159es n\u00e1\u0161 online chat v prav\u00e9m doln\u00edm rohu (modr\u00e1 bublinka). R\u00e1di v\u00e1m odpov\u00edme na v\u0161echny dotazy a pom\u016f\u017eeme vybrat prav\u00fd kurz pr\u00e1v\u011b pro v\u00e1s.info@easylingo.com Pond\u011bl\u00ed a\u017e p\u00e1tek 8:00 &#8211; 16:00ONLINE learning s.r.o.<\/p>\n","protected":false},"author":1,"featured_media":0,"parent":0,"menu_order":0,"comment_status":"closed","ping_status":"closed","template":"","meta":{"_et_pb_use_builder":"on","_et_pb_old_content":"","_et_gb_content_width":"","inline_featured_image":false},"yoast_head":"<!-- This site is optimized with the Yoast SEO plugin v21.5 - https:\/\/yoast.com\/wordpress\/plugins\/seo\/ -->\n<title>Kontakt - EasyLingo<\/title>\n<meta name=\"robots\" content=\"index, follow, max-snippet:-1, max-image-preview:large, max-video-preview:-1\" \/>\n<link rel=\"canonical\" href=\"https:\/\/easylingo.com\/cs\/kontakt\/\" \/>\n<meta property=\"og:locale\" content=\"cs_CZ\" \/>\n<meta property=\"og:type\" content=\"article\" \/>\n<meta property=\"og:title\" content=\"Kontakt - EasyLingo\" \/>\n<meta property=\"og:description\" content=\"KontaktNapi\u0161te n\u00e1mNapi\u0161te n\u00e1m na info@easylingo.com a nebo p\u0159es n\u00e1\u0161 online chat v prav\u00e9m doln\u00edm rohu (modr\u00e1 bublinka). R\u00e1di v\u00e1m odpov\u00edme na v\u0161echny dotazy a pom\u016f\u017eeme vybrat prav\u00fd kurz pr\u00e1v\u011b pro v\u00e1s.info@easylingo.com Pond\u011bl\u00ed a\u017e p\u00e1tek 8:00 - 16:00ONLINE learning s.r.o.\" \/>\n<meta property=\"og:url\" content=\"https:\/\/easylingo.com\/cs\/kontakt\/\" \/>\n<meta property=\"og:site_name\" content=\"EasyLingo\" \/>\n<meta property=\"article:publisher\" content=\"https:\/\/www.facebook.com\/onlinejazyky\/\" \/>\n<meta property=\"article:modified_time\" content=\"2025-12-11T07:58:53+00:00\" \/>\n<meta property=\"og:image\" content=\"https:\/\/easylingo.com\/es\/wp-content\/uploads\/sites\/4\/2020\/12\/Facebook.png\" \/>\n<meta name=\"twitter:card\" content=\"summary_large_image\" \/>\n<meta name=\"twitter:label1\" content=\"Odhadovan\u00e1 doba \u010dten\u00ed\" \/>\n\t<meta name=\"twitter:data1\" content=\"3 minuty\" \/>\n<script type=\"application\/ld+json\" class=\"yoast-schema-graph\">{\"@context\":\"https:\/\/schema.org\",\"@graph\":[{\"@type\":\"WebPage\",\"@id\":\"https:\/\/easylingo.com\/cs\/kontakt\/\",\"url\":\"https:\/\/easylingo.com\/cs\/kontakt\/\",\"name\":\"Kontakt - EasyLingo\",\"isPartOf\":{\"@id\":\"https:\/\/easylingo.com\/cs\/#website\"},\"datePublished\":\"2020-10-26T17:53:23+00:00\",\"dateModified\":\"2025-12-11T07:58:53+00:00\",\"breadcrumb\":{\"@id\":\"https:\/\/easylingo.com\/cs\/kontakt\/#breadcrumb\"},\"inLanguage\":\"cs\",\"potentialAction\":[{\"@type\":\"ReadAction\",\"target\":[\"https:\/\/easylingo.com\/cs\/kontakt\/\"]}]},{\"@type\":\"BreadcrumbList\",\"@id\":\"https:\/\/easylingo.com\/cs\/kontakt\/#breadcrumb\",\"itemListElement\":[{\"@type\":\"ListItem\",\"position\":1,\"name\":\"Home\",\"item\":\"https:\/\/easylingo.com\/cs\/\"},{\"@type\":\"ListItem\",\"position\":2,\"name\":\"Kontakt\"}]},{\"@type\":\"WebSite\",\"@id\":\"https:\/\/easylingo.com\/cs\/#website\",\"url\":\"https:\/\/easylingo.com\/cs\/\",\"name\":\"EasyLingo\",\"description\":\"Nau\u010dte se jazyky: snadn\u011bji, z\u00e1bavn\u011bji a odkudkoliv.\",\"potentialAction\":[{\"@type\":\"SearchAction\",\"target\":{\"@type\":\"EntryPoint\",\"urlTemplate\":\"https:\/\/easylingo.com\/cs\/?s={search_term_string}\"},\"query-input\":\"required name=search_term_string\"}],\"inLanguage\":\"cs\"}]}<\/script>\n<!-- \/ Yoast SEO plugin. -->","yoast_head_json":{"title":"Kontakt - EasyLingo","robots":{"index":"index","follow":"follow","max-snippet":"max-snippet:-1","max-image-preview":"max-image-preview:large","max-video-preview":"max-video-preview:-1"},"canonical":"https:\/\/easylingo.com\/cs\/kontakt\/","og_locale":"cs_CZ","og_type":"article","og_title":"Kontakt - EasyLingo","og_description":"KontaktNapi\u0161te n\u00e1mNapi\u0161te n\u00e1m na info@easylingo.com a nebo p\u0159es n\u00e1\u0161 online chat v prav\u00e9m doln\u00edm rohu (modr\u00e1 bublinka). R\u00e1di v\u00e1m odpov\u00edme na v\u0161echny dotazy a pom\u016f\u017eeme vybrat prav\u00fd kurz pr\u00e1v\u011b pro v\u00e1s.info@easylingo.com Pond\u011bl\u00ed a\u017e p\u00e1tek 8:00 - 16:00ONLINE learning s.r.o.","og_url":"https:\/\/easylingo.com\/cs\/kontakt\/","og_site_name":"EasyLingo","article_publisher":"https:\/\/www.facebook.com\/onlinejazyky\/","article_modified_time":"2025-12-11T07:58:53+00:00","og_image":[{"url":"https:\/\/easylingo.com\/es\/wp-content\/uploads\/sites\/4\/2020\/12\/Facebook.png"}],"twitter_card":"summary_large_image","twitter_misc":{"Odhadovan\u00e1 doba \u010dten\u00ed":"3 minuty"},"schema":{"@context":"https:\/\/schema.org","@graph":[{"@type":"WebPage","@id":"https:\/\/easylingo.com\/cs\/kontakt\/","url":"https:\/\/easylingo.com\/cs\/kontakt\/","name":"Kontakt - EasyLingo","isPartOf":{"@id":"https:\/\/easylingo.com\/cs\/#website"},"datePublished":"2020-10-26T17:53:23+00:00","dateModified":"2025-12-11T07:58:53+00:00","breadcrumb":{"@id":"https:\/\/easylingo.com\/cs\/kontakt\/#breadcrumb"},"inLanguage":"cs","potentialAction":[{"@type":"ReadAction","target":["https:\/\/easylingo.com\/cs\/kontakt\/"]}]},{"@type":"BreadcrumbList","@id":"https:\/\/easylingo.com\/cs\/kontakt\/#breadcrumb","itemListElement":[{"@type":"ListItem","position":1,"name":"Home","item":"https:\/\/easylingo.com\/cs\/"},{"@type":"ListItem","position":2,"name":"Kontakt"}]},{"@type":"WebSite","@id":"https:\/\/easylingo.com\/cs\/#website","url":"https:\/\/easylingo.com\/cs\/","name":"EasyLingo","description":"Nau\u010dte se jazyky: snadn\u011bji, z\u00e1bavn\u011bji a odkudkoliv.","potentialAction":[{"@type":"SearchAction","target":{"@type":"EntryPoint","urlTemplate":"https:\/\/easylingo.com\/cs\/?s={search_term_string}"},"query-input":"required name=search_term_string"}],"inLanguage":"cs"}]}},"_links":{"self":[{"href":"https:\/\/easylingo.com\/cs\/wp-json\/wp\/v2\/pages\/94"}],"collection":[{"href":"https:\/\/easylingo.com\/cs\/wp-json\/wp\/v2\/pages"}],"about":[{"href":"https:\/\/easylingo.com\/cs\/wp-json\/wp\/v2\/types\/page"}],"author":[{"embeddable":true,"href":"https:\/\/easylingo.com\/cs\/wp-json\/wp\/v2\/users\/1"}],"replies":[{"embeddable":true,"href":"https:\/\/easylingo.com\/cs\/wp-json\/wp\/v2\/comments?post=94"}],"version-history":[{"count":11,"href":"https:\/\/easylingo.com\/cs\/wp-json\/wp\/v2\/pages\/94\/revisions"}],"predecessor-version":[{"id":42068,"href":"https:\/\/easylingo.com\/cs\/wp-json\/wp\/v2\/pages\/94\/revisions\/42068"}],"wp:attachment":[{"href":"https:\/\/easylingo.com\/cs\/wp-json\/wp\/v2\/media?parent=94"}],"curies":[{"name":"wp","href":"https:\/\/api.w.org\/{rel}","templated":true}]}}