{"id":15119,"date":"2020-12-15T16:12:52","date_gmt":"2020-12-15T15:12:52","guid":{"rendered":"https:\/\/easylingo.com\/cs\/?post_type=product&#038;p=15119"},"modified":"2025-03-12T15:49:18","modified_gmt":"2025-03-12T14:49:18","slug":"anglictina-pro-zacatecniky-a1-plus","status":"publish","type":"product","link":"https:\/\/easylingo.com\/cs\/eshop\/anglictina-pro-zacatecniky-a1-plus\/","title":{"rendered":"Angli\u010dtina pro za\u010d\u00e1te\u010dn\u00edky A1+"},"content":{"rendered":"<p>Nejste si jisti, jak si v\u00a0angli\u010dtin\u011b objednat j\u00eddlo nebo po\u017e\u00e1dat prodava\u010dku o\u00a0jinou velikost kalhot? Nau\u010dte se zvl\u00e1dat tyto situace s\u00a0p\u0159ehledem d\u00edky kurzu Angli\u010dtina pro za\u010d\u00e1te\u010dn\u00edky A1+. <strong>Povedeme v\u00e1s angli\u010dtinou<\/strong> nenucen\u011b a\u00a0efektivn\u011b. Ji\u017e brzy pro v\u00e1s tyto situace nebudou p\u0159ek\u00e1\u017ekou. Kurz obsahuje 6+1 tematick\u00fdch kapitol studia, ve kter\u00fdch se nau\u010d\u00edte nap\u0159\u00edklad <strong>vypr\u00e1v\u011bt o\u00a0z\u00e1\u017eitc\u00edch z\u00a0dovolen\u00e9, objednat si j\u00eddlo \u010di po\u017e\u00e1dat prodava\u010dku o\u00a0pomoc<\/strong>. Jestli\u017ee se odhadnete nespr\u00e1vn\u011b a\u00a0n\u00e1pl\u0148 kurzu v\u00e1m nebude vyhovovat, m\u016f\u017eete si do 14 dn\u016f vybrat jin\u00fd kurz nebo po\u017e\u00e1dat o\u00a0vr\u00e1cen\u00ed pen\u011bz. <strong>Nic neriskujete<\/strong>, nev\u00e1hejte a\u00a0zkuste to.<\/p>\n","protected":false},"excerpt":{"rendered":"<p>Nejste si jisti, jak si v\u00a0angli\u010dtin\u011b objednat j\u00eddlo nebo po\u017e\u00e1dat prodava\u010dku o\u00a0jinou velikost kalhot? Nau\u010dte se zvl\u00e1dat tyto situace s\u00a0p\u0159ehledem d\u00edky kurzu Angli\u010dtina pro za\u010d\u00e1te\u010dn\u00edky A1+. <strong>Povedeme v\u00e1s angli\u010dtinou<\/strong> nenucen\u011b a\u00a0efektivn\u011b. Ji\u017e brzy pro v\u00e1s tyto situace nebudou p\u0159ek\u00e1\u017ekou. Kurz obsahuje 6+1 tematick\u00fdch kapitol studia, ve kter\u00fdch se nau\u010d\u00edte nap\u0159\u00edklad <strong>vypr\u00e1v\u011bt o\u00a0z\u00e1\u017eitc\u00edch z\u00a0dovolen\u00e9, objednat si j\u00eddlo \u010di po\u017e\u00e1dat prodava\u010dku o\u00a0pomoc<\/strong>. Jestli\u017ee se odhadnete nespr\u00e1vn\u011b a\u00a0n\u00e1pl\u0148 kurzu v\u00e1m nebude vyhovovat, m\u016f\u017eete si do 14 dn\u016f vybrat jin\u00fd kurz nebo po\u017e\u00e1dat o\u00a0vr\u00e1cen\u00ed pen\u011bz. <strong>Nic neriskujete<\/strong>, nev\u00e1hejte a\u00a0zkuste to.<\/p>\n","protected":false},"featured_media":15307,"comment_status":"closed","ping_status":"closed","template":"","meta":{"_et_pb_use_builder":"on","_et_pb_old_content":"Nejste si jisti, jak si v\u00a0angli\u010dtin\u011b objednat j\u00eddlo nebo po\u017e\u00e1dat prodava\u010dku o\u00a0jinou velikost kalhot? Nau\u010dte se zvl\u00e1dat tyto situace s\u00a0p\u0159ehledem d\u00edky kurzu Angli\u010dtina pro za\u010d\u00e1te\u010dn\u00edky A1+. <strong>Povedeme v\u00e1s angli\u010dtinou<\/strong> nenucen\u011b a\u00a0efektivn\u011b. Ji\u017e brzy pro v\u00e1s tyto situace nebudou p\u0159ek\u00e1\u017ekou. Kurz obsahuje 6+1 tematick\u00fdch kapitol studia, ve kter\u00fdch se nau\u010d\u00edte nap\u0159\u00edklad <strong>vypr\u00e1v\u011bt o\u00a0z\u00e1\u017eitc\u00edch z\u00a0dovolen\u00e9, objednat si j\u00eddlo \u010di po\u017e\u00e1dat prodava\u010dku o\u00a0pomoc<\/strong>. Jestli\u017ee se odhadnete nespr\u00e1vn\u011b a\u00a0n\u00e1pl\u0148 kurzu v\u00e1m nebude vyhovovat, m\u016f\u017eete si do 14 dn\u016f vybrat jin\u00fd kurz nebo po\u017e\u00e1dat o\u00a0vr\u00e1cen\u00ed pen\u011bz. <strong>Nic neriskujete<\/strong>, nev\u00e1hejte a\u00a0zkuste to.","_et_gb_content_width":"","inline_featured_image":false},"product_cat":[60,47,46],"product_tag":[],"yoast_head":"<!-- This site is optimized with the Yoast SEO plugin v21.5 - https:\/\/yoast.com\/wordpress\/plugins\/seo\/ -->\n<title>Angli\u010dtina pro za\u010d\u00e1te\u010dn\u00edky A1+ - EasyLingo<\/title>\n<meta name=\"robots\" content=\"index, follow, max-snippet:-1, max-image-preview:large, max-video-preview:-1\" \/>\n<link rel=\"canonical\" href=\"https:\/\/easylingo.com\/cs\/eshop\/anglictina-pro-zacatecniky-a1-plus\/\" \/>\n<meta property=\"og:locale\" content=\"cs_CZ\" \/>\n<meta property=\"og:type\" content=\"article\" \/>\n<meta property=\"og:title\" content=\"Angli\u010dtina pro za\u010d\u00e1te\u010dn\u00edky A1+ - EasyLingo\" \/>\n<meta property=\"og:description\" content=\"Nejste si jisti, jak si v\u00a0angli\u010dtin\u011b objednat j\u00eddlo nebo po\u017e\u00e1dat prodava\u010dku o\u00a0jinou velikost kalhot? Nau\u010dte se zvl\u00e1dat tyto situace s\u00a0p\u0159ehledem d\u00edky kurzu Angli\u010dtina pro za\u010d\u00e1te\u010dn\u00edky A1+. Povedeme v\u00e1s angli\u010dtinou nenucen\u011b a\u00a0efektivn\u011b. Ji\u017e brzy pro v\u00e1s tyto situace nebudou p\u0159ek\u00e1\u017ekou. Kurz obsahuje 6+1 tematick\u00fdch kapitol studia, ve kter\u00fdch se nau\u010d\u00edte nap\u0159\u00edklad vypr\u00e1v\u011bt o\u00a0z\u00e1\u017eitc\u00edch z\u00a0dovolen\u00e9, objednat si j\u00eddlo \u010di po\u017e\u00e1dat prodava\u010dku o\u00a0pomoc. Jestli\u017ee se odhadnete nespr\u00e1vn\u011b a\u00a0n\u00e1pl\u0148 kurzu v\u00e1m nebude vyhovovat, m\u016f\u017eete si do 14 dn\u016f vybrat jin\u00fd kurz nebo po\u017e\u00e1dat o\u00a0vr\u00e1cen\u00ed pen\u011bz. Nic neriskujete, nev\u00e1hejte a\u00a0zkuste to.\" \/>\n<meta property=\"og:url\" content=\"https:\/\/easylingo.com\/cs\/eshop\/anglictina-pro-zacatecniky-a1-plus\/\" \/>\n<meta property=\"og:site_name\" content=\"EasyLingo\" \/>\n<meta property=\"article:publisher\" content=\"https:\/\/www.facebook.com\/onlinejazyky\/\" \/>\n<meta property=\"article:modified_time\" content=\"2025-03-12T14:49:18+00:00\" \/>\n<meta property=\"og:image\" content=\"https:\/\/easylingo.com\/cs\/wp-content\/uploads\/sites\/3\/2020\/12\/234-anglictina-pro-zacatecniky-a1.png\" \/>\n\t<meta property=\"og:image:width\" content=\"700\" \/>\n\t<meta property=\"og:image:height\" content=\"600\" \/>\n\t<meta property=\"og:image:type\" content=\"image\/png\" \/>\n<meta name=\"twitter:card\" content=\"summary_large_image\" \/>\n<meta name=\"twitter:label1\" content=\"Odhadovan\u00e1 doba \u010dten\u00ed\" \/>\n\t<meta name=\"twitter:data1\" content=\"1 minuta\" \/>\n<script type=\"application\/ld+json\" class=\"yoast-schema-graph\">{\"@context\":\"https:\/\/schema.org\",\"@graph\":[{\"@type\":\"WebPage\",\"@id\":\"https:\/\/easylingo.com\/cs\/eshop\/anglictina-pro-zacatecniky-a1-plus\/\",\"url\":\"https:\/\/easylingo.com\/cs\/eshop\/anglictina-pro-zacatecniky-a1-plus\/\",\"name\":\"Angli\u010dtina pro za\u010d\u00e1te\u010dn\u00edky A1+ - EasyLingo\",\"isPartOf\":{\"@id\":\"https:\/\/easylingo.com\/cs\/#website\"},\"datePublished\":\"2020-12-15T15:12:52+00:00\",\"dateModified\":\"2025-03-12T14:49:18+00:00\",\"breadcrumb\":{\"@id\":\"https:\/\/easylingo.com\/cs\/eshop\/anglictina-pro-zacatecniky-a1-plus\/#breadcrumb\"},\"inLanguage\":\"cs\",\"potentialAction\":[{\"@type\":\"ReadAction\",\"target\":[\"https:\/\/easylingo.com\/cs\/eshop\/anglictina-pro-zacatecniky-a1-plus\/\"]}]},{\"@type\":\"BreadcrumbList\",\"@id\":\"https:\/\/easylingo.com\/cs\/eshop\/anglictina-pro-zacatecniky-a1-plus\/#breadcrumb\",\"itemListElement\":[{\"@type\":\"ListItem\",\"position\":1,\"name\":\"Home\",\"item\":\"https:\/\/easylingo.com\/cs\/\"},{\"@type\":\"ListItem\",\"position\":2,\"name\":\"E-shop\",\"item\":\"https:\/\/easylingo.com\/cs\/eshop\/\"},{\"@type\":\"ListItem\",\"position\":3,\"name\":\"Angli\u010dtina pro za\u010d\u00e1te\u010dn\u00edky A1+\"}]},{\"@type\":\"WebSite\",\"@id\":\"https:\/\/easylingo.com\/cs\/#website\",\"url\":\"https:\/\/easylingo.com\/cs\/\",\"name\":\"EasyLingo\",\"description\":\"Nau\u010dte se jazyky: snadn\u011bji, z\u00e1bavn\u011bji a odkudkoliv.\",\"potentialAction\":[{\"@type\":\"SearchAction\",\"target\":{\"@type\":\"EntryPoint\",\"urlTemplate\":\"https:\/\/easylingo.com\/cs\/?s={search_term_string}\"},\"query-input\":\"required name=search_term_string\"}],\"inLanguage\":\"cs\"}]}<\/script>\n<!-- \/ Yoast SEO plugin. -->","yoast_head_json":{"title":"Angli\u010dtina pro za\u010d\u00e1te\u010dn\u00edky A1+ - EasyLingo","robots":{"index":"index","follow":"follow","max-snippet":"max-snippet:-1","max-image-preview":"max-image-preview:large","max-video-preview":"max-video-preview:-1"},"canonical":"https:\/\/easylingo.com\/cs\/eshop\/anglictina-pro-zacatecniky-a1-plus\/","og_locale":"cs_CZ","og_type":"article","og_title":"Angli\u010dtina pro za\u010d\u00e1te\u010dn\u00edky A1+ - EasyLingo","og_description":"Nejste si jisti, jak si v\u00a0angli\u010dtin\u011b objednat j\u00eddlo nebo po\u017e\u00e1dat prodava\u010dku o\u00a0jinou velikost kalhot? Nau\u010dte se zvl\u00e1dat tyto situace s\u00a0p\u0159ehledem d\u00edky kurzu Angli\u010dtina pro za\u010d\u00e1te\u010dn\u00edky A1+. Povedeme v\u00e1s angli\u010dtinou nenucen\u011b a\u00a0efektivn\u011b. Ji\u017e brzy pro v\u00e1s tyto situace nebudou p\u0159ek\u00e1\u017ekou. Kurz obsahuje 6+1 tematick\u00fdch kapitol studia, ve kter\u00fdch se nau\u010d\u00edte nap\u0159\u00edklad vypr\u00e1v\u011bt o\u00a0z\u00e1\u017eitc\u00edch z\u00a0dovolen\u00e9, objednat si j\u00eddlo \u010di po\u017e\u00e1dat prodava\u010dku o\u00a0pomoc. Jestli\u017ee se odhadnete nespr\u00e1vn\u011b a\u00a0n\u00e1pl\u0148 kurzu v\u00e1m nebude vyhovovat, m\u016f\u017eete si do 14 dn\u016f vybrat jin\u00fd kurz nebo po\u017e\u00e1dat o\u00a0vr\u00e1cen\u00ed pen\u011bz. Nic neriskujete, nev\u00e1hejte a\u00a0zkuste to.","og_url":"https:\/\/easylingo.com\/cs\/eshop\/anglictina-pro-zacatecniky-a1-plus\/","og_site_name":"EasyLingo","article_publisher":"https:\/\/www.facebook.com\/onlinejazyky\/","article_modified_time":"2025-03-12T14:49:18+00:00","og_image":[{"width":700,"height":600,"url":"https:\/\/easylingo.com\/cs\/wp-content\/uploads\/sites\/3\/2020\/12\/234-anglictina-pro-zacatecniky-a1.png","type":"image\/png"}],"twitter_card":"summary_large_image","twitter_misc":{"Odhadovan\u00e1 doba \u010dten\u00ed":"1 minuta"},"schema":{"@context":"https:\/\/schema.org","@graph":[{"@type":"WebPage","@id":"https:\/\/easylingo.com\/cs\/eshop\/anglictina-pro-zacatecniky-a1-plus\/","url":"https:\/\/easylingo.com\/cs\/eshop\/anglictina-pro-zacatecniky-a1-plus\/","name":"Angli\u010dtina pro za\u010d\u00e1te\u010dn\u00edky A1+ - EasyLingo","isPartOf":{"@id":"https:\/\/easylingo.com\/cs\/#website"},"datePublished":"2020-12-15T15:12:52+00:00","dateModified":"2025-03-12T14:49:18+00:00","breadcrumb":{"@id":"https:\/\/easylingo.com\/cs\/eshop\/anglictina-pro-zacatecniky-a1-plus\/#breadcrumb"},"inLanguage":"cs","potentialAction":[{"@type":"ReadAction","target":["https:\/\/easylingo.com\/cs\/eshop\/anglictina-pro-zacatecniky-a1-plus\/"]}]},{"@type":"BreadcrumbList","@id":"https:\/\/easylingo.com\/cs\/eshop\/anglictina-pro-zacatecniky-a1-plus\/#breadcrumb","itemListElement":[{"@type":"ListItem","position":1,"name":"Home","item":"https:\/\/easylingo.com\/cs\/"},{"@type":"ListItem","position":2,"name":"E-shop","item":"https:\/\/easylingo.com\/cs\/eshop\/"},{"@type":"ListItem","position":3,"name":"Angli\u010dtina pro za\u010d\u00e1te\u010dn\u00edky A1+"}]},{"@type":"WebSite","@id":"https:\/\/easylingo.com\/cs\/#website","url":"https:\/\/easylingo.com\/cs\/","name":"EasyLingo","description":"Nau\u010dte se jazyky: snadn\u011bji, z\u00e1bavn\u011bji a odkudkoliv.","potentialAction":[{"@type":"SearchAction","target":{"@type":"EntryPoint","urlTemplate":"https:\/\/easylingo.com\/cs\/?s={search_term_string}"},"query-input":"required name=search_term_string"}],"inLanguage":"cs"}]}},"_links":{"self":[{"href":"https:\/\/easylingo.com\/cs\/wp-json\/wp\/v2\/product\/15119"}],"collection":[{"href":"https:\/\/easylingo.com\/cs\/wp-json\/wp\/v2\/product"}],"about":[{"href":"https:\/\/easylingo.com\/cs\/wp-json\/wp\/v2\/types\/product"}],"replies":[{"embeddable":true,"href":"https:\/\/easylingo.com\/cs\/wp-json\/wp\/v2\/comments?post=15119"}],"wp:featuredmedia":[{"embeddable":true,"href":"https:\/\/easylingo.com\/cs\/wp-json\/wp\/v2\/media\/15307"}],"wp:attachment":[{"href":"https:\/\/easylingo.com\/cs\/wp-json\/wp\/v2\/media?parent=15119"}],"wp:term":[{"taxonomy":"product_cat","embeddable":true,"href":"https:\/\/easylingo.com\/cs\/wp-json\/wp\/v2\/product_cat?post=15119"},{"taxonomy":"product_tag","embeddable":true,"href":"https:\/\/easylingo.com\/cs\/wp-json\/wp\/v2\/product_tag?post=15119"}],"curies":[{"name":"wp","href":"https:\/\/api.w.org\/{rel}","templated":true}]}}