{"id":15223,"date":"2021-01-09T10:49:38","date_gmt":"2021-01-09T09:49:38","guid":{"rendered":"https:\/\/easylingo.com\/cs\/?post_type=product&#038;p=15223"},"modified":"2022-02-08T11:22:12","modified_gmt":"2022-02-08T10:22:12","slug":"anglictina-pro-znale-zacatecniky-a2-plus","status":"publish","type":"product","link":"https:\/\/easylingo.com\/cs\/eshop\/anglictina-pro-znale-zacatecniky-a2-plus\/","title":{"rendered":"Angli\u010dtina pro znal\u00e9 za\u010d\u00e1te\u010dn\u00edky A2+"},"content":{"rendered":"<p>P\u0159ipravujete se na <strong>KET zkou\u0161ku<\/strong>, nebo byste se jen r\u00e1di nau\u010dili nov\u00e1 slov\u00ed\u010dka a\u00a0fr\u00e1ze, kter\u00e9 vyu\u017eijete u\u00a0l\u00e9ka\u0159e, na leti\u0161ti \u010di v\u00a0ciz\u00edm m\u011bst\u011b? V\u00a0obou p\u0159\u00edpadech je tento kurz pro v\u00e1s ten prav\u00fd! <strong>Kurz Angli\u010dtina pro znal\u00e9 za\u010d\u00e1te\u010dn\u00edky A2+ je zam\u011b\u0159en na praktick\u00e9 vyu\u017eit\u00ed jazyka<\/strong>. Nau\u010d\u00edte se vyj\u00e1d\u0159it budoucnost, roz\u0161\u00ed\u0159\u00edte sv\u00e9 znalosti mod\u00e1ln\u00edch sloves a\u00a0sezn\u00e1m\u00edte se s\u00a0p\u0159edp\u0159\u00edtomn\u00fdm \u010dasem prost\u00fdm. Jestli\u017ee se odhadnete nespr\u00e1vn\u011b a\u00a0n\u00e1pl\u0148 kurzu v\u00e1m nebude vyhovovat, m\u016f\u017eete si do 14 dn\u016f vybrat jin\u00fd kurz nebo po\u017e\u00e1dat o\u00a0vr\u00e1cen\u00ed pen\u011bz.<strong> Nic neriskujete<\/strong>, nev\u00e1hejte a\u00a0zkuste to.<\/p>\n","protected":false},"excerpt":{"rendered":"<p>P\u0159ipravujete se na KET zkou\u0161ku, nebo byste se jen r\u00e1di nau\u010dili nov\u00e1 slov\u00ed\u010dka a\u00a0fr\u00e1ze, kter\u00e9 vyu\u017eijete u\u00a0l\u00e9ka\u0159e, na leti\u0161ti \u010di v\u00a0ciz\u00edm m\u011bst\u011b? V\u00a0obou p\u0159\u00edpadech je tento kurz pro v\u00e1s ten prav\u00fd! Kurz Angli\u010dtina pro znal\u00e9 za\u010d\u00e1te\u010dn\u00edky A2+ je zam\u011b\u0159en na praktick\u00e9 vyu\u017eit\u00ed jazyka. Nau\u010d\u00edte se vyj\u00e1d\u0159it budoucnost, roz\u0161\u00ed\u0159\u00edte sv\u00e9 znalosti mod\u00e1ln\u00edch sloves a\u00a0sezn\u00e1m\u00edte se s\u00a0p\u0159edp\u0159\u00edtomn\u00fdm [&hellip;]<\/p>\n","protected":false},"featured_media":15309,"comment_status":"closed","ping_status":"closed","template":"","meta":{"_et_pb_use_builder":"on","_et_pb_old_content":"P\u0159ipravujete se na <strong>KET zkou\u0161ku<\/strong>, nebo byste se jen r\u00e1di nau\u010dili nov\u00e1 slov\u00ed\u010dka a\u00a0fr\u00e1ze, kter\u00e9 vyu\u017eijete u\u00a0l\u00e9ka\u0159e, na leti\u0161ti \u010di v\u00a0ciz\u00edm m\u011bst\u011b? V\u00a0obou p\u0159\u00edpadech je tento kurz pro v\u00e1s ten prav\u00fd! <strong>Kurz Angli\u010dtina pro znal\u00e9 za\u010d\u00e1te\u010dn\u00edky A2+ je zam\u011b\u0159en na praktick\u00e9 vyu\u017eit\u00ed jazyka<\/strong>. Nau\u010d\u00edte se vyj\u00e1d\u0159it budoucnost, roz\u0161\u00ed\u0159\u00edte sv\u00e9 znalosti mod\u00e1ln\u00edch sloves a\u00a0sezn\u00e1m\u00edte se s\u00a0p\u0159edp\u0159\u00edtomn\u00fdm \u010dasem prost\u00fdm. Jestli\u017ee se odhadnete nespr\u00e1vn\u011b a\u00a0n\u00e1pl\u0148 kurzu v\u00e1m nebude vyhovovat, m\u016f\u017eete si do 14 dn\u016f vybrat jin\u00fd kurz nebo po\u017e\u00e1dat o\u00a0vr\u00e1cen\u00ed pen\u011bz.<strong> Nic neriskujete<\/strong>, nev\u00e1hejte a\u00a0zkuste to.","_et_gb_content_width":"","inline_featured_image":false},"product_cat":[110,97,98,60,47,46],"product_tag":[],"yoast_head":"<!-- This site is optimized with the Yoast SEO plugin v21.5 - https:\/\/yoast.com\/wordpress\/plugins\/seo\/ -->\n<title>Angli\u010dtina pro znal\u00e9 za\u010d\u00e1te\u010dn\u00edky A2+ - EasyLingo<\/title>\n<meta name=\"robots\" content=\"index, follow, max-snippet:-1, max-image-preview:large, max-video-preview:-1\" \/>\n<link rel=\"canonical\" href=\"https:\/\/easylingo.com\/cs\/eshop\/anglictina-pro-znale-zacatecniky-a2-plus\/\" \/>\n<meta property=\"og:locale\" content=\"cs_CZ\" \/>\n<meta property=\"og:type\" content=\"article\" \/>\n<meta property=\"og:title\" content=\"Angli\u010dtina pro znal\u00e9 za\u010d\u00e1te\u010dn\u00edky A2+ - EasyLingo\" \/>\n<meta property=\"og:description\" content=\"P\u0159ipravujete se na KET zkou\u0161ku, nebo byste se jen r\u00e1di nau\u010dili nov\u00e1 slov\u00ed\u010dka a\u00a0fr\u00e1ze, kter\u00e9 vyu\u017eijete u\u00a0l\u00e9ka\u0159e, na leti\u0161ti \u010di v\u00a0ciz\u00edm m\u011bst\u011b? V\u00a0obou p\u0159\u00edpadech je tento kurz pro v\u00e1s ten prav\u00fd! Kurz Angli\u010dtina pro znal\u00e9 za\u010d\u00e1te\u010dn\u00edky A2+ je zam\u011b\u0159en na praktick\u00e9 vyu\u017eit\u00ed jazyka. Nau\u010d\u00edte se vyj\u00e1d\u0159it budoucnost, roz\u0161\u00ed\u0159\u00edte sv\u00e9 znalosti mod\u00e1ln\u00edch sloves a\u00a0sezn\u00e1m\u00edte se s\u00a0p\u0159edp\u0159\u00edtomn\u00fdm [&hellip;]\" \/>\n<meta property=\"og:url\" content=\"https:\/\/easylingo.com\/cs\/eshop\/anglictina-pro-znale-zacatecniky-a2-plus\/\" \/>\n<meta property=\"og:site_name\" content=\"EasyLingo\" \/>\n<meta property=\"article:publisher\" content=\"https:\/\/www.facebook.com\/onlinejazyky\/\" \/>\n<meta property=\"article:modified_time\" content=\"2022-02-08T10:22:12+00:00\" \/>\n<meta property=\"og:image\" content=\"https:\/\/easylingo.com\/cs\/wp-content\/uploads\/sites\/3\/2021\/01\/236-anglictina-pro-znale-zacatecniky-a2.png\" \/>\n\t<meta property=\"og:image:width\" content=\"700\" \/>\n\t<meta property=\"og:image:height\" content=\"600\" \/>\n\t<meta property=\"og:image:type\" content=\"image\/png\" \/>\n<meta name=\"twitter:card\" content=\"summary_large_image\" \/>\n<meta name=\"twitter:label1\" content=\"Odhadovan\u00e1 doba \u010dten\u00ed\" \/>\n\t<meta name=\"twitter:data1\" content=\"1 minuta\" \/>\n<script type=\"application\/ld+json\" class=\"yoast-schema-graph\">{\"@context\":\"https:\/\/schema.org\",\"@graph\":[{\"@type\":\"WebPage\",\"@id\":\"https:\/\/easylingo.com\/cs\/eshop\/anglictina-pro-znale-zacatecniky-a2-plus\/\",\"url\":\"https:\/\/easylingo.com\/cs\/eshop\/anglictina-pro-znale-zacatecniky-a2-plus\/\",\"name\":\"Angli\u010dtina pro znal\u00e9 za\u010d\u00e1te\u010dn\u00edky A2+ - EasyLingo\",\"isPartOf\":{\"@id\":\"https:\/\/easylingo.com\/cs\/#website\"},\"datePublished\":\"2021-01-09T09:49:38+00:00\",\"dateModified\":\"2022-02-08T10:22:12+00:00\",\"breadcrumb\":{\"@id\":\"https:\/\/easylingo.com\/cs\/eshop\/anglictina-pro-znale-zacatecniky-a2-plus\/#breadcrumb\"},\"inLanguage\":\"cs\",\"potentialAction\":[{\"@type\":\"ReadAction\",\"target\":[\"https:\/\/easylingo.com\/cs\/eshop\/anglictina-pro-znale-zacatecniky-a2-plus\/\"]}]},{\"@type\":\"BreadcrumbList\",\"@id\":\"https:\/\/easylingo.com\/cs\/eshop\/anglictina-pro-znale-zacatecniky-a2-plus\/#breadcrumb\",\"itemListElement\":[{\"@type\":\"ListItem\",\"position\":1,\"name\":\"Home\",\"item\":\"https:\/\/easylingo.com\/cs\/\"},{\"@type\":\"ListItem\",\"position\":2,\"name\":\"E-shop\",\"item\":\"https:\/\/easylingo.com\/cs\/eshop\/\"},{\"@type\":\"ListItem\",\"position\":3,\"name\":\"Angli\u010dtina pro znal\u00e9 za\u010d\u00e1te\u010dn\u00edky A2+\"}]},{\"@type\":\"WebSite\",\"@id\":\"https:\/\/easylingo.com\/cs\/#website\",\"url\":\"https:\/\/easylingo.com\/cs\/\",\"name\":\"EasyLingo\",\"description\":\"Nau\u010dte se jazyky: snadn\u011bji, z\u00e1bavn\u011bji a odkudkoliv.\",\"potentialAction\":[{\"@type\":\"SearchAction\",\"target\":{\"@type\":\"EntryPoint\",\"urlTemplate\":\"https:\/\/easylingo.com\/cs\/?s={search_term_string}\"},\"query-input\":\"required name=search_term_string\"}],\"inLanguage\":\"cs\"}]}<\/script>\n<!-- \/ Yoast SEO plugin. -->","yoast_head_json":{"title":"Angli\u010dtina pro znal\u00e9 za\u010d\u00e1te\u010dn\u00edky A2+ - EasyLingo","robots":{"index":"index","follow":"follow","max-snippet":"max-snippet:-1","max-image-preview":"max-image-preview:large","max-video-preview":"max-video-preview:-1"},"canonical":"https:\/\/easylingo.com\/cs\/eshop\/anglictina-pro-znale-zacatecniky-a2-plus\/","og_locale":"cs_CZ","og_type":"article","og_title":"Angli\u010dtina pro znal\u00e9 za\u010d\u00e1te\u010dn\u00edky A2+ - EasyLingo","og_description":"P\u0159ipravujete se na KET zkou\u0161ku, nebo byste se jen r\u00e1di nau\u010dili nov\u00e1 slov\u00ed\u010dka a\u00a0fr\u00e1ze, kter\u00e9 vyu\u017eijete u\u00a0l\u00e9ka\u0159e, na leti\u0161ti \u010di v\u00a0ciz\u00edm m\u011bst\u011b? V\u00a0obou p\u0159\u00edpadech je tento kurz pro v\u00e1s ten prav\u00fd! Kurz Angli\u010dtina pro znal\u00e9 za\u010d\u00e1te\u010dn\u00edky A2+ je zam\u011b\u0159en na praktick\u00e9 vyu\u017eit\u00ed jazyka. Nau\u010d\u00edte se vyj\u00e1d\u0159it budoucnost, roz\u0161\u00ed\u0159\u00edte sv\u00e9 znalosti mod\u00e1ln\u00edch sloves a\u00a0sezn\u00e1m\u00edte se s\u00a0p\u0159edp\u0159\u00edtomn\u00fdm [&hellip;]","og_url":"https:\/\/easylingo.com\/cs\/eshop\/anglictina-pro-znale-zacatecniky-a2-plus\/","og_site_name":"EasyLingo","article_publisher":"https:\/\/www.facebook.com\/onlinejazyky\/","article_modified_time":"2022-02-08T10:22:12+00:00","og_image":[{"width":700,"height":600,"url":"https:\/\/easylingo.com\/cs\/wp-content\/uploads\/sites\/3\/2021\/01\/236-anglictina-pro-znale-zacatecniky-a2.png","type":"image\/png"}],"twitter_card":"summary_large_image","twitter_misc":{"Odhadovan\u00e1 doba \u010dten\u00ed":"1 minuta"},"schema":{"@context":"https:\/\/schema.org","@graph":[{"@type":"WebPage","@id":"https:\/\/easylingo.com\/cs\/eshop\/anglictina-pro-znale-zacatecniky-a2-plus\/","url":"https:\/\/easylingo.com\/cs\/eshop\/anglictina-pro-znale-zacatecniky-a2-plus\/","name":"Angli\u010dtina pro znal\u00e9 za\u010d\u00e1te\u010dn\u00edky A2+ - EasyLingo","isPartOf":{"@id":"https:\/\/easylingo.com\/cs\/#website"},"datePublished":"2021-01-09T09:49:38+00:00","dateModified":"2022-02-08T10:22:12+00:00","breadcrumb":{"@id":"https:\/\/easylingo.com\/cs\/eshop\/anglictina-pro-znale-zacatecniky-a2-plus\/#breadcrumb"},"inLanguage":"cs","potentialAction":[{"@type":"ReadAction","target":["https:\/\/easylingo.com\/cs\/eshop\/anglictina-pro-znale-zacatecniky-a2-plus\/"]}]},{"@type":"BreadcrumbList","@id":"https:\/\/easylingo.com\/cs\/eshop\/anglictina-pro-znale-zacatecniky-a2-plus\/#breadcrumb","itemListElement":[{"@type":"ListItem","position":1,"name":"Home","item":"https:\/\/easylingo.com\/cs\/"},{"@type":"ListItem","position":2,"name":"E-shop","item":"https:\/\/easylingo.com\/cs\/eshop\/"},{"@type":"ListItem","position":3,"name":"Angli\u010dtina pro znal\u00e9 za\u010d\u00e1te\u010dn\u00edky A2+"}]},{"@type":"WebSite","@id":"https:\/\/easylingo.com\/cs\/#website","url":"https:\/\/easylingo.com\/cs\/","name":"EasyLingo","description":"Nau\u010dte se jazyky: snadn\u011bji, z\u00e1bavn\u011bji a odkudkoliv.","potentialAction":[{"@type":"SearchAction","target":{"@type":"EntryPoint","urlTemplate":"https:\/\/easylingo.com\/cs\/?s={search_term_string}"},"query-input":"required name=search_term_string"}],"inLanguage":"cs"}]}},"_links":{"self":[{"href":"https:\/\/easylingo.com\/cs\/wp-json\/wp\/v2\/product\/15223"}],"collection":[{"href":"https:\/\/easylingo.com\/cs\/wp-json\/wp\/v2\/product"}],"about":[{"href":"https:\/\/easylingo.com\/cs\/wp-json\/wp\/v2\/types\/product"}],"replies":[{"embeddable":true,"href":"https:\/\/easylingo.com\/cs\/wp-json\/wp\/v2\/comments?post=15223"}],"wp:featuredmedia":[{"embeddable":true,"href":"https:\/\/easylingo.com\/cs\/wp-json\/wp\/v2\/media\/15309"}],"wp:attachment":[{"href":"https:\/\/easylingo.com\/cs\/wp-json\/wp\/v2\/media?parent=15223"}],"wp:term":[{"taxonomy":"product_cat","embeddable":true,"href":"https:\/\/easylingo.com\/cs\/wp-json\/wp\/v2\/product_cat?post=15223"},{"taxonomy":"product_tag","embeddable":true,"href":"https:\/\/easylingo.com\/cs\/wp-json\/wp\/v2\/product_tag?post=15223"}],"curies":[{"name":"wp","href":"https:\/\/api.w.org\/{rel}","templated":true}]}}