{"id":15224,"date":"2021-01-09T10:52:33","date_gmt":"2021-01-09T09:52:33","guid":{"rendered":"https:\/\/easylingo.com\/cs\/?post_type=product&#038;p=15224"},"modified":"2025-08-12T08:39:57","modified_gmt":"2025-08-12T07:39:57","slug":"anglictina-pro-mirne-pokrocile-b1-minus","status":"publish","type":"product","link":"https:\/\/easylingo.com\/cs\/eshop\/anglictina-pro-mirne-pokrocile-b1-minus\/","title":{"rendered":"Angli\u010dtina pro m\u00edrn\u011b pokro\u010dil\u00e9 B1-"},"content":{"rendered":"<p>Z\u00e1klady um\u00edte, ale kdy\u017e m\u00e1te souvisle komunikovat chyb\u00ed v\u00e1m slov\u00ed\u010dka a\u00a0nejste si jisti gramatikou? Dopl\u0148ujte si mozaiku toho, co um\u00edte. Pracujte na zdokonalov\u00e1n\u00ed sv\u00fdch znalost\u00ed a\u00a0dostane se v\u00e1m\u00a0<strong>schopnosti plynn\u011b konverzovat<\/strong> bez z\u00e1kladn\u00edch gramatick\u00fdch chyb.\u00a0Jestli\u017ee se odhadnete nespr\u00e1vn\u011b a\u00a0n\u00e1pl\u0148 kurzu v\u00e1m nebude vyhovovat, m\u016f\u017eete si do 14 dn\u016f vybrat jin\u00fd kurz nebo po\u017e\u00e1dat o\u00a0vr\u00e1cen\u00ed pen\u011bz. <strong>Nic neriskujete<\/strong>, nev\u00e1hejte a\u00a0zkuste to.<\/p>\n","protected":false},"excerpt":{"rendered":"<p>Z\u00e1klady um\u00edte, ale kdy\u017e m\u00e1te souvisle komunikovat chyb\u00ed v\u00e1m slov\u00ed\u010dka a\u00a0nejste si jisti gramatikou? Dopl\u0148ujte si mozaiku toho, co um\u00edte. Pracujte na zdokonalov\u00e1n\u00ed sv\u00fdch znalost\u00ed a\u00a0dostane se v\u00e1m\u00a0schopnosti plynn\u011b konverzovat bez z\u00e1kladn\u00edch gramatick\u00fdch chyb.\u00a0Jestli\u017ee se odhadnete nespr\u00e1vn\u011b a\u00a0n\u00e1pl\u0148 kurzu v\u00e1m nebude vyhovovat, m\u016f\u017eete si do 14 dn\u016f vybrat jin\u00fd kurz nebo po\u017e\u00e1dat o\u00a0vr\u00e1cen\u00ed pen\u011bz. Nic [&hellip;]<\/p>\n","protected":false},"featured_media":15310,"comment_status":"closed","ping_status":"closed","template":"","meta":{"_et_pb_use_builder":"","_et_pb_old_content":"","_et_gb_content_width":"","inline_featured_image":false},"product_cat":[110,97,99,109,112,60,47,46],"product_tag":[],"yoast_head":"<!-- This site is optimized with the Yoast SEO plugin v21.5 - https:\/\/yoast.com\/wordpress\/plugins\/seo\/ -->\n<title>Angli\u010dtina pro m\u00edrn\u011b pokro\u010dil\u00e9 B1- EasyLingo<\/title>\n<meta name=\"robots\" content=\"index, follow, max-snippet:-1, max-image-preview:large, max-video-preview:-1\" \/>\n<link rel=\"canonical\" href=\"https:\/\/easylingo.com\/cs\/eshop\/anglictina-pro-mirne-pokrocile-b1-minus\/\" \/>\n<meta property=\"og:locale\" content=\"cs_CZ\" \/>\n<meta property=\"og:type\" content=\"article\" \/>\n<meta property=\"og:title\" content=\"Angli\u010dtina pro m\u00edrn\u011b pokro\u010dil\u00e9 B1- EasyLingo\" \/>\n<meta property=\"og:description\" content=\"Z\u00e1klady um\u00edte, ale kdy\u017e m\u00e1te souvisle komunikovat chyb\u00ed v\u00e1m slov\u00ed\u010dka a\u00a0nejste si jisti gramatikou? Dopl\u0148ujte si mozaiku toho, co um\u00edte. Pracujte na zdokonalov\u00e1n\u00ed sv\u00fdch znalost\u00ed a\u00a0dostane se v\u00e1m\u00a0schopnosti plynn\u011b konverzovat bez z\u00e1kladn\u00edch gramatick\u00fdch chyb.\u00a0Jestli\u017ee se odhadnete nespr\u00e1vn\u011b a\u00a0n\u00e1pl\u0148 kurzu v\u00e1m nebude vyhovovat, m\u016f\u017eete si do 14 dn\u016f vybrat jin\u00fd kurz nebo po\u017e\u00e1dat o\u00a0vr\u00e1cen\u00ed pen\u011bz. Nic [&hellip;]\" \/>\n<meta property=\"og:url\" content=\"https:\/\/easylingo.com\/cs\/eshop\/anglictina-pro-mirne-pokrocile-b1-minus\/\" \/>\n<meta property=\"og:site_name\" content=\"EasyLingo\" \/>\n<meta property=\"article:publisher\" content=\"https:\/\/www.facebook.com\/onlinejazyky\/\" \/>\n<meta property=\"article:modified_time\" content=\"2025-08-12T07:39:57+00:00\" \/>\n<meta property=\"og:image\" content=\"https:\/\/easylingo.com\/cs\/wp-content\/uploads\/sites\/3\/2021\/01\/237-anglictina-pro-mirne-pokrocile-b1.png\" \/>\n\t<meta property=\"og:image:width\" content=\"700\" \/>\n\t<meta property=\"og:image:height\" content=\"600\" \/>\n\t<meta property=\"og:image:type\" content=\"image\/png\" \/>\n<meta name=\"twitter:card\" content=\"summary_large_image\" \/>\n<meta name=\"twitter:label1\" content=\"Odhadovan\u00e1 doba \u010dten\u00ed\" \/>\n\t<meta name=\"twitter:data1\" content=\"1 minuta\" \/>\n<script type=\"application\/ld+json\" class=\"yoast-schema-graph\">{\"@context\":\"https:\/\/schema.org\",\"@graph\":[{\"@type\":\"WebPage\",\"@id\":\"https:\/\/easylingo.com\/cs\/eshop\/anglictina-pro-mirne-pokrocile-b1-minus\/\",\"url\":\"https:\/\/easylingo.com\/cs\/eshop\/anglictina-pro-mirne-pokrocile-b1-minus\/\",\"name\":\"Angli\u010dtina pro m\u00edrn\u011b pokro\u010dil\u00e9 B1- EasyLingo\",\"isPartOf\":{\"@id\":\"https:\/\/easylingo.com\/cs\/#website\"},\"datePublished\":\"2021-01-09T09:52:33+00:00\",\"dateModified\":\"2025-08-12T07:39:57+00:00\",\"breadcrumb\":{\"@id\":\"https:\/\/easylingo.com\/cs\/eshop\/anglictina-pro-mirne-pokrocile-b1-minus\/#breadcrumb\"},\"inLanguage\":\"cs\",\"potentialAction\":[{\"@type\":\"ReadAction\",\"target\":[\"https:\/\/easylingo.com\/cs\/eshop\/anglictina-pro-mirne-pokrocile-b1-minus\/\"]}]},{\"@type\":\"BreadcrumbList\",\"@id\":\"https:\/\/easylingo.com\/cs\/eshop\/anglictina-pro-mirne-pokrocile-b1-minus\/#breadcrumb\",\"itemListElement\":[{\"@type\":\"ListItem\",\"position\":1,\"name\":\"Home\",\"item\":\"https:\/\/easylingo.com\/cs\/\"},{\"@type\":\"ListItem\",\"position\":2,\"name\":\"E-shop\",\"item\":\"https:\/\/easylingo.com\/cs\/eshop\/\"},{\"@type\":\"ListItem\",\"position\":3,\"name\":\"Angli\u010dtina pro m\u00edrn\u011b pokro\u010dil\u00e9 B1-\"}]},{\"@type\":\"WebSite\",\"@id\":\"https:\/\/easylingo.com\/cs\/#website\",\"url\":\"https:\/\/easylingo.com\/cs\/\",\"name\":\"EasyLingo\",\"description\":\"Nau\u010dte se jazyky: snadn\u011bji, z\u00e1bavn\u011bji a odkudkoliv.\",\"potentialAction\":[{\"@type\":\"SearchAction\",\"target\":{\"@type\":\"EntryPoint\",\"urlTemplate\":\"https:\/\/easylingo.com\/cs\/?s={search_term_string}\"},\"query-input\":\"required name=search_term_string\"}],\"inLanguage\":\"cs\"}]}<\/script>\n<!-- \/ Yoast SEO plugin. -->","yoast_head_json":{"title":"Angli\u010dtina pro m\u00edrn\u011b pokro\u010dil\u00e9 B1- EasyLingo","robots":{"index":"index","follow":"follow","max-snippet":"max-snippet:-1","max-image-preview":"max-image-preview:large","max-video-preview":"max-video-preview:-1"},"canonical":"https:\/\/easylingo.com\/cs\/eshop\/anglictina-pro-mirne-pokrocile-b1-minus\/","og_locale":"cs_CZ","og_type":"article","og_title":"Angli\u010dtina pro m\u00edrn\u011b pokro\u010dil\u00e9 B1- EasyLingo","og_description":"Z\u00e1klady um\u00edte, ale kdy\u017e m\u00e1te souvisle komunikovat chyb\u00ed v\u00e1m slov\u00ed\u010dka a\u00a0nejste si jisti gramatikou? Dopl\u0148ujte si mozaiku toho, co um\u00edte. Pracujte na zdokonalov\u00e1n\u00ed sv\u00fdch znalost\u00ed a\u00a0dostane se v\u00e1m\u00a0schopnosti plynn\u011b konverzovat bez z\u00e1kladn\u00edch gramatick\u00fdch chyb.\u00a0Jestli\u017ee se odhadnete nespr\u00e1vn\u011b a\u00a0n\u00e1pl\u0148 kurzu v\u00e1m nebude vyhovovat, m\u016f\u017eete si do 14 dn\u016f vybrat jin\u00fd kurz nebo po\u017e\u00e1dat o\u00a0vr\u00e1cen\u00ed pen\u011bz. Nic [&hellip;]","og_url":"https:\/\/easylingo.com\/cs\/eshop\/anglictina-pro-mirne-pokrocile-b1-minus\/","og_site_name":"EasyLingo","article_publisher":"https:\/\/www.facebook.com\/onlinejazyky\/","article_modified_time":"2025-08-12T07:39:57+00:00","og_image":[{"width":700,"height":600,"url":"https:\/\/easylingo.com\/cs\/wp-content\/uploads\/sites\/3\/2021\/01\/237-anglictina-pro-mirne-pokrocile-b1.png","type":"image\/png"}],"twitter_card":"summary_large_image","twitter_misc":{"Odhadovan\u00e1 doba \u010dten\u00ed":"1 minuta"},"schema":{"@context":"https:\/\/schema.org","@graph":[{"@type":"WebPage","@id":"https:\/\/easylingo.com\/cs\/eshop\/anglictina-pro-mirne-pokrocile-b1-minus\/","url":"https:\/\/easylingo.com\/cs\/eshop\/anglictina-pro-mirne-pokrocile-b1-minus\/","name":"Angli\u010dtina pro m\u00edrn\u011b pokro\u010dil\u00e9 B1- EasyLingo","isPartOf":{"@id":"https:\/\/easylingo.com\/cs\/#website"},"datePublished":"2021-01-09T09:52:33+00:00","dateModified":"2025-08-12T07:39:57+00:00","breadcrumb":{"@id":"https:\/\/easylingo.com\/cs\/eshop\/anglictina-pro-mirne-pokrocile-b1-minus\/#breadcrumb"},"inLanguage":"cs","potentialAction":[{"@type":"ReadAction","target":["https:\/\/easylingo.com\/cs\/eshop\/anglictina-pro-mirne-pokrocile-b1-minus\/"]}]},{"@type":"BreadcrumbList","@id":"https:\/\/easylingo.com\/cs\/eshop\/anglictina-pro-mirne-pokrocile-b1-minus\/#breadcrumb","itemListElement":[{"@type":"ListItem","position":1,"name":"Home","item":"https:\/\/easylingo.com\/cs\/"},{"@type":"ListItem","position":2,"name":"E-shop","item":"https:\/\/easylingo.com\/cs\/eshop\/"},{"@type":"ListItem","position":3,"name":"Angli\u010dtina pro m\u00edrn\u011b pokro\u010dil\u00e9 B1-"}]},{"@type":"WebSite","@id":"https:\/\/easylingo.com\/cs\/#website","url":"https:\/\/easylingo.com\/cs\/","name":"EasyLingo","description":"Nau\u010dte se jazyky: snadn\u011bji, z\u00e1bavn\u011bji a odkudkoliv.","potentialAction":[{"@type":"SearchAction","target":{"@type":"EntryPoint","urlTemplate":"https:\/\/easylingo.com\/cs\/?s={search_term_string}"},"query-input":"required name=search_term_string"}],"inLanguage":"cs"}]}},"_links":{"self":[{"href":"https:\/\/easylingo.com\/cs\/wp-json\/wp\/v2\/product\/15224"}],"collection":[{"href":"https:\/\/easylingo.com\/cs\/wp-json\/wp\/v2\/product"}],"about":[{"href":"https:\/\/easylingo.com\/cs\/wp-json\/wp\/v2\/types\/product"}],"replies":[{"embeddable":true,"href":"https:\/\/easylingo.com\/cs\/wp-json\/wp\/v2\/comments?post=15224"}],"wp:featuredmedia":[{"embeddable":true,"href":"https:\/\/easylingo.com\/cs\/wp-json\/wp\/v2\/media\/15310"}],"wp:attachment":[{"href":"https:\/\/easylingo.com\/cs\/wp-json\/wp\/v2\/media?parent=15224"}],"wp:term":[{"taxonomy":"product_cat","embeddable":true,"href":"https:\/\/easylingo.com\/cs\/wp-json\/wp\/v2\/product_cat?post=15224"},{"taxonomy":"product_tag","embeddable":true,"href":"https:\/\/easylingo.com\/cs\/wp-json\/wp\/v2\/product_tag?post=15224"}],"curies":[{"name":"wp","href":"https:\/\/api.w.org\/{rel}","templated":true}]}}