{"id":15225,"date":"2021-01-09T10:53:30","date_gmt":"2021-01-09T09:53:30","guid":{"rendered":"https:\/\/easylingo.com\/cs\/?post_type=product&#038;p=15225"},"modified":"2022-02-24T12:14:56","modified_gmt":"2022-02-24T11:14:56","slug":"anglictina-pro-mirne-pokrocile-b1-plus","status":"publish","type":"product","link":"https:\/\/easylingo.com\/cs\/eshop\/anglictina-pro-mirne-pokrocile-b1-plus\/","title":{"rendered":"Angli\u010dtina pro m\u00edrn\u011b pokro\u010dil\u00e9 B1+"},"content":{"rendered":"<p>Poj\u010fte se s\u00a0n\u00e1mi ujistit, \u017ee dok\u00e1\u017eete plynule mluvit o\u00a0sob\u011b i\u00a0lidech a\u00a0situac\u00edch kolem v\u00e1s. Osvoj\u00edte si slov\u00ed\u010dka z\u00a0r\u016fzn\u00fdch tematick\u00fdch oblast\u00ed. Po absolvov\u00e1n\u00ed tohoto kurzu <strong>se m\u016f\u017eete<\/strong>\u00a0<strong>bez obav pustit do dialogu b\u011b\u017en\u00e9 konverzace<\/strong>.\u00a0Budete rozum\u011bt a\u00a0dok\u00e1\u017eete reagovat d\u016fstojnou slovn\u00ed z\u00e1sobou. Jestli\u017ee se odhadnete nespr\u00e1vn\u011b a\u00a0n\u00e1pl\u0148 kurzu v\u00e1m nebude vyhovovat, m\u016f\u017eete si do 14 dn\u016f vybrat jin\u00fd kurz nebo po\u017e\u00e1dat o\u00a0vr\u00e1cen\u00ed pen\u011bz. <strong>Nic neriskujete<\/strong>, nev\u00e1hejte a\u00a0zkuste to.<\/p>\n","protected":false},"excerpt":{"rendered":"<p>Poj\u010fte se s\u00a0n\u00e1mi ujistit, \u017ee dok\u00e1\u017eete plynule mluvit o\u00a0sob\u011b i\u00a0lidech a\u00a0situac\u00edch kolem v\u00e1s. Osvoj\u00edte si slov\u00ed\u010dka z\u00a0r\u016fzn\u00fdch tematick\u00fdch oblast\u00ed. Po absolvov\u00e1n\u00ed tohoto kurzu se m\u016f\u017eete\u00a0bez obav pustit do dialogu b\u011b\u017en\u00e9 konverzace.\u00a0Budete rozum\u011bt a\u00a0dok\u00e1\u017eete reagovat d\u016fstojnou slovn\u00ed z\u00e1sobou. Jestli\u017ee se odhadnete nespr\u00e1vn\u011b a\u00a0n\u00e1pl\u0148 kurzu v\u00e1m nebude vyhovovat, m\u016f\u017eete si do 14 dn\u016f vybrat jin\u00fd kurz nebo [&hellip;]<\/p>\n","protected":false},"featured_media":15312,"comment_status":"closed","ping_status":"closed","template":"","meta":{"_et_pb_use_builder":"","_et_pb_old_content":"","_et_gb_content_width":"","inline_featured_image":false},"product_cat":[110,97,99,109,112,60,47,46],"product_tag":[],"yoast_head":"<!-- This site is optimized with the Yoast SEO plugin v21.5 - https:\/\/yoast.com\/wordpress\/plugins\/seo\/ -->\n<title>Angli\u010dtina pro m\u00edrn\u011b pokro\u010dil\u00e9 B1+ - EasyLingo<\/title>\n<meta name=\"robots\" content=\"index, follow, max-snippet:-1, max-image-preview:large, max-video-preview:-1\" \/>\n<link rel=\"canonical\" href=\"https:\/\/easylingo.com\/cs\/eshop\/anglictina-pro-mirne-pokrocile-b1-plus\/\" \/>\n<meta property=\"og:locale\" content=\"cs_CZ\" \/>\n<meta property=\"og:type\" content=\"article\" \/>\n<meta property=\"og:title\" content=\"Angli\u010dtina pro m\u00edrn\u011b pokro\u010dil\u00e9 B1+ - EasyLingo\" \/>\n<meta property=\"og:description\" content=\"Poj\u010fte se s\u00a0n\u00e1mi ujistit, \u017ee dok\u00e1\u017eete plynule mluvit o\u00a0sob\u011b i\u00a0lidech a\u00a0situac\u00edch kolem v\u00e1s. Osvoj\u00edte si slov\u00ed\u010dka z\u00a0r\u016fzn\u00fdch tematick\u00fdch oblast\u00ed. Po absolvov\u00e1n\u00ed tohoto kurzu se m\u016f\u017eete\u00a0bez obav pustit do dialogu b\u011b\u017en\u00e9 konverzace.\u00a0Budete rozum\u011bt a\u00a0dok\u00e1\u017eete reagovat d\u016fstojnou slovn\u00ed z\u00e1sobou. Jestli\u017ee se odhadnete nespr\u00e1vn\u011b a\u00a0n\u00e1pl\u0148 kurzu v\u00e1m nebude vyhovovat, m\u016f\u017eete si do 14 dn\u016f vybrat jin\u00fd kurz nebo [&hellip;]\" \/>\n<meta property=\"og:url\" content=\"https:\/\/easylingo.com\/cs\/eshop\/anglictina-pro-mirne-pokrocile-b1-plus\/\" \/>\n<meta property=\"og:site_name\" content=\"EasyLingo\" \/>\n<meta property=\"article:publisher\" content=\"https:\/\/www.facebook.com\/onlinejazyky\/\" \/>\n<meta property=\"article:modified_time\" content=\"2022-02-24T11:14:56+00:00\" \/>\n<meta property=\"og:image\" content=\"https:\/\/easylingo.com\/cs\/wp-content\/uploads\/sites\/3\/2021\/01\/238-anglictina-pro-mirne-pokrocile-b1.png\" \/>\n\t<meta property=\"og:image:width\" content=\"700\" \/>\n\t<meta property=\"og:image:height\" content=\"600\" \/>\n\t<meta property=\"og:image:type\" content=\"image\/png\" \/>\n<meta name=\"twitter:card\" content=\"summary_large_image\" \/>\n<script type=\"application\/ld+json\" class=\"yoast-schema-graph\">{\"@context\":\"https:\/\/schema.org\",\"@graph\":[{\"@type\":\"WebPage\",\"@id\":\"https:\/\/easylingo.com\/cs\/eshop\/anglictina-pro-mirne-pokrocile-b1-plus\/\",\"url\":\"https:\/\/easylingo.com\/cs\/eshop\/anglictina-pro-mirne-pokrocile-b1-plus\/\",\"name\":\"Angli\u010dtina pro m\u00edrn\u011b pokro\u010dil\u00e9 B1+ - EasyLingo\",\"isPartOf\":{\"@id\":\"https:\/\/easylingo.com\/cs\/#website\"},\"datePublished\":\"2021-01-09T09:53:30+00:00\",\"dateModified\":\"2022-02-24T11:14:56+00:00\",\"breadcrumb\":{\"@id\":\"https:\/\/easylingo.com\/cs\/eshop\/anglictina-pro-mirne-pokrocile-b1-plus\/#breadcrumb\"},\"inLanguage\":\"cs\",\"potentialAction\":[{\"@type\":\"ReadAction\",\"target\":[\"https:\/\/easylingo.com\/cs\/eshop\/anglictina-pro-mirne-pokrocile-b1-plus\/\"]}]},{\"@type\":\"BreadcrumbList\",\"@id\":\"https:\/\/easylingo.com\/cs\/eshop\/anglictina-pro-mirne-pokrocile-b1-plus\/#breadcrumb\",\"itemListElement\":[{\"@type\":\"ListItem\",\"position\":1,\"name\":\"Home\",\"item\":\"https:\/\/easylingo.com\/cs\/\"},{\"@type\":\"ListItem\",\"position\":2,\"name\":\"E-shop\",\"item\":\"https:\/\/easylingo.com\/cs\/eshop\/\"},{\"@type\":\"ListItem\",\"position\":3,\"name\":\"Angli\u010dtina pro m\u00edrn\u011b pokro\u010dil\u00e9 B1+\"}]},{\"@type\":\"WebSite\",\"@id\":\"https:\/\/easylingo.com\/cs\/#website\",\"url\":\"https:\/\/easylingo.com\/cs\/\",\"name\":\"EasyLingo\",\"description\":\"Nau\u010dte se jazyky: snadn\u011bji, z\u00e1bavn\u011bji a odkudkoliv.\",\"potentialAction\":[{\"@type\":\"SearchAction\",\"target\":{\"@type\":\"EntryPoint\",\"urlTemplate\":\"https:\/\/easylingo.com\/cs\/?s={search_term_string}\"},\"query-input\":\"required name=search_term_string\"}],\"inLanguage\":\"cs\"}]}<\/script>\n<!-- \/ Yoast SEO plugin. -->","yoast_head_json":{"title":"Angli\u010dtina pro m\u00edrn\u011b pokro\u010dil\u00e9 B1+ - EasyLingo","robots":{"index":"index","follow":"follow","max-snippet":"max-snippet:-1","max-image-preview":"max-image-preview:large","max-video-preview":"max-video-preview:-1"},"canonical":"https:\/\/easylingo.com\/cs\/eshop\/anglictina-pro-mirne-pokrocile-b1-plus\/","og_locale":"cs_CZ","og_type":"article","og_title":"Angli\u010dtina pro m\u00edrn\u011b pokro\u010dil\u00e9 B1+ - EasyLingo","og_description":"Poj\u010fte se s\u00a0n\u00e1mi ujistit, \u017ee dok\u00e1\u017eete plynule mluvit o\u00a0sob\u011b i\u00a0lidech a\u00a0situac\u00edch kolem v\u00e1s. Osvoj\u00edte si slov\u00ed\u010dka z\u00a0r\u016fzn\u00fdch tematick\u00fdch oblast\u00ed. Po absolvov\u00e1n\u00ed tohoto kurzu se m\u016f\u017eete\u00a0bez obav pustit do dialogu b\u011b\u017en\u00e9 konverzace.\u00a0Budete rozum\u011bt a\u00a0dok\u00e1\u017eete reagovat d\u016fstojnou slovn\u00ed z\u00e1sobou. Jestli\u017ee se odhadnete nespr\u00e1vn\u011b a\u00a0n\u00e1pl\u0148 kurzu v\u00e1m nebude vyhovovat, m\u016f\u017eete si do 14 dn\u016f vybrat jin\u00fd kurz nebo [&hellip;]","og_url":"https:\/\/easylingo.com\/cs\/eshop\/anglictina-pro-mirne-pokrocile-b1-plus\/","og_site_name":"EasyLingo","article_publisher":"https:\/\/www.facebook.com\/onlinejazyky\/","article_modified_time":"2022-02-24T11:14:56+00:00","og_image":[{"width":700,"height":600,"url":"https:\/\/easylingo.com\/cs\/wp-content\/uploads\/sites\/3\/2021\/01\/238-anglictina-pro-mirne-pokrocile-b1.png","type":"image\/png"}],"twitter_card":"summary_large_image","schema":{"@context":"https:\/\/schema.org","@graph":[{"@type":"WebPage","@id":"https:\/\/easylingo.com\/cs\/eshop\/anglictina-pro-mirne-pokrocile-b1-plus\/","url":"https:\/\/easylingo.com\/cs\/eshop\/anglictina-pro-mirne-pokrocile-b1-plus\/","name":"Angli\u010dtina pro m\u00edrn\u011b pokro\u010dil\u00e9 B1+ - EasyLingo","isPartOf":{"@id":"https:\/\/easylingo.com\/cs\/#website"},"datePublished":"2021-01-09T09:53:30+00:00","dateModified":"2022-02-24T11:14:56+00:00","breadcrumb":{"@id":"https:\/\/easylingo.com\/cs\/eshop\/anglictina-pro-mirne-pokrocile-b1-plus\/#breadcrumb"},"inLanguage":"cs","potentialAction":[{"@type":"ReadAction","target":["https:\/\/easylingo.com\/cs\/eshop\/anglictina-pro-mirne-pokrocile-b1-plus\/"]}]},{"@type":"BreadcrumbList","@id":"https:\/\/easylingo.com\/cs\/eshop\/anglictina-pro-mirne-pokrocile-b1-plus\/#breadcrumb","itemListElement":[{"@type":"ListItem","position":1,"name":"Home","item":"https:\/\/easylingo.com\/cs\/"},{"@type":"ListItem","position":2,"name":"E-shop","item":"https:\/\/easylingo.com\/cs\/eshop\/"},{"@type":"ListItem","position":3,"name":"Angli\u010dtina pro m\u00edrn\u011b pokro\u010dil\u00e9 B1+"}]},{"@type":"WebSite","@id":"https:\/\/easylingo.com\/cs\/#website","url":"https:\/\/easylingo.com\/cs\/","name":"EasyLingo","description":"Nau\u010dte se jazyky: snadn\u011bji, z\u00e1bavn\u011bji a odkudkoliv.","potentialAction":[{"@type":"SearchAction","target":{"@type":"EntryPoint","urlTemplate":"https:\/\/easylingo.com\/cs\/?s={search_term_string}"},"query-input":"required name=search_term_string"}],"inLanguage":"cs"}]}},"_links":{"self":[{"href":"https:\/\/easylingo.com\/cs\/wp-json\/wp\/v2\/product\/15225"}],"collection":[{"href":"https:\/\/easylingo.com\/cs\/wp-json\/wp\/v2\/product"}],"about":[{"href":"https:\/\/easylingo.com\/cs\/wp-json\/wp\/v2\/types\/product"}],"replies":[{"embeddable":true,"href":"https:\/\/easylingo.com\/cs\/wp-json\/wp\/v2\/comments?post=15225"}],"wp:featuredmedia":[{"embeddable":true,"href":"https:\/\/easylingo.com\/cs\/wp-json\/wp\/v2\/media\/15312"}],"wp:attachment":[{"href":"https:\/\/easylingo.com\/cs\/wp-json\/wp\/v2\/media?parent=15225"}],"wp:term":[{"taxonomy":"product_cat","embeddable":true,"href":"https:\/\/easylingo.com\/cs\/wp-json\/wp\/v2\/product_cat?post=15225"},{"taxonomy":"product_tag","embeddable":true,"href":"https:\/\/easylingo.com\/cs\/wp-json\/wp\/v2\/product_tag?post=15225"}],"curies":[{"name":"wp","href":"https:\/\/api.w.org\/{rel}","templated":true}]}}