{"id":15226,"date":"2021-01-09T10:55:15","date_gmt":"2021-01-09T09:55:15","guid":{"rendered":"https:\/\/easylingo.com\/cs\/?post_type=product&#038;p=15226"},"modified":"2024-11-04T16:10:22","modified_gmt":"2024-11-04T15:10:22","slug":"anglictina-pro-pokrocile-b2-minus","status":"publish","type":"product","link":"https:\/\/easylingo.com\/cs\/eshop\/anglictina-pro-pokrocile-b2-minus\/","title":{"rendered":"Angli\u010dtina pro pokro\u010dil\u00e9 B2-"},"content":{"rendered":"<p>\u010c\u00edm d\u00e9le se u\u010d\u00edte, t\u00edm v\u00edce si v\u011b\u0159\u00edte. Po absolvov\u00e1n\u00ed tohoto kurzu <strong>se m\u016f\u017eete bez obav pustit do dialogu b\u011b\u017en\u00e9 konverzace<\/strong>. Kurz Angli\u010dtina pro pokro\u010dil\u00e9 B2- je vhodn\u00fd pro ty, kte\u0159\u00ed by se r\u00e1di nau\u010dili, jak pracovat se vzta\u017en\u00fdmi v\u011btami, nep\u0159\u00edmou \u0159e\u010d\u00ed nebo jak vyj\u00e1d\u0159it v\u00a0angli\u010dtin\u011b sv\u00e1 p\u0159\u00e1n\u00ed. Jestli\u017ee se odhadnete nespr\u00e1vn\u011b a\u00a0n\u00e1pl\u0148 kurzu v\u00e1m nebude vyhovovat, m\u016f\u017eete si do 14 dn\u016f vybrat jin\u00fd kurz nebo po\u017e\u00e1dat o\u00a0vr\u00e1cen\u00ed pen\u011bz. <strong>Nic neriskujete<\/strong>, nev\u00e1hejte a\u00a0zkuste to.<\/p>\n","protected":false},"excerpt":{"rendered":"<p>\u010c\u00edm d\u00e9le se u\u010d\u00edte, t\u00edm v\u00edce si v\u011b\u0159\u00edte. Po absolvov\u00e1n\u00ed tohoto kurzu se m\u016f\u017eete bez obav pustit do dialogu b\u011b\u017en\u00e9 konverzace. Kurz Angli\u010dtina pro pokro\u010dil\u00e9 B2- je vhodn\u00fd pro ty, kte\u0159\u00ed by se r\u00e1di nau\u010dili, jak pracovat se vzta\u017en\u00fdmi v\u011btami, nep\u0159\u00edmou \u0159e\u010d\u00ed nebo jak vyj\u00e1d\u0159it v\u00a0angli\u010dtin\u011b sv\u00e1 p\u0159\u00e1n\u00ed. Jestli\u017ee se odhadnete nespr\u00e1vn\u011b a\u00a0n\u00e1pl\u0148 kurzu v\u00e1m [&hellip;]<\/p>\n","protected":false},"featured_media":15314,"comment_status":"closed","ping_status":"closed","template":"","meta":{"_et_pb_use_builder":"","_et_pb_old_content":"","_et_gb_content_width":"","inline_featured_image":false},"product_cat":[110,100,101,108,109,112,60,47,46],"product_tag":[],"yoast_head":"<!-- This site is optimized with the Yoast SEO plugin v21.5 - https:\/\/yoast.com\/wordpress\/plugins\/seo\/ -->\n<title>Angli\u010dtina pro pokro\u010dil\u00e9 B2- EasyLingo<\/title>\n<meta name=\"robots\" content=\"index, follow, max-snippet:-1, max-image-preview:large, max-video-preview:-1\" \/>\n<link rel=\"canonical\" href=\"https:\/\/easylingo.com\/cs\/eshop\/anglictina-pro-pokrocile-b2-minus\/\" \/>\n<meta property=\"og:locale\" content=\"cs_CZ\" \/>\n<meta property=\"og:type\" content=\"article\" \/>\n<meta property=\"og:title\" content=\"Angli\u010dtina pro pokro\u010dil\u00e9 B2- EasyLingo\" \/>\n<meta property=\"og:description\" content=\"\u010c\u00edm d\u00e9le se u\u010d\u00edte, t\u00edm v\u00edce si v\u011b\u0159\u00edte. Po absolvov\u00e1n\u00ed tohoto kurzu se m\u016f\u017eete bez obav pustit do dialogu b\u011b\u017en\u00e9 konverzace. Kurz Angli\u010dtina pro pokro\u010dil\u00e9 B2- je vhodn\u00fd pro ty, kte\u0159\u00ed by se r\u00e1di nau\u010dili, jak pracovat se vzta\u017en\u00fdmi v\u011btami, nep\u0159\u00edmou \u0159e\u010d\u00ed nebo jak vyj\u00e1d\u0159it v\u00a0angli\u010dtin\u011b sv\u00e1 p\u0159\u00e1n\u00ed. Jestli\u017ee se odhadnete nespr\u00e1vn\u011b a\u00a0n\u00e1pl\u0148 kurzu v\u00e1m [&hellip;]\" \/>\n<meta property=\"og:url\" content=\"https:\/\/easylingo.com\/cs\/eshop\/anglictina-pro-pokrocile-b2-minus\/\" \/>\n<meta property=\"og:site_name\" content=\"EasyLingo\" \/>\n<meta property=\"article:publisher\" content=\"https:\/\/www.facebook.com\/onlinejazyky\/\" \/>\n<meta property=\"article:modified_time\" content=\"2024-11-04T15:10:22+00:00\" \/>\n<meta property=\"og:image\" content=\"https:\/\/easylingo.com\/cs\/wp-content\/uploads\/sites\/3\/2021\/01\/241-anglictina-pro-pokrocile-b2.png\" \/>\n\t<meta property=\"og:image:width\" content=\"700\" \/>\n\t<meta property=\"og:image:height\" content=\"600\" \/>\n\t<meta property=\"og:image:type\" content=\"image\/png\" \/>\n<meta name=\"twitter:card\" content=\"summary_large_image\" \/>\n<meta name=\"twitter:label1\" content=\"Odhadovan\u00e1 doba \u010dten\u00ed\" \/>\n\t<meta name=\"twitter:data1\" content=\"1 minuta\" \/>\n<script type=\"application\/ld+json\" class=\"yoast-schema-graph\">{\"@context\":\"https:\/\/schema.org\",\"@graph\":[{\"@type\":\"WebPage\",\"@id\":\"https:\/\/easylingo.com\/cs\/eshop\/anglictina-pro-pokrocile-b2-minus\/\",\"url\":\"https:\/\/easylingo.com\/cs\/eshop\/anglictina-pro-pokrocile-b2-minus\/\",\"name\":\"Angli\u010dtina pro pokro\u010dil\u00e9 B2- EasyLingo\",\"isPartOf\":{\"@id\":\"https:\/\/easylingo.com\/cs\/#website\"},\"datePublished\":\"2021-01-09T09:55:15+00:00\",\"dateModified\":\"2024-11-04T15:10:22+00:00\",\"breadcrumb\":{\"@id\":\"https:\/\/easylingo.com\/cs\/eshop\/anglictina-pro-pokrocile-b2-minus\/#breadcrumb\"},\"inLanguage\":\"cs\",\"potentialAction\":[{\"@type\":\"ReadAction\",\"target\":[\"https:\/\/easylingo.com\/cs\/eshop\/anglictina-pro-pokrocile-b2-minus\/\"]}]},{\"@type\":\"BreadcrumbList\",\"@id\":\"https:\/\/easylingo.com\/cs\/eshop\/anglictina-pro-pokrocile-b2-minus\/#breadcrumb\",\"itemListElement\":[{\"@type\":\"ListItem\",\"position\":1,\"name\":\"Home\",\"item\":\"https:\/\/easylingo.com\/cs\/\"},{\"@type\":\"ListItem\",\"position\":2,\"name\":\"E-shop\",\"item\":\"https:\/\/easylingo.com\/cs\/eshop\/\"},{\"@type\":\"ListItem\",\"position\":3,\"name\":\"Angli\u010dtina pro pokro\u010dil\u00e9 B2-\"}]},{\"@type\":\"WebSite\",\"@id\":\"https:\/\/easylingo.com\/cs\/#website\",\"url\":\"https:\/\/easylingo.com\/cs\/\",\"name\":\"EasyLingo\",\"description\":\"Nau\u010dte se jazyky: snadn\u011bji, z\u00e1bavn\u011bji a odkudkoliv.\",\"potentialAction\":[{\"@type\":\"SearchAction\",\"target\":{\"@type\":\"EntryPoint\",\"urlTemplate\":\"https:\/\/easylingo.com\/cs\/?s={search_term_string}\"},\"query-input\":\"required name=search_term_string\"}],\"inLanguage\":\"cs\"}]}<\/script>\n<!-- \/ Yoast SEO plugin. -->","yoast_head_json":{"title":"Angli\u010dtina pro pokro\u010dil\u00e9 B2- EasyLingo","robots":{"index":"index","follow":"follow","max-snippet":"max-snippet:-1","max-image-preview":"max-image-preview:large","max-video-preview":"max-video-preview:-1"},"canonical":"https:\/\/easylingo.com\/cs\/eshop\/anglictina-pro-pokrocile-b2-minus\/","og_locale":"cs_CZ","og_type":"article","og_title":"Angli\u010dtina pro pokro\u010dil\u00e9 B2- EasyLingo","og_description":"\u010c\u00edm d\u00e9le se u\u010d\u00edte, t\u00edm v\u00edce si v\u011b\u0159\u00edte. Po absolvov\u00e1n\u00ed tohoto kurzu se m\u016f\u017eete bez obav pustit do dialogu b\u011b\u017en\u00e9 konverzace. Kurz Angli\u010dtina pro pokro\u010dil\u00e9 B2- je vhodn\u00fd pro ty, kte\u0159\u00ed by se r\u00e1di nau\u010dili, jak pracovat se vzta\u017en\u00fdmi v\u011btami, nep\u0159\u00edmou \u0159e\u010d\u00ed nebo jak vyj\u00e1d\u0159it v\u00a0angli\u010dtin\u011b sv\u00e1 p\u0159\u00e1n\u00ed. Jestli\u017ee se odhadnete nespr\u00e1vn\u011b a\u00a0n\u00e1pl\u0148 kurzu v\u00e1m [&hellip;]","og_url":"https:\/\/easylingo.com\/cs\/eshop\/anglictina-pro-pokrocile-b2-minus\/","og_site_name":"EasyLingo","article_publisher":"https:\/\/www.facebook.com\/onlinejazyky\/","article_modified_time":"2024-11-04T15:10:22+00:00","og_image":[{"width":700,"height":600,"url":"https:\/\/easylingo.com\/cs\/wp-content\/uploads\/sites\/3\/2021\/01\/241-anglictina-pro-pokrocile-b2.png","type":"image\/png"}],"twitter_card":"summary_large_image","twitter_misc":{"Odhadovan\u00e1 doba \u010dten\u00ed":"1 minuta"},"schema":{"@context":"https:\/\/schema.org","@graph":[{"@type":"WebPage","@id":"https:\/\/easylingo.com\/cs\/eshop\/anglictina-pro-pokrocile-b2-minus\/","url":"https:\/\/easylingo.com\/cs\/eshop\/anglictina-pro-pokrocile-b2-minus\/","name":"Angli\u010dtina pro pokro\u010dil\u00e9 B2- EasyLingo","isPartOf":{"@id":"https:\/\/easylingo.com\/cs\/#website"},"datePublished":"2021-01-09T09:55:15+00:00","dateModified":"2024-11-04T15:10:22+00:00","breadcrumb":{"@id":"https:\/\/easylingo.com\/cs\/eshop\/anglictina-pro-pokrocile-b2-minus\/#breadcrumb"},"inLanguage":"cs","potentialAction":[{"@type":"ReadAction","target":["https:\/\/easylingo.com\/cs\/eshop\/anglictina-pro-pokrocile-b2-minus\/"]}]},{"@type":"BreadcrumbList","@id":"https:\/\/easylingo.com\/cs\/eshop\/anglictina-pro-pokrocile-b2-minus\/#breadcrumb","itemListElement":[{"@type":"ListItem","position":1,"name":"Home","item":"https:\/\/easylingo.com\/cs\/"},{"@type":"ListItem","position":2,"name":"E-shop","item":"https:\/\/easylingo.com\/cs\/eshop\/"},{"@type":"ListItem","position":3,"name":"Angli\u010dtina pro pokro\u010dil\u00e9 B2-"}]},{"@type":"WebSite","@id":"https:\/\/easylingo.com\/cs\/#website","url":"https:\/\/easylingo.com\/cs\/","name":"EasyLingo","description":"Nau\u010dte se jazyky: snadn\u011bji, z\u00e1bavn\u011bji a odkudkoliv.","potentialAction":[{"@type":"SearchAction","target":{"@type":"EntryPoint","urlTemplate":"https:\/\/easylingo.com\/cs\/?s={search_term_string}"},"query-input":"required name=search_term_string"}],"inLanguage":"cs"}]}},"_links":{"self":[{"href":"https:\/\/easylingo.com\/cs\/wp-json\/wp\/v2\/product\/15226"}],"collection":[{"href":"https:\/\/easylingo.com\/cs\/wp-json\/wp\/v2\/product"}],"about":[{"href":"https:\/\/easylingo.com\/cs\/wp-json\/wp\/v2\/types\/product"}],"replies":[{"embeddable":true,"href":"https:\/\/easylingo.com\/cs\/wp-json\/wp\/v2\/comments?post=15226"}],"wp:featuredmedia":[{"embeddable":true,"href":"https:\/\/easylingo.com\/cs\/wp-json\/wp\/v2\/media\/15314"}],"wp:attachment":[{"href":"https:\/\/easylingo.com\/cs\/wp-json\/wp\/v2\/media?parent=15226"}],"wp:term":[{"taxonomy":"product_cat","embeddable":true,"href":"https:\/\/easylingo.com\/cs\/wp-json\/wp\/v2\/product_cat?post=15226"},{"taxonomy":"product_tag","embeddable":true,"href":"https:\/\/easylingo.com\/cs\/wp-json\/wp\/v2\/product_tag?post=15226"}],"curies":[{"name":"wp","href":"https:\/\/api.w.org\/{rel}","templated":true}]}}