{"id":15227,"date":"2021-01-09T10:56:10","date_gmt":"2021-01-09T09:56:10","guid":{"rendered":"https:\/\/easylingo.com\/cs\/?post_type=product&#038;p=15227"},"modified":"2022-02-24T12:15:35","modified_gmt":"2022-02-24T11:15:35","slug":"anglictina-pro-pokrocile-b2-plus","status":"publish","type":"product","link":"https:\/\/easylingo.com\/cs\/eshop\/anglictina-pro-pokrocile-b2-plus\/","title":{"rendered":"Angli\u010dtina pro pokro\u010dil\u00e9 B2+"},"content":{"rendered":"<p>Vyzkou\u0161ejte si jazykovou zkou\u0161ku <strong>Cambridge FCE<\/strong> nane\u010disto a\u00a0otestujte se. Kurz Angli\u010dtina pro pokro\u010dil\u00e9 B2+ je sestaven tak, aby v\u00e1s na tuto zkou\u0161ku p\u0159ipravil. Tento kurz se soust\u0159ed\u00ed na <strong>procvi\u010dov\u00e1n\u00ed v\u0161ech jazykov\u00fdch dovednost\u00ed<\/strong> \u2013 \u010dten\u00ed, poslech, mluven\u00fd projev a\u00a0p\u00edsemn\u00fd projev. Jestli\u017ee se odhadnete nespr\u00e1vn\u011b a\u00a0n\u00e1pl\u0148 kurzu v\u00e1m nebude vyhovovat, m\u016f\u017eete si do 14 dn\u016f vybrat jin\u00fd kurz nebo po\u017e\u00e1dat o\u00a0vr\u00e1cen\u00ed pen\u011bz. <strong>Nic neriskujete<\/strong>, nev\u00e1hejte a\u00a0zkuste to.<\/p>\n","protected":false},"excerpt":{"rendered":"<p>Vyzkou\u0161ejte si jazykovou zkou\u0161ku Cambridge FCE nane\u010disto a\u00a0otestujte se. Kurz Angli\u010dtina pro pokro\u010dil\u00e9 B2+ je sestaven tak, aby v\u00e1s na tuto zkou\u0161ku p\u0159ipravil. Tento kurz se soust\u0159ed\u00ed na procvi\u010dov\u00e1n\u00ed v\u0161ech jazykov\u00fdch dovednost\u00ed \u2013 \u010dten\u00ed, poslech, mluven\u00fd projev a\u00a0p\u00edsemn\u00fd projev. Jestli\u017ee se odhadnete nespr\u00e1vn\u011b a\u00a0n\u00e1pl\u0148 kurzu v\u00e1m nebude vyhovovat, m\u016f\u017eete si do 14 dn\u016f vybrat jin\u00fd [&hellip;]<\/p>\n","protected":false},"featured_media":15315,"comment_status":"closed","ping_status":"closed","template":"","meta":{"_et_pb_use_builder":"","_et_pb_old_content":"","_et_gb_content_width":"","inline_featured_image":false},"product_cat":[110,100,101,108,109,112,60,47,46],"product_tag":[],"yoast_head":"<!-- This site is optimized with the Yoast SEO plugin v21.5 - https:\/\/yoast.com\/wordpress\/plugins\/seo\/ -->\n<title>Angli\u010dtina pro pokro\u010dil\u00e9 B2+ - EasyLingo<\/title>\n<meta name=\"robots\" content=\"index, follow, max-snippet:-1, max-image-preview:large, max-video-preview:-1\" \/>\n<link rel=\"canonical\" href=\"https:\/\/easylingo.com\/cs\/eshop\/anglictina-pro-pokrocile-b2-plus\/\" \/>\n<meta property=\"og:locale\" content=\"cs_CZ\" \/>\n<meta property=\"og:type\" content=\"article\" \/>\n<meta property=\"og:title\" content=\"Angli\u010dtina pro pokro\u010dil\u00e9 B2+ - EasyLingo\" \/>\n<meta property=\"og:description\" content=\"Vyzkou\u0161ejte si jazykovou zkou\u0161ku Cambridge FCE nane\u010disto a\u00a0otestujte se. Kurz Angli\u010dtina pro pokro\u010dil\u00e9 B2+ je sestaven tak, aby v\u00e1s na tuto zkou\u0161ku p\u0159ipravil. Tento kurz se soust\u0159ed\u00ed na procvi\u010dov\u00e1n\u00ed v\u0161ech jazykov\u00fdch dovednost\u00ed \u2013 \u010dten\u00ed, poslech, mluven\u00fd projev a\u00a0p\u00edsemn\u00fd projev. Jestli\u017ee se odhadnete nespr\u00e1vn\u011b a\u00a0n\u00e1pl\u0148 kurzu v\u00e1m nebude vyhovovat, m\u016f\u017eete si do 14 dn\u016f vybrat jin\u00fd [&hellip;]\" \/>\n<meta property=\"og:url\" content=\"https:\/\/easylingo.com\/cs\/eshop\/anglictina-pro-pokrocile-b2-plus\/\" \/>\n<meta property=\"og:site_name\" content=\"EasyLingo\" \/>\n<meta property=\"article:publisher\" content=\"https:\/\/www.facebook.com\/onlinejazyky\/\" \/>\n<meta property=\"article:modified_time\" content=\"2022-02-24T11:15:35+00:00\" \/>\n<meta property=\"og:image\" content=\"https:\/\/easylingo.com\/cs\/wp-content\/uploads\/sites\/3\/2021\/01\/239-anglictina-pro-pokrocile-b2.png\" \/>\n\t<meta property=\"og:image:width\" content=\"700\" \/>\n\t<meta property=\"og:image:height\" content=\"600\" \/>\n\t<meta property=\"og:image:type\" content=\"image\/png\" \/>\n<meta name=\"twitter:card\" content=\"summary_large_image\" \/>\n<script type=\"application\/ld+json\" class=\"yoast-schema-graph\">{\"@context\":\"https:\/\/schema.org\",\"@graph\":[{\"@type\":\"WebPage\",\"@id\":\"https:\/\/easylingo.com\/cs\/eshop\/anglictina-pro-pokrocile-b2-plus\/\",\"url\":\"https:\/\/easylingo.com\/cs\/eshop\/anglictina-pro-pokrocile-b2-plus\/\",\"name\":\"Angli\u010dtina pro pokro\u010dil\u00e9 B2+ - EasyLingo\",\"isPartOf\":{\"@id\":\"https:\/\/easylingo.com\/cs\/#website\"},\"datePublished\":\"2021-01-09T09:56:10+00:00\",\"dateModified\":\"2022-02-24T11:15:35+00:00\",\"breadcrumb\":{\"@id\":\"https:\/\/easylingo.com\/cs\/eshop\/anglictina-pro-pokrocile-b2-plus\/#breadcrumb\"},\"inLanguage\":\"cs\",\"potentialAction\":[{\"@type\":\"ReadAction\",\"target\":[\"https:\/\/easylingo.com\/cs\/eshop\/anglictina-pro-pokrocile-b2-plus\/\"]}]},{\"@type\":\"BreadcrumbList\",\"@id\":\"https:\/\/easylingo.com\/cs\/eshop\/anglictina-pro-pokrocile-b2-plus\/#breadcrumb\",\"itemListElement\":[{\"@type\":\"ListItem\",\"position\":1,\"name\":\"Home\",\"item\":\"https:\/\/easylingo.com\/cs\/\"},{\"@type\":\"ListItem\",\"position\":2,\"name\":\"E-shop\",\"item\":\"https:\/\/easylingo.com\/cs\/eshop\/\"},{\"@type\":\"ListItem\",\"position\":3,\"name\":\"Angli\u010dtina pro pokro\u010dil\u00e9 B2+\"}]},{\"@type\":\"WebSite\",\"@id\":\"https:\/\/easylingo.com\/cs\/#website\",\"url\":\"https:\/\/easylingo.com\/cs\/\",\"name\":\"EasyLingo\",\"description\":\"Nau\u010dte se jazyky: snadn\u011bji, z\u00e1bavn\u011bji a odkudkoliv.\",\"potentialAction\":[{\"@type\":\"SearchAction\",\"target\":{\"@type\":\"EntryPoint\",\"urlTemplate\":\"https:\/\/easylingo.com\/cs\/?s={search_term_string}\"},\"query-input\":\"required name=search_term_string\"}],\"inLanguage\":\"cs\"}]}<\/script>\n<!-- \/ Yoast SEO plugin. -->","yoast_head_json":{"title":"Angli\u010dtina pro pokro\u010dil\u00e9 B2+ - EasyLingo","robots":{"index":"index","follow":"follow","max-snippet":"max-snippet:-1","max-image-preview":"max-image-preview:large","max-video-preview":"max-video-preview:-1"},"canonical":"https:\/\/easylingo.com\/cs\/eshop\/anglictina-pro-pokrocile-b2-plus\/","og_locale":"cs_CZ","og_type":"article","og_title":"Angli\u010dtina pro pokro\u010dil\u00e9 B2+ - EasyLingo","og_description":"Vyzkou\u0161ejte si jazykovou zkou\u0161ku Cambridge FCE nane\u010disto a\u00a0otestujte se. Kurz Angli\u010dtina pro pokro\u010dil\u00e9 B2+ je sestaven tak, aby v\u00e1s na tuto zkou\u0161ku p\u0159ipravil. Tento kurz se soust\u0159ed\u00ed na procvi\u010dov\u00e1n\u00ed v\u0161ech jazykov\u00fdch dovednost\u00ed \u2013 \u010dten\u00ed, poslech, mluven\u00fd projev a\u00a0p\u00edsemn\u00fd projev. Jestli\u017ee se odhadnete nespr\u00e1vn\u011b a\u00a0n\u00e1pl\u0148 kurzu v\u00e1m nebude vyhovovat, m\u016f\u017eete si do 14 dn\u016f vybrat jin\u00fd [&hellip;]","og_url":"https:\/\/easylingo.com\/cs\/eshop\/anglictina-pro-pokrocile-b2-plus\/","og_site_name":"EasyLingo","article_publisher":"https:\/\/www.facebook.com\/onlinejazyky\/","article_modified_time":"2022-02-24T11:15:35+00:00","og_image":[{"width":700,"height":600,"url":"https:\/\/easylingo.com\/cs\/wp-content\/uploads\/sites\/3\/2021\/01\/239-anglictina-pro-pokrocile-b2.png","type":"image\/png"}],"twitter_card":"summary_large_image","schema":{"@context":"https:\/\/schema.org","@graph":[{"@type":"WebPage","@id":"https:\/\/easylingo.com\/cs\/eshop\/anglictina-pro-pokrocile-b2-plus\/","url":"https:\/\/easylingo.com\/cs\/eshop\/anglictina-pro-pokrocile-b2-plus\/","name":"Angli\u010dtina pro pokro\u010dil\u00e9 B2+ - EasyLingo","isPartOf":{"@id":"https:\/\/easylingo.com\/cs\/#website"},"datePublished":"2021-01-09T09:56:10+00:00","dateModified":"2022-02-24T11:15:35+00:00","breadcrumb":{"@id":"https:\/\/easylingo.com\/cs\/eshop\/anglictina-pro-pokrocile-b2-plus\/#breadcrumb"},"inLanguage":"cs","potentialAction":[{"@type":"ReadAction","target":["https:\/\/easylingo.com\/cs\/eshop\/anglictina-pro-pokrocile-b2-plus\/"]}]},{"@type":"BreadcrumbList","@id":"https:\/\/easylingo.com\/cs\/eshop\/anglictina-pro-pokrocile-b2-plus\/#breadcrumb","itemListElement":[{"@type":"ListItem","position":1,"name":"Home","item":"https:\/\/easylingo.com\/cs\/"},{"@type":"ListItem","position":2,"name":"E-shop","item":"https:\/\/easylingo.com\/cs\/eshop\/"},{"@type":"ListItem","position":3,"name":"Angli\u010dtina pro pokro\u010dil\u00e9 B2+"}]},{"@type":"WebSite","@id":"https:\/\/easylingo.com\/cs\/#website","url":"https:\/\/easylingo.com\/cs\/","name":"EasyLingo","description":"Nau\u010dte se jazyky: snadn\u011bji, z\u00e1bavn\u011bji a odkudkoliv.","potentialAction":[{"@type":"SearchAction","target":{"@type":"EntryPoint","urlTemplate":"https:\/\/easylingo.com\/cs\/?s={search_term_string}"},"query-input":"required name=search_term_string"}],"inLanguage":"cs"}]}},"_links":{"self":[{"href":"https:\/\/easylingo.com\/cs\/wp-json\/wp\/v2\/product\/15227"}],"collection":[{"href":"https:\/\/easylingo.com\/cs\/wp-json\/wp\/v2\/product"}],"about":[{"href":"https:\/\/easylingo.com\/cs\/wp-json\/wp\/v2\/types\/product"}],"replies":[{"embeddable":true,"href":"https:\/\/easylingo.com\/cs\/wp-json\/wp\/v2\/comments?post=15227"}],"wp:featuredmedia":[{"embeddable":true,"href":"https:\/\/easylingo.com\/cs\/wp-json\/wp\/v2\/media\/15315"}],"wp:attachment":[{"href":"https:\/\/easylingo.com\/cs\/wp-json\/wp\/v2\/media?parent=15227"}],"wp:term":[{"taxonomy":"product_cat","embeddable":true,"href":"https:\/\/easylingo.com\/cs\/wp-json\/wp\/v2\/product_cat?post=15227"},{"taxonomy":"product_tag","embeddable":true,"href":"https:\/\/easylingo.com\/cs\/wp-json\/wp\/v2\/product_tag?post=15227"}],"curies":[{"name":"wp","href":"https:\/\/api.w.org\/{rel}","templated":true}]}}