{"id":15229,"date":"2021-01-09T10:57:54","date_gmt":"2021-01-09T09:57:54","guid":{"rendered":"https:\/\/easylingo.com\/cs\/?post_type=product&#038;p=15229"},"modified":"2022-02-24T12:16:32","modified_gmt":"2022-02-24T11:16:32","slug":"anglictina-pro-experty-c2","status":"publish","type":"product","link":"https:\/\/easylingo.com\/cs\/eshop\/anglictina-pro-experty-c2\/","title":{"rendered":"Angli\u010dtina pro experty C2"},"content":{"rendered":"<p>Pohybujete se t\u00e9m\u011b\u0159 na \u00farovni rodil\u00e9ho mluv\u010d\u00edho, dok\u00e1\u017eete se svobodn\u011b vyj\u00e1d\u0159it na kter\u00e9koliv obecn\u00e9 nebo profesn\u00ed t\u00e9ma? V tom p\u0159\u00edpad\u011b se pohybujete na \u00farovni C1 \u2013 C2 a pr\u00e1v\u011b pro V\u00e1s je ur\u010den kurz Angli\u010dtina pro experty C2. Kurz je p\u0159ipraven pro ty, kte\u0159\u00ed cht\u011bj\u00ed s angli\u010dtinou z\u016fstat v kontaktu, udr\u017een si \u00farove\u0148, roz\u0161\u00ed\u0159it si slovn\u00ed z\u00e1sobu a p\u0159ipomenout si obt\u00ed\u017en\u00e9 gramatick\u00e9 jevy. V kurzu se klade d\u016fraz na v\u0161echny jazykov\u00e9 dovednosti &#8211; \u010dten\u00ed, poslech, mluven\u00fd a p\u00edsemn\u00fd projev.<\/p>\n","protected":false},"excerpt":{"rendered":"<p>Pohybujete se t\u00e9m\u011b\u0159 na \u00farovni rodil\u00e9ho mluv\u010d\u00edho, dok\u00e1\u017eete se svobodn\u011b vyj\u00e1d\u0159it na kter\u00e9koliv obecn\u00e9 nebo profesn\u00ed t\u00e9ma? V tom p\u0159\u00edpad\u011b se pohybujete na \u00farovni C1 \u2013 C2 a pr\u00e1v\u011b pro V\u00e1s je ur\u010den kurz Angli\u010dtina pro experty C2. Kurz je p\u0159ipraven pro ty, kte\u0159\u00ed cht\u011bj\u00ed s angli\u010dtinou z\u016fstat v kontaktu, udr\u017een si \u00farove\u0148, roz\u0161\u00ed\u0159it si [&hellip;]<\/p>\n","protected":false},"featured_media":15317,"comment_status":"closed","ping_status":"closed","template":"","meta":{"_et_pb_use_builder":"","_et_pb_old_content":"","_et_gb_content_width":"","inline_featured_image":false},"product_cat":[110,100,103,60,47,46],"product_tag":[],"yoast_head":"<!-- This site is optimized with the Yoast SEO plugin v21.5 - https:\/\/yoast.com\/wordpress\/plugins\/seo\/ -->\n<title>Angli\u010dtina pro experty C2 - EasyLingo<\/title>\n<meta name=\"robots\" content=\"index, follow, max-snippet:-1, max-image-preview:large, max-video-preview:-1\" \/>\n<link rel=\"canonical\" href=\"https:\/\/easylingo.com\/cs\/eshop\/anglictina-pro-experty-c2\/\" \/>\n<meta property=\"og:locale\" content=\"cs_CZ\" \/>\n<meta property=\"og:type\" content=\"article\" \/>\n<meta property=\"og:title\" content=\"Angli\u010dtina pro experty C2 - EasyLingo\" \/>\n<meta property=\"og:description\" content=\"Pohybujete se t\u00e9m\u011b\u0159 na \u00farovni rodil\u00e9ho mluv\u010d\u00edho, dok\u00e1\u017eete se svobodn\u011b vyj\u00e1d\u0159it na kter\u00e9koliv obecn\u00e9 nebo profesn\u00ed t\u00e9ma? V tom p\u0159\u00edpad\u011b se pohybujete na \u00farovni C1 \u2013 C2 a pr\u00e1v\u011b pro V\u00e1s je ur\u010den kurz Angli\u010dtina pro experty C2. Kurz je p\u0159ipraven pro ty, kte\u0159\u00ed cht\u011bj\u00ed s angli\u010dtinou z\u016fstat v kontaktu, udr\u017een si \u00farove\u0148, roz\u0161\u00ed\u0159it si [&hellip;]\" \/>\n<meta property=\"og:url\" content=\"https:\/\/easylingo.com\/cs\/eshop\/anglictina-pro-experty-c2\/\" \/>\n<meta property=\"og:site_name\" content=\"EasyLingo\" \/>\n<meta property=\"article:publisher\" content=\"https:\/\/www.facebook.com\/onlinejazyky\/\" \/>\n<meta property=\"article:modified_time\" content=\"2022-02-24T11:16:32+00:00\" \/>\n<meta property=\"og:image\" content=\"https:\/\/easylingo.com\/cs\/wp-content\/uploads\/sites\/3\/2021\/01\/327-anglictina-c2.png\" \/>\n\t<meta property=\"og:image:width\" content=\"700\" \/>\n\t<meta property=\"og:image:height\" content=\"600\" \/>\n\t<meta property=\"og:image:type\" content=\"image\/png\" \/>\n<meta name=\"twitter:card\" content=\"summary_large_image\" \/>\n<meta name=\"twitter:label1\" content=\"Odhadovan\u00e1 doba \u010dten\u00ed\" \/>\n\t<meta name=\"twitter:data1\" content=\"1 minuta\" \/>\n<script type=\"application\/ld+json\" class=\"yoast-schema-graph\">{\"@context\":\"https:\/\/schema.org\",\"@graph\":[{\"@type\":\"WebPage\",\"@id\":\"https:\/\/easylingo.com\/cs\/eshop\/anglictina-pro-experty-c2\/\",\"url\":\"https:\/\/easylingo.com\/cs\/eshop\/anglictina-pro-experty-c2\/\",\"name\":\"Angli\u010dtina pro experty C2 - EasyLingo\",\"isPartOf\":{\"@id\":\"https:\/\/easylingo.com\/cs\/#website\"},\"datePublished\":\"2021-01-09T09:57:54+00:00\",\"dateModified\":\"2022-02-24T11:16:32+00:00\",\"breadcrumb\":{\"@id\":\"https:\/\/easylingo.com\/cs\/eshop\/anglictina-pro-experty-c2\/#breadcrumb\"},\"inLanguage\":\"cs\",\"potentialAction\":[{\"@type\":\"ReadAction\",\"target\":[\"https:\/\/easylingo.com\/cs\/eshop\/anglictina-pro-experty-c2\/\"]}]},{\"@type\":\"BreadcrumbList\",\"@id\":\"https:\/\/easylingo.com\/cs\/eshop\/anglictina-pro-experty-c2\/#breadcrumb\",\"itemListElement\":[{\"@type\":\"ListItem\",\"position\":1,\"name\":\"Home\",\"item\":\"https:\/\/easylingo.com\/cs\/\"},{\"@type\":\"ListItem\",\"position\":2,\"name\":\"E-shop\",\"item\":\"https:\/\/easylingo.com\/cs\/eshop\/\"},{\"@type\":\"ListItem\",\"position\":3,\"name\":\"Angli\u010dtina pro experty C2\"}]},{\"@type\":\"WebSite\",\"@id\":\"https:\/\/easylingo.com\/cs\/#website\",\"url\":\"https:\/\/easylingo.com\/cs\/\",\"name\":\"EasyLingo\",\"description\":\"Nau\u010dte se jazyky: snadn\u011bji, z\u00e1bavn\u011bji a odkudkoliv.\",\"potentialAction\":[{\"@type\":\"SearchAction\",\"target\":{\"@type\":\"EntryPoint\",\"urlTemplate\":\"https:\/\/easylingo.com\/cs\/?s={search_term_string}\"},\"query-input\":\"required name=search_term_string\"}],\"inLanguage\":\"cs\"}]}<\/script>\n<!-- \/ Yoast SEO plugin. -->","yoast_head_json":{"title":"Angli\u010dtina pro experty C2 - EasyLingo","robots":{"index":"index","follow":"follow","max-snippet":"max-snippet:-1","max-image-preview":"max-image-preview:large","max-video-preview":"max-video-preview:-1"},"canonical":"https:\/\/easylingo.com\/cs\/eshop\/anglictina-pro-experty-c2\/","og_locale":"cs_CZ","og_type":"article","og_title":"Angli\u010dtina pro experty C2 - EasyLingo","og_description":"Pohybujete se t\u00e9m\u011b\u0159 na \u00farovni rodil\u00e9ho mluv\u010d\u00edho, dok\u00e1\u017eete se svobodn\u011b vyj\u00e1d\u0159it na kter\u00e9koliv obecn\u00e9 nebo profesn\u00ed t\u00e9ma? V tom p\u0159\u00edpad\u011b se pohybujete na \u00farovni C1 \u2013 C2 a pr\u00e1v\u011b pro V\u00e1s je ur\u010den kurz Angli\u010dtina pro experty C2. Kurz je p\u0159ipraven pro ty, kte\u0159\u00ed cht\u011bj\u00ed s angli\u010dtinou z\u016fstat v kontaktu, udr\u017een si \u00farove\u0148, roz\u0161\u00ed\u0159it si [&hellip;]","og_url":"https:\/\/easylingo.com\/cs\/eshop\/anglictina-pro-experty-c2\/","og_site_name":"EasyLingo","article_publisher":"https:\/\/www.facebook.com\/onlinejazyky\/","article_modified_time":"2022-02-24T11:16:32+00:00","og_image":[{"width":700,"height":600,"url":"https:\/\/easylingo.com\/cs\/wp-content\/uploads\/sites\/3\/2021\/01\/327-anglictina-c2.png","type":"image\/png"}],"twitter_card":"summary_large_image","twitter_misc":{"Odhadovan\u00e1 doba \u010dten\u00ed":"1 minuta"},"schema":{"@context":"https:\/\/schema.org","@graph":[{"@type":"WebPage","@id":"https:\/\/easylingo.com\/cs\/eshop\/anglictina-pro-experty-c2\/","url":"https:\/\/easylingo.com\/cs\/eshop\/anglictina-pro-experty-c2\/","name":"Angli\u010dtina pro experty C2 - EasyLingo","isPartOf":{"@id":"https:\/\/easylingo.com\/cs\/#website"},"datePublished":"2021-01-09T09:57:54+00:00","dateModified":"2022-02-24T11:16:32+00:00","breadcrumb":{"@id":"https:\/\/easylingo.com\/cs\/eshop\/anglictina-pro-experty-c2\/#breadcrumb"},"inLanguage":"cs","potentialAction":[{"@type":"ReadAction","target":["https:\/\/easylingo.com\/cs\/eshop\/anglictina-pro-experty-c2\/"]}]},{"@type":"BreadcrumbList","@id":"https:\/\/easylingo.com\/cs\/eshop\/anglictina-pro-experty-c2\/#breadcrumb","itemListElement":[{"@type":"ListItem","position":1,"name":"Home","item":"https:\/\/easylingo.com\/cs\/"},{"@type":"ListItem","position":2,"name":"E-shop","item":"https:\/\/easylingo.com\/cs\/eshop\/"},{"@type":"ListItem","position":3,"name":"Angli\u010dtina pro experty C2"}]},{"@type":"WebSite","@id":"https:\/\/easylingo.com\/cs\/#website","url":"https:\/\/easylingo.com\/cs\/","name":"EasyLingo","description":"Nau\u010dte se jazyky: snadn\u011bji, z\u00e1bavn\u011bji a odkudkoliv.","potentialAction":[{"@type":"SearchAction","target":{"@type":"EntryPoint","urlTemplate":"https:\/\/easylingo.com\/cs\/?s={search_term_string}"},"query-input":"required name=search_term_string"}],"inLanguage":"cs"}]}},"_links":{"self":[{"href":"https:\/\/easylingo.com\/cs\/wp-json\/wp\/v2\/product\/15229"}],"collection":[{"href":"https:\/\/easylingo.com\/cs\/wp-json\/wp\/v2\/product"}],"about":[{"href":"https:\/\/easylingo.com\/cs\/wp-json\/wp\/v2\/types\/product"}],"replies":[{"embeddable":true,"href":"https:\/\/easylingo.com\/cs\/wp-json\/wp\/v2\/comments?post=15229"}],"wp:featuredmedia":[{"embeddable":true,"href":"https:\/\/easylingo.com\/cs\/wp-json\/wp\/v2\/media\/15317"}],"wp:attachment":[{"href":"https:\/\/easylingo.com\/cs\/wp-json\/wp\/v2\/media?parent=15229"}],"wp:term":[{"taxonomy":"product_cat","embeddable":true,"href":"https:\/\/easylingo.com\/cs\/wp-json\/wp\/v2\/product_cat?post=15229"},{"taxonomy":"product_tag","embeddable":true,"href":"https:\/\/easylingo.com\/cs\/wp-json\/wp\/v2\/product_tag?post=15229"}],"curies":[{"name":"wp","href":"https:\/\/api.w.org\/{rel}","templated":true}]}}