{"id":15231,"date":"2021-01-09T11:12:14","date_gmt":"2021-01-09T10:12:14","guid":{"rendered":"https:\/\/easylingo.com\/cs\/?post_type=product&#038;p=15231"},"modified":"2022-02-03T10:38:03","modified_gmt":"2022-02-03T09:38:03","slug":"anglicka-abeceda-s-vyslovnosti-minikurz","status":"publish","type":"product","link":"https:\/\/easylingo.com\/cs\/eshop\/anglicka-abeceda-s-vyslovnosti-minikurz\/","title":{"rendered":"Anglick\u00e1 abeceda s v\u00fdslovnost\u00ed &#8211; minikurz"},"content":{"rendered":"<div class=\"description\">\n<div>Minikurz je vhodn\u00fd nejen<strong> pro za\u010d\u00e1te\u010dn\u00edky, ale i\u00a0pro pokro\u010dil\u00e9 studenty<\/strong>, kte\u0159\u00ed pot\u0159ebuj\u00ed zopakovat spelov\u00e1n\u00ed. V\u00a0praxi je znalost anglick\u00e9 abecedy s\u00a0v\u00fdslovnost\u00ed nezbytnost\u00ed. Mnohdy doch\u00e1z\u00ed k\u00a0nedorozum\u011bn\u00ed, proto\u017ee se slova jinak \u010dtou a\u00a0jinak p\u00ed\u0161\u00ed, proto je dobr\u00e9 um\u011bt spr\u00e1vn\u011b jednotliv\u00e1 p\u00edsmenka \u010d\u00edst i\u00a0ps\u00e1t. A\u00a0k\u00a0tomu V\u00e1m pom\u016f\u017ee pr\u00e1v\u011b tento minikurz.<\/div>\n<div><\/div>\n<div>V minikurzu si vyzkou\u0161\u00edte <strong>n\u00e1cvik v\u00fdslovnosti<\/strong>. Poslechnete si spr\u00e1vnou v\u00fdslovnost, nahrajete svoji a\u00a0porovn\u00e1te s\u00a0origin\u00e1lem. \u010cekaj\u00ed na V\u00e1s i\u00a0z\u00e1bavn\u00e1 cvi\u010den\u00ed na procvi\u010dov\u00e1n\u00ed, jako dopl\u0148ova\u010dky, k\u0159\u00ed\u017eovky, poslechy a\u00a0dal\u0161\u00ed.<\/div>\n<\/div>\n","protected":false},"excerpt":{"rendered":"<p>Minikurz je vhodn\u00fd nejen pro za\u010d\u00e1te\u010dn\u00edky, ale i\u00a0pro pokro\u010dil\u00e9 studenty, kte\u0159\u00ed pot\u0159ebuj\u00ed zopakovat spelov\u00e1n\u00ed. V\u00a0praxi je znalost anglick\u00e9 abecedy s\u00a0v\u00fdslovnost\u00ed nezbytnost\u00ed. Mnohdy doch\u00e1z\u00ed k\u00a0nedorozum\u011bn\u00ed, proto\u017ee se slova jinak \u010dtou a\u00a0jinak p\u00ed\u0161\u00ed, proto je dobr\u00e9 um\u011bt spr\u00e1vn\u011b jednotliv\u00e1 p\u00edsmenka \u010d\u00edst i\u00a0ps\u00e1t. A\u00a0k\u00a0tomu V\u00e1m pom\u016f\u017ee pr\u00e1v\u011b tento minikurz. V minikurzu si vyzkou\u0161\u00edte n\u00e1cvik v\u00fdslovnosti. Poslechnete si spr\u00e1vnou [&hellip;]<\/p>\n","protected":false},"featured_media":15806,"comment_status":"closed","ping_status":"closed","template":"","meta":{"_et_pb_use_builder":"","_et_pb_old_content":"","_et_gb_content_width":"","inline_featured_image":false},"product_cat":[60,49,51,46],"product_tag":[],"yoast_head":"<!-- This site is optimized with the Yoast SEO plugin v21.5 - https:\/\/yoast.com\/wordpress\/plugins\/seo\/ -->\n<title>Anglick\u00e1 abeceda s v\u00fdslovnost\u00ed - minikurz - EasyLingo<\/title>\n<meta name=\"robots\" content=\"index, follow, max-snippet:-1, max-image-preview:large, max-video-preview:-1\" \/>\n<link rel=\"canonical\" href=\"https:\/\/easylingo.com\/cs\/eshop\/anglicka-abeceda-s-vyslovnosti-minikurz\/\" \/>\n<meta property=\"og:locale\" content=\"cs_CZ\" \/>\n<meta property=\"og:type\" content=\"article\" \/>\n<meta property=\"og:title\" content=\"Anglick\u00e1 abeceda s v\u00fdslovnost\u00ed - minikurz - EasyLingo\" \/>\n<meta property=\"og:description\" content=\"Minikurz je vhodn\u00fd nejen pro za\u010d\u00e1te\u010dn\u00edky, ale i\u00a0pro pokro\u010dil\u00e9 studenty, kte\u0159\u00ed pot\u0159ebuj\u00ed zopakovat spelov\u00e1n\u00ed. V\u00a0praxi je znalost anglick\u00e9 abecedy s\u00a0v\u00fdslovnost\u00ed nezbytnost\u00ed. Mnohdy doch\u00e1z\u00ed k\u00a0nedorozum\u011bn\u00ed, proto\u017ee se slova jinak \u010dtou a\u00a0jinak p\u00ed\u0161\u00ed, proto je dobr\u00e9 um\u011bt spr\u00e1vn\u011b jednotliv\u00e1 p\u00edsmenka \u010d\u00edst i\u00a0ps\u00e1t. A\u00a0k\u00a0tomu V\u00e1m pom\u016f\u017ee pr\u00e1v\u011b tento minikurz. V minikurzu si vyzkou\u0161\u00edte n\u00e1cvik v\u00fdslovnosti. Poslechnete si spr\u00e1vnou [&hellip;]\" \/>\n<meta property=\"og:url\" content=\"https:\/\/easylingo.com\/cs\/eshop\/anglicka-abeceda-s-vyslovnosti-minikurz\/\" \/>\n<meta property=\"og:site_name\" content=\"EasyLingo\" \/>\n<meta property=\"article:publisher\" content=\"https:\/\/www.facebook.com\/onlinejazyky\/\" \/>\n<meta property=\"article:modified_time\" content=\"2022-02-03T09:38:03+00:00\" \/>\n<meta property=\"og:image\" content=\"https:\/\/easylingo.com\/cs\/wp-content\/uploads\/sites\/3\/2021\/01\/OJ_AJ_abeceda.png\" \/>\n\t<meta property=\"og:image:width\" content=\"700\" \/>\n\t<meta property=\"og:image:height\" content=\"600\" \/>\n\t<meta property=\"og:image:type\" content=\"image\/png\" \/>\n<meta name=\"twitter:card\" content=\"summary_large_image\" \/>\n<meta name=\"twitter:label1\" content=\"Odhadovan\u00e1 doba \u010dten\u00ed\" \/>\n\t<meta name=\"twitter:data1\" content=\"1 minuta\" \/>\n<script type=\"application\/ld+json\" class=\"yoast-schema-graph\">{\"@context\":\"https:\/\/schema.org\",\"@graph\":[{\"@type\":\"WebPage\",\"@id\":\"https:\/\/easylingo.com\/cs\/eshop\/anglicka-abeceda-s-vyslovnosti-minikurz\/\",\"url\":\"https:\/\/easylingo.com\/cs\/eshop\/anglicka-abeceda-s-vyslovnosti-minikurz\/\",\"name\":\"Anglick\u00e1 abeceda s v\u00fdslovnost\u00ed - minikurz - EasyLingo\",\"isPartOf\":{\"@id\":\"https:\/\/easylingo.com\/cs\/#website\"},\"datePublished\":\"2021-01-09T10:12:14+00:00\",\"dateModified\":\"2022-02-03T09:38:03+00:00\",\"breadcrumb\":{\"@id\":\"https:\/\/easylingo.com\/cs\/eshop\/anglicka-abeceda-s-vyslovnosti-minikurz\/#breadcrumb\"},\"inLanguage\":\"cs\",\"potentialAction\":[{\"@type\":\"ReadAction\",\"target\":[\"https:\/\/easylingo.com\/cs\/eshop\/anglicka-abeceda-s-vyslovnosti-minikurz\/\"]}]},{\"@type\":\"BreadcrumbList\",\"@id\":\"https:\/\/easylingo.com\/cs\/eshop\/anglicka-abeceda-s-vyslovnosti-minikurz\/#breadcrumb\",\"itemListElement\":[{\"@type\":\"ListItem\",\"position\":1,\"name\":\"Home\",\"item\":\"https:\/\/easylingo.com\/cs\/\"},{\"@type\":\"ListItem\",\"position\":2,\"name\":\"E-shop\",\"item\":\"https:\/\/easylingo.com\/cs\/eshop\/\"},{\"@type\":\"ListItem\",\"position\":3,\"name\":\"Anglick\u00e1 abeceda s v\u00fdslovnost\u00ed &#8211; minikurz\"}]},{\"@type\":\"WebSite\",\"@id\":\"https:\/\/easylingo.com\/cs\/#website\",\"url\":\"https:\/\/easylingo.com\/cs\/\",\"name\":\"EasyLingo\",\"description\":\"Nau\u010dte se jazyky: snadn\u011bji, z\u00e1bavn\u011bji a odkudkoliv.\",\"potentialAction\":[{\"@type\":\"SearchAction\",\"target\":{\"@type\":\"EntryPoint\",\"urlTemplate\":\"https:\/\/easylingo.com\/cs\/?s={search_term_string}\"},\"query-input\":\"required name=search_term_string\"}],\"inLanguage\":\"cs\"}]}<\/script>\n<!-- \/ Yoast SEO plugin. -->","yoast_head_json":{"title":"Anglick\u00e1 abeceda s v\u00fdslovnost\u00ed - minikurz - EasyLingo","robots":{"index":"index","follow":"follow","max-snippet":"max-snippet:-1","max-image-preview":"max-image-preview:large","max-video-preview":"max-video-preview:-1"},"canonical":"https:\/\/easylingo.com\/cs\/eshop\/anglicka-abeceda-s-vyslovnosti-minikurz\/","og_locale":"cs_CZ","og_type":"article","og_title":"Anglick\u00e1 abeceda s v\u00fdslovnost\u00ed - minikurz - EasyLingo","og_description":"Minikurz je vhodn\u00fd nejen pro za\u010d\u00e1te\u010dn\u00edky, ale i\u00a0pro pokro\u010dil\u00e9 studenty, kte\u0159\u00ed pot\u0159ebuj\u00ed zopakovat spelov\u00e1n\u00ed. V\u00a0praxi je znalost anglick\u00e9 abecedy s\u00a0v\u00fdslovnost\u00ed nezbytnost\u00ed. Mnohdy doch\u00e1z\u00ed k\u00a0nedorozum\u011bn\u00ed, proto\u017ee se slova jinak \u010dtou a\u00a0jinak p\u00ed\u0161\u00ed, proto je dobr\u00e9 um\u011bt spr\u00e1vn\u011b jednotliv\u00e1 p\u00edsmenka \u010d\u00edst i\u00a0ps\u00e1t. A\u00a0k\u00a0tomu V\u00e1m pom\u016f\u017ee pr\u00e1v\u011b tento minikurz. V minikurzu si vyzkou\u0161\u00edte n\u00e1cvik v\u00fdslovnosti. Poslechnete si spr\u00e1vnou [&hellip;]","og_url":"https:\/\/easylingo.com\/cs\/eshop\/anglicka-abeceda-s-vyslovnosti-minikurz\/","og_site_name":"EasyLingo","article_publisher":"https:\/\/www.facebook.com\/onlinejazyky\/","article_modified_time":"2022-02-03T09:38:03+00:00","og_image":[{"width":700,"height":600,"url":"https:\/\/easylingo.com\/cs\/wp-content\/uploads\/sites\/3\/2021\/01\/OJ_AJ_abeceda.png","type":"image\/png"}],"twitter_card":"summary_large_image","twitter_misc":{"Odhadovan\u00e1 doba \u010dten\u00ed":"1 minuta"},"schema":{"@context":"https:\/\/schema.org","@graph":[{"@type":"WebPage","@id":"https:\/\/easylingo.com\/cs\/eshop\/anglicka-abeceda-s-vyslovnosti-minikurz\/","url":"https:\/\/easylingo.com\/cs\/eshop\/anglicka-abeceda-s-vyslovnosti-minikurz\/","name":"Anglick\u00e1 abeceda s v\u00fdslovnost\u00ed - minikurz - EasyLingo","isPartOf":{"@id":"https:\/\/easylingo.com\/cs\/#website"},"datePublished":"2021-01-09T10:12:14+00:00","dateModified":"2022-02-03T09:38:03+00:00","breadcrumb":{"@id":"https:\/\/easylingo.com\/cs\/eshop\/anglicka-abeceda-s-vyslovnosti-minikurz\/#breadcrumb"},"inLanguage":"cs","potentialAction":[{"@type":"ReadAction","target":["https:\/\/easylingo.com\/cs\/eshop\/anglicka-abeceda-s-vyslovnosti-minikurz\/"]}]},{"@type":"BreadcrumbList","@id":"https:\/\/easylingo.com\/cs\/eshop\/anglicka-abeceda-s-vyslovnosti-minikurz\/#breadcrumb","itemListElement":[{"@type":"ListItem","position":1,"name":"Home","item":"https:\/\/easylingo.com\/cs\/"},{"@type":"ListItem","position":2,"name":"E-shop","item":"https:\/\/easylingo.com\/cs\/eshop\/"},{"@type":"ListItem","position":3,"name":"Anglick\u00e1 abeceda s v\u00fdslovnost\u00ed &#8211; minikurz"}]},{"@type":"WebSite","@id":"https:\/\/easylingo.com\/cs\/#website","url":"https:\/\/easylingo.com\/cs\/","name":"EasyLingo","description":"Nau\u010dte se jazyky: snadn\u011bji, z\u00e1bavn\u011bji a odkudkoliv.","potentialAction":[{"@type":"SearchAction","target":{"@type":"EntryPoint","urlTemplate":"https:\/\/easylingo.com\/cs\/?s={search_term_string}"},"query-input":"required name=search_term_string"}],"inLanguage":"cs"}]}},"_links":{"self":[{"href":"https:\/\/easylingo.com\/cs\/wp-json\/wp\/v2\/product\/15231"}],"collection":[{"href":"https:\/\/easylingo.com\/cs\/wp-json\/wp\/v2\/product"}],"about":[{"href":"https:\/\/easylingo.com\/cs\/wp-json\/wp\/v2\/types\/product"}],"replies":[{"embeddable":true,"href":"https:\/\/easylingo.com\/cs\/wp-json\/wp\/v2\/comments?post=15231"}],"wp:featuredmedia":[{"embeddable":true,"href":"https:\/\/easylingo.com\/cs\/wp-json\/wp\/v2\/media\/15806"}],"wp:attachment":[{"href":"https:\/\/easylingo.com\/cs\/wp-json\/wp\/v2\/media?parent=15231"}],"wp:term":[{"taxonomy":"product_cat","embeddable":true,"href":"https:\/\/easylingo.com\/cs\/wp-json\/wp\/v2\/product_cat?post=15231"},{"taxonomy":"product_tag","embeddable":true,"href":"https:\/\/easylingo.com\/cs\/wp-json\/wp\/v2\/product_tag?post=15231"}],"curies":[{"name":"wp","href":"https:\/\/api.w.org\/{rel}","templated":true}]}}