{"id":15234,"date":"2021-01-09T11:17:06","date_gmt":"2021-01-09T10:17:06","guid":{"rendered":"https:\/\/easylingo.com\/cs\/?post_type=product&#038;p=15234"},"modified":"2022-02-03T10:37:40","modified_gmt":"2022-02-03T09:37:40","slug":"anglictina-pro-zaky-4-tridy","status":"publish","type":"product","link":"https:\/\/easylingo.com\/cs\/eshop\/anglictina-pro-zaky-4-tridy\/","title":{"rendered":"Angli\u010dtina pro \u017e\u00e1ky 4. t\u0159\u00eddy"},"content":{"rendered":"<p>Pro \u017e\u00e1ky 1. stupn\u011b jsme si p\u0159ipravili speci\u00e1ln\u00ed kurz angli\u010dtiny zam\u011b\u0159en\u00e9 na l\u00e1tku 4. t\u0159\u00eddy. Kurz zohled\u0148uje slovn\u00ed z\u00e1sobu a\u00a0gramatiku prob\u00edranou v\u00a0nejpou\u017e\u00edvan\u011bj\u0161\u00edch u\u010debnic\u00edch na z\u00e1kladn\u00edch \u0161kol\u00e1ch a\u00a0tak\u00e9 odpov\u00eddaj\u00ed RVP.\u00a0Kurz Angli\u010dtiny pro \u017e\u00e1ky 4. t\u0159\u00edd\u00a0<strong>je sestaven v\u00a0souladu s\u00a0pot\u0159ebami z\u00e1kladn\u00edch \u0161kol<\/strong>\u00a0a\u00a0vznikl ve spolupr\u00e1ci s\u00a0u\u010diteli a\u00a0rodil\u00fdmi mluv\u010d\u00edmi.\u00a0<strong>Angli\u010dtina pro \u017e\u00e1ky 4. t\u0159\u00eddy<\/strong>\u00a0\u017e\u00e1ka seznamuje s\u00a0angli\u010dtinou, u\u010d\u00ed ho slovn\u00ed z\u00e1sobu zam\u011b\u0159enou na voln\u00fd \u010das, orientaci ve m\u011bst\u011b, dovolenou, sport apod. \u017d\u00e1k si krom\u011b slov\u00ed\u010dek tak\u00e9 automatizuje prvn\u00ed fr\u00e1ze a\u00a0u\u010d\u00ed se je vhodn\u011b pou\u017e\u00edt. Tr\u00e9nink fr\u00e1z\u00ed je propojen\u00fd se slovn\u00ed z\u00e1sobou a\u00a0gramatikou.<\/p>\n","protected":false},"excerpt":{"rendered":"<p>Pro \u017e\u00e1ky 1. stupn\u011b jsme si p\u0159ipravili speci\u00e1ln\u00ed kurz angli\u010dtiny zam\u011b\u0159en\u00e9 na l\u00e1tku 4. t\u0159\u00eddy. Kurz zohled\u0148uje slovn\u00ed z\u00e1sobu a\u00a0gramatiku prob\u00edranou v\u00a0nejpou\u017e\u00edvan\u011bj\u0161\u00edch u\u010debnic\u00edch na z\u00e1kladn\u00edch \u0161kol\u00e1ch a\u00a0tak\u00e9 odpov\u00eddaj\u00ed RVP.\u00a0Kurz Angli\u010dtiny pro \u017e\u00e1ky 4. t\u0159\u00edd\u00a0je sestaven v\u00a0souladu s\u00a0pot\u0159ebami z\u00e1kladn\u00edch \u0161kol\u00a0a\u00a0vznikl ve spolupr\u00e1ci s\u00a0u\u010diteli a\u00a0rodil\u00fdmi mluv\u010d\u00edmi.\u00a0Angli\u010dtina pro \u017e\u00e1ky 4. t\u0159\u00eddy\u00a0\u017e\u00e1ka seznamuje s\u00a0angli\u010dtinou, u\u010d\u00ed ho slovn\u00ed z\u00e1sobu zam\u011b\u0159enou [&hellip;]<\/p>\n","protected":false},"featured_media":15326,"comment_status":"closed","ping_status":"closed","template":"","meta":{"_et_pb_use_builder":"","_et_pb_old_content":"","_et_gb_content_width":"","inline_featured_image":false},"product_cat":[60,49,46],"product_tag":[],"yoast_head":"<!-- This site is optimized with the Yoast SEO plugin v21.5 - https:\/\/yoast.com\/wordpress\/plugins\/seo\/ -->\n<title>Angli\u010dtina pro \u017e\u00e1ky 4. t\u0159\u00eddy - EasyLingo<\/title>\n<meta name=\"robots\" content=\"index, follow, max-snippet:-1, max-image-preview:large, max-video-preview:-1\" \/>\n<link rel=\"canonical\" href=\"https:\/\/easylingo.com\/cs\/eshop\/anglictina-pro-zaky-4-tridy\/\" \/>\n<meta property=\"og:locale\" content=\"cs_CZ\" \/>\n<meta property=\"og:type\" content=\"article\" \/>\n<meta property=\"og:title\" content=\"Angli\u010dtina pro \u017e\u00e1ky 4. t\u0159\u00eddy - EasyLingo\" \/>\n<meta property=\"og:description\" content=\"Pro \u017e\u00e1ky 1. stupn\u011b jsme si p\u0159ipravili speci\u00e1ln\u00ed kurz angli\u010dtiny zam\u011b\u0159en\u00e9 na l\u00e1tku 4. t\u0159\u00eddy. Kurz zohled\u0148uje slovn\u00ed z\u00e1sobu a\u00a0gramatiku prob\u00edranou v\u00a0nejpou\u017e\u00edvan\u011bj\u0161\u00edch u\u010debnic\u00edch na z\u00e1kladn\u00edch \u0161kol\u00e1ch a\u00a0tak\u00e9 odpov\u00eddaj\u00ed RVP.\u00a0Kurz Angli\u010dtiny pro \u017e\u00e1ky 4. t\u0159\u00edd\u00a0je sestaven v\u00a0souladu s\u00a0pot\u0159ebami z\u00e1kladn\u00edch \u0161kol\u00a0a\u00a0vznikl ve spolupr\u00e1ci s\u00a0u\u010diteli a\u00a0rodil\u00fdmi mluv\u010d\u00edmi.\u00a0Angli\u010dtina pro \u017e\u00e1ky 4. t\u0159\u00eddy\u00a0\u017e\u00e1ka seznamuje s\u00a0angli\u010dtinou, u\u010d\u00ed ho slovn\u00ed z\u00e1sobu zam\u011b\u0159enou [&hellip;]\" \/>\n<meta property=\"og:url\" content=\"https:\/\/easylingo.com\/cs\/eshop\/anglictina-pro-zaky-4-tridy\/\" \/>\n<meta property=\"og:site_name\" content=\"EasyLingo\" \/>\n<meta property=\"article:publisher\" content=\"https:\/\/www.facebook.com\/onlinejazyky\/\" \/>\n<meta property=\"article:modified_time\" content=\"2022-02-03T09:37:40+00:00\" \/>\n<meta property=\"og:image\" content=\"https:\/\/easylingo.com\/cs\/wp-content\/uploads\/sites\/3\/2021\/01\/342-anglictina-pro-zaky-4.-tridy.png\" \/>\n\t<meta property=\"og:image:width\" content=\"970\" \/>\n\t<meta property=\"og:image:height\" content=\"832\" \/>\n\t<meta property=\"og:image:type\" content=\"image\/png\" \/>\n<meta name=\"twitter:card\" content=\"summary_large_image\" \/>\n<meta name=\"twitter:label1\" content=\"Odhadovan\u00e1 doba \u010dten\u00ed\" \/>\n\t<meta name=\"twitter:data1\" content=\"1 minuta\" \/>\n<script type=\"application\/ld+json\" class=\"yoast-schema-graph\">{\"@context\":\"https:\/\/schema.org\",\"@graph\":[{\"@type\":\"WebPage\",\"@id\":\"https:\/\/easylingo.com\/cs\/eshop\/anglictina-pro-zaky-4-tridy\/\",\"url\":\"https:\/\/easylingo.com\/cs\/eshop\/anglictina-pro-zaky-4-tridy\/\",\"name\":\"Angli\u010dtina pro \u017e\u00e1ky 4. t\u0159\u00eddy - EasyLingo\",\"isPartOf\":{\"@id\":\"https:\/\/easylingo.com\/cs\/#website\"},\"datePublished\":\"2021-01-09T10:17:06+00:00\",\"dateModified\":\"2022-02-03T09:37:40+00:00\",\"breadcrumb\":{\"@id\":\"https:\/\/easylingo.com\/cs\/eshop\/anglictina-pro-zaky-4-tridy\/#breadcrumb\"},\"inLanguage\":\"cs\",\"potentialAction\":[{\"@type\":\"ReadAction\",\"target\":[\"https:\/\/easylingo.com\/cs\/eshop\/anglictina-pro-zaky-4-tridy\/\"]}]},{\"@type\":\"BreadcrumbList\",\"@id\":\"https:\/\/easylingo.com\/cs\/eshop\/anglictina-pro-zaky-4-tridy\/#breadcrumb\",\"itemListElement\":[{\"@type\":\"ListItem\",\"position\":1,\"name\":\"Home\",\"item\":\"https:\/\/easylingo.com\/cs\/\"},{\"@type\":\"ListItem\",\"position\":2,\"name\":\"E-shop\",\"item\":\"https:\/\/easylingo.com\/cs\/eshop\/\"},{\"@type\":\"ListItem\",\"position\":3,\"name\":\"Angli\u010dtina pro \u017e\u00e1ky 4. t\u0159\u00eddy\"}]},{\"@type\":\"WebSite\",\"@id\":\"https:\/\/easylingo.com\/cs\/#website\",\"url\":\"https:\/\/easylingo.com\/cs\/\",\"name\":\"EasyLingo\",\"description\":\"Nau\u010dte se jazyky: snadn\u011bji, z\u00e1bavn\u011bji a odkudkoliv.\",\"potentialAction\":[{\"@type\":\"SearchAction\",\"target\":{\"@type\":\"EntryPoint\",\"urlTemplate\":\"https:\/\/easylingo.com\/cs\/?s={search_term_string}\"},\"query-input\":\"required name=search_term_string\"}],\"inLanguage\":\"cs\"}]}<\/script>\n<!-- \/ Yoast SEO plugin. -->","yoast_head_json":{"title":"Angli\u010dtina pro \u017e\u00e1ky 4. t\u0159\u00eddy - EasyLingo","robots":{"index":"index","follow":"follow","max-snippet":"max-snippet:-1","max-image-preview":"max-image-preview:large","max-video-preview":"max-video-preview:-1"},"canonical":"https:\/\/easylingo.com\/cs\/eshop\/anglictina-pro-zaky-4-tridy\/","og_locale":"cs_CZ","og_type":"article","og_title":"Angli\u010dtina pro \u017e\u00e1ky 4. t\u0159\u00eddy - EasyLingo","og_description":"Pro \u017e\u00e1ky 1. stupn\u011b jsme si p\u0159ipravili speci\u00e1ln\u00ed kurz angli\u010dtiny zam\u011b\u0159en\u00e9 na l\u00e1tku 4. t\u0159\u00eddy. Kurz zohled\u0148uje slovn\u00ed z\u00e1sobu a\u00a0gramatiku prob\u00edranou v\u00a0nejpou\u017e\u00edvan\u011bj\u0161\u00edch u\u010debnic\u00edch na z\u00e1kladn\u00edch \u0161kol\u00e1ch a\u00a0tak\u00e9 odpov\u00eddaj\u00ed RVP.\u00a0Kurz Angli\u010dtiny pro \u017e\u00e1ky 4. t\u0159\u00edd\u00a0je sestaven v\u00a0souladu s\u00a0pot\u0159ebami z\u00e1kladn\u00edch \u0161kol\u00a0a\u00a0vznikl ve spolupr\u00e1ci s\u00a0u\u010diteli a\u00a0rodil\u00fdmi mluv\u010d\u00edmi.\u00a0Angli\u010dtina pro \u017e\u00e1ky 4. t\u0159\u00eddy\u00a0\u017e\u00e1ka seznamuje s\u00a0angli\u010dtinou, u\u010d\u00ed ho slovn\u00ed z\u00e1sobu zam\u011b\u0159enou [&hellip;]","og_url":"https:\/\/easylingo.com\/cs\/eshop\/anglictina-pro-zaky-4-tridy\/","og_site_name":"EasyLingo","article_publisher":"https:\/\/www.facebook.com\/onlinejazyky\/","article_modified_time":"2022-02-03T09:37:40+00:00","og_image":[{"width":970,"height":832,"url":"https:\/\/easylingo.com\/cs\/wp-content\/uploads\/sites\/3\/2021\/01\/342-anglictina-pro-zaky-4.-tridy.png","type":"image\/png"}],"twitter_card":"summary_large_image","twitter_misc":{"Odhadovan\u00e1 doba \u010dten\u00ed":"1 minuta"},"schema":{"@context":"https:\/\/schema.org","@graph":[{"@type":"WebPage","@id":"https:\/\/easylingo.com\/cs\/eshop\/anglictina-pro-zaky-4-tridy\/","url":"https:\/\/easylingo.com\/cs\/eshop\/anglictina-pro-zaky-4-tridy\/","name":"Angli\u010dtina pro \u017e\u00e1ky 4. t\u0159\u00eddy - EasyLingo","isPartOf":{"@id":"https:\/\/easylingo.com\/cs\/#website"},"datePublished":"2021-01-09T10:17:06+00:00","dateModified":"2022-02-03T09:37:40+00:00","breadcrumb":{"@id":"https:\/\/easylingo.com\/cs\/eshop\/anglictina-pro-zaky-4-tridy\/#breadcrumb"},"inLanguage":"cs","potentialAction":[{"@type":"ReadAction","target":["https:\/\/easylingo.com\/cs\/eshop\/anglictina-pro-zaky-4-tridy\/"]}]},{"@type":"BreadcrumbList","@id":"https:\/\/easylingo.com\/cs\/eshop\/anglictina-pro-zaky-4-tridy\/#breadcrumb","itemListElement":[{"@type":"ListItem","position":1,"name":"Home","item":"https:\/\/easylingo.com\/cs\/"},{"@type":"ListItem","position":2,"name":"E-shop","item":"https:\/\/easylingo.com\/cs\/eshop\/"},{"@type":"ListItem","position":3,"name":"Angli\u010dtina pro \u017e\u00e1ky 4. t\u0159\u00eddy"}]},{"@type":"WebSite","@id":"https:\/\/easylingo.com\/cs\/#website","url":"https:\/\/easylingo.com\/cs\/","name":"EasyLingo","description":"Nau\u010dte se jazyky: snadn\u011bji, z\u00e1bavn\u011bji a odkudkoliv.","potentialAction":[{"@type":"SearchAction","target":{"@type":"EntryPoint","urlTemplate":"https:\/\/easylingo.com\/cs\/?s={search_term_string}"},"query-input":"required name=search_term_string"}],"inLanguage":"cs"}]}},"_links":{"self":[{"href":"https:\/\/easylingo.com\/cs\/wp-json\/wp\/v2\/product\/15234"}],"collection":[{"href":"https:\/\/easylingo.com\/cs\/wp-json\/wp\/v2\/product"}],"about":[{"href":"https:\/\/easylingo.com\/cs\/wp-json\/wp\/v2\/types\/product"}],"replies":[{"embeddable":true,"href":"https:\/\/easylingo.com\/cs\/wp-json\/wp\/v2\/comments?post=15234"}],"wp:featuredmedia":[{"embeddable":true,"href":"https:\/\/easylingo.com\/cs\/wp-json\/wp\/v2\/media\/15326"}],"wp:attachment":[{"href":"https:\/\/easylingo.com\/cs\/wp-json\/wp\/v2\/media?parent=15234"}],"wp:term":[{"taxonomy":"product_cat","embeddable":true,"href":"https:\/\/easylingo.com\/cs\/wp-json\/wp\/v2\/product_cat?post=15234"},{"taxonomy":"product_tag","embeddable":true,"href":"https:\/\/easylingo.com\/cs\/wp-json\/wp\/v2\/product_tag?post=15234"}],"curies":[{"name":"wp","href":"https:\/\/api.w.org\/{rel}","templated":true}]}}