{"id":15236,"date":"2021-01-09T11:18:48","date_gmt":"2021-01-09T10:18:48","guid":{"rendered":"https:\/\/easylingo.com\/cs\/?post_type=product&#038;p=15236"},"modified":"2023-03-22T11:58:27","modified_gmt":"2023-03-22T10:58:27","slug":"anglictina-jako-priprava-ke-statni-maturite","status":"publish","type":"product","link":"https:\/\/easylingo.com\/cs\/eshop\/anglictina-jako-priprava-ke-statni-maturite\/","title":{"rendered":"Angli\u010dtina jako p\u0159\u00edprava ke st\u00e1tn\u00ed maturit\u011b"},"content":{"rendered":"<p><strong>V\u00edme, \u017ee to d\u00e1\u0161!<\/strong> A\u00a0jak si t\u00edm m\u016f\u017eeme b\u00fdt jist\u00ed? Spojili jsme se s\u00a0gymn\u00e1zii, st\u0159edn\u00edmi \u0161kolami a\u00a0u\u010dili\u0161ti, abychom poznali pohled kantor\u016f a\u00a0komisa\u0159\u016f, kte\u0159\u00ed u\u00a0\u00fastn\u00ed \u010d\u00e1sti zkou\u0161ky sed\u00ed. Vyzvali jsme je ke spolupr\u00e1ci, jej\u00edm\u017e v\u00fdsledkem je <strong>unik\u00e1tn\u00ed 4 m\u011bs\u00ed\u010dn\u00ed kurz<\/strong>, kter\u00fd pokr\u00fdv\u00e1 v\u0161echny t\u0159i oblasti, kter\u00e9 t\u011b u st\u00e1tn\u00ed maturity z angli\u010dtiny \u010dekaj\u00ed. Jestli\u017ee ti kurz nebude vyhovovat, m\u016f\u017ee\u0161 si do 14 dn\u016f vybrat jin\u00fd kurz nebo po\u017e\u00e1dat o vr\u00e1cen\u00ed pen\u011bz. <strong>Nic neriskuje\u0161<\/strong>, nev\u00e1hej a vyzkou\u0161ej to.<\/p>\n","protected":false},"excerpt":{"rendered":"<p>V\u00edme, \u017ee to d\u00e1\u0161! A\u00a0jak si t\u00edm m\u016f\u017eeme b\u00fdt jist\u00ed? Spojili jsme se s\u00a0gymn\u00e1zii, st\u0159edn\u00edmi \u0161kolami a\u00a0u\u010dili\u0161ti, abychom poznali pohled kantor\u016f a\u00a0komisa\u0159\u016f, kte\u0159\u00ed u\u00a0\u00fastn\u00ed \u010d\u00e1sti zkou\u0161ky sed\u00ed. Vyzvali jsme je ke spolupr\u00e1ci, jej\u00edm\u017e v\u00fdsledkem je unik\u00e1tn\u00ed 4 m\u011bs\u00ed\u010dn\u00ed kurz, kter\u00fd pokr\u00fdv\u00e1 v\u0161echny t\u0159i oblasti, kter\u00e9 t\u011b u st\u00e1tn\u00ed maturity z angli\u010dtiny \u010dekaj\u00ed. Jestli\u017ee ti kurz [&hellip;]<\/p>\n","protected":false},"featured_media":15329,"comment_status":"closed","ping_status":"closed","template":"","meta":{"_et_pb_use_builder":"on","_et_pb_old_content":"<strong>V\u00edme, \u017ee to d\u00e1\u0161!<\/strong> A\u00a0jak si t\u00edm m\u016f\u017eeme b\u00fdt jist\u00ed? Spojili jsme se s\u00a0gymn\u00e1zii, st\u0159edn\u00edmi \u0161kolami a\u00a0u\u010dili\u0161ti, abychom poznali pohled kantor\u016f a\u00a0komisa\u0159\u016f, kte\u0159\u00ed u\u00a0\u00fastn\u00ed \u010d\u00e1sti zkou\u0161ky sed\u00ed. Vyzvali jsme je ke spolupr\u00e1ci, jej\u00edm\u017e v\u00fdsledkem je <strong>unik\u00e1tn\u00ed 4 m\u011bs\u00ed\u010dn\u00ed kurz<\/strong>, kter\u00fd pokr\u00fdv\u00e1 v\u0161echny t\u0159i oblasti, kter\u00e9 t\u011b u st\u00e1tn\u00ed maturity z angli\u010dtiny \u010dekaj\u00ed. Jestli\u017ee ti kurz nebude vyhovovat, m\u016f\u017ee\u0161 si do 14 dn\u016f vybrat jin\u00fd kurz nebo po\u017e\u00e1dat o vr\u00e1cen\u00ed pen\u011bz. <strong>Nic neriskuje\u0161<\/strong>, nev\u00e1hej a vyzkou\u0161ej to.","_et_gb_content_width":"","inline_featured_image":false},"product_cat":[111,109,60,49,46],"product_tag":[],"yoast_head":"<!-- This site is optimized with the Yoast SEO plugin v21.5 - https:\/\/yoast.com\/wordpress\/plugins\/seo\/ -->\n<title>Angli\u010dtina jako p\u0159\u00edprava ke st\u00e1tn\u00ed maturit\u011b - EasyLingo<\/title>\n<meta name=\"robots\" content=\"index, follow, max-snippet:-1, max-image-preview:large, max-video-preview:-1\" \/>\n<link rel=\"canonical\" href=\"https:\/\/easylingo.com\/cs\/eshop\/anglictina-jako-priprava-ke-statni-maturite\/\" \/>\n<meta property=\"og:locale\" content=\"cs_CZ\" \/>\n<meta property=\"og:type\" content=\"article\" \/>\n<meta property=\"og:title\" content=\"Angli\u010dtina jako p\u0159\u00edprava ke st\u00e1tn\u00ed maturit\u011b - EasyLingo\" \/>\n<meta property=\"og:description\" content=\"V\u00edme, \u017ee to d\u00e1\u0161! A\u00a0jak si t\u00edm m\u016f\u017eeme b\u00fdt jist\u00ed? Spojili jsme se s\u00a0gymn\u00e1zii, st\u0159edn\u00edmi \u0161kolami a\u00a0u\u010dili\u0161ti, abychom poznali pohled kantor\u016f a\u00a0komisa\u0159\u016f, kte\u0159\u00ed u\u00a0\u00fastn\u00ed \u010d\u00e1sti zkou\u0161ky sed\u00ed. Vyzvali jsme je ke spolupr\u00e1ci, jej\u00edm\u017e v\u00fdsledkem je unik\u00e1tn\u00ed 4 m\u011bs\u00ed\u010dn\u00ed kurz, kter\u00fd pokr\u00fdv\u00e1 v\u0161echny t\u0159i oblasti, kter\u00e9 t\u011b u st\u00e1tn\u00ed maturity z angli\u010dtiny \u010dekaj\u00ed. Jestli\u017ee ti kurz [&hellip;]\" \/>\n<meta property=\"og:url\" content=\"https:\/\/easylingo.com\/cs\/eshop\/anglictina-jako-priprava-ke-statni-maturite\/\" \/>\n<meta property=\"og:site_name\" content=\"EasyLingo\" \/>\n<meta property=\"article:publisher\" content=\"https:\/\/www.facebook.com\/onlinejazyky\/\" \/>\n<meta property=\"article:modified_time\" content=\"2023-03-22T10:58:27+00:00\" \/>\n<meta property=\"og:image\" content=\"https:\/\/easylingo.com\/cs\/wp-content\/uploads\/sites\/3\/2021\/01\/371-anglictina-jako-priprava-ke-statni-maturite.png\" \/>\n\t<meta property=\"og:image:width\" content=\"970\" \/>\n\t<meta property=\"og:image:height\" content=\"832\" \/>\n\t<meta property=\"og:image:type\" content=\"image\/png\" \/>\n<meta name=\"twitter:card\" content=\"summary_large_image\" \/>\n<meta name=\"twitter:label1\" content=\"Odhadovan\u00e1 doba \u010dten\u00ed\" \/>\n\t<meta name=\"twitter:data1\" content=\"1 minuta\" \/>\n<script type=\"application\/ld+json\" class=\"yoast-schema-graph\">{\"@context\":\"https:\/\/schema.org\",\"@graph\":[{\"@type\":\"WebPage\",\"@id\":\"https:\/\/easylingo.com\/cs\/eshop\/anglictina-jako-priprava-ke-statni-maturite\/\",\"url\":\"https:\/\/easylingo.com\/cs\/eshop\/anglictina-jako-priprava-ke-statni-maturite\/\",\"name\":\"Angli\u010dtina jako p\u0159\u00edprava ke st\u00e1tn\u00ed maturit\u011b - EasyLingo\",\"isPartOf\":{\"@id\":\"https:\/\/easylingo.com\/cs\/#website\"},\"datePublished\":\"2021-01-09T10:18:48+00:00\",\"dateModified\":\"2023-03-22T10:58:27+00:00\",\"breadcrumb\":{\"@id\":\"https:\/\/easylingo.com\/cs\/eshop\/anglictina-jako-priprava-ke-statni-maturite\/#breadcrumb\"},\"inLanguage\":\"cs\",\"potentialAction\":[{\"@type\":\"ReadAction\",\"target\":[\"https:\/\/easylingo.com\/cs\/eshop\/anglictina-jako-priprava-ke-statni-maturite\/\"]}]},{\"@type\":\"BreadcrumbList\",\"@id\":\"https:\/\/easylingo.com\/cs\/eshop\/anglictina-jako-priprava-ke-statni-maturite\/#breadcrumb\",\"itemListElement\":[{\"@type\":\"ListItem\",\"position\":1,\"name\":\"Home\",\"item\":\"https:\/\/easylingo.com\/cs\/\"},{\"@type\":\"ListItem\",\"position\":2,\"name\":\"E-shop\",\"item\":\"https:\/\/easylingo.com\/cs\/eshop\/\"},{\"@type\":\"ListItem\",\"position\":3,\"name\":\"Angli\u010dtina jako p\u0159\u00edprava ke st\u00e1tn\u00ed maturit\u011b\"}]},{\"@type\":\"WebSite\",\"@id\":\"https:\/\/easylingo.com\/cs\/#website\",\"url\":\"https:\/\/easylingo.com\/cs\/\",\"name\":\"EasyLingo\",\"description\":\"Nau\u010dte se jazyky: snadn\u011bji, z\u00e1bavn\u011bji a odkudkoliv.\",\"potentialAction\":[{\"@type\":\"SearchAction\",\"target\":{\"@type\":\"EntryPoint\",\"urlTemplate\":\"https:\/\/easylingo.com\/cs\/?s={search_term_string}\"},\"query-input\":\"required name=search_term_string\"}],\"inLanguage\":\"cs\"}]}<\/script>\n<!-- \/ Yoast SEO plugin. -->","yoast_head_json":{"title":"Angli\u010dtina jako p\u0159\u00edprava ke st\u00e1tn\u00ed maturit\u011b - EasyLingo","robots":{"index":"index","follow":"follow","max-snippet":"max-snippet:-1","max-image-preview":"max-image-preview:large","max-video-preview":"max-video-preview:-1"},"canonical":"https:\/\/easylingo.com\/cs\/eshop\/anglictina-jako-priprava-ke-statni-maturite\/","og_locale":"cs_CZ","og_type":"article","og_title":"Angli\u010dtina jako p\u0159\u00edprava ke st\u00e1tn\u00ed maturit\u011b - EasyLingo","og_description":"V\u00edme, \u017ee to d\u00e1\u0161! A\u00a0jak si t\u00edm m\u016f\u017eeme b\u00fdt jist\u00ed? Spojili jsme se s\u00a0gymn\u00e1zii, st\u0159edn\u00edmi \u0161kolami a\u00a0u\u010dili\u0161ti, abychom poznali pohled kantor\u016f a\u00a0komisa\u0159\u016f, kte\u0159\u00ed u\u00a0\u00fastn\u00ed \u010d\u00e1sti zkou\u0161ky sed\u00ed. Vyzvali jsme je ke spolupr\u00e1ci, jej\u00edm\u017e v\u00fdsledkem je unik\u00e1tn\u00ed 4 m\u011bs\u00ed\u010dn\u00ed kurz, kter\u00fd pokr\u00fdv\u00e1 v\u0161echny t\u0159i oblasti, kter\u00e9 t\u011b u st\u00e1tn\u00ed maturity z angli\u010dtiny \u010dekaj\u00ed. Jestli\u017ee ti kurz [&hellip;]","og_url":"https:\/\/easylingo.com\/cs\/eshop\/anglictina-jako-priprava-ke-statni-maturite\/","og_site_name":"EasyLingo","article_publisher":"https:\/\/www.facebook.com\/onlinejazyky\/","article_modified_time":"2023-03-22T10:58:27+00:00","og_image":[{"width":970,"height":832,"url":"https:\/\/easylingo.com\/cs\/wp-content\/uploads\/sites\/3\/2021\/01\/371-anglictina-jako-priprava-ke-statni-maturite.png","type":"image\/png"}],"twitter_card":"summary_large_image","twitter_misc":{"Odhadovan\u00e1 doba \u010dten\u00ed":"1 minuta"},"schema":{"@context":"https:\/\/schema.org","@graph":[{"@type":"WebPage","@id":"https:\/\/easylingo.com\/cs\/eshop\/anglictina-jako-priprava-ke-statni-maturite\/","url":"https:\/\/easylingo.com\/cs\/eshop\/anglictina-jako-priprava-ke-statni-maturite\/","name":"Angli\u010dtina jako p\u0159\u00edprava ke st\u00e1tn\u00ed maturit\u011b - EasyLingo","isPartOf":{"@id":"https:\/\/easylingo.com\/cs\/#website"},"datePublished":"2021-01-09T10:18:48+00:00","dateModified":"2023-03-22T10:58:27+00:00","breadcrumb":{"@id":"https:\/\/easylingo.com\/cs\/eshop\/anglictina-jako-priprava-ke-statni-maturite\/#breadcrumb"},"inLanguage":"cs","potentialAction":[{"@type":"ReadAction","target":["https:\/\/easylingo.com\/cs\/eshop\/anglictina-jako-priprava-ke-statni-maturite\/"]}]},{"@type":"BreadcrumbList","@id":"https:\/\/easylingo.com\/cs\/eshop\/anglictina-jako-priprava-ke-statni-maturite\/#breadcrumb","itemListElement":[{"@type":"ListItem","position":1,"name":"Home","item":"https:\/\/easylingo.com\/cs\/"},{"@type":"ListItem","position":2,"name":"E-shop","item":"https:\/\/easylingo.com\/cs\/eshop\/"},{"@type":"ListItem","position":3,"name":"Angli\u010dtina jako p\u0159\u00edprava ke st\u00e1tn\u00ed maturit\u011b"}]},{"@type":"WebSite","@id":"https:\/\/easylingo.com\/cs\/#website","url":"https:\/\/easylingo.com\/cs\/","name":"EasyLingo","description":"Nau\u010dte se jazyky: snadn\u011bji, z\u00e1bavn\u011bji a odkudkoliv.","potentialAction":[{"@type":"SearchAction","target":{"@type":"EntryPoint","urlTemplate":"https:\/\/easylingo.com\/cs\/?s={search_term_string}"},"query-input":"required name=search_term_string"}],"inLanguage":"cs"}]}},"_links":{"self":[{"href":"https:\/\/easylingo.com\/cs\/wp-json\/wp\/v2\/product\/15236"}],"collection":[{"href":"https:\/\/easylingo.com\/cs\/wp-json\/wp\/v2\/product"}],"about":[{"href":"https:\/\/easylingo.com\/cs\/wp-json\/wp\/v2\/types\/product"}],"replies":[{"embeddable":true,"href":"https:\/\/easylingo.com\/cs\/wp-json\/wp\/v2\/comments?post=15236"}],"wp:featuredmedia":[{"embeddable":true,"href":"https:\/\/easylingo.com\/cs\/wp-json\/wp\/v2\/media\/15329"}],"wp:attachment":[{"href":"https:\/\/easylingo.com\/cs\/wp-json\/wp\/v2\/media?parent=15236"}],"wp:term":[{"taxonomy":"product_cat","embeddable":true,"href":"https:\/\/easylingo.com\/cs\/wp-json\/wp\/v2\/product_cat?post=15236"},{"taxonomy":"product_tag","embeddable":true,"href":"https:\/\/easylingo.com\/cs\/wp-json\/wp\/v2\/product_tag?post=15236"}],"curies":[{"name":"wp","href":"https:\/\/api.w.org\/{rel}","templated":true}]}}