{"id":15248,"date":"2021-01-09T12:49:52","date_gmt":"2021-01-09T11:49:52","guid":{"rendered":"https:\/\/easylingo.com\/cs\/?post_type=product&#038;p=15248"},"modified":"2022-02-03T10:33:56","modified_gmt":"2022-02-03T09:33:56","slug":"nemcina-pro-zacatecniky-a1-plus","status":"publish","type":"product","link":"https:\/\/easylingo.com\/cs\/eshop\/nemcina-pro-zacatecniky-a1-plus\/","title":{"rendered":"N\u011bm\u010dina pro za\u010d\u00e1te\u010dn\u00edky A1+"},"content":{"rendered":"<p>U\u017e <strong>m\u00e1te na \u010dem stav\u011bt<\/strong>, ale je\u0161t\u011b po\u0159\u00e1d chyb\u00ed pot\u0159ebn\u00e1 sebed\u016fv\u011bra k\u00a0tomu, abyste klikli na \u00farove\u0148 A2? Nebav\u00ed v\u00e1s v\u011b\u010dn\u00e9 opakov\u00e1n\u00ed t\u011bch sam\u00fdch slov\u00ed\u010dek, slovesa \u201esein\u201c a\u00a0\u201ehaben\u201c vy\u010dasujete, i\u00a0kdy\u017e v\u00e1s vzbud\u00edm o\u00a0p\u016flnoci, <strong>ale po\u0159\u00e1d si nejste jist\u00ed v\u00a0kramflec\u00edch?<\/strong> Potom je n\u00e1sleduj\u00edc\u00ed kurz pr\u00e1v\u011b pro v\u00e1s! Jestli\u017ee se p\u0159esto odhadnete nespr\u00e1vn\u011b a\u00a0n\u00e1pl\u0148 kurzu v\u00e1m nebude vyhovovat, m\u016f\u017eete si do 14 dn\u016f vybrat jin\u00fd kurz nebo po\u017e\u00e1dat o\u00a0vr\u00e1cen\u00ed pen\u011bz. <strong>Nic neriskujete<\/strong>, nev\u00e1hejte a\u00a0zkuste to.<\/p>\n","protected":false},"excerpt":{"rendered":"<p>U\u017e m\u00e1te na \u010dem stav\u011bt, ale je\u0161t\u011b po\u0159\u00e1d chyb\u00ed pot\u0159ebn\u00e1 sebed\u016fv\u011bra k\u00a0tomu, abyste klikli na \u00farove\u0148 A2? Nebav\u00ed v\u00e1s v\u011b\u010dn\u00e9 opakov\u00e1n\u00ed t\u011bch sam\u00fdch slov\u00ed\u010dek, slovesa \u201esein\u201c a\u00a0\u201ehaben\u201c vy\u010dasujete, i\u00a0kdy\u017e v\u00e1s vzbud\u00edm o\u00a0p\u016flnoci, ale po\u0159\u00e1d si nejste jist\u00ed v\u00a0kramflec\u00edch? Potom je n\u00e1sleduj\u00edc\u00ed kurz pr\u00e1v\u011b pro v\u00e1s! Jestli\u017ee se p\u0159esto odhadnete nespr\u00e1vn\u011b a\u00a0n\u00e1pl\u0148 kurzu v\u00e1m nebude vyhovovat, [&hellip;]<\/p>\n","protected":false},"featured_media":15336,"comment_status":"closed","ping_status":"closed","template":"","meta":{"_et_pb_use_builder":"","_et_pb_old_content":"","_et_gb_content_width":"","inline_featured_image":false},"product_cat":[67,61,46],"product_tag":[],"yoast_head":"<!-- This site is optimized with the Yoast SEO plugin v21.5 - https:\/\/yoast.com\/wordpress\/plugins\/seo\/ -->\n<title>N\u011bm\u010dina pro za\u010d\u00e1te\u010dn\u00edky A1+ - EasyLingo<\/title>\n<meta name=\"robots\" content=\"index, follow, max-snippet:-1, max-image-preview:large, max-video-preview:-1\" \/>\n<link rel=\"canonical\" href=\"https:\/\/easylingo.com\/cs\/eshop\/nemcina-pro-zacatecniky-a1-plus\/\" \/>\n<meta property=\"og:locale\" content=\"cs_CZ\" \/>\n<meta property=\"og:type\" content=\"article\" \/>\n<meta property=\"og:title\" content=\"N\u011bm\u010dina pro za\u010d\u00e1te\u010dn\u00edky A1+ - EasyLingo\" \/>\n<meta property=\"og:description\" content=\"U\u017e m\u00e1te na \u010dem stav\u011bt, ale je\u0161t\u011b po\u0159\u00e1d chyb\u00ed pot\u0159ebn\u00e1 sebed\u016fv\u011bra k\u00a0tomu, abyste klikli na \u00farove\u0148 A2? Nebav\u00ed v\u00e1s v\u011b\u010dn\u00e9 opakov\u00e1n\u00ed t\u011bch sam\u00fdch slov\u00ed\u010dek, slovesa \u201esein\u201c a\u00a0\u201ehaben\u201c vy\u010dasujete, i\u00a0kdy\u017e v\u00e1s vzbud\u00edm o\u00a0p\u016flnoci, ale po\u0159\u00e1d si nejste jist\u00ed v\u00a0kramflec\u00edch? Potom je n\u00e1sleduj\u00edc\u00ed kurz pr\u00e1v\u011b pro v\u00e1s! Jestli\u017ee se p\u0159esto odhadnete nespr\u00e1vn\u011b a\u00a0n\u00e1pl\u0148 kurzu v\u00e1m nebude vyhovovat, [&hellip;]\" \/>\n<meta property=\"og:url\" content=\"https:\/\/easylingo.com\/cs\/eshop\/nemcina-pro-zacatecniky-a1-plus\/\" \/>\n<meta property=\"og:site_name\" content=\"EasyLingo\" \/>\n<meta property=\"article:publisher\" content=\"https:\/\/www.facebook.com\/onlinejazyky\/\" \/>\n<meta property=\"article:modified_time\" content=\"2022-02-03T09:33:56+00:00\" \/>\n<meta property=\"og:image\" content=\"https:\/\/easylingo.com\/cs\/wp-content\/uploads\/sites\/3\/2021\/01\/244-nemcina-pro-zacatecniky-a1.png\" \/>\n\t<meta property=\"og:image:width\" content=\"700\" \/>\n\t<meta property=\"og:image:height\" content=\"600\" \/>\n\t<meta property=\"og:image:type\" content=\"image\/png\" \/>\n<meta name=\"twitter:card\" content=\"summary_large_image\" \/>\n<meta name=\"twitter:label1\" content=\"Odhadovan\u00e1 doba \u010dten\u00ed\" \/>\n\t<meta name=\"twitter:data1\" content=\"1 minuta\" \/>\n<script type=\"application\/ld+json\" class=\"yoast-schema-graph\">{\"@context\":\"https:\/\/schema.org\",\"@graph\":[{\"@type\":\"WebPage\",\"@id\":\"https:\/\/easylingo.com\/cs\/eshop\/nemcina-pro-zacatecniky-a1-plus\/\",\"url\":\"https:\/\/easylingo.com\/cs\/eshop\/nemcina-pro-zacatecniky-a1-plus\/\",\"name\":\"N\u011bm\u010dina pro za\u010d\u00e1te\u010dn\u00edky A1+ - EasyLingo\",\"isPartOf\":{\"@id\":\"https:\/\/easylingo.com\/cs\/#website\"},\"datePublished\":\"2021-01-09T11:49:52+00:00\",\"dateModified\":\"2022-02-03T09:33:56+00:00\",\"breadcrumb\":{\"@id\":\"https:\/\/easylingo.com\/cs\/eshop\/nemcina-pro-zacatecniky-a1-plus\/#breadcrumb\"},\"inLanguage\":\"cs\",\"potentialAction\":[{\"@type\":\"ReadAction\",\"target\":[\"https:\/\/easylingo.com\/cs\/eshop\/nemcina-pro-zacatecniky-a1-plus\/\"]}]},{\"@type\":\"BreadcrumbList\",\"@id\":\"https:\/\/easylingo.com\/cs\/eshop\/nemcina-pro-zacatecniky-a1-plus\/#breadcrumb\",\"itemListElement\":[{\"@type\":\"ListItem\",\"position\":1,\"name\":\"Home\",\"item\":\"https:\/\/easylingo.com\/cs\/\"},{\"@type\":\"ListItem\",\"position\":2,\"name\":\"E-shop\",\"item\":\"https:\/\/easylingo.com\/cs\/eshop\/\"},{\"@type\":\"ListItem\",\"position\":3,\"name\":\"N\u011bm\u010dina pro za\u010d\u00e1te\u010dn\u00edky A1+\"}]},{\"@type\":\"WebSite\",\"@id\":\"https:\/\/easylingo.com\/cs\/#website\",\"url\":\"https:\/\/easylingo.com\/cs\/\",\"name\":\"EasyLingo\",\"description\":\"Nau\u010dte se jazyky: snadn\u011bji, z\u00e1bavn\u011bji a odkudkoliv.\",\"potentialAction\":[{\"@type\":\"SearchAction\",\"target\":{\"@type\":\"EntryPoint\",\"urlTemplate\":\"https:\/\/easylingo.com\/cs\/?s={search_term_string}\"},\"query-input\":\"required name=search_term_string\"}],\"inLanguage\":\"cs\"}]}<\/script>\n<!-- \/ Yoast SEO plugin. -->","yoast_head_json":{"title":"N\u011bm\u010dina pro za\u010d\u00e1te\u010dn\u00edky A1+ - EasyLingo","robots":{"index":"index","follow":"follow","max-snippet":"max-snippet:-1","max-image-preview":"max-image-preview:large","max-video-preview":"max-video-preview:-1"},"canonical":"https:\/\/easylingo.com\/cs\/eshop\/nemcina-pro-zacatecniky-a1-plus\/","og_locale":"cs_CZ","og_type":"article","og_title":"N\u011bm\u010dina pro za\u010d\u00e1te\u010dn\u00edky A1+ - EasyLingo","og_description":"U\u017e m\u00e1te na \u010dem stav\u011bt, ale je\u0161t\u011b po\u0159\u00e1d chyb\u00ed pot\u0159ebn\u00e1 sebed\u016fv\u011bra k\u00a0tomu, abyste klikli na \u00farove\u0148 A2? Nebav\u00ed v\u00e1s v\u011b\u010dn\u00e9 opakov\u00e1n\u00ed t\u011bch sam\u00fdch slov\u00ed\u010dek, slovesa \u201esein\u201c a\u00a0\u201ehaben\u201c vy\u010dasujete, i\u00a0kdy\u017e v\u00e1s vzbud\u00edm o\u00a0p\u016flnoci, ale po\u0159\u00e1d si nejste jist\u00ed v\u00a0kramflec\u00edch? Potom je n\u00e1sleduj\u00edc\u00ed kurz pr\u00e1v\u011b pro v\u00e1s! Jestli\u017ee se p\u0159esto odhadnete nespr\u00e1vn\u011b a\u00a0n\u00e1pl\u0148 kurzu v\u00e1m nebude vyhovovat, [&hellip;]","og_url":"https:\/\/easylingo.com\/cs\/eshop\/nemcina-pro-zacatecniky-a1-plus\/","og_site_name":"EasyLingo","article_publisher":"https:\/\/www.facebook.com\/onlinejazyky\/","article_modified_time":"2022-02-03T09:33:56+00:00","og_image":[{"width":700,"height":600,"url":"https:\/\/easylingo.com\/cs\/wp-content\/uploads\/sites\/3\/2021\/01\/244-nemcina-pro-zacatecniky-a1.png","type":"image\/png"}],"twitter_card":"summary_large_image","twitter_misc":{"Odhadovan\u00e1 doba \u010dten\u00ed":"1 minuta"},"schema":{"@context":"https:\/\/schema.org","@graph":[{"@type":"WebPage","@id":"https:\/\/easylingo.com\/cs\/eshop\/nemcina-pro-zacatecniky-a1-plus\/","url":"https:\/\/easylingo.com\/cs\/eshop\/nemcina-pro-zacatecniky-a1-plus\/","name":"N\u011bm\u010dina pro za\u010d\u00e1te\u010dn\u00edky A1+ - EasyLingo","isPartOf":{"@id":"https:\/\/easylingo.com\/cs\/#website"},"datePublished":"2021-01-09T11:49:52+00:00","dateModified":"2022-02-03T09:33:56+00:00","breadcrumb":{"@id":"https:\/\/easylingo.com\/cs\/eshop\/nemcina-pro-zacatecniky-a1-plus\/#breadcrumb"},"inLanguage":"cs","potentialAction":[{"@type":"ReadAction","target":["https:\/\/easylingo.com\/cs\/eshop\/nemcina-pro-zacatecniky-a1-plus\/"]}]},{"@type":"BreadcrumbList","@id":"https:\/\/easylingo.com\/cs\/eshop\/nemcina-pro-zacatecniky-a1-plus\/#breadcrumb","itemListElement":[{"@type":"ListItem","position":1,"name":"Home","item":"https:\/\/easylingo.com\/cs\/"},{"@type":"ListItem","position":2,"name":"E-shop","item":"https:\/\/easylingo.com\/cs\/eshop\/"},{"@type":"ListItem","position":3,"name":"N\u011bm\u010dina pro za\u010d\u00e1te\u010dn\u00edky A1+"}]},{"@type":"WebSite","@id":"https:\/\/easylingo.com\/cs\/#website","url":"https:\/\/easylingo.com\/cs\/","name":"EasyLingo","description":"Nau\u010dte se jazyky: snadn\u011bji, z\u00e1bavn\u011bji a odkudkoliv.","potentialAction":[{"@type":"SearchAction","target":{"@type":"EntryPoint","urlTemplate":"https:\/\/easylingo.com\/cs\/?s={search_term_string}"},"query-input":"required name=search_term_string"}],"inLanguage":"cs"}]}},"_links":{"self":[{"href":"https:\/\/easylingo.com\/cs\/wp-json\/wp\/v2\/product\/15248"}],"collection":[{"href":"https:\/\/easylingo.com\/cs\/wp-json\/wp\/v2\/product"}],"about":[{"href":"https:\/\/easylingo.com\/cs\/wp-json\/wp\/v2\/types\/product"}],"replies":[{"embeddable":true,"href":"https:\/\/easylingo.com\/cs\/wp-json\/wp\/v2\/comments?post=15248"}],"wp:featuredmedia":[{"embeddable":true,"href":"https:\/\/easylingo.com\/cs\/wp-json\/wp\/v2\/media\/15336"}],"wp:attachment":[{"href":"https:\/\/easylingo.com\/cs\/wp-json\/wp\/v2\/media?parent=15248"}],"wp:term":[{"taxonomy":"product_cat","embeddable":true,"href":"https:\/\/easylingo.com\/cs\/wp-json\/wp\/v2\/product_cat?post=15248"},{"taxonomy":"product_tag","embeddable":true,"href":"https:\/\/easylingo.com\/cs\/wp-json\/wp\/v2\/product_tag?post=15248"}],"curies":[{"name":"wp","href":"https:\/\/api.w.org\/{rel}","templated":true}]}}