{"id":15249,"date":"2021-01-09T12:50:45","date_gmt":"2021-01-09T11:50:45","guid":{"rendered":"https:\/\/easylingo.com\/cs\/?post_type=product&#038;p=15249"},"modified":"2022-02-03T10:33:50","modified_gmt":"2022-02-03T09:33:50","slug":"nemcina-pro-znale-zacatecniky-a2","status":"publish","type":"product","link":"https:\/\/easylingo.com\/cs\/eshop\/nemcina-pro-znale-zacatecniky-a2\/","title":{"rendered":"N\u011bm\u010dina pro znal\u00e9 za\u010d\u00e1te\u010dn\u00edky A2"},"content":{"rendered":"<p>Pokud je pro v\u00e1s pokro\u010dil\u00e1 \u00farove\u0148 n\u011bm\u010diny je\u0161t\u011b p\u0159\u00edli\u0161 n\u00e1ro\u010dn\u00e1 a\u00a0na za\u010d\u00e1tku ji\u017e tak\u00e9 nejste, pak vyzkou\u0161ejte kurz n\u011bm\u010diny pro znal\u00e9 za\u010d\u00e1te\u010dn\u00edky A2. <strong>Pom\u016f\u017eeme v\u00e1m<\/strong> se dostat do pokro\u010dil\u00e9 \u00farovn\u011b. Z\u00e1rove\u0148 procvi\u010duje v\u0161echny jazykov\u00e9 dovednosti &#8211; \u010dten\u00ed, poslech, mluven\u00fd a\u00a0p\u00edsemn\u00fd projev. Jestli\u017ee se odhadnete nespr\u00e1vn\u011b a\u00a0n\u00e1pl\u0148 kurzu v\u00e1m nebude vyhovovat, m\u016f\u017eete si do 14 dn\u016f vybrat jin\u00fd kurz nebo po\u017e\u00e1dat o\u00a0vr\u00e1cen\u00ed pen\u011bz. <strong>Nic neriskujete<\/strong>, nev\u00e1hejte a\u00a0zkuste to<\/p>\n","protected":false},"excerpt":{"rendered":"<p>Pokud je pro v\u00e1s pokro\u010dil\u00e1 \u00farove\u0148 n\u011bm\u010diny je\u0161t\u011b p\u0159\u00edli\u0161 n\u00e1ro\u010dn\u00e1 a\u00a0na za\u010d\u00e1tku ji\u017e tak\u00e9 nejste, pak vyzkou\u0161ejte kurz n\u011bm\u010diny pro znal\u00e9 za\u010d\u00e1te\u010dn\u00edky A2. Pom\u016f\u017eeme v\u00e1m se dostat do pokro\u010dil\u00e9 \u00farovn\u011b. Z\u00e1rove\u0148 procvi\u010duje v\u0161echny jazykov\u00e9 dovednosti &#8211; \u010dten\u00ed, poslech, mluven\u00fd a\u00a0p\u00edsemn\u00fd projev. Jestli\u017ee se odhadnete nespr\u00e1vn\u011b a\u00a0n\u00e1pl\u0148 kurzu v\u00e1m nebude vyhovovat, m\u016f\u017eete si do 14 dn\u016f [&hellip;]<\/p>\n","protected":false},"featured_media":15337,"comment_status":"closed","ping_status":"closed","template":"","meta":{"_et_pb_use_builder":"","_et_pb_old_content":"","_et_gb_content_width":"","inline_featured_image":false},"product_cat":[67,61,46],"product_tag":[],"yoast_head":"<!-- This site is optimized with the Yoast SEO plugin v21.5 - https:\/\/yoast.com\/wordpress\/plugins\/seo\/ -->\n<title>N\u011bm\u010dina pro znal\u00e9 za\u010d\u00e1te\u010dn\u00edky A2 - EasyLingo<\/title>\n<meta name=\"robots\" content=\"index, follow, max-snippet:-1, max-image-preview:large, max-video-preview:-1\" \/>\n<link rel=\"canonical\" href=\"https:\/\/easylingo.com\/cs\/eshop\/nemcina-pro-znale-zacatecniky-a2\/\" \/>\n<meta property=\"og:locale\" content=\"cs_CZ\" \/>\n<meta property=\"og:type\" content=\"article\" \/>\n<meta property=\"og:title\" content=\"N\u011bm\u010dina pro znal\u00e9 za\u010d\u00e1te\u010dn\u00edky A2 - EasyLingo\" \/>\n<meta property=\"og:description\" content=\"Pokud je pro v\u00e1s pokro\u010dil\u00e1 \u00farove\u0148 n\u011bm\u010diny je\u0161t\u011b p\u0159\u00edli\u0161 n\u00e1ro\u010dn\u00e1 a\u00a0na za\u010d\u00e1tku ji\u017e tak\u00e9 nejste, pak vyzkou\u0161ejte kurz n\u011bm\u010diny pro znal\u00e9 za\u010d\u00e1te\u010dn\u00edky A2. Pom\u016f\u017eeme v\u00e1m se dostat do pokro\u010dil\u00e9 \u00farovn\u011b. Z\u00e1rove\u0148 procvi\u010duje v\u0161echny jazykov\u00e9 dovednosti &#8211; \u010dten\u00ed, poslech, mluven\u00fd a\u00a0p\u00edsemn\u00fd projev. Jestli\u017ee se odhadnete nespr\u00e1vn\u011b a\u00a0n\u00e1pl\u0148 kurzu v\u00e1m nebude vyhovovat, m\u016f\u017eete si do 14 dn\u016f [&hellip;]\" \/>\n<meta property=\"og:url\" content=\"https:\/\/easylingo.com\/cs\/eshop\/nemcina-pro-znale-zacatecniky-a2\/\" \/>\n<meta property=\"og:site_name\" content=\"EasyLingo\" \/>\n<meta property=\"article:publisher\" content=\"https:\/\/www.facebook.com\/onlinejazyky\/\" \/>\n<meta property=\"article:modified_time\" content=\"2022-02-03T09:33:50+00:00\" \/>\n<meta property=\"og:image\" content=\"https:\/\/easylingo.com\/cs\/wp-content\/uploads\/sites\/3\/2021\/01\/245-nemcina-pro-znale-zacatecniky-a2.png\" \/>\n\t<meta property=\"og:image:width\" content=\"700\" \/>\n\t<meta property=\"og:image:height\" content=\"600\" \/>\n\t<meta property=\"og:image:type\" content=\"image\/png\" \/>\n<meta name=\"twitter:card\" content=\"summary_large_image\" \/>\n<meta name=\"twitter:label1\" content=\"Odhadovan\u00e1 doba \u010dten\u00ed\" \/>\n\t<meta name=\"twitter:data1\" content=\"1 minuta\" \/>\n<script type=\"application\/ld+json\" class=\"yoast-schema-graph\">{\"@context\":\"https:\/\/schema.org\",\"@graph\":[{\"@type\":\"WebPage\",\"@id\":\"https:\/\/easylingo.com\/cs\/eshop\/nemcina-pro-znale-zacatecniky-a2\/\",\"url\":\"https:\/\/easylingo.com\/cs\/eshop\/nemcina-pro-znale-zacatecniky-a2\/\",\"name\":\"N\u011bm\u010dina pro znal\u00e9 za\u010d\u00e1te\u010dn\u00edky A2 - EasyLingo\",\"isPartOf\":{\"@id\":\"https:\/\/easylingo.com\/cs\/#website\"},\"datePublished\":\"2021-01-09T11:50:45+00:00\",\"dateModified\":\"2022-02-03T09:33:50+00:00\",\"breadcrumb\":{\"@id\":\"https:\/\/easylingo.com\/cs\/eshop\/nemcina-pro-znale-zacatecniky-a2\/#breadcrumb\"},\"inLanguage\":\"cs\",\"potentialAction\":[{\"@type\":\"ReadAction\",\"target\":[\"https:\/\/easylingo.com\/cs\/eshop\/nemcina-pro-znale-zacatecniky-a2\/\"]}]},{\"@type\":\"BreadcrumbList\",\"@id\":\"https:\/\/easylingo.com\/cs\/eshop\/nemcina-pro-znale-zacatecniky-a2\/#breadcrumb\",\"itemListElement\":[{\"@type\":\"ListItem\",\"position\":1,\"name\":\"Home\",\"item\":\"https:\/\/easylingo.com\/cs\/\"},{\"@type\":\"ListItem\",\"position\":2,\"name\":\"E-shop\",\"item\":\"https:\/\/easylingo.com\/cs\/eshop\/\"},{\"@type\":\"ListItem\",\"position\":3,\"name\":\"N\u011bm\u010dina pro znal\u00e9 za\u010d\u00e1te\u010dn\u00edky A2\"}]},{\"@type\":\"WebSite\",\"@id\":\"https:\/\/easylingo.com\/cs\/#website\",\"url\":\"https:\/\/easylingo.com\/cs\/\",\"name\":\"EasyLingo\",\"description\":\"Nau\u010dte se jazyky: snadn\u011bji, z\u00e1bavn\u011bji a odkudkoliv.\",\"potentialAction\":[{\"@type\":\"SearchAction\",\"target\":{\"@type\":\"EntryPoint\",\"urlTemplate\":\"https:\/\/easylingo.com\/cs\/?s={search_term_string}\"},\"query-input\":\"required name=search_term_string\"}],\"inLanguage\":\"cs\"}]}<\/script>\n<!-- \/ Yoast SEO plugin. -->","yoast_head_json":{"title":"N\u011bm\u010dina pro znal\u00e9 za\u010d\u00e1te\u010dn\u00edky A2 - EasyLingo","robots":{"index":"index","follow":"follow","max-snippet":"max-snippet:-1","max-image-preview":"max-image-preview:large","max-video-preview":"max-video-preview:-1"},"canonical":"https:\/\/easylingo.com\/cs\/eshop\/nemcina-pro-znale-zacatecniky-a2\/","og_locale":"cs_CZ","og_type":"article","og_title":"N\u011bm\u010dina pro znal\u00e9 za\u010d\u00e1te\u010dn\u00edky A2 - EasyLingo","og_description":"Pokud je pro v\u00e1s pokro\u010dil\u00e1 \u00farove\u0148 n\u011bm\u010diny je\u0161t\u011b p\u0159\u00edli\u0161 n\u00e1ro\u010dn\u00e1 a\u00a0na za\u010d\u00e1tku ji\u017e tak\u00e9 nejste, pak vyzkou\u0161ejte kurz n\u011bm\u010diny pro znal\u00e9 za\u010d\u00e1te\u010dn\u00edky A2. Pom\u016f\u017eeme v\u00e1m se dostat do pokro\u010dil\u00e9 \u00farovn\u011b. Z\u00e1rove\u0148 procvi\u010duje v\u0161echny jazykov\u00e9 dovednosti &#8211; \u010dten\u00ed, poslech, mluven\u00fd a\u00a0p\u00edsemn\u00fd projev. Jestli\u017ee se odhadnete nespr\u00e1vn\u011b a\u00a0n\u00e1pl\u0148 kurzu v\u00e1m nebude vyhovovat, m\u016f\u017eete si do 14 dn\u016f [&hellip;]","og_url":"https:\/\/easylingo.com\/cs\/eshop\/nemcina-pro-znale-zacatecniky-a2\/","og_site_name":"EasyLingo","article_publisher":"https:\/\/www.facebook.com\/onlinejazyky\/","article_modified_time":"2022-02-03T09:33:50+00:00","og_image":[{"width":700,"height":600,"url":"https:\/\/easylingo.com\/cs\/wp-content\/uploads\/sites\/3\/2021\/01\/245-nemcina-pro-znale-zacatecniky-a2.png","type":"image\/png"}],"twitter_card":"summary_large_image","twitter_misc":{"Odhadovan\u00e1 doba \u010dten\u00ed":"1 minuta"},"schema":{"@context":"https:\/\/schema.org","@graph":[{"@type":"WebPage","@id":"https:\/\/easylingo.com\/cs\/eshop\/nemcina-pro-znale-zacatecniky-a2\/","url":"https:\/\/easylingo.com\/cs\/eshop\/nemcina-pro-znale-zacatecniky-a2\/","name":"N\u011bm\u010dina pro znal\u00e9 za\u010d\u00e1te\u010dn\u00edky A2 - EasyLingo","isPartOf":{"@id":"https:\/\/easylingo.com\/cs\/#website"},"datePublished":"2021-01-09T11:50:45+00:00","dateModified":"2022-02-03T09:33:50+00:00","breadcrumb":{"@id":"https:\/\/easylingo.com\/cs\/eshop\/nemcina-pro-znale-zacatecniky-a2\/#breadcrumb"},"inLanguage":"cs","potentialAction":[{"@type":"ReadAction","target":["https:\/\/easylingo.com\/cs\/eshop\/nemcina-pro-znale-zacatecniky-a2\/"]}]},{"@type":"BreadcrumbList","@id":"https:\/\/easylingo.com\/cs\/eshop\/nemcina-pro-znale-zacatecniky-a2\/#breadcrumb","itemListElement":[{"@type":"ListItem","position":1,"name":"Home","item":"https:\/\/easylingo.com\/cs\/"},{"@type":"ListItem","position":2,"name":"E-shop","item":"https:\/\/easylingo.com\/cs\/eshop\/"},{"@type":"ListItem","position":3,"name":"N\u011bm\u010dina pro znal\u00e9 za\u010d\u00e1te\u010dn\u00edky A2"}]},{"@type":"WebSite","@id":"https:\/\/easylingo.com\/cs\/#website","url":"https:\/\/easylingo.com\/cs\/","name":"EasyLingo","description":"Nau\u010dte se jazyky: snadn\u011bji, z\u00e1bavn\u011bji a odkudkoliv.","potentialAction":[{"@type":"SearchAction","target":{"@type":"EntryPoint","urlTemplate":"https:\/\/easylingo.com\/cs\/?s={search_term_string}"},"query-input":"required name=search_term_string"}],"inLanguage":"cs"}]}},"_links":{"self":[{"href":"https:\/\/easylingo.com\/cs\/wp-json\/wp\/v2\/product\/15249"}],"collection":[{"href":"https:\/\/easylingo.com\/cs\/wp-json\/wp\/v2\/product"}],"about":[{"href":"https:\/\/easylingo.com\/cs\/wp-json\/wp\/v2\/types\/product"}],"replies":[{"embeddable":true,"href":"https:\/\/easylingo.com\/cs\/wp-json\/wp\/v2\/comments?post=15249"}],"wp:featuredmedia":[{"embeddable":true,"href":"https:\/\/easylingo.com\/cs\/wp-json\/wp\/v2\/media\/15337"}],"wp:attachment":[{"href":"https:\/\/easylingo.com\/cs\/wp-json\/wp\/v2\/media?parent=15249"}],"wp:term":[{"taxonomy":"product_cat","embeddable":true,"href":"https:\/\/easylingo.com\/cs\/wp-json\/wp\/v2\/product_cat?post=15249"},{"taxonomy":"product_tag","embeddable":true,"href":"https:\/\/easylingo.com\/cs\/wp-json\/wp\/v2\/product_tag?post=15249"}],"curies":[{"name":"wp","href":"https:\/\/api.w.org\/{rel}","templated":true}]}}