{"id":15250,"date":"2021-01-09T12:51:45","date_gmt":"2021-01-09T11:51:45","guid":{"rendered":"https:\/\/easylingo.com\/cs\/?post_type=product&#038;p=15250"},"modified":"2022-02-03T10:33:43","modified_gmt":"2022-02-03T09:33:43","slug":"nemcina-pro-mirne-pokrocile-b1","status":"publish","type":"product","link":"https:\/\/easylingo.com\/cs\/eshop\/nemcina-pro-mirne-pokrocile-b1\/","title":{"rendered":"N\u011bm\u010dina pro m\u00edrn\u011b pokro\u010dil\u00e9 B1"},"content":{"rendered":"<p>Z\u00e1klady um\u00edte, ale kdy\u017e m\u00e1te souvisle komunikovat chyb\u00ed v\u00e1m slov\u00ed\u010dka a\u00a0nejste si jisti gramatikou? <strong>Dopl\u0148ujte si mozaiku<\/strong> toho, co um\u00edte. Pracujte na zdokonalov\u00e1n\u00ed sv\u00fdch znalost\u00ed a\u00a0dostane se v\u00e1m schopnosti plynn\u011b konverzovat bez z\u00e1kladn\u00edch gramatick\u00fdch chyb. Kurz obsahuje 6+1 m\u011bs\u00edc\u016f studia. Jestli\u017ee se odhadnete nespr\u00e1vn\u011b a\u00a0n\u00e1pl\u0148 kurzu v\u00e1m nebude vyhovovat, m\u016f\u017eete si do 14 dn\u016f vybrat jin\u00fd kurz nebo po\u017e\u00e1dat o\u00a0vr\u00e1cen\u00ed pen\u011bz. <strong>Nic neriskujete<\/strong>, nev\u00e1hejte a\u00a0zkuste to.<\/p>\n","protected":false},"excerpt":{"rendered":"<p>Z\u00e1klady um\u00edte, ale kdy\u017e m\u00e1te souvisle komunikovat chyb\u00ed v\u00e1m slov\u00ed\u010dka a\u00a0nejste si jisti gramatikou? Dopl\u0148ujte si mozaiku toho, co um\u00edte. Pracujte na zdokonalov\u00e1n\u00ed sv\u00fdch znalost\u00ed a\u00a0dostane se v\u00e1m schopnosti plynn\u011b konverzovat bez z\u00e1kladn\u00edch gramatick\u00fdch chyb. Kurz obsahuje 6+1 m\u011bs\u00edc\u016f studia. Jestli\u017ee se odhadnete nespr\u00e1vn\u011b a\u00a0n\u00e1pl\u0148 kurzu v\u00e1m nebude vyhovovat, m\u016f\u017eete si do 14 dn\u016f vybrat [&hellip;]<\/p>\n","protected":false},"featured_media":15338,"comment_status":"closed","ping_status":"closed","template":"","meta":{"_et_pb_use_builder":"","_et_pb_old_content":"","_et_gb_content_width":"","inline_featured_image":false},"product_cat":[67,61,46],"product_tag":[],"yoast_head":"<!-- This site is optimized with the Yoast SEO plugin v21.5 - https:\/\/yoast.com\/wordpress\/plugins\/seo\/ -->\n<title>N\u011bm\u010dina pro m\u00edrn\u011b pokro\u010dil\u00e9 B1 - EasyLingo<\/title>\n<meta name=\"robots\" content=\"index, follow, max-snippet:-1, max-image-preview:large, max-video-preview:-1\" \/>\n<link rel=\"canonical\" href=\"https:\/\/easylingo.com\/cs\/eshop\/nemcina-pro-mirne-pokrocile-b1\/\" \/>\n<meta property=\"og:locale\" content=\"cs_CZ\" \/>\n<meta property=\"og:type\" content=\"article\" \/>\n<meta property=\"og:title\" content=\"N\u011bm\u010dina pro m\u00edrn\u011b pokro\u010dil\u00e9 B1 - EasyLingo\" \/>\n<meta property=\"og:description\" content=\"Z\u00e1klady um\u00edte, ale kdy\u017e m\u00e1te souvisle komunikovat chyb\u00ed v\u00e1m slov\u00ed\u010dka a\u00a0nejste si jisti gramatikou? Dopl\u0148ujte si mozaiku toho, co um\u00edte. Pracujte na zdokonalov\u00e1n\u00ed sv\u00fdch znalost\u00ed a\u00a0dostane se v\u00e1m schopnosti plynn\u011b konverzovat bez z\u00e1kladn\u00edch gramatick\u00fdch chyb. Kurz obsahuje 6+1 m\u011bs\u00edc\u016f studia. Jestli\u017ee se odhadnete nespr\u00e1vn\u011b a\u00a0n\u00e1pl\u0148 kurzu v\u00e1m nebude vyhovovat, m\u016f\u017eete si do 14 dn\u016f vybrat [&hellip;]\" \/>\n<meta property=\"og:url\" content=\"https:\/\/easylingo.com\/cs\/eshop\/nemcina-pro-mirne-pokrocile-b1\/\" \/>\n<meta property=\"og:site_name\" content=\"EasyLingo\" \/>\n<meta property=\"article:publisher\" content=\"https:\/\/www.facebook.com\/onlinejazyky\/\" \/>\n<meta property=\"article:modified_time\" content=\"2022-02-03T09:33:43+00:00\" \/>\n<meta property=\"og:image\" content=\"https:\/\/easylingo.com\/cs\/wp-content\/uploads\/sites\/3\/2021\/01\/246-nemcina-pro-mirne-pokrocile-b1.png\" \/>\n\t<meta property=\"og:image:width\" content=\"700\" \/>\n\t<meta property=\"og:image:height\" content=\"600\" \/>\n\t<meta property=\"og:image:type\" content=\"image\/png\" \/>\n<meta name=\"twitter:card\" content=\"summary_large_image\" \/>\n<script type=\"application\/ld+json\" class=\"yoast-schema-graph\">{\"@context\":\"https:\/\/schema.org\",\"@graph\":[{\"@type\":\"WebPage\",\"@id\":\"https:\/\/easylingo.com\/cs\/eshop\/nemcina-pro-mirne-pokrocile-b1\/\",\"url\":\"https:\/\/easylingo.com\/cs\/eshop\/nemcina-pro-mirne-pokrocile-b1\/\",\"name\":\"N\u011bm\u010dina pro m\u00edrn\u011b pokro\u010dil\u00e9 B1 - EasyLingo\",\"isPartOf\":{\"@id\":\"https:\/\/easylingo.com\/cs\/#website\"},\"datePublished\":\"2021-01-09T11:51:45+00:00\",\"dateModified\":\"2022-02-03T09:33:43+00:00\",\"breadcrumb\":{\"@id\":\"https:\/\/easylingo.com\/cs\/eshop\/nemcina-pro-mirne-pokrocile-b1\/#breadcrumb\"},\"inLanguage\":\"cs\",\"potentialAction\":[{\"@type\":\"ReadAction\",\"target\":[\"https:\/\/easylingo.com\/cs\/eshop\/nemcina-pro-mirne-pokrocile-b1\/\"]}]},{\"@type\":\"BreadcrumbList\",\"@id\":\"https:\/\/easylingo.com\/cs\/eshop\/nemcina-pro-mirne-pokrocile-b1\/#breadcrumb\",\"itemListElement\":[{\"@type\":\"ListItem\",\"position\":1,\"name\":\"Home\",\"item\":\"https:\/\/easylingo.com\/cs\/\"},{\"@type\":\"ListItem\",\"position\":2,\"name\":\"E-shop\",\"item\":\"https:\/\/easylingo.com\/cs\/eshop\/\"},{\"@type\":\"ListItem\",\"position\":3,\"name\":\"N\u011bm\u010dina pro m\u00edrn\u011b pokro\u010dil\u00e9 B1\"}]},{\"@type\":\"WebSite\",\"@id\":\"https:\/\/easylingo.com\/cs\/#website\",\"url\":\"https:\/\/easylingo.com\/cs\/\",\"name\":\"EasyLingo\",\"description\":\"Nau\u010dte se jazyky: snadn\u011bji, z\u00e1bavn\u011bji a odkudkoliv.\",\"potentialAction\":[{\"@type\":\"SearchAction\",\"target\":{\"@type\":\"EntryPoint\",\"urlTemplate\":\"https:\/\/easylingo.com\/cs\/?s={search_term_string}\"},\"query-input\":\"required name=search_term_string\"}],\"inLanguage\":\"cs\"}]}<\/script>\n<!-- \/ Yoast SEO plugin. -->","yoast_head_json":{"title":"N\u011bm\u010dina pro m\u00edrn\u011b pokro\u010dil\u00e9 B1 - EasyLingo","robots":{"index":"index","follow":"follow","max-snippet":"max-snippet:-1","max-image-preview":"max-image-preview:large","max-video-preview":"max-video-preview:-1"},"canonical":"https:\/\/easylingo.com\/cs\/eshop\/nemcina-pro-mirne-pokrocile-b1\/","og_locale":"cs_CZ","og_type":"article","og_title":"N\u011bm\u010dina pro m\u00edrn\u011b pokro\u010dil\u00e9 B1 - EasyLingo","og_description":"Z\u00e1klady um\u00edte, ale kdy\u017e m\u00e1te souvisle komunikovat chyb\u00ed v\u00e1m slov\u00ed\u010dka a\u00a0nejste si jisti gramatikou? Dopl\u0148ujte si mozaiku toho, co um\u00edte. Pracujte na zdokonalov\u00e1n\u00ed sv\u00fdch znalost\u00ed a\u00a0dostane se v\u00e1m schopnosti plynn\u011b konverzovat bez z\u00e1kladn\u00edch gramatick\u00fdch chyb. Kurz obsahuje 6+1 m\u011bs\u00edc\u016f studia. Jestli\u017ee se odhadnete nespr\u00e1vn\u011b a\u00a0n\u00e1pl\u0148 kurzu v\u00e1m nebude vyhovovat, m\u016f\u017eete si do 14 dn\u016f vybrat [&hellip;]","og_url":"https:\/\/easylingo.com\/cs\/eshop\/nemcina-pro-mirne-pokrocile-b1\/","og_site_name":"EasyLingo","article_publisher":"https:\/\/www.facebook.com\/onlinejazyky\/","article_modified_time":"2022-02-03T09:33:43+00:00","og_image":[{"width":700,"height":600,"url":"https:\/\/easylingo.com\/cs\/wp-content\/uploads\/sites\/3\/2021\/01\/246-nemcina-pro-mirne-pokrocile-b1.png","type":"image\/png"}],"twitter_card":"summary_large_image","schema":{"@context":"https:\/\/schema.org","@graph":[{"@type":"WebPage","@id":"https:\/\/easylingo.com\/cs\/eshop\/nemcina-pro-mirne-pokrocile-b1\/","url":"https:\/\/easylingo.com\/cs\/eshop\/nemcina-pro-mirne-pokrocile-b1\/","name":"N\u011bm\u010dina pro m\u00edrn\u011b pokro\u010dil\u00e9 B1 - EasyLingo","isPartOf":{"@id":"https:\/\/easylingo.com\/cs\/#website"},"datePublished":"2021-01-09T11:51:45+00:00","dateModified":"2022-02-03T09:33:43+00:00","breadcrumb":{"@id":"https:\/\/easylingo.com\/cs\/eshop\/nemcina-pro-mirne-pokrocile-b1\/#breadcrumb"},"inLanguage":"cs","potentialAction":[{"@type":"ReadAction","target":["https:\/\/easylingo.com\/cs\/eshop\/nemcina-pro-mirne-pokrocile-b1\/"]}]},{"@type":"BreadcrumbList","@id":"https:\/\/easylingo.com\/cs\/eshop\/nemcina-pro-mirne-pokrocile-b1\/#breadcrumb","itemListElement":[{"@type":"ListItem","position":1,"name":"Home","item":"https:\/\/easylingo.com\/cs\/"},{"@type":"ListItem","position":2,"name":"E-shop","item":"https:\/\/easylingo.com\/cs\/eshop\/"},{"@type":"ListItem","position":3,"name":"N\u011bm\u010dina pro m\u00edrn\u011b pokro\u010dil\u00e9 B1"}]},{"@type":"WebSite","@id":"https:\/\/easylingo.com\/cs\/#website","url":"https:\/\/easylingo.com\/cs\/","name":"EasyLingo","description":"Nau\u010dte se jazyky: snadn\u011bji, z\u00e1bavn\u011bji a odkudkoliv.","potentialAction":[{"@type":"SearchAction","target":{"@type":"EntryPoint","urlTemplate":"https:\/\/easylingo.com\/cs\/?s={search_term_string}"},"query-input":"required name=search_term_string"}],"inLanguage":"cs"}]}},"_links":{"self":[{"href":"https:\/\/easylingo.com\/cs\/wp-json\/wp\/v2\/product\/15250"}],"collection":[{"href":"https:\/\/easylingo.com\/cs\/wp-json\/wp\/v2\/product"}],"about":[{"href":"https:\/\/easylingo.com\/cs\/wp-json\/wp\/v2\/types\/product"}],"replies":[{"embeddable":true,"href":"https:\/\/easylingo.com\/cs\/wp-json\/wp\/v2\/comments?post=15250"}],"wp:featuredmedia":[{"embeddable":true,"href":"https:\/\/easylingo.com\/cs\/wp-json\/wp\/v2\/media\/15338"}],"wp:attachment":[{"href":"https:\/\/easylingo.com\/cs\/wp-json\/wp\/v2\/media?parent=15250"}],"wp:term":[{"taxonomy":"product_cat","embeddable":true,"href":"https:\/\/easylingo.com\/cs\/wp-json\/wp\/v2\/product_cat?post=15250"},{"taxonomy":"product_tag","embeddable":true,"href":"https:\/\/easylingo.com\/cs\/wp-json\/wp\/v2\/product_tag?post=15250"}],"curies":[{"name":"wp","href":"https:\/\/api.w.org\/{rel}","templated":true}]}}