{"id":15262,"date":"2021-01-10T11:54:58","date_gmt":"2021-01-10T10:54:58","guid":{"rendered":"https:\/\/easylingo.com\/cs\/?post_type=product&#038;p=15262"},"modified":"2022-02-03T10:30:50","modified_gmt":"2022-02-03T09:30:50","slug":"francouzstina-pro-mirne-pokrocile-b1","status":"publish","type":"product","link":"https:\/\/easylingo.com\/cs\/eshop\/francouzstina-pro-mirne-pokrocile-b1\/","title":{"rendered":"Francouz\u0161tina pro m\u00edrn\u011b pokro\u010dil\u00e9 B1"},"content":{"rendered":"<p>Jste ji\u017e schopni mluvit o\u00a0sv\u00fdch kon\u00ed\u010dc\u00edch, cest\u00e1ch do zahrani\u010d\u00ed \u010di pl\u00e1nech do budoucna, ale <strong>st\u00e1le si nejste jisti<\/strong> n\u011bkter\u00fdmi slovn\u00edmi spojen\u00edmi \u010di gramatikou? <strong>Poj\u010fte se s\u00a0n\u00e1mi ujistit<\/strong>, \u017ee dok\u00e1\u017eete plynule mluvit o\u00a0sob\u011b i\u00a0lidech a\u00a0situac\u00edch kolem v\u00e1s. V\u00a0kurzu francouz\u0161tina pro m\u00edrn\u011b pokro\u010dil\u00e9 B1 se nau\u010d\u00edte vyj\u00e1d\u0159it sv\u00e9 pocity, n\u00e1zory i\u00a0n\u00e1lady. Jestli\u017ee se odhadnete nespr\u00e1vn\u011b a\u00a0n\u00e1pl\u0148 kurzu v\u00e1m nebude vyhovovat, m\u016f\u017eete si do 14 dn\u016f vybrat jin\u00fd kurz nebo po\u017e\u00e1dat o\u00a0vr\u00e1cen\u00ed pen\u011bz. <strong>Nic neriskujete<\/strong>, nev\u00e1hejte a\u00a0zkuste to.<\/p>\n","protected":false},"excerpt":{"rendered":"<p>Jste ji\u017e schopni mluvit o\u00a0sv\u00fdch kon\u00ed\u010dc\u00edch, cest\u00e1ch do zahrani\u010d\u00ed \u010di pl\u00e1nech do budoucna, ale st\u00e1le si nejste jisti n\u011bkter\u00fdmi slovn\u00edmi spojen\u00edmi \u010di gramatikou? Poj\u010fte se s\u00a0n\u00e1mi ujistit, \u017ee dok\u00e1\u017eete plynule mluvit o\u00a0sob\u011b i\u00a0lidech a\u00a0situac\u00edch kolem v\u00e1s. V\u00a0kurzu francouz\u0161tina pro m\u00edrn\u011b pokro\u010dil\u00e9 B1 se nau\u010d\u00edte vyj\u00e1d\u0159it sv\u00e9 pocity, n\u00e1zory i\u00a0n\u00e1lady. Jestli\u017ee se odhadnete nespr\u00e1vn\u011b a\u00a0n\u00e1pl\u0148 kurzu [&hellip;]<\/p>\n","protected":false},"featured_media":15355,"comment_status":"closed","ping_status":"closed","template":"","meta":{"_et_pb_use_builder":"","_et_pb_old_content":"","_et_gb_content_width":"","inline_featured_image":false},"product_cat":[70,62,46],"product_tag":[],"yoast_head":"<!-- This site is optimized with the Yoast SEO plugin v21.5 - https:\/\/yoast.com\/wordpress\/plugins\/seo\/ -->\n<title>Francouz\u0161tina pro m\u00edrn\u011b pokro\u010dil\u00e9 B1 - EasyLingo<\/title>\n<meta name=\"robots\" content=\"index, follow, max-snippet:-1, max-image-preview:large, max-video-preview:-1\" \/>\n<link rel=\"canonical\" href=\"https:\/\/easylingo.com\/cs\/eshop\/francouzstina-pro-mirne-pokrocile-b1\/\" \/>\n<meta property=\"og:locale\" content=\"cs_CZ\" \/>\n<meta property=\"og:type\" content=\"article\" \/>\n<meta property=\"og:title\" content=\"Francouz\u0161tina pro m\u00edrn\u011b pokro\u010dil\u00e9 B1 - EasyLingo\" \/>\n<meta property=\"og:description\" content=\"Jste ji\u017e schopni mluvit o\u00a0sv\u00fdch kon\u00ed\u010dc\u00edch, cest\u00e1ch do zahrani\u010d\u00ed \u010di pl\u00e1nech do budoucna, ale st\u00e1le si nejste jisti n\u011bkter\u00fdmi slovn\u00edmi spojen\u00edmi \u010di gramatikou? Poj\u010fte se s\u00a0n\u00e1mi ujistit, \u017ee dok\u00e1\u017eete plynule mluvit o\u00a0sob\u011b i\u00a0lidech a\u00a0situac\u00edch kolem v\u00e1s. V\u00a0kurzu francouz\u0161tina pro m\u00edrn\u011b pokro\u010dil\u00e9 B1 se nau\u010d\u00edte vyj\u00e1d\u0159it sv\u00e9 pocity, n\u00e1zory i\u00a0n\u00e1lady. Jestli\u017ee se odhadnete nespr\u00e1vn\u011b a\u00a0n\u00e1pl\u0148 kurzu [&hellip;]\" \/>\n<meta property=\"og:url\" content=\"https:\/\/easylingo.com\/cs\/eshop\/francouzstina-pro-mirne-pokrocile-b1\/\" \/>\n<meta property=\"og:site_name\" content=\"EasyLingo\" \/>\n<meta property=\"article:publisher\" content=\"https:\/\/www.facebook.com\/onlinejazyky\/\" \/>\n<meta property=\"article:modified_time\" content=\"2022-02-03T09:30:50+00:00\" \/>\n<meta property=\"og:image\" content=\"https:\/\/easylingo.com\/cs\/wp-content\/uploads\/sites\/3\/2021\/01\/176-francouzstina-pro-mirne-pokrocile-b1.png\" \/>\n\t<meta property=\"og:image:width\" content=\"350\" \/>\n\t<meta property=\"og:image:height\" content=\"300\" \/>\n\t<meta property=\"og:image:type\" content=\"image\/png\" \/>\n<meta name=\"twitter:card\" content=\"summary_large_image\" \/>\n<meta name=\"twitter:label1\" content=\"Odhadovan\u00e1 doba \u010dten\u00ed\" \/>\n\t<meta name=\"twitter:data1\" content=\"1 minuta\" \/>\n<script type=\"application\/ld+json\" class=\"yoast-schema-graph\">{\"@context\":\"https:\/\/schema.org\",\"@graph\":[{\"@type\":\"WebPage\",\"@id\":\"https:\/\/easylingo.com\/cs\/eshop\/francouzstina-pro-mirne-pokrocile-b1\/\",\"url\":\"https:\/\/easylingo.com\/cs\/eshop\/francouzstina-pro-mirne-pokrocile-b1\/\",\"name\":\"Francouz\u0161tina pro m\u00edrn\u011b pokro\u010dil\u00e9 B1 - EasyLingo\",\"isPartOf\":{\"@id\":\"https:\/\/easylingo.com\/cs\/#website\"},\"datePublished\":\"2021-01-10T10:54:58+00:00\",\"dateModified\":\"2022-02-03T09:30:50+00:00\",\"breadcrumb\":{\"@id\":\"https:\/\/easylingo.com\/cs\/eshop\/francouzstina-pro-mirne-pokrocile-b1\/#breadcrumb\"},\"inLanguage\":\"cs\",\"potentialAction\":[{\"@type\":\"ReadAction\",\"target\":[\"https:\/\/easylingo.com\/cs\/eshop\/francouzstina-pro-mirne-pokrocile-b1\/\"]}]},{\"@type\":\"BreadcrumbList\",\"@id\":\"https:\/\/easylingo.com\/cs\/eshop\/francouzstina-pro-mirne-pokrocile-b1\/#breadcrumb\",\"itemListElement\":[{\"@type\":\"ListItem\",\"position\":1,\"name\":\"Home\",\"item\":\"https:\/\/easylingo.com\/cs\/\"},{\"@type\":\"ListItem\",\"position\":2,\"name\":\"E-shop\",\"item\":\"https:\/\/easylingo.com\/cs\/eshop\/\"},{\"@type\":\"ListItem\",\"position\":3,\"name\":\"Francouz\u0161tina pro m\u00edrn\u011b pokro\u010dil\u00e9 B1\"}]},{\"@type\":\"WebSite\",\"@id\":\"https:\/\/easylingo.com\/cs\/#website\",\"url\":\"https:\/\/easylingo.com\/cs\/\",\"name\":\"EasyLingo\",\"description\":\"Nau\u010dte se jazyky: snadn\u011bji, z\u00e1bavn\u011bji a odkudkoliv.\",\"potentialAction\":[{\"@type\":\"SearchAction\",\"target\":{\"@type\":\"EntryPoint\",\"urlTemplate\":\"https:\/\/easylingo.com\/cs\/?s={search_term_string}\"},\"query-input\":\"required name=search_term_string\"}],\"inLanguage\":\"cs\"}]}<\/script>\n<!-- \/ Yoast SEO plugin. -->","yoast_head_json":{"title":"Francouz\u0161tina pro m\u00edrn\u011b pokro\u010dil\u00e9 B1 - EasyLingo","robots":{"index":"index","follow":"follow","max-snippet":"max-snippet:-1","max-image-preview":"max-image-preview:large","max-video-preview":"max-video-preview:-1"},"canonical":"https:\/\/easylingo.com\/cs\/eshop\/francouzstina-pro-mirne-pokrocile-b1\/","og_locale":"cs_CZ","og_type":"article","og_title":"Francouz\u0161tina pro m\u00edrn\u011b pokro\u010dil\u00e9 B1 - EasyLingo","og_description":"Jste ji\u017e schopni mluvit o\u00a0sv\u00fdch kon\u00ed\u010dc\u00edch, cest\u00e1ch do zahrani\u010d\u00ed \u010di pl\u00e1nech do budoucna, ale st\u00e1le si nejste jisti n\u011bkter\u00fdmi slovn\u00edmi spojen\u00edmi \u010di gramatikou? Poj\u010fte se s\u00a0n\u00e1mi ujistit, \u017ee dok\u00e1\u017eete plynule mluvit o\u00a0sob\u011b i\u00a0lidech a\u00a0situac\u00edch kolem v\u00e1s. V\u00a0kurzu francouz\u0161tina pro m\u00edrn\u011b pokro\u010dil\u00e9 B1 se nau\u010d\u00edte vyj\u00e1d\u0159it sv\u00e9 pocity, n\u00e1zory i\u00a0n\u00e1lady. Jestli\u017ee se odhadnete nespr\u00e1vn\u011b a\u00a0n\u00e1pl\u0148 kurzu [&hellip;]","og_url":"https:\/\/easylingo.com\/cs\/eshop\/francouzstina-pro-mirne-pokrocile-b1\/","og_site_name":"EasyLingo","article_publisher":"https:\/\/www.facebook.com\/onlinejazyky\/","article_modified_time":"2022-02-03T09:30:50+00:00","og_image":[{"width":350,"height":300,"url":"https:\/\/easylingo.com\/cs\/wp-content\/uploads\/sites\/3\/2021\/01\/176-francouzstina-pro-mirne-pokrocile-b1.png","type":"image\/png"}],"twitter_card":"summary_large_image","twitter_misc":{"Odhadovan\u00e1 doba \u010dten\u00ed":"1 minuta"},"schema":{"@context":"https:\/\/schema.org","@graph":[{"@type":"WebPage","@id":"https:\/\/easylingo.com\/cs\/eshop\/francouzstina-pro-mirne-pokrocile-b1\/","url":"https:\/\/easylingo.com\/cs\/eshop\/francouzstina-pro-mirne-pokrocile-b1\/","name":"Francouz\u0161tina pro m\u00edrn\u011b pokro\u010dil\u00e9 B1 - EasyLingo","isPartOf":{"@id":"https:\/\/easylingo.com\/cs\/#website"},"datePublished":"2021-01-10T10:54:58+00:00","dateModified":"2022-02-03T09:30:50+00:00","breadcrumb":{"@id":"https:\/\/easylingo.com\/cs\/eshop\/francouzstina-pro-mirne-pokrocile-b1\/#breadcrumb"},"inLanguage":"cs","potentialAction":[{"@type":"ReadAction","target":["https:\/\/easylingo.com\/cs\/eshop\/francouzstina-pro-mirne-pokrocile-b1\/"]}]},{"@type":"BreadcrumbList","@id":"https:\/\/easylingo.com\/cs\/eshop\/francouzstina-pro-mirne-pokrocile-b1\/#breadcrumb","itemListElement":[{"@type":"ListItem","position":1,"name":"Home","item":"https:\/\/easylingo.com\/cs\/"},{"@type":"ListItem","position":2,"name":"E-shop","item":"https:\/\/easylingo.com\/cs\/eshop\/"},{"@type":"ListItem","position":3,"name":"Francouz\u0161tina pro m\u00edrn\u011b pokro\u010dil\u00e9 B1"}]},{"@type":"WebSite","@id":"https:\/\/easylingo.com\/cs\/#website","url":"https:\/\/easylingo.com\/cs\/","name":"EasyLingo","description":"Nau\u010dte se jazyky: snadn\u011bji, z\u00e1bavn\u011bji a odkudkoliv.","potentialAction":[{"@type":"SearchAction","target":{"@type":"EntryPoint","urlTemplate":"https:\/\/easylingo.com\/cs\/?s={search_term_string}"},"query-input":"required name=search_term_string"}],"inLanguage":"cs"}]}},"_links":{"self":[{"href":"https:\/\/easylingo.com\/cs\/wp-json\/wp\/v2\/product\/15262"}],"collection":[{"href":"https:\/\/easylingo.com\/cs\/wp-json\/wp\/v2\/product"}],"about":[{"href":"https:\/\/easylingo.com\/cs\/wp-json\/wp\/v2\/types\/product"}],"replies":[{"embeddable":true,"href":"https:\/\/easylingo.com\/cs\/wp-json\/wp\/v2\/comments?post=15262"}],"wp:featuredmedia":[{"embeddable":true,"href":"https:\/\/easylingo.com\/cs\/wp-json\/wp\/v2\/media\/15355"}],"wp:attachment":[{"href":"https:\/\/easylingo.com\/cs\/wp-json\/wp\/v2\/media?parent=15262"}],"wp:term":[{"taxonomy":"product_cat","embeddable":true,"href":"https:\/\/easylingo.com\/cs\/wp-json\/wp\/v2\/product_cat?post=15262"},{"taxonomy":"product_tag","embeddable":true,"href":"https:\/\/easylingo.com\/cs\/wp-json\/wp\/v2\/product_tag?post=15262"}],"curies":[{"name":"wp","href":"https:\/\/api.w.org\/{rel}","templated":true}]}}