{"id":15267,"date":"2021-01-10T12:27:35","date_gmt":"2021-01-10T11:27:35","guid":{"rendered":"https:\/\/easylingo.com\/cs\/?post_type=product&#038;p=15267"},"modified":"2022-02-07T15:05:13","modified_gmt":"2022-02-07T14:05:13","slug":"francouzska-slovicka-pro-b1","status":"publish","type":"product","link":"https:\/\/easylingo.com\/cs\/eshop\/francouzska-slovicka-pro-b1\/","title":{"rendered":"Francouzsk\u00e1 slov\u00ed\u010dka pro B1"},"content":{"rendered":"<p>Kurz francouzsk\u00e1 slov\u00ed\u010dka B1 je ur\u010den <strong>pro m\u00edrn\u011b pokro\u010dil\u00e9<\/strong>. Je vhodn\u00fdm dopl\u0148kem k\u00a0obecn\u00fdm online kurz\u016fm, ale tak k\u00a0jazykov\u00fdm u\u010debnic\u00edm. Slovn\u00ed z\u00e1soba se procvi\u010duje r\u016fzn\u00fdmi druhy cvi\u010den\u00ed a\u00a0<strong>do procvi\u010dov\u00e1n\u00ed se zapojuj\u00ed v\u0161echny jazykov\u00e9 dovednosti<\/strong> &#8211; \u010dten\u00ed, psan\u00ed, poslech, mluven\u00ed. V\u00a0p\u0159\u00edpad\u011b tohoto kurzu je velk\u00fd d\u016fraz kladen na <strong>n\u00e1cvik v\u00fdslovnosti<\/strong>. Jestli\u017ee se odhadnete nespr\u00e1vn\u011b a\u00a0n\u00e1pl\u0148 kurzu v\u00e1m nebude vyhovovat, m\u016f\u017eete si do 14 dn\u016f vybrat jin\u00fd kurz nebo po\u017e\u00e1dat o\u00a0vr\u00e1cen\u00ed pen\u011bz. <strong>Nic neriskujete<\/strong>, nev\u00e1hejte a\u00a0zkuste to.<\/p>\n","protected":false},"excerpt":{"rendered":"<p>Kurz francouzsk\u00e1 slov\u00ed\u010dka B1 je ur\u010den pro m\u00edrn\u011b pokro\u010dil\u00e9. Je vhodn\u00fdm dopl\u0148kem k\u00a0obecn\u00fdm online kurz\u016fm, ale tak k\u00a0jazykov\u00fdm u\u010debnic\u00edm. Slovn\u00ed z\u00e1soba se procvi\u010duje r\u016fzn\u00fdmi druhy cvi\u010den\u00ed a\u00a0do procvi\u010dov\u00e1n\u00ed se zapojuj\u00ed v\u0161echny jazykov\u00e9 dovednosti &#8211; \u010dten\u00ed, psan\u00ed, poslech, mluven\u00ed. V\u00a0p\u0159\u00edpad\u011b tohoto kurzu je velk\u00fd d\u016fraz kladen na n\u00e1cvik v\u00fdslovnosti. Jestli\u017ee se odhadnete nespr\u00e1vn\u011b a\u00a0n\u00e1pl\u0148 kurzu v\u00e1m [&hellip;]<\/p>\n","protected":false},"featured_media":15808,"comment_status":"closed","ping_status":"closed","template":"","meta":{"_et_pb_use_builder":"","_et_pb_old_content":"","_et_gb_content_width":"","inline_featured_image":false},"product_cat":[83,71,93,62,46],"product_tag":[],"yoast_head":"<!-- This site is optimized with the Yoast SEO plugin v21.5 - https:\/\/yoast.com\/wordpress\/plugins\/seo\/ -->\n<title>Francouzsk\u00e1 slov\u00ed\u010dka pro B1 - EasyLingo<\/title>\n<meta name=\"robots\" content=\"index, follow, max-snippet:-1, max-image-preview:large, max-video-preview:-1\" \/>\n<link rel=\"canonical\" href=\"https:\/\/easylingo.com\/cs\/eshop\/francouzska-slovicka-pro-b1\/\" \/>\n<meta property=\"og:locale\" content=\"cs_CZ\" \/>\n<meta property=\"og:type\" content=\"article\" \/>\n<meta property=\"og:title\" content=\"Francouzsk\u00e1 slov\u00ed\u010dka pro B1 - EasyLingo\" \/>\n<meta property=\"og:description\" content=\"Kurz francouzsk\u00e1 slov\u00ed\u010dka B1 je ur\u010den pro m\u00edrn\u011b pokro\u010dil\u00e9. Je vhodn\u00fdm dopl\u0148kem k\u00a0obecn\u00fdm online kurz\u016fm, ale tak k\u00a0jazykov\u00fdm u\u010debnic\u00edm. Slovn\u00ed z\u00e1soba se procvi\u010duje r\u016fzn\u00fdmi druhy cvi\u010den\u00ed a\u00a0do procvi\u010dov\u00e1n\u00ed se zapojuj\u00ed v\u0161echny jazykov\u00e9 dovednosti &#8211; \u010dten\u00ed, psan\u00ed, poslech, mluven\u00ed. V\u00a0p\u0159\u00edpad\u011b tohoto kurzu je velk\u00fd d\u016fraz kladen na n\u00e1cvik v\u00fdslovnosti. Jestli\u017ee se odhadnete nespr\u00e1vn\u011b a\u00a0n\u00e1pl\u0148 kurzu v\u00e1m [&hellip;]\" \/>\n<meta property=\"og:url\" content=\"https:\/\/easylingo.com\/cs\/eshop\/francouzska-slovicka-pro-b1\/\" \/>\n<meta property=\"og:site_name\" content=\"EasyLingo\" \/>\n<meta property=\"article:publisher\" content=\"https:\/\/www.facebook.com\/onlinejazyky\/\" \/>\n<meta property=\"article:modified_time\" content=\"2022-02-07T14:05:13+00:00\" \/>\n<meta property=\"og:image\" content=\"https:\/\/easylingo.com\/cs\/wp-content\/uploads\/sites\/3\/2021\/01\/OJ_FJ_slovicka_B1.png\" \/>\n\t<meta property=\"og:image:width\" content=\"700\" \/>\n\t<meta property=\"og:image:height\" content=\"600\" \/>\n\t<meta property=\"og:image:type\" content=\"image\/png\" \/>\n<meta name=\"twitter:card\" content=\"summary_large_image\" \/>\n<meta name=\"twitter:label1\" content=\"Odhadovan\u00e1 doba \u010dten\u00ed\" \/>\n\t<meta name=\"twitter:data1\" content=\"1 minuta\" \/>\n<script type=\"application\/ld+json\" class=\"yoast-schema-graph\">{\"@context\":\"https:\/\/schema.org\",\"@graph\":[{\"@type\":\"WebPage\",\"@id\":\"https:\/\/easylingo.com\/cs\/eshop\/francouzska-slovicka-pro-b1\/\",\"url\":\"https:\/\/easylingo.com\/cs\/eshop\/francouzska-slovicka-pro-b1\/\",\"name\":\"Francouzsk\u00e1 slov\u00ed\u010dka pro B1 - EasyLingo\",\"isPartOf\":{\"@id\":\"https:\/\/easylingo.com\/cs\/#website\"},\"datePublished\":\"2021-01-10T11:27:35+00:00\",\"dateModified\":\"2022-02-07T14:05:13+00:00\",\"breadcrumb\":{\"@id\":\"https:\/\/easylingo.com\/cs\/eshop\/francouzska-slovicka-pro-b1\/#breadcrumb\"},\"inLanguage\":\"cs\",\"potentialAction\":[{\"@type\":\"ReadAction\",\"target\":[\"https:\/\/easylingo.com\/cs\/eshop\/francouzska-slovicka-pro-b1\/\"]}]},{\"@type\":\"BreadcrumbList\",\"@id\":\"https:\/\/easylingo.com\/cs\/eshop\/francouzska-slovicka-pro-b1\/#breadcrumb\",\"itemListElement\":[{\"@type\":\"ListItem\",\"position\":1,\"name\":\"Home\",\"item\":\"https:\/\/easylingo.com\/cs\/\"},{\"@type\":\"ListItem\",\"position\":2,\"name\":\"E-shop\",\"item\":\"https:\/\/easylingo.com\/cs\/eshop\/\"},{\"@type\":\"ListItem\",\"position\":3,\"name\":\"Francouzsk\u00e1 slov\u00ed\u010dka pro B1\"}]},{\"@type\":\"WebSite\",\"@id\":\"https:\/\/easylingo.com\/cs\/#website\",\"url\":\"https:\/\/easylingo.com\/cs\/\",\"name\":\"EasyLingo\",\"description\":\"Nau\u010dte se jazyky: snadn\u011bji, z\u00e1bavn\u011bji a odkudkoliv.\",\"potentialAction\":[{\"@type\":\"SearchAction\",\"target\":{\"@type\":\"EntryPoint\",\"urlTemplate\":\"https:\/\/easylingo.com\/cs\/?s={search_term_string}\"},\"query-input\":\"required name=search_term_string\"}],\"inLanguage\":\"cs\"}]}<\/script>\n<!-- \/ Yoast SEO plugin. -->","yoast_head_json":{"title":"Francouzsk\u00e1 slov\u00ed\u010dka pro B1 - EasyLingo","robots":{"index":"index","follow":"follow","max-snippet":"max-snippet:-1","max-image-preview":"max-image-preview:large","max-video-preview":"max-video-preview:-1"},"canonical":"https:\/\/easylingo.com\/cs\/eshop\/francouzska-slovicka-pro-b1\/","og_locale":"cs_CZ","og_type":"article","og_title":"Francouzsk\u00e1 slov\u00ed\u010dka pro B1 - EasyLingo","og_description":"Kurz francouzsk\u00e1 slov\u00ed\u010dka B1 je ur\u010den pro m\u00edrn\u011b pokro\u010dil\u00e9. Je vhodn\u00fdm dopl\u0148kem k\u00a0obecn\u00fdm online kurz\u016fm, ale tak k\u00a0jazykov\u00fdm u\u010debnic\u00edm. Slovn\u00ed z\u00e1soba se procvi\u010duje r\u016fzn\u00fdmi druhy cvi\u010den\u00ed a\u00a0do procvi\u010dov\u00e1n\u00ed se zapojuj\u00ed v\u0161echny jazykov\u00e9 dovednosti &#8211; \u010dten\u00ed, psan\u00ed, poslech, mluven\u00ed. V\u00a0p\u0159\u00edpad\u011b tohoto kurzu je velk\u00fd d\u016fraz kladen na n\u00e1cvik v\u00fdslovnosti. Jestli\u017ee se odhadnete nespr\u00e1vn\u011b a\u00a0n\u00e1pl\u0148 kurzu v\u00e1m [&hellip;]","og_url":"https:\/\/easylingo.com\/cs\/eshop\/francouzska-slovicka-pro-b1\/","og_site_name":"EasyLingo","article_publisher":"https:\/\/www.facebook.com\/onlinejazyky\/","article_modified_time":"2022-02-07T14:05:13+00:00","og_image":[{"width":700,"height":600,"url":"https:\/\/easylingo.com\/cs\/wp-content\/uploads\/sites\/3\/2021\/01\/OJ_FJ_slovicka_B1.png","type":"image\/png"}],"twitter_card":"summary_large_image","twitter_misc":{"Odhadovan\u00e1 doba \u010dten\u00ed":"1 minuta"},"schema":{"@context":"https:\/\/schema.org","@graph":[{"@type":"WebPage","@id":"https:\/\/easylingo.com\/cs\/eshop\/francouzska-slovicka-pro-b1\/","url":"https:\/\/easylingo.com\/cs\/eshop\/francouzska-slovicka-pro-b1\/","name":"Francouzsk\u00e1 slov\u00ed\u010dka pro B1 - EasyLingo","isPartOf":{"@id":"https:\/\/easylingo.com\/cs\/#website"},"datePublished":"2021-01-10T11:27:35+00:00","dateModified":"2022-02-07T14:05:13+00:00","breadcrumb":{"@id":"https:\/\/easylingo.com\/cs\/eshop\/francouzska-slovicka-pro-b1\/#breadcrumb"},"inLanguage":"cs","potentialAction":[{"@type":"ReadAction","target":["https:\/\/easylingo.com\/cs\/eshop\/francouzska-slovicka-pro-b1\/"]}]},{"@type":"BreadcrumbList","@id":"https:\/\/easylingo.com\/cs\/eshop\/francouzska-slovicka-pro-b1\/#breadcrumb","itemListElement":[{"@type":"ListItem","position":1,"name":"Home","item":"https:\/\/easylingo.com\/cs\/"},{"@type":"ListItem","position":2,"name":"E-shop","item":"https:\/\/easylingo.com\/cs\/eshop\/"},{"@type":"ListItem","position":3,"name":"Francouzsk\u00e1 slov\u00ed\u010dka pro B1"}]},{"@type":"WebSite","@id":"https:\/\/easylingo.com\/cs\/#website","url":"https:\/\/easylingo.com\/cs\/","name":"EasyLingo","description":"Nau\u010dte se jazyky: snadn\u011bji, z\u00e1bavn\u011bji a odkudkoliv.","potentialAction":[{"@type":"SearchAction","target":{"@type":"EntryPoint","urlTemplate":"https:\/\/easylingo.com\/cs\/?s={search_term_string}"},"query-input":"required name=search_term_string"}],"inLanguage":"cs"}]}},"_links":{"self":[{"href":"https:\/\/easylingo.com\/cs\/wp-json\/wp\/v2\/product\/15267"}],"collection":[{"href":"https:\/\/easylingo.com\/cs\/wp-json\/wp\/v2\/product"}],"about":[{"href":"https:\/\/easylingo.com\/cs\/wp-json\/wp\/v2\/types\/product"}],"replies":[{"embeddable":true,"href":"https:\/\/easylingo.com\/cs\/wp-json\/wp\/v2\/comments?post=15267"}],"wp:featuredmedia":[{"embeddable":true,"href":"https:\/\/easylingo.com\/cs\/wp-json\/wp\/v2\/media\/15808"}],"wp:attachment":[{"href":"https:\/\/easylingo.com\/cs\/wp-json\/wp\/v2\/media?parent=15267"}],"wp:term":[{"taxonomy":"product_cat","embeddable":true,"href":"https:\/\/easylingo.com\/cs\/wp-json\/wp\/v2\/product_cat?post=15267"},{"taxonomy":"product_tag","embeddable":true,"href":"https:\/\/easylingo.com\/cs\/wp-json\/wp\/v2\/product_tag?post=15267"}],"curies":[{"name":"wp","href":"https:\/\/api.w.org\/{rel}","templated":true}]}}