{"id":15269,"date":"2021-01-10T12:36:11","date_gmt":"2021-01-10T11:36:11","guid":{"rendered":"https:\/\/easylingo.com\/cs\/?post_type=product&#038;p=15269"},"modified":"2022-02-03T10:29:34","modified_gmt":"2022-02-03T09:29:34","slug":"spanelstina-pro-znale-zacatecniky-a2","status":"publish","type":"product","link":"https:\/\/easylingo.com\/cs\/eshop\/spanelstina-pro-znale-zacatecniky-a2\/","title":{"rendered":"\u0160pan\u011bl\u0161tina pro znal\u00e9 za\u010d\u00e1te\u010dn\u00edky A2"},"content":{"rendered":"<p>Je\u0161t\u011b se nec\u00edt\u00edte na pokro\u010dilou \u00farove\u0148 ale znova na start se v\u00e1m u\u017e taky nechce? Vyzkou\u0161ejte kurz pro znal\u00e9 za\u010d\u00e1te\u010dn\u00edky. <strong>Systematicky v\u00e1s povedeme do pokro\u010dil\u00e9 \u00farovn\u011b. <\/strong>Jestli\u017ee se odhadnete nespr\u00e1vn\u011b a\u00a0n\u00e1pl\u0148 kurzu v\u00e1m nebude vyhovovat, m\u016f\u017eete si do 14 dn\u016f vybrat jin\u00fd kurz nebo po\u017e\u00e1dat o\u00a0vr\u00e1cen\u00ed pen\u011bz. <strong>Nic neriskujete<\/strong>, nev\u00e1hejte a\u00a0zkuste to.<\/p>\n","protected":false},"excerpt":{"rendered":"<p>Je\u0161t\u011b se nec\u00edt\u00edte na pokro\u010dilou \u00farove\u0148 ale znova na start se v\u00e1m u\u017e taky nechce? Vyzkou\u0161ejte kurz pro znal\u00e9 za\u010d\u00e1te\u010dn\u00edky. Systematicky v\u00e1s povedeme do pokro\u010dil\u00e9 \u00farovn\u011b. Jestli\u017ee se odhadnete nespr\u00e1vn\u011b a\u00a0n\u00e1pl\u0148 kurzu v\u00e1m nebude vyhovovat, m\u016f\u017eete si do 14 dn\u016f vybrat jin\u00fd kurz nebo po\u017e\u00e1dat o\u00a0vr\u00e1cen\u00ed pen\u011bz. Nic neriskujete, nev\u00e1hejte a\u00a0zkuste to.<\/p>\n","protected":false},"featured_media":15370,"comment_status":"closed","ping_status":"closed","template":"","meta":{"_et_pb_use_builder":"","_et_pb_old_content":"","_et_gb_content_width":"","inline_featured_image":false},"product_cat":[73,46,63],"product_tag":[],"yoast_head":"<!-- This site is optimized with the Yoast SEO plugin v21.5 - https:\/\/yoast.com\/wordpress\/plugins\/seo\/ -->\n<title>\u0160pan\u011bl\u0161tina pro znal\u00e9 za\u010d\u00e1te\u010dn\u00edky A2 - EasyLingo<\/title>\n<meta name=\"robots\" content=\"index, follow, max-snippet:-1, max-image-preview:large, max-video-preview:-1\" \/>\n<link rel=\"canonical\" href=\"https:\/\/easylingo.com\/cs\/eshop\/spanelstina-pro-znale-zacatecniky-a2\/\" \/>\n<meta property=\"og:locale\" content=\"cs_CZ\" \/>\n<meta property=\"og:type\" content=\"article\" \/>\n<meta property=\"og:title\" content=\"\u0160pan\u011bl\u0161tina pro znal\u00e9 za\u010d\u00e1te\u010dn\u00edky A2 - EasyLingo\" \/>\n<meta property=\"og:description\" content=\"Je\u0161t\u011b se nec\u00edt\u00edte na pokro\u010dilou \u00farove\u0148 ale znova na start se v\u00e1m u\u017e taky nechce? Vyzkou\u0161ejte kurz pro znal\u00e9 za\u010d\u00e1te\u010dn\u00edky. Systematicky v\u00e1s povedeme do pokro\u010dil\u00e9 \u00farovn\u011b. Jestli\u017ee se odhadnete nespr\u00e1vn\u011b a\u00a0n\u00e1pl\u0148 kurzu v\u00e1m nebude vyhovovat, m\u016f\u017eete si do 14 dn\u016f vybrat jin\u00fd kurz nebo po\u017e\u00e1dat o\u00a0vr\u00e1cen\u00ed pen\u011bz. Nic neriskujete, nev\u00e1hejte a\u00a0zkuste to.\" \/>\n<meta property=\"og:url\" content=\"https:\/\/easylingo.com\/cs\/eshop\/spanelstina-pro-znale-zacatecniky-a2\/\" \/>\n<meta property=\"og:site_name\" content=\"EasyLingo\" \/>\n<meta property=\"article:publisher\" content=\"https:\/\/www.facebook.com\/onlinejazyky\/\" \/>\n<meta property=\"article:modified_time\" content=\"2022-02-03T09:29:34+00:00\" \/>\n<meta property=\"og:image\" content=\"https:\/\/easylingo.com\/cs\/wp-content\/uploads\/sites\/3\/2021\/01\/375-spanelstina-pro-znale-zacatecniky-a2.png\" \/>\n\t<meta property=\"og:image:width\" content=\"970\" \/>\n\t<meta property=\"og:image:height\" content=\"831\" \/>\n\t<meta property=\"og:image:type\" content=\"image\/png\" \/>\n<meta name=\"twitter:card\" content=\"summary_large_image\" \/>\n<script type=\"application\/ld+json\" class=\"yoast-schema-graph\">{\"@context\":\"https:\/\/schema.org\",\"@graph\":[{\"@type\":\"WebPage\",\"@id\":\"https:\/\/easylingo.com\/cs\/eshop\/spanelstina-pro-znale-zacatecniky-a2\/\",\"url\":\"https:\/\/easylingo.com\/cs\/eshop\/spanelstina-pro-znale-zacatecniky-a2\/\",\"name\":\"\u0160pan\u011bl\u0161tina pro znal\u00e9 za\u010d\u00e1te\u010dn\u00edky A2 - EasyLingo\",\"isPartOf\":{\"@id\":\"https:\/\/easylingo.com\/cs\/#website\"},\"datePublished\":\"2021-01-10T11:36:11+00:00\",\"dateModified\":\"2022-02-03T09:29:34+00:00\",\"breadcrumb\":{\"@id\":\"https:\/\/easylingo.com\/cs\/eshop\/spanelstina-pro-znale-zacatecniky-a2\/#breadcrumb\"},\"inLanguage\":\"cs\",\"potentialAction\":[{\"@type\":\"ReadAction\",\"target\":[\"https:\/\/easylingo.com\/cs\/eshop\/spanelstina-pro-znale-zacatecniky-a2\/\"]}]},{\"@type\":\"BreadcrumbList\",\"@id\":\"https:\/\/easylingo.com\/cs\/eshop\/spanelstina-pro-znale-zacatecniky-a2\/#breadcrumb\",\"itemListElement\":[{\"@type\":\"ListItem\",\"position\":1,\"name\":\"Home\",\"item\":\"https:\/\/easylingo.com\/cs\/\"},{\"@type\":\"ListItem\",\"position\":2,\"name\":\"E-shop\",\"item\":\"https:\/\/easylingo.com\/cs\/eshop\/\"},{\"@type\":\"ListItem\",\"position\":3,\"name\":\"\u0160pan\u011bl\u0161tina pro znal\u00e9 za\u010d\u00e1te\u010dn\u00edky A2\"}]},{\"@type\":\"WebSite\",\"@id\":\"https:\/\/easylingo.com\/cs\/#website\",\"url\":\"https:\/\/easylingo.com\/cs\/\",\"name\":\"EasyLingo\",\"description\":\"Nau\u010dte se jazyky: snadn\u011bji, z\u00e1bavn\u011bji a odkudkoliv.\",\"potentialAction\":[{\"@type\":\"SearchAction\",\"target\":{\"@type\":\"EntryPoint\",\"urlTemplate\":\"https:\/\/easylingo.com\/cs\/?s={search_term_string}\"},\"query-input\":\"required name=search_term_string\"}],\"inLanguage\":\"cs\"}]}<\/script>\n<!-- \/ Yoast SEO plugin. -->","yoast_head_json":{"title":"\u0160pan\u011bl\u0161tina pro znal\u00e9 za\u010d\u00e1te\u010dn\u00edky A2 - EasyLingo","robots":{"index":"index","follow":"follow","max-snippet":"max-snippet:-1","max-image-preview":"max-image-preview:large","max-video-preview":"max-video-preview:-1"},"canonical":"https:\/\/easylingo.com\/cs\/eshop\/spanelstina-pro-znale-zacatecniky-a2\/","og_locale":"cs_CZ","og_type":"article","og_title":"\u0160pan\u011bl\u0161tina pro znal\u00e9 za\u010d\u00e1te\u010dn\u00edky A2 - EasyLingo","og_description":"Je\u0161t\u011b se nec\u00edt\u00edte na pokro\u010dilou \u00farove\u0148 ale znova na start se v\u00e1m u\u017e taky nechce? Vyzkou\u0161ejte kurz pro znal\u00e9 za\u010d\u00e1te\u010dn\u00edky. Systematicky v\u00e1s povedeme do pokro\u010dil\u00e9 \u00farovn\u011b. Jestli\u017ee se odhadnete nespr\u00e1vn\u011b a\u00a0n\u00e1pl\u0148 kurzu v\u00e1m nebude vyhovovat, m\u016f\u017eete si do 14 dn\u016f vybrat jin\u00fd kurz nebo po\u017e\u00e1dat o\u00a0vr\u00e1cen\u00ed pen\u011bz. Nic neriskujete, nev\u00e1hejte a\u00a0zkuste to.","og_url":"https:\/\/easylingo.com\/cs\/eshop\/spanelstina-pro-znale-zacatecniky-a2\/","og_site_name":"EasyLingo","article_publisher":"https:\/\/www.facebook.com\/onlinejazyky\/","article_modified_time":"2022-02-03T09:29:34+00:00","og_image":[{"width":970,"height":831,"url":"https:\/\/easylingo.com\/cs\/wp-content\/uploads\/sites\/3\/2021\/01\/375-spanelstina-pro-znale-zacatecniky-a2.png","type":"image\/png"}],"twitter_card":"summary_large_image","schema":{"@context":"https:\/\/schema.org","@graph":[{"@type":"WebPage","@id":"https:\/\/easylingo.com\/cs\/eshop\/spanelstina-pro-znale-zacatecniky-a2\/","url":"https:\/\/easylingo.com\/cs\/eshop\/spanelstina-pro-znale-zacatecniky-a2\/","name":"\u0160pan\u011bl\u0161tina pro znal\u00e9 za\u010d\u00e1te\u010dn\u00edky A2 - EasyLingo","isPartOf":{"@id":"https:\/\/easylingo.com\/cs\/#website"},"datePublished":"2021-01-10T11:36:11+00:00","dateModified":"2022-02-03T09:29:34+00:00","breadcrumb":{"@id":"https:\/\/easylingo.com\/cs\/eshop\/spanelstina-pro-znale-zacatecniky-a2\/#breadcrumb"},"inLanguage":"cs","potentialAction":[{"@type":"ReadAction","target":["https:\/\/easylingo.com\/cs\/eshop\/spanelstina-pro-znale-zacatecniky-a2\/"]}]},{"@type":"BreadcrumbList","@id":"https:\/\/easylingo.com\/cs\/eshop\/spanelstina-pro-znale-zacatecniky-a2\/#breadcrumb","itemListElement":[{"@type":"ListItem","position":1,"name":"Home","item":"https:\/\/easylingo.com\/cs\/"},{"@type":"ListItem","position":2,"name":"E-shop","item":"https:\/\/easylingo.com\/cs\/eshop\/"},{"@type":"ListItem","position":3,"name":"\u0160pan\u011bl\u0161tina pro znal\u00e9 za\u010d\u00e1te\u010dn\u00edky A2"}]},{"@type":"WebSite","@id":"https:\/\/easylingo.com\/cs\/#website","url":"https:\/\/easylingo.com\/cs\/","name":"EasyLingo","description":"Nau\u010dte se jazyky: snadn\u011bji, z\u00e1bavn\u011bji a odkudkoliv.","potentialAction":[{"@type":"SearchAction","target":{"@type":"EntryPoint","urlTemplate":"https:\/\/easylingo.com\/cs\/?s={search_term_string}"},"query-input":"required name=search_term_string"}],"inLanguage":"cs"}]}},"_links":{"self":[{"href":"https:\/\/easylingo.com\/cs\/wp-json\/wp\/v2\/product\/15269"}],"collection":[{"href":"https:\/\/easylingo.com\/cs\/wp-json\/wp\/v2\/product"}],"about":[{"href":"https:\/\/easylingo.com\/cs\/wp-json\/wp\/v2\/types\/product"}],"replies":[{"embeddable":true,"href":"https:\/\/easylingo.com\/cs\/wp-json\/wp\/v2\/comments?post=15269"}],"wp:featuredmedia":[{"embeddable":true,"href":"https:\/\/easylingo.com\/cs\/wp-json\/wp\/v2\/media\/15370"}],"wp:attachment":[{"href":"https:\/\/easylingo.com\/cs\/wp-json\/wp\/v2\/media?parent=15269"}],"wp:term":[{"taxonomy":"product_cat","embeddable":true,"href":"https:\/\/easylingo.com\/cs\/wp-json\/wp\/v2\/product_cat?post=15269"},{"taxonomy":"product_tag","embeddable":true,"href":"https:\/\/easylingo.com\/cs\/wp-json\/wp\/v2\/product_tag?post=15269"}],"curies":[{"name":"wp","href":"https:\/\/api.w.org\/{rel}","templated":true}]}}