{"id":15272,"date":"2021-01-10T12:49:12","date_gmt":"2021-01-10T11:49:12","guid":{"rendered":"https:\/\/easylingo.com\/cs\/?post_type=product&#038;p=15272"},"modified":"2022-02-07T15:04:38","modified_gmt":"2022-02-07T14:04:38","slug":"1000-spanelskych-slovicek","status":"publish","type":"product","link":"https:\/\/easylingo.com\/cs\/eshop\/1000-spanelskych-slovicek\/","title":{"rendered":"1000 \u0161pan\u011blsk\u00fdch slov\u00ed\u010dek"},"content":{"rendered":"<p>Kurz 1000 \u0161pan\u011blsk\u00fdch slov\u00ed\u010dek je zam\u011b\u0159en\u00fd pro ty, kte\u0159\u00ed si cht\u011bj\u00ed <strong>zopakovat<\/strong> nebo <strong>roz\u0161\u00ed\u0159it slovn\u00ed z\u00e1sobu<\/strong>. Na sv\u00e9 si p\u0159ijde jak za\u010d\u00e1te\u010dn\u00edk, tak pokro\u010dil\u00fd.\u00a0Nau\u010d\u00edte se obecnou slovn\u00ed z\u00e1sobu t\u00fdkaj\u00edc\u00ed se nap\u0159\u00edklad rodiny a\u00a0va\u0161eho okol\u00ed, ale tak\u00e9 slov\u00ed\u010dka t\u00fdkaj\u00edc\u00ed se va\u0161eho t\u011bla apod. Kurz je dopln\u011bn\u00fd o\u00a0obr\u00e1zky, kter\u00e9 v\u00e1m pomohou si slov\u00ed\u010dka l\u00e9pe zapamatovat. Jestli\u017ee se odhadnete nespr\u00e1vn\u011b a\u00a0n\u00e1pl\u0148 kurzu v\u00e1m nebude vyhovovat, m\u016f\u017eete si do 14 dn\u016f vybrat jin\u00fd kurz nebo po\u017e\u00e1dat o\u00a0vr\u00e1cen\u00ed pen\u011bz. <strong>Nic neriskujete<\/strong>, nev\u00e1hejte a\u00a0zkuste to.<\/p>\n","protected":false},"excerpt":{"rendered":"<p>Kurz 1000 \u0161pan\u011blsk\u00fdch slov\u00ed\u010dek je zam\u011b\u0159en\u00fd pro ty, kte\u0159\u00ed si cht\u011bj\u00ed zopakovat nebo roz\u0161\u00ed\u0159it slovn\u00ed z\u00e1sobu. Na sv\u00e9 si p\u0159ijde jak za\u010d\u00e1te\u010dn\u00edk, tak pokro\u010dil\u00fd.\u00a0Nau\u010d\u00edte se obecnou slovn\u00ed z\u00e1sobu t\u00fdkaj\u00edc\u00ed se nap\u0159\u00edklad rodiny a\u00a0va\u0161eho okol\u00ed, ale tak\u00e9 slov\u00ed\u010dka t\u00fdkaj\u00edc\u00ed se va\u0161eho t\u011bla apod. Kurz je dopln\u011bn\u00fd o\u00a0obr\u00e1zky, kter\u00e9 v\u00e1m pomohou si slov\u00ed\u010dka l\u00e9pe zapamatovat. Jestli\u017ee se [&hellip;]<\/p>\n","protected":false},"featured_media":17634,"comment_status":"closed","ping_status":"closed","template":"","meta":{"_et_pb_use_builder":"","_et_pb_old_content":"","_et_gb_content_width":"","inline_featured_image":false},"product_cat":[83,74,94,46,63],"product_tag":[],"yoast_head":"<!-- This site is optimized with the Yoast SEO plugin v21.5 - https:\/\/yoast.com\/wordpress\/plugins\/seo\/ -->\n<title>1000 \u0161pan\u011blsk\u00fdch slov\u00ed\u010dek - EasyLingo<\/title>\n<meta name=\"robots\" content=\"index, follow, max-snippet:-1, max-image-preview:large, max-video-preview:-1\" \/>\n<link rel=\"canonical\" href=\"https:\/\/easylingo.com\/cs\/eshop\/1000-spanelskych-slovicek\/\" \/>\n<meta property=\"og:locale\" content=\"cs_CZ\" \/>\n<meta property=\"og:type\" content=\"article\" \/>\n<meta property=\"og:title\" content=\"1000 \u0161pan\u011blsk\u00fdch slov\u00ed\u010dek - EasyLingo\" \/>\n<meta property=\"og:description\" content=\"Kurz 1000 \u0161pan\u011blsk\u00fdch slov\u00ed\u010dek je zam\u011b\u0159en\u00fd pro ty, kte\u0159\u00ed si cht\u011bj\u00ed zopakovat nebo roz\u0161\u00ed\u0159it slovn\u00ed z\u00e1sobu. Na sv\u00e9 si p\u0159ijde jak za\u010d\u00e1te\u010dn\u00edk, tak pokro\u010dil\u00fd.\u00a0Nau\u010d\u00edte se obecnou slovn\u00ed z\u00e1sobu t\u00fdkaj\u00edc\u00ed se nap\u0159\u00edklad rodiny a\u00a0va\u0161eho okol\u00ed, ale tak\u00e9 slov\u00ed\u010dka t\u00fdkaj\u00edc\u00ed se va\u0161eho t\u011bla apod. Kurz je dopln\u011bn\u00fd o\u00a0obr\u00e1zky, kter\u00e9 v\u00e1m pomohou si slov\u00ed\u010dka l\u00e9pe zapamatovat. Jestli\u017ee se [&hellip;]\" \/>\n<meta property=\"og:url\" content=\"https:\/\/easylingo.com\/cs\/eshop\/1000-spanelskych-slovicek\/\" \/>\n<meta property=\"og:site_name\" content=\"EasyLingo\" \/>\n<meta property=\"article:publisher\" content=\"https:\/\/www.facebook.com\/onlinejazyky\/\" \/>\n<meta property=\"article:modified_time\" content=\"2022-02-07T14:04:38+00:00\" \/>\n<meta property=\"og:image\" content=\"https:\/\/easylingo.com\/cs\/wp-content\/uploads\/sites\/3\/2021\/09\/EL_eshop_krabice_1000_slovicek-ES.png\" \/>\n\t<meta property=\"og:image:width\" content=\"700\" \/>\n\t<meta property=\"og:image:height\" content=\"600\" \/>\n\t<meta property=\"og:image:type\" content=\"image\/png\" \/>\n<meta name=\"twitter:card\" content=\"summary_large_image\" \/>\n<meta name=\"twitter:label1\" content=\"Odhadovan\u00e1 doba \u010dten\u00ed\" \/>\n\t<meta name=\"twitter:data1\" content=\"1 minuta\" \/>\n<script type=\"application\/ld+json\" class=\"yoast-schema-graph\">{\"@context\":\"https:\/\/schema.org\",\"@graph\":[{\"@type\":\"WebPage\",\"@id\":\"https:\/\/easylingo.com\/cs\/eshop\/1000-spanelskych-slovicek\/\",\"url\":\"https:\/\/easylingo.com\/cs\/eshop\/1000-spanelskych-slovicek\/\",\"name\":\"1000 \u0161pan\u011blsk\u00fdch slov\u00ed\u010dek - EasyLingo\",\"isPartOf\":{\"@id\":\"https:\/\/easylingo.com\/cs\/#website\"},\"datePublished\":\"2021-01-10T11:49:12+00:00\",\"dateModified\":\"2022-02-07T14:04:38+00:00\",\"breadcrumb\":{\"@id\":\"https:\/\/easylingo.com\/cs\/eshop\/1000-spanelskych-slovicek\/#breadcrumb\"},\"inLanguage\":\"cs\",\"potentialAction\":[{\"@type\":\"ReadAction\",\"target\":[\"https:\/\/easylingo.com\/cs\/eshop\/1000-spanelskych-slovicek\/\"]}]},{\"@type\":\"BreadcrumbList\",\"@id\":\"https:\/\/easylingo.com\/cs\/eshop\/1000-spanelskych-slovicek\/#breadcrumb\",\"itemListElement\":[{\"@type\":\"ListItem\",\"position\":1,\"name\":\"Home\",\"item\":\"https:\/\/easylingo.com\/cs\/\"},{\"@type\":\"ListItem\",\"position\":2,\"name\":\"E-shop\",\"item\":\"https:\/\/easylingo.com\/cs\/eshop\/\"},{\"@type\":\"ListItem\",\"position\":3,\"name\":\"1000 \u0161pan\u011blsk\u00fdch slov\u00ed\u010dek\"}]},{\"@type\":\"WebSite\",\"@id\":\"https:\/\/easylingo.com\/cs\/#website\",\"url\":\"https:\/\/easylingo.com\/cs\/\",\"name\":\"EasyLingo\",\"description\":\"Nau\u010dte se jazyky: snadn\u011bji, z\u00e1bavn\u011bji a odkudkoliv.\",\"potentialAction\":[{\"@type\":\"SearchAction\",\"target\":{\"@type\":\"EntryPoint\",\"urlTemplate\":\"https:\/\/easylingo.com\/cs\/?s={search_term_string}\"},\"query-input\":\"required name=search_term_string\"}],\"inLanguage\":\"cs\"}]}<\/script>\n<!-- \/ Yoast SEO plugin. -->","yoast_head_json":{"title":"1000 \u0161pan\u011blsk\u00fdch slov\u00ed\u010dek - EasyLingo","robots":{"index":"index","follow":"follow","max-snippet":"max-snippet:-1","max-image-preview":"max-image-preview:large","max-video-preview":"max-video-preview:-1"},"canonical":"https:\/\/easylingo.com\/cs\/eshop\/1000-spanelskych-slovicek\/","og_locale":"cs_CZ","og_type":"article","og_title":"1000 \u0161pan\u011blsk\u00fdch slov\u00ed\u010dek - EasyLingo","og_description":"Kurz 1000 \u0161pan\u011blsk\u00fdch slov\u00ed\u010dek je zam\u011b\u0159en\u00fd pro ty, kte\u0159\u00ed si cht\u011bj\u00ed zopakovat nebo roz\u0161\u00ed\u0159it slovn\u00ed z\u00e1sobu. Na sv\u00e9 si p\u0159ijde jak za\u010d\u00e1te\u010dn\u00edk, tak pokro\u010dil\u00fd.\u00a0Nau\u010d\u00edte se obecnou slovn\u00ed z\u00e1sobu t\u00fdkaj\u00edc\u00ed se nap\u0159\u00edklad rodiny a\u00a0va\u0161eho okol\u00ed, ale tak\u00e9 slov\u00ed\u010dka t\u00fdkaj\u00edc\u00ed se va\u0161eho t\u011bla apod. Kurz je dopln\u011bn\u00fd o\u00a0obr\u00e1zky, kter\u00e9 v\u00e1m pomohou si slov\u00ed\u010dka l\u00e9pe zapamatovat. Jestli\u017ee se [&hellip;]","og_url":"https:\/\/easylingo.com\/cs\/eshop\/1000-spanelskych-slovicek\/","og_site_name":"EasyLingo","article_publisher":"https:\/\/www.facebook.com\/onlinejazyky\/","article_modified_time":"2022-02-07T14:04:38+00:00","og_image":[{"width":700,"height":600,"url":"https:\/\/easylingo.com\/cs\/wp-content\/uploads\/sites\/3\/2021\/09\/EL_eshop_krabice_1000_slovicek-ES.png","type":"image\/png"}],"twitter_card":"summary_large_image","twitter_misc":{"Odhadovan\u00e1 doba \u010dten\u00ed":"1 minuta"},"schema":{"@context":"https:\/\/schema.org","@graph":[{"@type":"WebPage","@id":"https:\/\/easylingo.com\/cs\/eshop\/1000-spanelskych-slovicek\/","url":"https:\/\/easylingo.com\/cs\/eshop\/1000-spanelskych-slovicek\/","name":"1000 \u0161pan\u011blsk\u00fdch slov\u00ed\u010dek - EasyLingo","isPartOf":{"@id":"https:\/\/easylingo.com\/cs\/#website"},"datePublished":"2021-01-10T11:49:12+00:00","dateModified":"2022-02-07T14:04:38+00:00","breadcrumb":{"@id":"https:\/\/easylingo.com\/cs\/eshop\/1000-spanelskych-slovicek\/#breadcrumb"},"inLanguage":"cs","potentialAction":[{"@type":"ReadAction","target":["https:\/\/easylingo.com\/cs\/eshop\/1000-spanelskych-slovicek\/"]}]},{"@type":"BreadcrumbList","@id":"https:\/\/easylingo.com\/cs\/eshop\/1000-spanelskych-slovicek\/#breadcrumb","itemListElement":[{"@type":"ListItem","position":1,"name":"Home","item":"https:\/\/easylingo.com\/cs\/"},{"@type":"ListItem","position":2,"name":"E-shop","item":"https:\/\/easylingo.com\/cs\/eshop\/"},{"@type":"ListItem","position":3,"name":"1000 \u0161pan\u011blsk\u00fdch slov\u00ed\u010dek"}]},{"@type":"WebSite","@id":"https:\/\/easylingo.com\/cs\/#website","url":"https:\/\/easylingo.com\/cs\/","name":"EasyLingo","description":"Nau\u010dte se jazyky: snadn\u011bji, z\u00e1bavn\u011bji a odkudkoliv.","potentialAction":[{"@type":"SearchAction","target":{"@type":"EntryPoint","urlTemplate":"https:\/\/easylingo.com\/cs\/?s={search_term_string}"},"query-input":"required name=search_term_string"}],"inLanguage":"cs"}]}},"_links":{"self":[{"href":"https:\/\/easylingo.com\/cs\/wp-json\/wp\/v2\/product\/15272"}],"collection":[{"href":"https:\/\/easylingo.com\/cs\/wp-json\/wp\/v2\/product"}],"about":[{"href":"https:\/\/easylingo.com\/cs\/wp-json\/wp\/v2\/types\/product"}],"replies":[{"embeddable":true,"href":"https:\/\/easylingo.com\/cs\/wp-json\/wp\/v2\/comments?post=15272"}],"wp:featuredmedia":[{"embeddable":true,"href":"https:\/\/easylingo.com\/cs\/wp-json\/wp\/v2\/media\/17634"}],"wp:attachment":[{"href":"https:\/\/easylingo.com\/cs\/wp-json\/wp\/v2\/media?parent=15272"}],"wp:term":[{"taxonomy":"product_cat","embeddable":true,"href":"https:\/\/easylingo.com\/cs\/wp-json\/wp\/v2\/product_cat?post=15272"},{"taxonomy":"product_tag","embeddable":true,"href":"https:\/\/easylingo.com\/cs\/wp-json\/wp\/v2\/product_tag?post=15272"}],"curies":[{"name":"wp","href":"https:\/\/api.w.org\/{rel}","templated":true}]}}