{"id":15273,"date":"2021-01-10T12:50:29","date_gmt":"2021-01-10T11:50:29","guid":{"rendered":"https:\/\/easylingo.com\/cs\/?post_type=product&#038;p=15273"},"modified":"2022-02-03T10:28:56","modified_gmt":"2022-02-03T09:28:56","slug":"rustina-pro-zacatecniky-a1","status":"publish","type":"product","link":"https:\/\/easylingo.com\/cs\/eshop\/rustina-pro-zacatecniky-a1\/","title":{"rendered":"Ru\u0161tina pro za\u010d\u00e1te\u010dn\u00edky A1"},"content":{"rendered":"<p>Za\u010dn\u011bte od z\u00e1klad\u016f, pokra\u010dujte a\u00a0u\u017e nep\u0159esta\u0148te. <strong>Povedeme v\u00e1s ru\u0161tinou<\/strong> nenucen\u011b a\u00a0efektivn\u011b. Ji\u017e brzy pozn\u00e1te znaky azbuky a\u00a0porozum\u00edte b\u011b\u017en\u00fdm v\u00fdraz\u016fm a\u00a0fr\u00e1z\u00edm. Kurz obsahuje 6+1 m\u011bs\u00edc\u016f studia, ve kter\u00fdch krom\u011b z\u00e1kladn\u00edch komunika\u010dn\u00edch dovednost\u00ed naleznete t\u00e9mata, kter\u00fdmi jsou\u00a0<strong>moje rodina, profese, voln\u00fd \u010das, cestov\u00e1n\u00ed<\/strong> a\u00a0dal\u0161\u00ed. Jestli\u017ee se odhadnete nespr\u00e1vn\u011b a\u00a0n\u00e1pl\u0148 kurzu v\u00e1m nebude vyhovovat, m\u016f\u017eete si do 14 dn\u016f vybrat jin\u00fd kurz nebo po\u017e\u00e1dat o\u00a0vr\u00e1cen\u00ed pen\u011bz. <strong>Nic neriskujete<\/strong>, nev\u00e1hejte a\u00a0zkuste to.<\/p>\n","protected":false},"excerpt":{"rendered":"<p>Za\u010dn\u011bte od z\u00e1klad\u016f, pokra\u010dujte a\u00a0u\u017e nep\u0159esta\u0148te. Povedeme v\u00e1s ru\u0161tinou nenucen\u011b a\u00a0efektivn\u011b. Ji\u017e brzy pozn\u00e1te znaky azbuky a\u00a0porozum\u00edte b\u011b\u017en\u00fdm v\u00fdraz\u016fm a\u00a0fr\u00e1z\u00edm. Kurz obsahuje 6+1 m\u011bs\u00edc\u016f studia, ve kter\u00fdch krom\u011b z\u00e1kladn\u00edch komunika\u010dn\u00edch dovednost\u00ed naleznete t\u00e9mata, kter\u00fdmi jsou\u00a0moje rodina, profese, voln\u00fd \u010das, cestov\u00e1n\u00ed a\u00a0dal\u0161\u00ed. Jestli\u017ee se odhadnete nespr\u00e1vn\u011b a\u00a0n\u00e1pl\u0148 kurzu v\u00e1m nebude vyhovovat, m\u016f\u017eete si do 14 dn\u016f [&hellip;]<\/p>\n","protected":false},"featured_media":15378,"comment_status":"closed","ping_status":"closed","template":"","meta":{"_et_pb_use_builder":"","_et_pb_old_content":"","_et_gb_content_width":"","inline_featured_image":false},"product_cat":[76,46,64],"product_tag":[],"yoast_head":"<!-- This site is optimized with the Yoast SEO plugin v21.5 - https:\/\/yoast.com\/wordpress\/plugins\/seo\/ -->\n<title>Ru\u0161tina pro za\u010d\u00e1te\u010dn\u00edky A1 - EasyLingo<\/title>\n<meta name=\"robots\" content=\"index, follow, max-snippet:-1, max-image-preview:large, max-video-preview:-1\" \/>\n<link rel=\"canonical\" href=\"https:\/\/easylingo.com\/cs\/eshop\/rustina-pro-zacatecniky-a1\/\" \/>\n<meta property=\"og:locale\" content=\"cs_CZ\" \/>\n<meta property=\"og:type\" content=\"article\" \/>\n<meta property=\"og:title\" content=\"Ru\u0161tina pro za\u010d\u00e1te\u010dn\u00edky A1 - EasyLingo\" \/>\n<meta property=\"og:description\" content=\"Za\u010dn\u011bte od z\u00e1klad\u016f, pokra\u010dujte a\u00a0u\u017e nep\u0159esta\u0148te. Povedeme v\u00e1s ru\u0161tinou nenucen\u011b a\u00a0efektivn\u011b. Ji\u017e brzy pozn\u00e1te znaky azbuky a\u00a0porozum\u00edte b\u011b\u017en\u00fdm v\u00fdraz\u016fm a\u00a0fr\u00e1z\u00edm. Kurz obsahuje 6+1 m\u011bs\u00edc\u016f studia, ve kter\u00fdch krom\u011b z\u00e1kladn\u00edch komunika\u010dn\u00edch dovednost\u00ed naleznete t\u00e9mata, kter\u00fdmi jsou\u00a0moje rodina, profese, voln\u00fd \u010das, cestov\u00e1n\u00ed a\u00a0dal\u0161\u00ed. Jestli\u017ee se odhadnete nespr\u00e1vn\u011b a\u00a0n\u00e1pl\u0148 kurzu v\u00e1m nebude vyhovovat, m\u016f\u017eete si do 14 dn\u016f [&hellip;]\" \/>\n<meta property=\"og:url\" content=\"https:\/\/easylingo.com\/cs\/eshop\/rustina-pro-zacatecniky-a1\/\" \/>\n<meta property=\"og:site_name\" content=\"EasyLingo\" \/>\n<meta property=\"article:publisher\" content=\"https:\/\/www.facebook.com\/onlinejazyky\/\" \/>\n<meta property=\"article:modified_time\" content=\"2022-02-03T09:28:56+00:00\" \/>\n<meta property=\"og:image\" content=\"https:\/\/easylingo.com\/cs\/wp-content\/uploads\/sites\/3\/2021\/01\/294-rustina-pro-zacatecniky-a1.png\" \/>\n\t<meta property=\"og:image:width\" content=\"700\" \/>\n\t<meta property=\"og:image:height\" content=\"600\" \/>\n\t<meta property=\"og:image:type\" content=\"image\/png\" \/>\n<meta name=\"twitter:card\" content=\"summary_large_image\" \/>\n<meta name=\"twitter:label1\" content=\"Odhadovan\u00e1 doba \u010dten\u00ed\" \/>\n\t<meta name=\"twitter:data1\" content=\"1 minuta\" \/>\n<script type=\"application\/ld+json\" class=\"yoast-schema-graph\">{\"@context\":\"https:\/\/schema.org\",\"@graph\":[{\"@type\":\"WebPage\",\"@id\":\"https:\/\/easylingo.com\/cs\/eshop\/rustina-pro-zacatecniky-a1\/\",\"url\":\"https:\/\/easylingo.com\/cs\/eshop\/rustina-pro-zacatecniky-a1\/\",\"name\":\"Ru\u0161tina pro za\u010d\u00e1te\u010dn\u00edky A1 - EasyLingo\",\"isPartOf\":{\"@id\":\"https:\/\/easylingo.com\/cs\/#website\"},\"datePublished\":\"2021-01-10T11:50:29+00:00\",\"dateModified\":\"2022-02-03T09:28:56+00:00\",\"breadcrumb\":{\"@id\":\"https:\/\/easylingo.com\/cs\/eshop\/rustina-pro-zacatecniky-a1\/#breadcrumb\"},\"inLanguage\":\"cs\",\"potentialAction\":[{\"@type\":\"ReadAction\",\"target\":[\"https:\/\/easylingo.com\/cs\/eshop\/rustina-pro-zacatecniky-a1\/\"]}]},{\"@type\":\"BreadcrumbList\",\"@id\":\"https:\/\/easylingo.com\/cs\/eshop\/rustina-pro-zacatecniky-a1\/#breadcrumb\",\"itemListElement\":[{\"@type\":\"ListItem\",\"position\":1,\"name\":\"Home\",\"item\":\"https:\/\/easylingo.com\/cs\/\"},{\"@type\":\"ListItem\",\"position\":2,\"name\":\"E-shop\",\"item\":\"https:\/\/easylingo.com\/cs\/eshop\/\"},{\"@type\":\"ListItem\",\"position\":3,\"name\":\"Ru\u0161tina pro za\u010d\u00e1te\u010dn\u00edky A1\"}]},{\"@type\":\"WebSite\",\"@id\":\"https:\/\/easylingo.com\/cs\/#website\",\"url\":\"https:\/\/easylingo.com\/cs\/\",\"name\":\"EasyLingo\",\"description\":\"Nau\u010dte se jazyky: snadn\u011bji, z\u00e1bavn\u011bji a odkudkoliv.\",\"potentialAction\":[{\"@type\":\"SearchAction\",\"target\":{\"@type\":\"EntryPoint\",\"urlTemplate\":\"https:\/\/easylingo.com\/cs\/?s={search_term_string}\"},\"query-input\":\"required name=search_term_string\"}],\"inLanguage\":\"cs\"}]}<\/script>\n<!-- \/ Yoast SEO plugin. -->","yoast_head_json":{"title":"Ru\u0161tina pro za\u010d\u00e1te\u010dn\u00edky A1 - EasyLingo","robots":{"index":"index","follow":"follow","max-snippet":"max-snippet:-1","max-image-preview":"max-image-preview:large","max-video-preview":"max-video-preview:-1"},"canonical":"https:\/\/easylingo.com\/cs\/eshop\/rustina-pro-zacatecniky-a1\/","og_locale":"cs_CZ","og_type":"article","og_title":"Ru\u0161tina pro za\u010d\u00e1te\u010dn\u00edky A1 - EasyLingo","og_description":"Za\u010dn\u011bte od z\u00e1klad\u016f, pokra\u010dujte a\u00a0u\u017e nep\u0159esta\u0148te. Povedeme v\u00e1s ru\u0161tinou nenucen\u011b a\u00a0efektivn\u011b. Ji\u017e brzy pozn\u00e1te znaky azbuky a\u00a0porozum\u00edte b\u011b\u017en\u00fdm v\u00fdraz\u016fm a\u00a0fr\u00e1z\u00edm. Kurz obsahuje 6+1 m\u011bs\u00edc\u016f studia, ve kter\u00fdch krom\u011b z\u00e1kladn\u00edch komunika\u010dn\u00edch dovednost\u00ed naleznete t\u00e9mata, kter\u00fdmi jsou\u00a0moje rodina, profese, voln\u00fd \u010das, cestov\u00e1n\u00ed a\u00a0dal\u0161\u00ed. Jestli\u017ee se odhadnete nespr\u00e1vn\u011b a\u00a0n\u00e1pl\u0148 kurzu v\u00e1m nebude vyhovovat, m\u016f\u017eete si do 14 dn\u016f [&hellip;]","og_url":"https:\/\/easylingo.com\/cs\/eshop\/rustina-pro-zacatecniky-a1\/","og_site_name":"EasyLingo","article_publisher":"https:\/\/www.facebook.com\/onlinejazyky\/","article_modified_time":"2022-02-03T09:28:56+00:00","og_image":[{"width":700,"height":600,"url":"https:\/\/easylingo.com\/cs\/wp-content\/uploads\/sites\/3\/2021\/01\/294-rustina-pro-zacatecniky-a1.png","type":"image\/png"}],"twitter_card":"summary_large_image","twitter_misc":{"Odhadovan\u00e1 doba \u010dten\u00ed":"1 minuta"},"schema":{"@context":"https:\/\/schema.org","@graph":[{"@type":"WebPage","@id":"https:\/\/easylingo.com\/cs\/eshop\/rustina-pro-zacatecniky-a1\/","url":"https:\/\/easylingo.com\/cs\/eshop\/rustina-pro-zacatecniky-a1\/","name":"Ru\u0161tina pro za\u010d\u00e1te\u010dn\u00edky A1 - EasyLingo","isPartOf":{"@id":"https:\/\/easylingo.com\/cs\/#website"},"datePublished":"2021-01-10T11:50:29+00:00","dateModified":"2022-02-03T09:28:56+00:00","breadcrumb":{"@id":"https:\/\/easylingo.com\/cs\/eshop\/rustina-pro-zacatecniky-a1\/#breadcrumb"},"inLanguage":"cs","potentialAction":[{"@type":"ReadAction","target":["https:\/\/easylingo.com\/cs\/eshop\/rustina-pro-zacatecniky-a1\/"]}]},{"@type":"BreadcrumbList","@id":"https:\/\/easylingo.com\/cs\/eshop\/rustina-pro-zacatecniky-a1\/#breadcrumb","itemListElement":[{"@type":"ListItem","position":1,"name":"Home","item":"https:\/\/easylingo.com\/cs\/"},{"@type":"ListItem","position":2,"name":"E-shop","item":"https:\/\/easylingo.com\/cs\/eshop\/"},{"@type":"ListItem","position":3,"name":"Ru\u0161tina pro za\u010d\u00e1te\u010dn\u00edky A1"}]},{"@type":"WebSite","@id":"https:\/\/easylingo.com\/cs\/#website","url":"https:\/\/easylingo.com\/cs\/","name":"EasyLingo","description":"Nau\u010dte se jazyky: snadn\u011bji, z\u00e1bavn\u011bji a odkudkoliv.","potentialAction":[{"@type":"SearchAction","target":{"@type":"EntryPoint","urlTemplate":"https:\/\/easylingo.com\/cs\/?s={search_term_string}"},"query-input":"required name=search_term_string"}],"inLanguage":"cs"}]}},"_links":{"self":[{"href":"https:\/\/easylingo.com\/cs\/wp-json\/wp\/v2\/product\/15273"}],"collection":[{"href":"https:\/\/easylingo.com\/cs\/wp-json\/wp\/v2\/product"}],"about":[{"href":"https:\/\/easylingo.com\/cs\/wp-json\/wp\/v2\/types\/product"}],"replies":[{"embeddable":true,"href":"https:\/\/easylingo.com\/cs\/wp-json\/wp\/v2\/comments?post=15273"}],"wp:featuredmedia":[{"embeddable":true,"href":"https:\/\/easylingo.com\/cs\/wp-json\/wp\/v2\/media\/15378"}],"wp:attachment":[{"href":"https:\/\/easylingo.com\/cs\/wp-json\/wp\/v2\/media?parent=15273"}],"wp:term":[{"taxonomy":"product_cat","embeddable":true,"href":"https:\/\/easylingo.com\/cs\/wp-json\/wp\/v2\/product_cat?post=15273"},{"taxonomy":"product_tag","embeddable":true,"href":"https:\/\/easylingo.com\/cs\/wp-json\/wp\/v2\/product_tag?post=15273"}],"curies":[{"name":"wp","href":"https:\/\/api.w.org\/{rel}","templated":true}]}}