{"id":15396,"date":"2021-01-15T13:39:05","date_gmt":"2021-01-15T12:39:05","guid":{"rendered":"https:\/\/easylingo.com\/cs\/?post_type=product&#038;p=15396"},"modified":"2022-02-23T18:02:31","modified_gmt":"2022-02-23T17:02:31","slug":"obchodni-anglictina-pro-znale-zacatecniky-a2","status":"publish","type":"product","link":"https:\/\/easylingo.com\/cs\/eshop\/obchodni-anglictina-pro-znale-zacatecniky-a2\/","title":{"rendered":"Obchodn\u00ed angli\u010dtina pro znal\u00e9 za\u010d\u00e1te\u010dn\u00edky A2"},"content":{"rendered":"<p>Jste ji\u017e schopni komunikovat, ale chyb\u00ed v\u00e1m slovn\u00ed z\u00e1soba, kterou byste <strong>vyu\u017eili p\u0159i sv\u00e9m zam\u011bstn\u00e1n\u00ed?<\/strong> Vy\u0159izujete korespondenci a\u00a0nezn\u00e1te slovn\u00ed obraty, kter\u00e9 se p\u0159i psan\u00ed pou\u017e\u00edvaj\u00ed? <strong>To a\u00a0mnohem v\u00edce<\/strong> se nau\u010d\u00edte v\u00a0na\u0161em kurzu. Jestli\u017ee se odhadnete nespr\u00e1vn\u011b a\u00a0n\u00e1pl\u0148 kurzu v\u00e1m nebude vyhovovat, m\u016f\u017eete si do 14 dn\u016f vybrat jin\u00fd kurz nebo po\u017e\u00e1dat o\u00a0vr\u00e1cen\u00ed pen\u011bz. <strong>Nic neriskujete<\/strong>, nev\u00e1hejte a\u00a0zkuste to.<\/p>\n","protected":false},"excerpt":{"rendered":"<p>Jste ji\u017e schopni komunikovat, ale chyb\u00ed v\u00e1m slovn\u00ed z\u00e1soba, kterou byste vyu\u017eili p\u0159i sv\u00e9m zam\u011bstn\u00e1n\u00ed? Vy\u0159izujete korespondenci a\u00a0nezn\u00e1te slovn\u00ed obraty, kter\u00e9 se p\u0159i psan\u00ed pou\u017e\u00edvaj\u00ed? To a\u00a0mnohem v\u00edce se nau\u010d\u00edte v\u00a0na\u0161em kurzu. Jestli\u017ee se odhadnete nespr\u00e1vn\u011b a\u00a0n\u00e1pl\u0148 kurzu v\u00e1m nebude vyhovovat, m\u016f\u017eete si do 14 dn\u016f vybrat jin\u00fd kurz nebo po\u017e\u00e1dat o\u00a0vr\u00e1cen\u00ed pen\u011bz. Nic neriskujete, [&hellip;]<\/p>\n","protected":false},"featured_media":15418,"comment_status":"closed","ping_status":"closed","template":"","meta":{"_et_pb_use_builder":"","_et_pb_old_content":"","_et_gb_content_width":"","inline_featured_image":false},"product_cat":[81,85,60],"product_tag":[],"yoast_head":"<!-- This site is optimized with the Yoast SEO plugin v21.5 - https:\/\/yoast.com\/wordpress\/plugins\/seo\/ -->\n<title>Obchodn\u00ed angli\u010dtina pro znal\u00e9 za\u010d\u00e1te\u010dn\u00edky A2 - EasyLingo<\/title>\n<meta name=\"robots\" content=\"index, follow, max-snippet:-1, max-image-preview:large, max-video-preview:-1\" \/>\n<link rel=\"canonical\" href=\"https:\/\/easylingo.com\/cs\/eshop\/obchodni-anglictina-pro-znale-zacatecniky-a2\/\" \/>\n<meta property=\"og:locale\" content=\"cs_CZ\" \/>\n<meta property=\"og:type\" content=\"article\" \/>\n<meta property=\"og:title\" content=\"Obchodn\u00ed angli\u010dtina pro znal\u00e9 za\u010d\u00e1te\u010dn\u00edky A2 - EasyLingo\" \/>\n<meta property=\"og:description\" content=\"Jste ji\u017e schopni komunikovat, ale chyb\u00ed v\u00e1m slovn\u00ed z\u00e1soba, kterou byste vyu\u017eili p\u0159i sv\u00e9m zam\u011bstn\u00e1n\u00ed? Vy\u0159izujete korespondenci a\u00a0nezn\u00e1te slovn\u00ed obraty, kter\u00e9 se p\u0159i psan\u00ed pou\u017e\u00edvaj\u00ed? To a\u00a0mnohem v\u00edce se nau\u010d\u00edte v\u00a0na\u0161em kurzu. Jestli\u017ee se odhadnete nespr\u00e1vn\u011b a\u00a0n\u00e1pl\u0148 kurzu v\u00e1m nebude vyhovovat, m\u016f\u017eete si do 14 dn\u016f vybrat jin\u00fd kurz nebo po\u017e\u00e1dat o\u00a0vr\u00e1cen\u00ed pen\u011bz. Nic neriskujete, [&hellip;]\" \/>\n<meta property=\"og:url\" content=\"https:\/\/easylingo.com\/cs\/eshop\/obchodni-anglictina-pro-znale-zacatecniky-a2\/\" \/>\n<meta property=\"og:site_name\" content=\"EasyLingo\" \/>\n<meta property=\"article:publisher\" content=\"https:\/\/www.facebook.com\/onlinejazyky\/\" \/>\n<meta property=\"article:modified_time\" content=\"2022-02-23T17:02:31+00:00\" \/>\n<meta property=\"og:image\" content=\"https:\/\/easylingo.com\/cs\/wp-content\/uploads\/sites\/3\/2021\/01\/252-obchodni-anglictina-pro-znale-zacatecniky-a2.png\" \/>\n\t<meta property=\"og:image:width\" content=\"970\" \/>\n\t<meta property=\"og:image:height\" content=\"831\" \/>\n\t<meta property=\"og:image:type\" content=\"image\/png\" \/>\n<meta name=\"twitter:card\" content=\"summary_large_image\" \/>\n<script type=\"application\/ld+json\" class=\"yoast-schema-graph\">{\"@context\":\"https:\/\/schema.org\",\"@graph\":[{\"@type\":\"WebPage\",\"@id\":\"https:\/\/easylingo.com\/cs\/eshop\/obchodni-anglictina-pro-znale-zacatecniky-a2\/\",\"url\":\"https:\/\/easylingo.com\/cs\/eshop\/obchodni-anglictina-pro-znale-zacatecniky-a2\/\",\"name\":\"Obchodn\u00ed angli\u010dtina pro znal\u00e9 za\u010d\u00e1te\u010dn\u00edky A2 - EasyLingo\",\"isPartOf\":{\"@id\":\"https:\/\/easylingo.com\/cs\/#website\"},\"datePublished\":\"2021-01-15T12:39:05+00:00\",\"dateModified\":\"2022-02-23T17:02:31+00:00\",\"breadcrumb\":{\"@id\":\"https:\/\/easylingo.com\/cs\/eshop\/obchodni-anglictina-pro-znale-zacatecniky-a2\/#breadcrumb\"},\"inLanguage\":\"cs\",\"potentialAction\":[{\"@type\":\"ReadAction\",\"target\":[\"https:\/\/easylingo.com\/cs\/eshop\/obchodni-anglictina-pro-znale-zacatecniky-a2\/\"]}]},{\"@type\":\"BreadcrumbList\",\"@id\":\"https:\/\/easylingo.com\/cs\/eshop\/obchodni-anglictina-pro-znale-zacatecniky-a2\/#breadcrumb\",\"itemListElement\":[{\"@type\":\"ListItem\",\"position\":1,\"name\":\"Home\",\"item\":\"https:\/\/easylingo.com\/cs\/\"},{\"@type\":\"ListItem\",\"position\":2,\"name\":\"E-shop\",\"item\":\"https:\/\/easylingo.com\/cs\/eshop\/\"},{\"@type\":\"ListItem\",\"position\":3,\"name\":\"Obchodn\u00ed angli\u010dtina pro znal\u00e9 za\u010d\u00e1te\u010dn\u00edky A2\"}]},{\"@type\":\"WebSite\",\"@id\":\"https:\/\/easylingo.com\/cs\/#website\",\"url\":\"https:\/\/easylingo.com\/cs\/\",\"name\":\"EasyLingo\",\"description\":\"Nau\u010dte se jazyky: snadn\u011bji, z\u00e1bavn\u011bji a odkudkoliv.\",\"potentialAction\":[{\"@type\":\"SearchAction\",\"target\":{\"@type\":\"EntryPoint\",\"urlTemplate\":\"https:\/\/easylingo.com\/cs\/?s={search_term_string}\"},\"query-input\":\"required name=search_term_string\"}],\"inLanguage\":\"cs\"}]}<\/script>\n<!-- \/ Yoast SEO plugin. -->","yoast_head_json":{"title":"Obchodn\u00ed angli\u010dtina pro znal\u00e9 za\u010d\u00e1te\u010dn\u00edky A2 - EasyLingo","robots":{"index":"index","follow":"follow","max-snippet":"max-snippet:-1","max-image-preview":"max-image-preview:large","max-video-preview":"max-video-preview:-1"},"canonical":"https:\/\/easylingo.com\/cs\/eshop\/obchodni-anglictina-pro-znale-zacatecniky-a2\/","og_locale":"cs_CZ","og_type":"article","og_title":"Obchodn\u00ed angli\u010dtina pro znal\u00e9 za\u010d\u00e1te\u010dn\u00edky A2 - EasyLingo","og_description":"Jste ji\u017e schopni komunikovat, ale chyb\u00ed v\u00e1m slovn\u00ed z\u00e1soba, kterou byste vyu\u017eili p\u0159i sv\u00e9m zam\u011bstn\u00e1n\u00ed? Vy\u0159izujete korespondenci a\u00a0nezn\u00e1te slovn\u00ed obraty, kter\u00e9 se p\u0159i psan\u00ed pou\u017e\u00edvaj\u00ed? To a\u00a0mnohem v\u00edce se nau\u010d\u00edte v\u00a0na\u0161em kurzu. Jestli\u017ee se odhadnete nespr\u00e1vn\u011b a\u00a0n\u00e1pl\u0148 kurzu v\u00e1m nebude vyhovovat, m\u016f\u017eete si do 14 dn\u016f vybrat jin\u00fd kurz nebo po\u017e\u00e1dat o\u00a0vr\u00e1cen\u00ed pen\u011bz. Nic neriskujete, [&hellip;]","og_url":"https:\/\/easylingo.com\/cs\/eshop\/obchodni-anglictina-pro-znale-zacatecniky-a2\/","og_site_name":"EasyLingo","article_publisher":"https:\/\/www.facebook.com\/onlinejazyky\/","article_modified_time":"2022-02-23T17:02:31+00:00","og_image":[{"width":970,"height":831,"url":"https:\/\/easylingo.com\/cs\/wp-content\/uploads\/sites\/3\/2021\/01\/252-obchodni-anglictina-pro-znale-zacatecniky-a2.png","type":"image\/png"}],"twitter_card":"summary_large_image","schema":{"@context":"https:\/\/schema.org","@graph":[{"@type":"WebPage","@id":"https:\/\/easylingo.com\/cs\/eshop\/obchodni-anglictina-pro-znale-zacatecniky-a2\/","url":"https:\/\/easylingo.com\/cs\/eshop\/obchodni-anglictina-pro-znale-zacatecniky-a2\/","name":"Obchodn\u00ed angli\u010dtina pro znal\u00e9 za\u010d\u00e1te\u010dn\u00edky A2 - EasyLingo","isPartOf":{"@id":"https:\/\/easylingo.com\/cs\/#website"},"datePublished":"2021-01-15T12:39:05+00:00","dateModified":"2022-02-23T17:02:31+00:00","breadcrumb":{"@id":"https:\/\/easylingo.com\/cs\/eshop\/obchodni-anglictina-pro-znale-zacatecniky-a2\/#breadcrumb"},"inLanguage":"cs","potentialAction":[{"@type":"ReadAction","target":["https:\/\/easylingo.com\/cs\/eshop\/obchodni-anglictina-pro-znale-zacatecniky-a2\/"]}]},{"@type":"BreadcrumbList","@id":"https:\/\/easylingo.com\/cs\/eshop\/obchodni-anglictina-pro-znale-zacatecniky-a2\/#breadcrumb","itemListElement":[{"@type":"ListItem","position":1,"name":"Home","item":"https:\/\/easylingo.com\/cs\/"},{"@type":"ListItem","position":2,"name":"E-shop","item":"https:\/\/easylingo.com\/cs\/eshop\/"},{"@type":"ListItem","position":3,"name":"Obchodn\u00ed angli\u010dtina pro znal\u00e9 za\u010d\u00e1te\u010dn\u00edky A2"}]},{"@type":"WebSite","@id":"https:\/\/easylingo.com\/cs\/#website","url":"https:\/\/easylingo.com\/cs\/","name":"EasyLingo","description":"Nau\u010dte se jazyky: snadn\u011bji, z\u00e1bavn\u011bji a odkudkoliv.","potentialAction":[{"@type":"SearchAction","target":{"@type":"EntryPoint","urlTemplate":"https:\/\/easylingo.com\/cs\/?s={search_term_string}"},"query-input":"required name=search_term_string"}],"inLanguage":"cs"}]}},"_links":{"self":[{"href":"https:\/\/easylingo.com\/cs\/wp-json\/wp\/v2\/product\/15396"}],"collection":[{"href":"https:\/\/easylingo.com\/cs\/wp-json\/wp\/v2\/product"}],"about":[{"href":"https:\/\/easylingo.com\/cs\/wp-json\/wp\/v2\/types\/product"}],"replies":[{"embeddable":true,"href":"https:\/\/easylingo.com\/cs\/wp-json\/wp\/v2\/comments?post=15396"}],"wp:featuredmedia":[{"embeddable":true,"href":"https:\/\/easylingo.com\/cs\/wp-json\/wp\/v2\/media\/15418"}],"wp:attachment":[{"href":"https:\/\/easylingo.com\/cs\/wp-json\/wp\/v2\/media?parent=15396"}],"wp:term":[{"taxonomy":"product_cat","embeddable":true,"href":"https:\/\/easylingo.com\/cs\/wp-json\/wp\/v2\/product_cat?post=15396"},{"taxonomy":"product_tag","embeddable":true,"href":"https:\/\/easylingo.com\/cs\/wp-json\/wp\/v2\/product_tag?post=15396"}],"curies":[{"name":"wp","href":"https:\/\/api.w.org\/{rel}","templated":true}]}}