{"id":15402,"date":"2021-01-15T13:58:03","date_gmt":"2021-01-15T12:58:03","guid":{"rendered":"https:\/\/easylingo.com\/cs\/?post_type=product&#038;p=15402"},"modified":"2022-02-03T13:18:29","modified_gmt":"2022-02-03T12:18:29","slug":"anglictina-pro-zdravotni-personal-b1","status":"publish","type":"product","link":"https:\/\/easylingo.com\/cs\/eshop\/anglictina-pro-zdravotni-personal-b1\/","title":{"rendered":"Angli\u010dtina pro zdravotn\u00ed person\u00e1l B1+"},"content":{"rendered":"<p>P\u0159ipravili jsme pro v\u00e1s kurz l\u00e9ka\u0159sk\u00e9 angli\u010dtiny. Tento kurz je zam\u011b\u0159en na rozvoj pokro\u010dil\u00fdch student\u016f angli\u010dtiny v\u00a0oblasti zdravotnictv\u00ed.\u00a0Kurz je sv\u00fdm obsahem <strong>vhodn\u00fd nejen pro l\u00e9ka\u0159e, ale i\u00a0dal\u0161\u00ed l\u00e9ka\u0159sk\u00fd person\u00e1l<\/strong>. Angli\u010dtina pro zdravotn\u00ed person\u00e1l B1+ v\u00e1s p\u0159iprav\u00ed na <strong>komunikaci s\u00a0pacientem<\/strong>, z\u00edsk\u00e1te slovn\u00ed z\u00e1sobu a\u00a0fr\u00e1ze, kter\u00e9 se pou\u017e\u00edvaj\u00ed p\u0159i l\u00e9ka\u0159sk\u00e9 prohl\u00eddce \u010di v\u00a0nemocnici. Jestli\u017ee se odhadnete nespr\u00e1vn\u011b a\u00a0n\u00e1pl\u0148 kurzu v\u00e1m nebude vyhovovat, m\u016f\u017eete si do 14 dn\u016f vybrat jin\u00fd kurz nebo po\u017e\u00e1dat o\u00a0vr\u00e1cen\u00ed pen\u011bz. <strong>Nic neriskujete<\/strong>, nev\u00e1hejte a\u00a0zkuste to.<\/p>\n","protected":false},"excerpt":{"rendered":"<p>P\u0159ipravili jsme pro v\u00e1s kurz l\u00e9ka\u0159sk\u00e9 angli\u010dtiny. Tento kurz je zam\u011b\u0159en na rozvoj pokro\u010dil\u00fdch student\u016f angli\u010dtiny v\u00a0oblasti zdravotnictv\u00ed.\u00a0Kurz je sv\u00fdm obsahem vhodn\u00fd nejen pro l\u00e9ka\u0159e, ale i\u00a0dal\u0161\u00ed l\u00e9ka\u0159sk\u00fd person\u00e1l. Angli\u010dtina pro zdravotn\u00ed person\u00e1l B1+ v\u00e1s p\u0159iprav\u00ed na komunikaci s\u00a0pacientem, z\u00edsk\u00e1te slovn\u00ed z\u00e1sobu a\u00a0fr\u00e1ze, kter\u00e9 se pou\u017e\u00edvaj\u00ed p\u0159i l\u00e9ka\u0159sk\u00e9 prohl\u00eddce \u010di v\u00a0nemocnici. Jestli\u017ee se odhadnete nespr\u00e1vn\u011b [&hellip;]<\/p>\n","protected":false},"featured_media":15438,"comment_status":"closed","ping_status":"closed","template":"","meta":{"_et_pb_use_builder":"","_et_pb_old_content":"","_et_gb_content_width":"","inline_featured_image":false},"product_cat":[81,87,60,50],"product_tag":[],"yoast_head":"<!-- This site is optimized with the Yoast SEO plugin v21.5 - https:\/\/yoast.com\/wordpress\/plugins\/seo\/ -->\n<title>Angli\u010dtina pro zdravotn\u00ed person\u00e1l B1+ - EasyLingo<\/title>\n<meta name=\"robots\" content=\"index, follow, max-snippet:-1, max-image-preview:large, max-video-preview:-1\" \/>\n<link rel=\"canonical\" href=\"https:\/\/easylingo.com\/cs\/eshop\/anglictina-pro-zdravotni-personal-b1\/\" \/>\n<meta property=\"og:locale\" content=\"cs_CZ\" \/>\n<meta property=\"og:type\" content=\"article\" \/>\n<meta property=\"og:title\" content=\"Angli\u010dtina pro zdravotn\u00ed person\u00e1l B1+ - EasyLingo\" \/>\n<meta property=\"og:description\" content=\"P\u0159ipravili jsme pro v\u00e1s kurz l\u00e9ka\u0159sk\u00e9 angli\u010dtiny. Tento kurz je zam\u011b\u0159en na rozvoj pokro\u010dil\u00fdch student\u016f angli\u010dtiny v\u00a0oblasti zdravotnictv\u00ed.\u00a0Kurz je sv\u00fdm obsahem vhodn\u00fd nejen pro l\u00e9ka\u0159e, ale i\u00a0dal\u0161\u00ed l\u00e9ka\u0159sk\u00fd person\u00e1l. Angli\u010dtina pro zdravotn\u00ed person\u00e1l B1+ v\u00e1s p\u0159iprav\u00ed na komunikaci s\u00a0pacientem, z\u00edsk\u00e1te slovn\u00ed z\u00e1sobu a\u00a0fr\u00e1ze, kter\u00e9 se pou\u017e\u00edvaj\u00ed p\u0159i l\u00e9ka\u0159sk\u00e9 prohl\u00eddce \u010di v\u00a0nemocnici. Jestli\u017ee se odhadnete nespr\u00e1vn\u011b [&hellip;]\" \/>\n<meta property=\"og:url\" content=\"https:\/\/easylingo.com\/cs\/eshop\/anglictina-pro-zdravotni-personal-b1\/\" \/>\n<meta property=\"og:site_name\" content=\"EasyLingo\" \/>\n<meta property=\"article:publisher\" content=\"https:\/\/www.facebook.com\/onlinejazyky\/\" \/>\n<meta property=\"article:modified_time\" content=\"2022-02-03T12:18:29+00:00\" \/>\n<meta property=\"og:image\" content=\"https:\/\/easylingo.com\/cs\/wp-content\/uploads\/sites\/3\/2021\/01\/301-anglictina-pro-zdravotni-personal-b1.png\" \/>\n\t<meta property=\"og:image:width\" content=\"700\" \/>\n\t<meta property=\"og:image:height\" content=\"600\" \/>\n\t<meta property=\"og:image:type\" content=\"image\/png\" \/>\n<meta name=\"twitter:card\" content=\"summary_large_image\" \/>\n<meta name=\"twitter:label1\" content=\"Odhadovan\u00e1 doba \u010dten\u00ed\" \/>\n\t<meta name=\"twitter:data1\" content=\"1 minuta\" \/>\n<script type=\"application\/ld+json\" class=\"yoast-schema-graph\">{\"@context\":\"https:\/\/schema.org\",\"@graph\":[{\"@type\":\"WebPage\",\"@id\":\"https:\/\/easylingo.com\/cs\/eshop\/anglictina-pro-zdravotni-personal-b1\/\",\"url\":\"https:\/\/easylingo.com\/cs\/eshop\/anglictina-pro-zdravotni-personal-b1\/\",\"name\":\"Angli\u010dtina pro zdravotn\u00ed person\u00e1l B1+ - EasyLingo\",\"isPartOf\":{\"@id\":\"https:\/\/easylingo.com\/cs\/#website\"},\"datePublished\":\"2021-01-15T12:58:03+00:00\",\"dateModified\":\"2022-02-03T12:18:29+00:00\",\"breadcrumb\":{\"@id\":\"https:\/\/easylingo.com\/cs\/eshop\/anglictina-pro-zdravotni-personal-b1\/#breadcrumb\"},\"inLanguage\":\"cs\",\"potentialAction\":[{\"@type\":\"ReadAction\",\"target\":[\"https:\/\/easylingo.com\/cs\/eshop\/anglictina-pro-zdravotni-personal-b1\/\"]}]},{\"@type\":\"BreadcrumbList\",\"@id\":\"https:\/\/easylingo.com\/cs\/eshop\/anglictina-pro-zdravotni-personal-b1\/#breadcrumb\",\"itemListElement\":[{\"@type\":\"ListItem\",\"position\":1,\"name\":\"Home\",\"item\":\"https:\/\/easylingo.com\/cs\/\"},{\"@type\":\"ListItem\",\"position\":2,\"name\":\"E-shop\",\"item\":\"https:\/\/easylingo.com\/cs\/eshop\/\"},{\"@type\":\"ListItem\",\"position\":3,\"name\":\"Angli\u010dtina pro zdravotn\u00ed person\u00e1l B1+\"}]},{\"@type\":\"WebSite\",\"@id\":\"https:\/\/easylingo.com\/cs\/#website\",\"url\":\"https:\/\/easylingo.com\/cs\/\",\"name\":\"EasyLingo\",\"description\":\"Nau\u010dte se jazyky: snadn\u011bji, z\u00e1bavn\u011bji a odkudkoliv.\",\"potentialAction\":[{\"@type\":\"SearchAction\",\"target\":{\"@type\":\"EntryPoint\",\"urlTemplate\":\"https:\/\/easylingo.com\/cs\/?s={search_term_string}\"},\"query-input\":\"required name=search_term_string\"}],\"inLanguage\":\"cs\"}]}<\/script>\n<!-- \/ Yoast SEO plugin. -->","yoast_head_json":{"title":"Angli\u010dtina pro zdravotn\u00ed person\u00e1l B1+ - EasyLingo","robots":{"index":"index","follow":"follow","max-snippet":"max-snippet:-1","max-image-preview":"max-image-preview:large","max-video-preview":"max-video-preview:-1"},"canonical":"https:\/\/easylingo.com\/cs\/eshop\/anglictina-pro-zdravotni-personal-b1\/","og_locale":"cs_CZ","og_type":"article","og_title":"Angli\u010dtina pro zdravotn\u00ed person\u00e1l B1+ - EasyLingo","og_description":"P\u0159ipravili jsme pro v\u00e1s kurz l\u00e9ka\u0159sk\u00e9 angli\u010dtiny. Tento kurz je zam\u011b\u0159en na rozvoj pokro\u010dil\u00fdch student\u016f angli\u010dtiny v\u00a0oblasti zdravotnictv\u00ed.\u00a0Kurz je sv\u00fdm obsahem vhodn\u00fd nejen pro l\u00e9ka\u0159e, ale i\u00a0dal\u0161\u00ed l\u00e9ka\u0159sk\u00fd person\u00e1l. Angli\u010dtina pro zdravotn\u00ed person\u00e1l B1+ v\u00e1s p\u0159iprav\u00ed na komunikaci s\u00a0pacientem, z\u00edsk\u00e1te slovn\u00ed z\u00e1sobu a\u00a0fr\u00e1ze, kter\u00e9 se pou\u017e\u00edvaj\u00ed p\u0159i l\u00e9ka\u0159sk\u00e9 prohl\u00eddce \u010di v\u00a0nemocnici. Jestli\u017ee se odhadnete nespr\u00e1vn\u011b [&hellip;]","og_url":"https:\/\/easylingo.com\/cs\/eshop\/anglictina-pro-zdravotni-personal-b1\/","og_site_name":"EasyLingo","article_publisher":"https:\/\/www.facebook.com\/onlinejazyky\/","article_modified_time":"2022-02-03T12:18:29+00:00","og_image":[{"width":700,"height":600,"url":"https:\/\/easylingo.com\/cs\/wp-content\/uploads\/sites\/3\/2021\/01\/301-anglictina-pro-zdravotni-personal-b1.png","type":"image\/png"}],"twitter_card":"summary_large_image","twitter_misc":{"Odhadovan\u00e1 doba \u010dten\u00ed":"1 minuta"},"schema":{"@context":"https:\/\/schema.org","@graph":[{"@type":"WebPage","@id":"https:\/\/easylingo.com\/cs\/eshop\/anglictina-pro-zdravotni-personal-b1\/","url":"https:\/\/easylingo.com\/cs\/eshop\/anglictina-pro-zdravotni-personal-b1\/","name":"Angli\u010dtina pro zdravotn\u00ed person\u00e1l B1+ - EasyLingo","isPartOf":{"@id":"https:\/\/easylingo.com\/cs\/#website"},"datePublished":"2021-01-15T12:58:03+00:00","dateModified":"2022-02-03T12:18:29+00:00","breadcrumb":{"@id":"https:\/\/easylingo.com\/cs\/eshop\/anglictina-pro-zdravotni-personal-b1\/#breadcrumb"},"inLanguage":"cs","potentialAction":[{"@type":"ReadAction","target":["https:\/\/easylingo.com\/cs\/eshop\/anglictina-pro-zdravotni-personal-b1\/"]}]},{"@type":"BreadcrumbList","@id":"https:\/\/easylingo.com\/cs\/eshop\/anglictina-pro-zdravotni-personal-b1\/#breadcrumb","itemListElement":[{"@type":"ListItem","position":1,"name":"Home","item":"https:\/\/easylingo.com\/cs\/"},{"@type":"ListItem","position":2,"name":"E-shop","item":"https:\/\/easylingo.com\/cs\/eshop\/"},{"@type":"ListItem","position":3,"name":"Angli\u010dtina pro zdravotn\u00ed person\u00e1l B1+"}]},{"@type":"WebSite","@id":"https:\/\/easylingo.com\/cs\/#website","url":"https:\/\/easylingo.com\/cs\/","name":"EasyLingo","description":"Nau\u010dte se jazyky: snadn\u011bji, z\u00e1bavn\u011bji a odkudkoliv.","potentialAction":[{"@type":"SearchAction","target":{"@type":"EntryPoint","urlTemplate":"https:\/\/easylingo.com\/cs\/?s={search_term_string}"},"query-input":"required name=search_term_string"}],"inLanguage":"cs"}]}},"_links":{"self":[{"href":"https:\/\/easylingo.com\/cs\/wp-json\/wp\/v2\/product\/15402"}],"collection":[{"href":"https:\/\/easylingo.com\/cs\/wp-json\/wp\/v2\/product"}],"about":[{"href":"https:\/\/easylingo.com\/cs\/wp-json\/wp\/v2\/types\/product"}],"replies":[{"embeddable":true,"href":"https:\/\/easylingo.com\/cs\/wp-json\/wp\/v2\/comments?post=15402"}],"wp:featuredmedia":[{"embeddable":true,"href":"https:\/\/easylingo.com\/cs\/wp-json\/wp\/v2\/media\/15438"}],"wp:attachment":[{"href":"https:\/\/easylingo.com\/cs\/wp-json\/wp\/v2\/media?parent=15402"}],"wp:term":[{"taxonomy":"product_cat","embeddable":true,"href":"https:\/\/easylingo.com\/cs\/wp-json\/wp\/v2\/product_cat?post=15402"},{"taxonomy":"product_tag","embeddable":true,"href":"https:\/\/easylingo.com\/cs\/wp-json\/wp\/v2\/product_tag?post=15402"}],"curies":[{"name":"wp","href":"https:\/\/api.w.org\/{rel}","templated":true}]}}