{"id":15407,"date":"2021-01-15T14:19:33","date_gmt":"2021-01-15T13:19:33","guid":{"rendered":"https:\/\/easylingo.com\/cs\/?post_type=product&#038;p=15407"},"modified":"2022-02-23T17:42:23","modified_gmt":"2022-02-23T16:42:23","slug":"aj-slovicka-pro-automobilovy-prumysl-a2","status":"publish","type":"product","link":"https:\/\/easylingo.com\/cs\/eshop\/aj-slovicka-pro-automobilovy-prumysl-a2\/","title":{"rendered":"AJ &#8211; Slov\u00ed\u010dka pro automobilov\u00fd pr\u016fmysl A2+"},"content":{"rendered":"<div class=\"description\">\n<div>\n<p>P\u0159ipravili jsme pro v\u00e1s kurz slov\u00ed\u010dka pro automobilov\u00fd pr\u016fmysl A2+. Specifick\u00fd obor &#8211; <strong>specifick\u00e1 slovn\u00ed z\u00e1soba<\/strong>, specifick\u00e9 fr\u00e1ze a\u00a0obraty. Tento kurz v\u00e1m pom\u016f\u017ee porozum\u011bt odborn\u00fdm \u010dl\u00e1nk\u016fm, <strong>zapojit se do diskuz\u00ed<\/strong> a\u00a0bez obav se vyj\u00e1d\u0159it p\u00edsemn\u011b. V\u0161e bez toho, abyste str\u00e1vili hodiny nad oborov\u00fdm slovn\u00edkem. Jestli\u017ee se odhadnete nespr\u00e1vn\u011b a\u00a0n\u00e1pl\u0148 kurzu v\u00e1m nebude vyhovovat, m\u016f\u017eete si do 14 dn\u016f vybrat jin\u00fd kurz nebo po\u017e\u00e1dat o\u00a0vr\u00e1cen\u00ed pen\u011bz. <strong>Nic neriskujete<\/strong>, nev\u00e1hejte a zkuste to.<\/p>\n<\/div>\n<\/div>\n","protected":false},"excerpt":{"rendered":"<p>P\u0159ipravili jsme pro v\u00e1s kurz slov\u00ed\u010dka pro automobilov\u00fd pr\u016fmysl A2+. Specifick\u00fd obor &#8211; specifick\u00e1 slovn\u00ed z\u00e1soba, specifick\u00e9 fr\u00e1ze a\u00a0obraty. Tento kurz v\u00e1m pom\u016f\u017ee porozum\u011bt odborn\u00fdm \u010dl\u00e1nk\u016fm, zapojit se do diskuz\u00ed a\u00a0bez obav se vyj\u00e1d\u0159it p\u00edsemn\u011b. V\u0161e bez toho, abyste str\u00e1vili hodiny nad oborov\u00fdm slovn\u00edkem. Jestli\u017ee se odhadnete nespr\u00e1vn\u011b a\u00a0n\u00e1pl\u0148 kurzu v\u00e1m nebude vyhovovat, m\u016f\u017eete si [&hellip;]<\/p>\n","protected":false},"featured_media":15434,"comment_status":"closed","ping_status":"closed","template":"","meta":{"_et_pb_use_builder":"","_et_pb_old_content":"","_et_gb_content_width":"","inline_featured_image":false},"product_cat":[81,82,86,60,50],"product_tag":[],"yoast_head":"<!-- This site is optimized with the Yoast SEO plugin v21.5 - https:\/\/yoast.com\/wordpress\/plugins\/seo\/ -->\n<title>AJ - Slov\u00ed\u010dka pro automobilov\u00fd pr\u016fmysl A2+ - EasyLingo<\/title>\n<meta name=\"robots\" content=\"index, follow, max-snippet:-1, max-image-preview:large, max-video-preview:-1\" \/>\n<link rel=\"canonical\" href=\"https:\/\/easylingo.com\/cs\/eshop\/aj-slovicka-pro-automobilovy-prumysl-a2\/\" \/>\n<meta property=\"og:locale\" content=\"cs_CZ\" \/>\n<meta property=\"og:type\" content=\"article\" \/>\n<meta property=\"og:title\" content=\"AJ - Slov\u00ed\u010dka pro automobilov\u00fd pr\u016fmysl A2+ - EasyLingo\" \/>\n<meta property=\"og:description\" content=\"P\u0159ipravili jsme pro v\u00e1s kurz slov\u00ed\u010dka pro automobilov\u00fd pr\u016fmysl A2+. Specifick\u00fd obor &#8211; specifick\u00e1 slovn\u00ed z\u00e1soba, specifick\u00e9 fr\u00e1ze a\u00a0obraty. Tento kurz v\u00e1m pom\u016f\u017ee porozum\u011bt odborn\u00fdm \u010dl\u00e1nk\u016fm, zapojit se do diskuz\u00ed a\u00a0bez obav se vyj\u00e1d\u0159it p\u00edsemn\u011b. V\u0161e bez toho, abyste str\u00e1vili hodiny nad oborov\u00fdm slovn\u00edkem. Jestli\u017ee se odhadnete nespr\u00e1vn\u011b a\u00a0n\u00e1pl\u0148 kurzu v\u00e1m nebude vyhovovat, m\u016f\u017eete si [&hellip;]\" \/>\n<meta property=\"og:url\" content=\"https:\/\/easylingo.com\/cs\/eshop\/aj-slovicka-pro-automobilovy-prumysl-a2\/\" \/>\n<meta property=\"og:site_name\" content=\"EasyLingo\" \/>\n<meta property=\"article:publisher\" content=\"https:\/\/www.facebook.com\/onlinejazyky\/\" \/>\n<meta property=\"article:modified_time\" content=\"2022-02-23T16:42:23+00:00\" \/>\n<meta property=\"og:image\" content=\"https:\/\/easylingo.com\/cs\/wp-content\/uploads\/sites\/3\/2021\/01\/296-aj-slovicka-pro-automobilovy-prumysl-a2.png\" \/>\n\t<meta property=\"og:image:width\" content=\"700\" \/>\n\t<meta property=\"og:image:height\" content=\"600\" \/>\n\t<meta property=\"og:image:type\" content=\"image\/png\" \/>\n<meta name=\"twitter:card\" content=\"summary_large_image\" \/>\n<meta name=\"twitter:label1\" content=\"Odhadovan\u00e1 doba \u010dten\u00ed\" \/>\n\t<meta name=\"twitter:data1\" content=\"1 minuta\" \/>\n<script type=\"application\/ld+json\" class=\"yoast-schema-graph\">{\"@context\":\"https:\/\/schema.org\",\"@graph\":[{\"@type\":\"WebPage\",\"@id\":\"https:\/\/easylingo.com\/cs\/eshop\/aj-slovicka-pro-automobilovy-prumysl-a2\/\",\"url\":\"https:\/\/easylingo.com\/cs\/eshop\/aj-slovicka-pro-automobilovy-prumysl-a2\/\",\"name\":\"AJ - Slov\u00ed\u010dka pro automobilov\u00fd pr\u016fmysl A2+ - EasyLingo\",\"isPartOf\":{\"@id\":\"https:\/\/easylingo.com\/cs\/#website\"},\"datePublished\":\"2021-01-15T13:19:33+00:00\",\"dateModified\":\"2022-02-23T16:42:23+00:00\",\"breadcrumb\":{\"@id\":\"https:\/\/easylingo.com\/cs\/eshop\/aj-slovicka-pro-automobilovy-prumysl-a2\/#breadcrumb\"},\"inLanguage\":\"cs\",\"potentialAction\":[{\"@type\":\"ReadAction\",\"target\":[\"https:\/\/easylingo.com\/cs\/eshop\/aj-slovicka-pro-automobilovy-prumysl-a2\/\"]}]},{\"@type\":\"BreadcrumbList\",\"@id\":\"https:\/\/easylingo.com\/cs\/eshop\/aj-slovicka-pro-automobilovy-prumysl-a2\/#breadcrumb\",\"itemListElement\":[{\"@type\":\"ListItem\",\"position\":1,\"name\":\"Home\",\"item\":\"https:\/\/easylingo.com\/cs\/\"},{\"@type\":\"ListItem\",\"position\":2,\"name\":\"E-shop\",\"item\":\"https:\/\/easylingo.com\/cs\/eshop\/\"},{\"@type\":\"ListItem\",\"position\":3,\"name\":\"AJ &#8211; Slov\u00ed\u010dka pro automobilov\u00fd pr\u016fmysl A2+\"}]},{\"@type\":\"WebSite\",\"@id\":\"https:\/\/easylingo.com\/cs\/#website\",\"url\":\"https:\/\/easylingo.com\/cs\/\",\"name\":\"EasyLingo\",\"description\":\"Nau\u010dte se jazyky: snadn\u011bji, z\u00e1bavn\u011bji a odkudkoliv.\",\"potentialAction\":[{\"@type\":\"SearchAction\",\"target\":{\"@type\":\"EntryPoint\",\"urlTemplate\":\"https:\/\/easylingo.com\/cs\/?s={search_term_string}\"},\"query-input\":\"required name=search_term_string\"}],\"inLanguage\":\"cs\"}]}<\/script>\n<!-- \/ Yoast SEO plugin. -->","yoast_head_json":{"title":"AJ - Slov\u00ed\u010dka pro automobilov\u00fd pr\u016fmysl A2+ - EasyLingo","robots":{"index":"index","follow":"follow","max-snippet":"max-snippet:-1","max-image-preview":"max-image-preview:large","max-video-preview":"max-video-preview:-1"},"canonical":"https:\/\/easylingo.com\/cs\/eshop\/aj-slovicka-pro-automobilovy-prumysl-a2\/","og_locale":"cs_CZ","og_type":"article","og_title":"AJ - Slov\u00ed\u010dka pro automobilov\u00fd pr\u016fmysl A2+ - EasyLingo","og_description":"P\u0159ipravili jsme pro v\u00e1s kurz slov\u00ed\u010dka pro automobilov\u00fd pr\u016fmysl A2+. Specifick\u00fd obor &#8211; specifick\u00e1 slovn\u00ed z\u00e1soba, specifick\u00e9 fr\u00e1ze a\u00a0obraty. Tento kurz v\u00e1m pom\u016f\u017ee porozum\u011bt odborn\u00fdm \u010dl\u00e1nk\u016fm, zapojit se do diskuz\u00ed a\u00a0bez obav se vyj\u00e1d\u0159it p\u00edsemn\u011b. V\u0161e bez toho, abyste str\u00e1vili hodiny nad oborov\u00fdm slovn\u00edkem. Jestli\u017ee se odhadnete nespr\u00e1vn\u011b a\u00a0n\u00e1pl\u0148 kurzu v\u00e1m nebude vyhovovat, m\u016f\u017eete si [&hellip;]","og_url":"https:\/\/easylingo.com\/cs\/eshop\/aj-slovicka-pro-automobilovy-prumysl-a2\/","og_site_name":"EasyLingo","article_publisher":"https:\/\/www.facebook.com\/onlinejazyky\/","article_modified_time":"2022-02-23T16:42:23+00:00","og_image":[{"width":700,"height":600,"url":"https:\/\/easylingo.com\/cs\/wp-content\/uploads\/sites\/3\/2021\/01\/296-aj-slovicka-pro-automobilovy-prumysl-a2.png","type":"image\/png"}],"twitter_card":"summary_large_image","twitter_misc":{"Odhadovan\u00e1 doba \u010dten\u00ed":"1 minuta"},"schema":{"@context":"https:\/\/schema.org","@graph":[{"@type":"WebPage","@id":"https:\/\/easylingo.com\/cs\/eshop\/aj-slovicka-pro-automobilovy-prumysl-a2\/","url":"https:\/\/easylingo.com\/cs\/eshop\/aj-slovicka-pro-automobilovy-prumysl-a2\/","name":"AJ - Slov\u00ed\u010dka pro automobilov\u00fd pr\u016fmysl A2+ - EasyLingo","isPartOf":{"@id":"https:\/\/easylingo.com\/cs\/#website"},"datePublished":"2021-01-15T13:19:33+00:00","dateModified":"2022-02-23T16:42:23+00:00","breadcrumb":{"@id":"https:\/\/easylingo.com\/cs\/eshop\/aj-slovicka-pro-automobilovy-prumysl-a2\/#breadcrumb"},"inLanguage":"cs","potentialAction":[{"@type":"ReadAction","target":["https:\/\/easylingo.com\/cs\/eshop\/aj-slovicka-pro-automobilovy-prumysl-a2\/"]}]},{"@type":"BreadcrumbList","@id":"https:\/\/easylingo.com\/cs\/eshop\/aj-slovicka-pro-automobilovy-prumysl-a2\/#breadcrumb","itemListElement":[{"@type":"ListItem","position":1,"name":"Home","item":"https:\/\/easylingo.com\/cs\/"},{"@type":"ListItem","position":2,"name":"E-shop","item":"https:\/\/easylingo.com\/cs\/eshop\/"},{"@type":"ListItem","position":3,"name":"AJ &#8211; Slov\u00ed\u010dka pro automobilov\u00fd pr\u016fmysl A2+"}]},{"@type":"WebSite","@id":"https:\/\/easylingo.com\/cs\/#website","url":"https:\/\/easylingo.com\/cs\/","name":"EasyLingo","description":"Nau\u010dte se jazyky: snadn\u011bji, z\u00e1bavn\u011bji a odkudkoliv.","potentialAction":[{"@type":"SearchAction","target":{"@type":"EntryPoint","urlTemplate":"https:\/\/easylingo.com\/cs\/?s={search_term_string}"},"query-input":"required name=search_term_string"}],"inLanguage":"cs"}]}},"_links":{"self":[{"href":"https:\/\/easylingo.com\/cs\/wp-json\/wp\/v2\/product\/15407"}],"collection":[{"href":"https:\/\/easylingo.com\/cs\/wp-json\/wp\/v2\/product"}],"about":[{"href":"https:\/\/easylingo.com\/cs\/wp-json\/wp\/v2\/types\/product"}],"replies":[{"embeddable":true,"href":"https:\/\/easylingo.com\/cs\/wp-json\/wp\/v2\/comments?post=15407"}],"wp:featuredmedia":[{"embeddable":true,"href":"https:\/\/easylingo.com\/cs\/wp-json\/wp\/v2\/media\/15434"}],"wp:attachment":[{"href":"https:\/\/easylingo.com\/cs\/wp-json\/wp\/v2\/media?parent=15407"}],"wp:term":[{"taxonomy":"product_cat","embeddable":true,"href":"https:\/\/easylingo.com\/cs\/wp-json\/wp\/v2\/product_cat?post=15407"},{"taxonomy":"product_tag","embeddable":true,"href":"https:\/\/easylingo.com\/cs\/wp-json\/wp\/v2\/product_tag?post=15407"}],"curies":[{"name":"wp","href":"https:\/\/api.w.org\/{rel}","templated":true}]}}