{"id":15412,"date":"2021-01-15T14:22:24","date_gmt":"2021-01-15T13:22:24","guid":{"rendered":"https:\/\/easylingo.com\/cs\/?post_type=product&#038;p=15412"},"modified":"2022-02-23T17:50:04","modified_gmt":"2022-02-23T16:50:04","slug":"aj-slovicka-pro-it-b1","status":"publish","type":"product","link":"https:\/\/easylingo.com\/cs\/eshop\/aj-slovicka-pro-it-b1\/","title":{"rendered":"AJ &#8211; Slov\u00ed\u010dka pro IT B1"},"content":{"rendered":"<p>Prohlubte sv\u00e9 anglick\u00e9 dovednosti z\u00a0<strong>oboru IT<\/strong> v\u00a0na\u0161em kurzu. Pracujete v\u00a0sektoru informa\u010dn\u00edch technologi\u00ed nebo si teprve hled\u00e1te uplatn\u011bn\u00ed \u010di v\u00e1s toto t\u00e9ma pouze zaj\u00edm\u00e1? Potom je kurz <strong>slov\u00ed\u010dka pro IT<\/strong> B1 pro v\u00e1s. V\u0161echny v\u00fdklady i\u00a0slovn\u00ed z\u00e1soba je zam\u011b\u0159ena pr\u00e1v\u011b na IT. Jestli\u017ee se odhadnete nespr\u00e1vn\u011b a\u00a0n\u00e1pl\u0148 kurzu v\u00e1m nebude vyhovovat, m\u016f\u017eete si do 14 dn\u016f vybrat jin\u00fd kurz nebo po\u017e\u00e1dat o\u00a0vr\u00e1cen\u00ed pen\u011bz. <strong>Nic neriskujete<\/strong>, nev\u00e1hejte a\u00a0zkuste to.<\/p>\n","protected":false},"excerpt":{"rendered":"<p>Prohlubte sv\u00e9 anglick\u00e9 dovednosti z\u00a0oboru IT v\u00a0na\u0161em kurzu. Pracujete v\u00a0sektoru informa\u010dn\u00edch technologi\u00ed nebo si teprve hled\u00e1te uplatn\u011bn\u00ed \u010di v\u00e1s toto t\u00e9ma pouze zaj\u00edm\u00e1? Potom je kurz slov\u00ed\u010dka pro IT B1 pro v\u00e1s. V\u0161echny v\u00fdklady i\u00a0slovn\u00ed z\u00e1soba je zam\u011b\u0159ena pr\u00e1v\u011b na IT. Jestli\u017ee se odhadnete nespr\u00e1vn\u011b a\u00a0n\u00e1pl\u0148 kurzu v\u00e1m nebude vyhovovat, m\u016f\u017eete si do 14 dn\u016f [&hellip;]<\/p>\n","protected":false},"featured_media":15428,"comment_status":"closed","ping_status":"closed","template":"","meta":{"_et_pb_use_builder":"","_et_pb_old_content":"","_et_gb_content_width":"","inline_featured_image":false},"product_cat":[81,82,86,60,50],"product_tag":[],"yoast_head":"<!-- This site is optimized with the Yoast SEO plugin v21.5 - https:\/\/yoast.com\/wordpress\/plugins\/seo\/ -->\n<title>AJ - Slov\u00ed\u010dka pro IT B1 - EasyLingo<\/title>\n<meta name=\"robots\" content=\"index, follow, max-snippet:-1, max-image-preview:large, max-video-preview:-1\" \/>\n<link rel=\"canonical\" href=\"https:\/\/easylingo.com\/cs\/eshop\/aj-slovicka-pro-it-b1\/\" \/>\n<meta property=\"og:locale\" content=\"cs_CZ\" \/>\n<meta property=\"og:type\" content=\"article\" \/>\n<meta property=\"og:title\" content=\"AJ - Slov\u00ed\u010dka pro IT B1 - EasyLingo\" \/>\n<meta property=\"og:description\" content=\"Prohlubte sv\u00e9 anglick\u00e9 dovednosti z\u00a0oboru IT v\u00a0na\u0161em kurzu. Pracujete v\u00a0sektoru informa\u010dn\u00edch technologi\u00ed nebo si teprve hled\u00e1te uplatn\u011bn\u00ed \u010di v\u00e1s toto t\u00e9ma pouze zaj\u00edm\u00e1? Potom je kurz slov\u00ed\u010dka pro IT B1 pro v\u00e1s. V\u0161echny v\u00fdklady i\u00a0slovn\u00ed z\u00e1soba je zam\u011b\u0159ena pr\u00e1v\u011b na IT. Jestli\u017ee se odhadnete nespr\u00e1vn\u011b a\u00a0n\u00e1pl\u0148 kurzu v\u00e1m nebude vyhovovat, m\u016f\u017eete si do 14 dn\u016f [&hellip;]\" \/>\n<meta property=\"og:url\" content=\"https:\/\/easylingo.com\/cs\/eshop\/aj-slovicka-pro-it-b1\/\" \/>\n<meta property=\"og:site_name\" content=\"EasyLingo\" \/>\n<meta property=\"article:publisher\" content=\"https:\/\/www.facebook.com\/onlinejazyky\/\" \/>\n<meta property=\"article:modified_time\" content=\"2022-02-23T16:50:04+00:00\" \/>\n<meta property=\"og:image\" content=\"https:\/\/easylingo.com\/cs\/wp-content\/uploads\/sites\/3\/2021\/01\/285-aj-slovicka-pro-it-b1.png\" \/>\n\t<meta property=\"og:image:width\" content=\"970\" \/>\n\t<meta property=\"og:image:height\" content=\"831\" \/>\n\t<meta property=\"og:image:type\" content=\"image\/png\" \/>\n<meta name=\"twitter:card\" content=\"summary_large_image\" \/>\n<script type=\"application\/ld+json\" class=\"yoast-schema-graph\">{\"@context\":\"https:\/\/schema.org\",\"@graph\":[{\"@type\":\"WebPage\",\"@id\":\"https:\/\/easylingo.com\/cs\/eshop\/aj-slovicka-pro-it-b1\/\",\"url\":\"https:\/\/easylingo.com\/cs\/eshop\/aj-slovicka-pro-it-b1\/\",\"name\":\"AJ - Slov\u00ed\u010dka pro IT B1 - EasyLingo\",\"isPartOf\":{\"@id\":\"https:\/\/easylingo.com\/cs\/#website\"},\"datePublished\":\"2021-01-15T13:22:24+00:00\",\"dateModified\":\"2022-02-23T16:50:04+00:00\",\"breadcrumb\":{\"@id\":\"https:\/\/easylingo.com\/cs\/eshop\/aj-slovicka-pro-it-b1\/#breadcrumb\"},\"inLanguage\":\"cs\",\"potentialAction\":[{\"@type\":\"ReadAction\",\"target\":[\"https:\/\/easylingo.com\/cs\/eshop\/aj-slovicka-pro-it-b1\/\"]}]},{\"@type\":\"BreadcrumbList\",\"@id\":\"https:\/\/easylingo.com\/cs\/eshop\/aj-slovicka-pro-it-b1\/#breadcrumb\",\"itemListElement\":[{\"@type\":\"ListItem\",\"position\":1,\"name\":\"Home\",\"item\":\"https:\/\/easylingo.com\/cs\/\"},{\"@type\":\"ListItem\",\"position\":2,\"name\":\"E-shop\",\"item\":\"https:\/\/easylingo.com\/cs\/eshop\/\"},{\"@type\":\"ListItem\",\"position\":3,\"name\":\"AJ &#8211; Slov\u00ed\u010dka pro IT B1\"}]},{\"@type\":\"WebSite\",\"@id\":\"https:\/\/easylingo.com\/cs\/#website\",\"url\":\"https:\/\/easylingo.com\/cs\/\",\"name\":\"EasyLingo\",\"description\":\"Nau\u010dte se jazyky: snadn\u011bji, z\u00e1bavn\u011bji a odkudkoliv.\",\"potentialAction\":[{\"@type\":\"SearchAction\",\"target\":{\"@type\":\"EntryPoint\",\"urlTemplate\":\"https:\/\/easylingo.com\/cs\/?s={search_term_string}\"},\"query-input\":\"required name=search_term_string\"}],\"inLanguage\":\"cs\"}]}<\/script>\n<!-- \/ Yoast SEO plugin. -->","yoast_head_json":{"title":"AJ - Slov\u00ed\u010dka pro IT B1 - EasyLingo","robots":{"index":"index","follow":"follow","max-snippet":"max-snippet:-1","max-image-preview":"max-image-preview:large","max-video-preview":"max-video-preview:-1"},"canonical":"https:\/\/easylingo.com\/cs\/eshop\/aj-slovicka-pro-it-b1\/","og_locale":"cs_CZ","og_type":"article","og_title":"AJ - Slov\u00ed\u010dka pro IT B1 - EasyLingo","og_description":"Prohlubte sv\u00e9 anglick\u00e9 dovednosti z\u00a0oboru IT v\u00a0na\u0161em kurzu. Pracujete v\u00a0sektoru informa\u010dn\u00edch technologi\u00ed nebo si teprve hled\u00e1te uplatn\u011bn\u00ed \u010di v\u00e1s toto t\u00e9ma pouze zaj\u00edm\u00e1? Potom je kurz slov\u00ed\u010dka pro IT B1 pro v\u00e1s. V\u0161echny v\u00fdklady i\u00a0slovn\u00ed z\u00e1soba je zam\u011b\u0159ena pr\u00e1v\u011b na IT. Jestli\u017ee se odhadnete nespr\u00e1vn\u011b a\u00a0n\u00e1pl\u0148 kurzu v\u00e1m nebude vyhovovat, m\u016f\u017eete si do 14 dn\u016f [&hellip;]","og_url":"https:\/\/easylingo.com\/cs\/eshop\/aj-slovicka-pro-it-b1\/","og_site_name":"EasyLingo","article_publisher":"https:\/\/www.facebook.com\/onlinejazyky\/","article_modified_time":"2022-02-23T16:50:04+00:00","og_image":[{"width":970,"height":831,"url":"https:\/\/easylingo.com\/cs\/wp-content\/uploads\/sites\/3\/2021\/01\/285-aj-slovicka-pro-it-b1.png","type":"image\/png"}],"twitter_card":"summary_large_image","schema":{"@context":"https:\/\/schema.org","@graph":[{"@type":"WebPage","@id":"https:\/\/easylingo.com\/cs\/eshop\/aj-slovicka-pro-it-b1\/","url":"https:\/\/easylingo.com\/cs\/eshop\/aj-slovicka-pro-it-b1\/","name":"AJ - Slov\u00ed\u010dka pro IT B1 - EasyLingo","isPartOf":{"@id":"https:\/\/easylingo.com\/cs\/#website"},"datePublished":"2021-01-15T13:22:24+00:00","dateModified":"2022-02-23T16:50:04+00:00","breadcrumb":{"@id":"https:\/\/easylingo.com\/cs\/eshop\/aj-slovicka-pro-it-b1\/#breadcrumb"},"inLanguage":"cs","potentialAction":[{"@type":"ReadAction","target":["https:\/\/easylingo.com\/cs\/eshop\/aj-slovicka-pro-it-b1\/"]}]},{"@type":"BreadcrumbList","@id":"https:\/\/easylingo.com\/cs\/eshop\/aj-slovicka-pro-it-b1\/#breadcrumb","itemListElement":[{"@type":"ListItem","position":1,"name":"Home","item":"https:\/\/easylingo.com\/cs\/"},{"@type":"ListItem","position":2,"name":"E-shop","item":"https:\/\/easylingo.com\/cs\/eshop\/"},{"@type":"ListItem","position":3,"name":"AJ &#8211; Slov\u00ed\u010dka pro IT B1"}]},{"@type":"WebSite","@id":"https:\/\/easylingo.com\/cs\/#website","url":"https:\/\/easylingo.com\/cs\/","name":"EasyLingo","description":"Nau\u010dte se jazyky: snadn\u011bji, z\u00e1bavn\u011bji a odkudkoliv.","potentialAction":[{"@type":"SearchAction","target":{"@type":"EntryPoint","urlTemplate":"https:\/\/easylingo.com\/cs\/?s={search_term_string}"},"query-input":"required name=search_term_string"}],"inLanguage":"cs"}]}},"_links":{"self":[{"href":"https:\/\/easylingo.com\/cs\/wp-json\/wp\/v2\/product\/15412"}],"collection":[{"href":"https:\/\/easylingo.com\/cs\/wp-json\/wp\/v2\/product"}],"about":[{"href":"https:\/\/easylingo.com\/cs\/wp-json\/wp\/v2\/types\/product"}],"replies":[{"embeddable":true,"href":"https:\/\/easylingo.com\/cs\/wp-json\/wp\/v2\/comments?post=15412"}],"wp:featuredmedia":[{"embeddable":true,"href":"https:\/\/easylingo.com\/cs\/wp-json\/wp\/v2\/media\/15428"}],"wp:attachment":[{"href":"https:\/\/easylingo.com\/cs\/wp-json\/wp\/v2\/media?parent=15412"}],"wp:term":[{"taxonomy":"product_cat","embeddable":true,"href":"https:\/\/easylingo.com\/cs\/wp-json\/wp\/v2\/product_cat?post=15412"},{"taxonomy":"product_tag","embeddable":true,"href":"https:\/\/easylingo.com\/cs\/wp-json\/wp\/v2\/product_tag?post=15412"}],"curies":[{"name":"wp","href":"https:\/\/api.w.org\/{rel}","templated":true}]}}