{"id":15445,"date":"2021-01-15T14:52:21","date_gmt":"2021-01-15T13:52:21","guid":{"rendered":"https:\/\/easylingo.com\/cs\/?post_type=product&#038;p=15445"},"modified":"2022-02-03T11:26:37","modified_gmt":"2022-02-03T10:26:37","slug":"nemcina-pro-ucetni-b2","status":"publish","type":"product","link":"https:\/\/easylingo.com\/cs\/eshop\/nemcina-pro-ucetni-b2\/","title":{"rendered":"N\u011bm\u010dina pro \u00fa\u010detn\u00ed B2"},"content":{"rendered":"<p>P\u0159ipravili jsme pro v\u00e1s profesn\u00ed <strong>kurz n\u011bm\u010diny v\u00a0u\u010detnictv\u00ed!<\/strong> Zdokonalte sv\u016fj n\u011bmeck\u00fd jazyk ve finan\u010dn\u00ed sf\u00e9\u0159e a\u00a0pobavte se u\u00a0poslech\u016f rodil\u00fdch mluv\u010d\u00edch v\u00a0podob\u011b rozhovor\u016f moder\u00e1tora s\u00a0finan\u010dn\u00edm specialistou. Jestli\u017ee se odhadnete nespr\u00e1vn\u011b a\u00a0n\u00e1pl\u0148 kurzu v\u00e1m nebude vyhovovat, m\u016f\u017eete si do 14 dn\u016f vybrat jin\u00fd nebo po\u017e\u00e1dat o\u00a0vr\u00e1cen\u00ed pen\u011bz. <strong>Nic neriskujete<\/strong>, nev\u00e1hejte a\u00a0zkuste to.<\/p>\n","protected":false},"excerpt":{"rendered":"<p>P\u0159ipravili jsme pro v\u00e1s profesn\u00ed kurz n\u011bm\u010diny v\u00a0u\u010detnictv\u00ed! Zdokonalte sv\u016fj n\u011bmeck\u00fd jazyk ve finan\u010dn\u00ed sf\u00e9\u0159e a\u00a0pobavte se u\u00a0poslech\u016f rodil\u00fdch mluv\u010d\u00edch v\u00a0podob\u011b rozhovor\u016f moder\u00e1tora s\u00a0finan\u010dn\u00edm specialistou. Jestli\u017ee se odhadnete nespr\u00e1vn\u011b a\u00a0n\u00e1pl\u0148 kurzu v\u00e1m nebude vyhovovat, m\u016f\u017eete si do 14 dn\u016f vybrat jin\u00fd nebo po\u017e\u00e1dat o\u00a0vr\u00e1cen\u00ed pen\u011bz. Nic neriskujete, nev\u00e1hejte a\u00a0zkuste to.<\/p>\n","protected":false},"featured_media":15456,"comment_status":"closed","ping_status":"closed","template":"","meta":{"_et_pb_use_builder":"","_et_pb_old_content":"","_et_gb_content_width":"","inline_featured_image":false},"product_cat":[81,68,88,61],"product_tag":[],"yoast_head":"<!-- This site is optimized with the Yoast SEO plugin v21.5 - https:\/\/yoast.com\/wordpress\/plugins\/seo\/ -->\n<title>N\u011bm\u010dina pro \u00fa\u010detn\u00ed B2 - EasyLingo<\/title>\n<meta name=\"robots\" content=\"index, follow, max-snippet:-1, max-image-preview:large, max-video-preview:-1\" \/>\n<link rel=\"canonical\" href=\"https:\/\/easylingo.com\/cs\/eshop\/nemcina-pro-ucetni-b2\/\" \/>\n<meta property=\"og:locale\" content=\"cs_CZ\" \/>\n<meta property=\"og:type\" content=\"article\" \/>\n<meta property=\"og:title\" content=\"N\u011bm\u010dina pro \u00fa\u010detn\u00ed B2 - EasyLingo\" \/>\n<meta property=\"og:description\" content=\"P\u0159ipravili jsme pro v\u00e1s profesn\u00ed kurz n\u011bm\u010diny v\u00a0u\u010detnictv\u00ed! Zdokonalte sv\u016fj n\u011bmeck\u00fd jazyk ve finan\u010dn\u00ed sf\u00e9\u0159e a\u00a0pobavte se u\u00a0poslech\u016f rodil\u00fdch mluv\u010d\u00edch v\u00a0podob\u011b rozhovor\u016f moder\u00e1tora s\u00a0finan\u010dn\u00edm specialistou. Jestli\u017ee se odhadnete nespr\u00e1vn\u011b a\u00a0n\u00e1pl\u0148 kurzu v\u00e1m nebude vyhovovat, m\u016f\u017eete si do 14 dn\u016f vybrat jin\u00fd nebo po\u017e\u00e1dat o\u00a0vr\u00e1cen\u00ed pen\u011bz. Nic neriskujete, nev\u00e1hejte a\u00a0zkuste to.\" \/>\n<meta property=\"og:url\" content=\"https:\/\/easylingo.com\/cs\/eshop\/nemcina-pro-ucetni-b2\/\" \/>\n<meta property=\"og:site_name\" content=\"EasyLingo\" \/>\n<meta property=\"article:publisher\" content=\"https:\/\/www.facebook.com\/onlinejazyky\/\" \/>\n<meta property=\"article:modified_time\" content=\"2022-02-03T10:26:37+00:00\" \/>\n<meta property=\"og:image\" content=\"https:\/\/easylingo.com\/cs\/wp-content\/uploads\/sites\/3\/2021\/01\/302-nemcina-pro-ucetni-b2.png\" \/>\n\t<meta property=\"og:image:width\" content=\"700\" \/>\n\t<meta property=\"og:image:height\" content=\"600\" \/>\n\t<meta property=\"og:image:type\" content=\"image\/png\" \/>\n<meta name=\"twitter:card\" content=\"summary_large_image\" \/>\n<script type=\"application\/ld+json\" class=\"yoast-schema-graph\">{\"@context\":\"https:\/\/schema.org\",\"@graph\":[{\"@type\":\"WebPage\",\"@id\":\"https:\/\/easylingo.com\/cs\/eshop\/nemcina-pro-ucetni-b2\/\",\"url\":\"https:\/\/easylingo.com\/cs\/eshop\/nemcina-pro-ucetni-b2\/\",\"name\":\"N\u011bm\u010dina pro \u00fa\u010detn\u00ed B2 - EasyLingo\",\"isPartOf\":{\"@id\":\"https:\/\/easylingo.com\/cs\/#website\"},\"datePublished\":\"2021-01-15T13:52:21+00:00\",\"dateModified\":\"2022-02-03T10:26:37+00:00\",\"breadcrumb\":{\"@id\":\"https:\/\/easylingo.com\/cs\/eshop\/nemcina-pro-ucetni-b2\/#breadcrumb\"},\"inLanguage\":\"cs\",\"potentialAction\":[{\"@type\":\"ReadAction\",\"target\":[\"https:\/\/easylingo.com\/cs\/eshop\/nemcina-pro-ucetni-b2\/\"]}]},{\"@type\":\"BreadcrumbList\",\"@id\":\"https:\/\/easylingo.com\/cs\/eshop\/nemcina-pro-ucetni-b2\/#breadcrumb\",\"itemListElement\":[{\"@type\":\"ListItem\",\"position\":1,\"name\":\"Home\",\"item\":\"https:\/\/easylingo.com\/cs\/\"},{\"@type\":\"ListItem\",\"position\":2,\"name\":\"E-shop\",\"item\":\"https:\/\/easylingo.com\/cs\/eshop\/\"},{\"@type\":\"ListItem\",\"position\":3,\"name\":\"N\u011bm\u010dina pro \u00fa\u010detn\u00ed B2\"}]},{\"@type\":\"WebSite\",\"@id\":\"https:\/\/easylingo.com\/cs\/#website\",\"url\":\"https:\/\/easylingo.com\/cs\/\",\"name\":\"EasyLingo\",\"description\":\"Nau\u010dte se jazyky: snadn\u011bji, z\u00e1bavn\u011bji a odkudkoliv.\",\"potentialAction\":[{\"@type\":\"SearchAction\",\"target\":{\"@type\":\"EntryPoint\",\"urlTemplate\":\"https:\/\/easylingo.com\/cs\/?s={search_term_string}\"},\"query-input\":\"required name=search_term_string\"}],\"inLanguage\":\"cs\"}]}<\/script>\n<!-- \/ Yoast SEO plugin. -->","yoast_head_json":{"title":"N\u011bm\u010dina pro \u00fa\u010detn\u00ed B2 - EasyLingo","robots":{"index":"index","follow":"follow","max-snippet":"max-snippet:-1","max-image-preview":"max-image-preview:large","max-video-preview":"max-video-preview:-1"},"canonical":"https:\/\/easylingo.com\/cs\/eshop\/nemcina-pro-ucetni-b2\/","og_locale":"cs_CZ","og_type":"article","og_title":"N\u011bm\u010dina pro \u00fa\u010detn\u00ed B2 - EasyLingo","og_description":"P\u0159ipravili jsme pro v\u00e1s profesn\u00ed kurz n\u011bm\u010diny v\u00a0u\u010detnictv\u00ed! Zdokonalte sv\u016fj n\u011bmeck\u00fd jazyk ve finan\u010dn\u00ed sf\u00e9\u0159e a\u00a0pobavte se u\u00a0poslech\u016f rodil\u00fdch mluv\u010d\u00edch v\u00a0podob\u011b rozhovor\u016f moder\u00e1tora s\u00a0finan\u010dn\u00edm specialistou. Jestli\u017ee se odhadnete nespr\u00e1vn\u011b a\u00a0n\u00e1pl\u0148 kurzu v\u00e1m nebude vyhovovat, m\u016f\u017eete si do 14 dn\u016f vybrat jin\u00fd nebo po\u017e\u00e1dat o\u00a0vr\u00e1cen\u00ed pen\u011bz. Nic neriskujete, nev\u00e1hejte a\u00a0zkuste to.","og_url":"https:\/\/easylingo.com\/cs\/eshop\/nemcina-pro-ucetni-b2\/","og_site_name":"EasyLingo","article_publisher":"https:\/\/www.facebook.com\/onlinejazyky\/","article_modified_time":"2022-02-03T10:26:37+00:00","og_image":[{"width":700,"height":600,"url":"https:\/\/easylingo.com\/cs\/wp-content\/uploads\/sites\/3\/2021\/01\/302-nemcina-pro-ucetni-b2.png","type":"image\/png"}],"twitter_card":"summary_large_image","schema":{"@context":"https:\/\/schema.org","@graph":[{"@type":"WebPage","@id":"https:\/\/easylingo.com\/cs\/eshop\/nemcina-pro-ucetni-b2\/","url":"https:\/\/easylingo.com\/cs\/eshop\/nemcina-pro-ucetni-b2\/","name":"N\u011bm\u010dina pro \u00fa\u010detn\u00ed B2 - EasyLingo","isPartOf":{"@id":"https:\/\/easylingo.com\/cs\/#website"},"datePublished":"2021-01-15T13:52:21+00:00","dateModified":"2022-02-03T10:26:37+00:00","breadcrumb":{"@id":"https:\/\/easylingo.com\/cs\/eshop\/nemcina-pro-ucetni-b2\/#breadcrumb"},"inLanguage":"cs","potentialAction":[{"@type":"ReadAction","target":["https:\/\/easylingo.com\/cs\/eshop\/nemcina-pro-ucetni-b2\/"]}]},{"@type":"BreadcrumbList","@id":"https:\/\/easylingo.com\/cs\/eshop\/nemcina-pro-ucetni-b2\/#breadcrumb","itemListElement":[{"@type":"ListItem","position":1,"name":"Home","item":"https:\/\/easylingo.com\/cs\/"},{"@type":"ListItem","position":2,"name":"E-shop","item":"https:\/\/easylingo.com\/cs\/eshop\/"},{"@type":"ListItem","position":3,"name":"N\u011bm\u010dina pro \u00fa\u010detn\u00ed B2"}]},{"@type":"WebSite","@id":"https:\/\/easylingo.com\/cs\/#website","url":"https:\/\/easylingo.com\/cs\/","name":"EasyLingo","description":"Nau\u010dte se jazyky: snadn\u011bji, z\u00e1bavn\u011bji a odkudkoliv.","potentialAction":[{"@type":"SearchAction","target":{"@type":"EntryPoint","urlTemplate":"https:\/\/easylingo.com\/cs\/?s={search_term_string}"},"query-input":"required name=search_term_string"}],"inLanguage":"cs"}]}},"_links":{"self":[{"href":"https:\/\/easylingo.com\/cs\/wp-json\/wp\/v2\/product\/15445"}],"collection":[{"href":"https:\/\/easylingo.com\/cs\/wp-json\/wp\/v2\/product"}],"about":[{"href":"https:\/\/easylingo.com\/cs\/wp-json\/wp\/v2\/types\/product"}],"replies":[{"embeddable":true,"href":"https:\/\/easylingo.com\/cs\/wp-json\/wp\/v2\/comments?post=15445"}],"wp:featuredmedia":[{"embeddable":true,"href":"https:\/\/easylingo.com\/cs\/wp-json\/wp\/v2\/media\/15456"}],"wp:attachment":[{"href":"https:\/\/easylingo.com\/cs\/wp-json\/wp\/v2\/media?parent=15445"}],"wp:term":[{"taxonomy":"product_cat","embeddable":true,"href":"https:\/\/easylingo.com\/cs\/wp-json\/wp\/v2\/product_cat?post=15445"},{"taxonomy":"product_tag","embeddable":true,"href":"https:\/\/easylingo.com\/cs\/wp-json\/wp\/v2\/product_tag?post=15445"}],"curies":[{"name":"wp","href":"https:\/\/api.w.org\/{rel}","templated":true}]}}