{"id":15474,"date":"2021-01-15T15:28:00","date_gmt":"2021-01-15T14:28:00","guid":{"rendered":"https:\/\/easylingo.com\/cs\/?post_type=product&#038;p=15474"},"modified":"2022-01-28T20:53:03","modified_gmt":"2022-01-28T19:53:03","slug":"obchodni-francouzstina-pro-mirne-pokrocile-b1","status":"publish","type":"product","link":"https:\/\/easylingo.com\/cs\/eshop\/obchodni-francouzstina-pro-mirne-pokrocile-b1\/","title":{"rendered":"Obchodn\u00ed francouz\u0161tina pro m\u00edrn\u011b pokro\u010dil\u00e9 B1"},"content":{"rendered":"<p>Po absolvov\u00e1n\u00ed tohoto kurzu se v\u00e1m u\u017e nem\u016f\u017ee st\u00e1t, \u017ee n\u011bkter\u00fd z\u00a0va\u0161ich n\u00e1pad\u016f nebo n\u00e1vrh\u016f ve francouzsky mluv\u00edc\u00edm pracovn\u00edm prost\u0159ed\u00ed z\u016fstane nevy\u0159\u010den\u00fd. <strong>Kone\u010dn\u011b se za\u0159ad\u00edte tam, kam pr\u00e1vem pat\u0159\u00edte<\/strong> a\u00a0u\u017e v\u00e1s nebude limitovat \u017e\u00e1dn\u00e1 jazykov\u00e1 bari\u00e9ra. V\u00a0kurzu se nau\u010d\u00edte vy\u0159izovat objedn\u00e1vky ve francouzsk\u00e9m jazyce, nau\u010d\u00edte se novou slovn\u00ed z\u00e1sobu z\u00a0oblasti marketingu a\u00a0obchodu. Jestli\u017ee se odhadnete nespr\u00e1vn\u011b a\u00a0n\u00e1pl\u0148 kurzu v\u00e1m nebude vyhovovat, m\u016f\u017eete si do 14 dn\u016f vybrat jin\u00fd kurz nebo po\u017e\u00e1dat o\u00a0vr\u00e1cen\u00ed pen\u011bz.\u00a0<strong>Nic neriskujete<\/strong>, nev\u00e1hejte a\u00a0zkuste to.<\/p>\n","protected":false},"excerpt":{"rendered":"<p>Po absolvov\u00e1n\u00ed tohoto kurzu se v\u00e1m u\u017e nem\u016f\u017ee st\u00e1t, \u017ee n\u011bkter\u00fd z\u00a0va\u0161ich n\u00e1pad\u016f nebo n\u00e1vrh\u016f ve francouzsky mluv\u00edc\u00edm pracovn\u00edm prost\u0159ed\u00ed z\u016fstane nevy\u0159\u010den\u00fd. Kone\u010dn\u011b se za\u0159ad\u00edte tam, kam pr\u00e1vem pat\u0159\u00edte a\u00a0u\u017e v\u00e1s nebude limitovat \u017e\u00e1dn\u00e1 jazykov\u00e1 bari\u00e9ra. V\u00a0kurzu se nau\u010d\u00edte vy\u0159izovat objedn\u00e1vky ve francouzsk\u00e9m jazyce, nau\u010d\u00edte se novou slovn\u00ed z\u00e1sobu z\u00a0oblasti marketingu a\u00a0obchodu. Jestli\u017ee se odhadnete [&hellip;]<\/p>\n","protected":false},"featured_media":15475,"comment_status":"closed","ping_status":"closed","template":"","meta":{"_et_pb_use_builder":"","_et_pb_old_content":"","_et_gb_content_width":"","inline_featured_image":false},"product_cat":[81,72,62],"product_tag":[],"yoast_head":"<!-- This site is optimized with the Yoast SEO plugin v21.5 - https:\/\/yoast.com\/wordpress\/plugins\/seo\/ -->\n<title>Obchodn\u00ed francouz\u0161tina pro m\u00edrn\u011b pokro\u010dil\u00e9 B1 - EasyLingo<\/title>\n<meta name=\"robots\" content=\"index, follow, max-snippet:-1, max-image-preview:large, max-video-preview:-1\" \/>\n<link rel=\"canonical\" href=\"https:\/\/easylingo.com\/cs\/eshop\/obchodni-francouzstina-pro-mirne-pokrocile-b1\/\" \/>\n<meta property=\"og:locale\" content=\"cs_CZ\" \/>\n<meta property=\"og:type\" content=\"article\" \/>\n<meta property=\"og:title\" content=\"Obchodn\u00ed francouz\u0161tina pro m\u00edrn\u011b pokro\u010dil\u00e9 B1 - EasyLingo\" \/>\n<meta property=\"og:description\" content=\"Po absolvov\u00e1n\u00ed tohoto kurzu se v\u00e1m u\u017e nem\u016f\u017ee st\u00e1t, \u017ee n\u011bkter\u00fd z\u00a0va\u0161ich n\u00e1pad\u016f nebo n\u00e1vrh\u016f ve francouzsky mluv\u00edc\u00edm pracovn\u00edm prost\u0159ed\u00ed z\u016fstane nevy\u0159\u010den\u00fd. Kone\u010dn\u011b se za\u0159ad\u00edte tam, kam pr\u00e1vem pat\u0159\u00edte a\u00a0u\u017e v\u00e1s nebude limitovat \u017e\u00e1dn\u00e1 jazykov\u00e1 bari\u00e9ra. V\u00a0kurzu se nau\u010d\u00edte vy\u0159izovat objedn\u00e1vky ve francouzsk\u00e9m jazyce, nau\u010d\u00edte se novou slovn\u00ed z\u00e1sobu z\u00a0oblasti marketingu a\u00a0obchodu. Jestli\u017ee se odhadnete [&hellip;]\" \/>\n<meta property=\"og:url\" content=\"https:\/\/easylingo.com\/cs\/eshop\/obchodni-francouzstina-pro-mirne-pokrocile-b1\/\" \/>\n<meta property=\"og:site_name\" content=\"EasyLingo\" \/>\n<meta property=\"article:publisher\" content=\"https:\/\/www.facebook.com\/onlinejazyky\/\" \/>\n<meta property=\"article:modified_time\" content=\"2022-01-28T19:53:03+00:00\" \/>\n<meta property=\"og:image\" content=\"https:\/\/easylingo.com\/cs\/wp-content\/uploads\/sites\/3\/2021\/01\/256-obchodni-francouzstina-pro-mirne-pokrocile-b1.png\" \/>\n\t<meta property=\"og:image:width\" content=\"970\" \/>\n\t<meta property=\"og:image:height\" content=\"831\" \/>\n\t<meta property=\"og:image:type\" content=\"image\/png\" \/>\n<meta name=\"twitter:card\" content=\"summary_large_image\" \/>\n<meta name=\"twitter:label1\" content=\"Odhadovan\u00e1 doba \u010dten\u00ed\" \/>\n\t<meta name=\"twitter:data1\" content=\"1 minuta\" \/>\n<script type=\"application\/ld+json\" class=\"yoast-schema-graph\">{\"@context\":\"https:\/\/schema.org\",\"@graph\":[{\"@type\":\"WebPage\",\"@id\":\"https:\/\/easylingo.com\/cs\/eshop\/obchodni-francouzstina-pro-mirne-pokrocile-b1\/\",\"url\":\"https:\/\/easylingo.com\/cs\/eshop\/obchodni-francouzstina-pro-mirne-pokrocile-b1\/\",\"name\":\"Obchodn\u00ed francouz\u0161tina pro m\u00edrn\u011b pokro\u010dil\u00e9 B1 - EasyLingo\",\"isPartOf\":{\"@id\":\"https:\/\/easylingo.com\/cs\/#website\"},\"datePublished\":\"2021-01-15T14:28:00+00:00\",\"dateModified\":\"2022-01-28T19:53:03+00:00\",\"breadcrumb\":{\"@id\":\"https:\/\/easylingo.com\/cs\/eshop\/obchodni-francouzstina-pro-mirne-pokrocile-b1\/#breadcrumb\"},\"inLanguage\":\"cs\",\"potentialAction\":[{\"@type\":\"ReadAction\",\"target\":[\"https:\/\/easylingo.com\/cs\/eshop\/obchodni-francouzstina-pro-mirne-pokrocile-b1\/\"]}]},{\"@type\":\"BreadcrumbList\",\"@id\":\"https:\/\/easylingo.com\/cs\/eshop\/obchodni-francouzstina-pro-mirne-pokrocile-b1\/#breadcrumb\",\"itemListElement\":[{\"@type\":\"ListItem\",\"position\":1,\"name\":\"Home\",\"item\":\"https:\/\/easylingo.com\/cs\/\"},{\"@type\":\"ListItem\",\"position\":2,\"name\":\"E-shop\",\"item\":\"https:\/\/easylingo.com\/cs\/eshop\/\"},{\"@type\":\"ListItem\",\"position\":3,\"name\":\"Obchodn\u00ed francouz\u0161tina pro m\u00edrn\u011b pokro\u010dil\u00e9 B1\"}]},{\"@type\":\"WebSite\",\"@id\":\"https:\/\/easylingo.com\/cs\/#website\",\"url\":\"https:\/\/easylingo.com\/cs\/\",\"name\":\"EasyLingo\",\"description\":\"Nau\u010dte se jazyky: snadn\u011bji, z\u00e1bavn\u011bji a odkudkoliv.\",\"potentialAction\":[{\"@type\":\"SearchAction\",\"target\":{\"@type\":\"EntryPoint\",\"urlTemplate\":\"https:\/\/easylingo.com\/cs\/?s={search_term_string}\"},\"query-input\":\"required name=search_term_string\"}],\"inLanguage\":\"cs\"}]}<\/script>\n<!-- \/ Yoast SEO plugin. -->","yoast_head_json":{"title":"Obchodn\u00ed francouz\u0161tina pro m\u00edrn\u011b pokro\u010dil\u00e9 B1 - EasyLingo","robots":{"index":"index","follow":"follow","max-snippet":"max-snippet:-1","max-image-preview":"max-image-preview:large","max-video-preview":"max-video-preview:-1"},"canonical":"https:\/\/easylingo.com\/cs\/eshop\/obchodni-francouzstina-pro-mirne-pokrocile-b1\/","og_locale":"cs_CZ","og_type":"article","og_title":"Obchodn\u00ed francouz\u0161tina pro m\u00edrn\u011b pokro\u010dil\u00e9 B1 - EasyLingo","og_description":"Po absolvov\u00e1n\u00ed tohoto kurzu se v\u00e1m u\u017e nem\u016f\u017ee st\u00e1t, \u017ee n\u011bkter\u00fd z\u00a0va\u0161ich n\u00e1pad\u016f nebo n\u00e1vrh\u016f ve francouzsky mluv\u00edc\u00edm pracovn\u00edm prost\u0159ed\u00ed z\u016fstane nevy\u0159\u010den\u00fd. Kone\u010dn\u011b se za\u0159ad\u00edte tam, kam pr\u00e1vem pat\u0159\u00edte a\u00a0u\u017e v\u00e1s nebude limitovat \u017e\u00e1dn\u00e1 jazykov\u00e1 bari\u00e9ra. V\u00a0kurzu se nau\u010d\u00edte vy\u0159izovat objedn\u00e1vky ve francouzsk\u00e9m jazyce, nau\u010d\u00edte se novou slovn\u00ed z\u00e1sobu z\u00a0oblasti marketingu a\u00a0obchodu. Jestli\u017ee se odhadnete [&hellip;]","og_url":"https:\/\/easylingo.com\/cs\/eshop\/obchodni-francouzstina-pro-mirne-pokrocile-b1\/","og_site_name":"EasyLingo","article_publisher":"https:\/\/www.facebook.com\/onlinejazyky\/","article_modified_time":"2022-01-28T19:53:03+00:00","og_image":[{"width":970,"height":831,"url":"https:\/\/easylingo.com\/cs\/wp-content\/uploads\/sites\/3\/2021\/01\/256-obchodni-francouzstina-pro-mirne-pokrocile-b1.png","type":"image\/png"}],"twitter_card":"summary_large_image","twitter_misc":{"Odhadovan\u00e1 doba \u010dten\u00ed":"1 minuta"},"schema":{"@context":"https:\/\/schema.org","@graph":[{"@type":"WebPage","@id":"https:\/\/easylingo.com\/cs\/eshop\/obchodni-francouzstina-pro-mirne-pokrocile-b1\/","url":"https:\/\/easylingo.com\/cs\/eshop\/obchodni-francouzstina-pro-mirne-pokrocile-b1\/","name":"Obchodn\u00ed francouz\u0161tina pro m\u00edrn\u011b pokro\u010dil\u00e9 B1 - EasyLingo","isPartOf":{"@id":"https:\/\/easylingo.com\/cs\/#website"},"datePublished":"2021-01-15T14:28:00+00:00","dateModified":"2022-01-28T19:53:03+00:00","breadcrumb":{"@id":"https:\/\/easylingo.com\/cs\/eshop\/obchodni-francouzstina-pro-mirne-pokrocile-b1\/#breadcrumb"},"inLanguage":"cs","potentialAction":[{"@type":"ReadAction","target":["https:\/\/easylingo.com\/cs\/eshop\/obchodni-francouzstina-pro-mirne-pokrocile-b1\/"]}]},{"@type":"BreadcrumbList","@id":"https:\/\/easylingo.com\/cs\/eshop\/obchodni-francouzstina-pro-mirne-pokrocile-b1\/#breadcrumb","itemListElement":[{"@type":"ListItem","position":1,"name":"Home","item":"https:\/\/easylingo.com\/cs\/"},{"@type":"ListItem","position":2,"name":"E-shop","item":"https:\/\/easylingo.com\/cs\/eshop\/"},{"@type":"ListItem","position":3,"name":"Obchodn\u00ed francouz\u0161tina pro m\u00edrn\u011b pokro\u010dil\u00e9 B1"}]},{"@type":"WebSite","@id":"https:\/\/easylingo.com\/cs\/#website","url":"https:\/\/easylingo.com\/cs\/","name":"EasyLingo","description":"Nau\u010dte se jazyky: snadn\u011bji, z\u00e1bavn\u011bji a odkudkoliv.","potentialAction":[{"@type":"SearchAction","target":{"@type":"EntryPoint","urlTemplate":"https:\/\/easylingo.com\/cs\/?s={search_term_string}"},"query-input":"required name=search_term_string"}],"inLanguage":"cs"}]}},"_links":{"self":[{"href":"https:\/\/easylingo.com\/cs\/wp-json\/wp\/v2\/product\/15474"}],"collection":[{"href":"https:\/\/easylingo.com\/cs\/wp-json\/wp\/v2\/product"}],"about":[{"href":"https:\/\/easylingo.com\/cs\/wp-json\/wp\/v2\/types\/product"}],"replies":[{"embeddable":true,"href":"https:\/\/easylingo.com\/cs\/wp-json\/wp\/v2\/comments?post=15474"}],"wp:featuredmedia":[{"embeddable":true,"href":"https:\/\/easylingo.com\/cs\/wp-json\/wp\/v2\/media\/15475"}],"wp:attachment":[{"href":"https:\/\/easylingo.com\/cs\/wp-json\/wp\/v2\/media?parent=15474"}],"wp:term":[{"taxonomy":"product_cat","embeddable":true,"href":"https:\/\/easylingo.com\/cs\/wp-json\/wp\/v2\/product_cat?post=15474"},{"taxonomy":"product_tag","embeddable":true,"href":"https:\/\/easylingo.com\/cs\/wp-json\/wp\/v2\/product_tag?post=15474"}],"curies":[{"name":"wp","href":"https:\/\/api.w.org\/{rel}","templated":true}]}}