{"id":39231,"date":"2024-12-12T08:05:38","date_gmt":"2024-12-12T07:05:38","guid":{"rendered":"https:\/\/easylingo.com\/cs\/?post_type=product&#038;p=39231"},"modified":"2025-06-27T12:26:33","modified_gmt":"2025-06-27T11:26:33","slug":"spanelstina-na-cesty","status":"publish","type":"product","link":"https:\/\/easylingo.com\/cs\/eshop\/spanelstina-na-cesty\/","title":{"rendered":"\u0160pan\u011bl\u0161tina na cesty"},"content":{"rendered":"<p>Kolikr\u00e1t jste se vydali na cesty a za\u017eili nejeden trapas, proto\u017ee jste se nedok\u00e1zali domluvit \u0161pan\u011blsky?<\/p>\n<p>D\u00edky kurzu pro v\u0161echny nad\u0161en\u00e9 cestovatele a dovolenk\u00e1\u0159e, se dal\u0161\u00edho zahrani\u010dn\u00edho dobrodru\u017estv\u00ed b\u00e1t nemus\u00edte. <strong>P\u0159iprav\u00edte se na v\u0161e, co se cestov\u00e1n\u00ed t\u00fdk\u00e1<\/strong> &#8211; od dopravy letadlem, vlakem \u010di orientaci ve m\u011bst\u011b a\u017e po zaji\u0161t\u011bn\u00ed ubytov\u00e1n\u00ed a \u0159e\u0161en\u00ed p\u0159\u00edpadn\u00fdch cestovatelsk\u00fdch probl\u00e9m\u016f. <strong>To v\u0161e zvl\u00e1dnete \u0161pan\u011blsky. <\/strong><\/p>\n<p style=\"text-align: left;\">Neodhadnete-li se spr\u00e1vn\u011b a n\u00e1pl\u0148 kurzu v\u00e1m nebude vyhovovat, m\u016f\u017eete si do 14 dn\u00ed vybrat jin\u00fd kurz nebo po\u017e\u00e1dat o vr\u00e1cen\u00ed pen\u011bz. Nic neriskujete, nev\u00e1hejte a zkuste to.<\/p>\n","protected":false},"excerpt":{"rendered":"<p>Kolikr\u00e1t jste se vydali na cesty a za\u017eili nejeden trapas, proto\u017ee jste se nedok\u00e1zali domluvit \u0161pan\u011blsky? D\u00edky kurzu pro v\u0161echny nad\u0161en\u00e9 cestovatele a dovolenk\u00e1\u0159e, se dal\u0161\u00edho zahrani\u010dn\u00edho dobrodru\u017estv\u00ed b\u00e1t nemus\u00edte. P\u0159iprav\u00edte se na v\u0161e, co se cestov\u00e1n\u00ed t\u00fdk\u00e1 &#8211; od dopravy letadlem, vlakem \u010di orientaci ve m\u011bst\u011b a\u017e po zaji\u0161t\u011bn\u00ed ubytov\u00e1n\u00ed a \u0159e\u0161en\u00ed p\u0159\u00edpadn\u00fdch cestovatelsk\u00fdch [&hellip;]<\/p>\n","protected":false},"featured_media":39232,"comment_status":"closed","ping_status":"closed","template":"","meta":{"_et_pb_use_builder":"","_et_pb_old_content":"","_et_gb_content_width":"","inline_featured_image":false},"product_cat":[74,94,51,63],"product_tag":[],"yoast_head":"<!-- This site is optimized with the Yoast SEO plugin v21.5 - https:\/\/yoast.com\/wordpress\/plugins\/seo\/ -->\n<title>\u0160pan\u011bl\u0161tina na cesty - EasyLingo<\/title>\n<meta name=\"robots\" content=\"index, follow, max-snippet:-1, max-image-preview:large, max-video-preview:-1\" \/>\n<link rel=\"canonical\" href=\"https:\/\/easylingo.com\/cs\/eshop\/spanelstina-na-cesty\/\" \/>\n<meta property=\"og:locale\" content=\"cs_CZ\" \/>\n<meta property=\"og:type\" content=\"article\" \/>\n<meta property=\"og:title\" content=\"\u0160pan\u011bl\u0161tina na cesty - EasyLingo\" \/>\n<meta property=\"og:description\" content=\"Kolikr\u00e1t jste se vydali na cesty a za\u017eili nejeden trapas, proto\u017ee jste se nedok\u00e1zali domluvit \u0161pan\u011blsky? D\u00edky kurzu pro v\u0161echny nad\u0161en\u00e9 cestovatele a dovolenk\u00e1\u0159e, se dal\u0161\u00edho zahrani\u010dn\u00edho dobrodru\u017estv\u00ed b\u00e1t nemus\u00edte. P\u0159iprav\u00edte se na v\u0161e, co se cestov\u00e1n\u00ed t\u00fdk\u00e1 &#8211; od dopravy letadlem, vlakem \u010di orientaci ve m\u011bst\u011b a\u017e po zaji\u0161t\u011bn\u00ed ubytov\u00e1n\u00ed a \u0159e\u0161en\u00ed p\u0159\u00edpadn\u00fdch cestovatelsk\u00fdch [&hellip;]\" \/>\n<meta property=\"og:url\" content=\"https:\/\/easylingo.com\/cs\/eshop\/spanelstina-na-cesty\/\" \/>\n<meta property=\"og:site_name\" content=\"EasyLingo\" \/>\n<meta property=\"article:publisher\" content=\"https:\/\/www.facebook.com\/onlinejazyky\/\" \/>\n<meta property=\"article:modified_time\" content=\"2025-06-27T11:26:33+00:00\" \/>\n<meta property=\"og:image\" content=\"https:\/\/easylingo.com\/cs\/wp-content\/uploads\/sites\/3\/2024\/12\/EL_eshop_krabice_spanelstina-na-cesty_cz.png\" \/>\n\t<meta property=\"og:image:width\" content=\"700\" \/>\n\t<meta property=\"og:image:height\" content=\"600\" \/>\n\t<meta property=\"og:image:type\" content=\"image\/png\" \/>\n<meta name=\"twitter:card\" content=\"summary_large_image\" \/>\n<meta name=\"twitter:label1\" content=\"Odhadovan\u00e1 doba \u010dten\u00ed\" \/>\n\t<meta name=\"twitter:data1\" content=\"1 minuta\" \/>\n<script type=\"application\/ld+json\" class=\"yoast-schema-graph\">{\"@context\":\"https:\/\/schema.org\",\"@graph\":[{\"@type\":\"WebPage\",\"@id\":\"https:\/\/easylingo.com\/cs\/eshop\/spanelstina-na-cesty\/\",\"url\":\"https:\/\/easylingo.com\/cs\/eshop\/spanelstina-na-cesty\/\",\"name\":\"\u0160pan\u011bl\u0161tina na cesty - EasyLingo\",\"isPartOf\":{\"@id\":\"https:\/\/easylingo.com\/cs\/#website\"},\"datePublished\":\"2024-12-12T07:05:38+00:00\",\"dateModified\":\"2025-06-27T11:26:33+00:00\",\"breadcrumb\":{\"@id\":\"https:\/\/easylingo.com\/cs\/eshop\/spanelstina-na-cesty\/#breadcrumb\"},\"inLanguage\":\"cs\",\"potentialAction\":[{\"@type\":\"ReadAction\",\"target\":[\"https:\/\/easylingo.com\/cs\/eshop\/spanelstina-na-cesty\/\"]}]},{\"@type\":\"BreadcrumbList\",\"@id\":\"https:\/\/easylingo.com\/cs\/eshop\/spanelstina-na-cesty\/#breadcrumb\",\"itemListElement\":[{\"@type\":\"ListItem\",\"position\":1,\"name\":\"Home\",\"item\":\"https:\/\/easylingo.com\/cs\/\"},{\"@type\":\"ListItem\",\"position\":2,\"name\":\"E-shop\",\"item\":\"https:\/\/easylingo.com\/cs\/eshop\/\"},{\"@type\":\"ListItem\",\"position\":3,\"name\":\"\u0160pan\u011bl\u0161tina na cesty\"}]},{\"@type\":\"WebSite\",\"@id\":\"https:\/\/easylingo.com\/cs\/#website\",\"url\":\"https:\/\/easylingo.com\/cs\/\",\"name\":\"EasyLingo\",\"description\":\"Nau\u010dte se jazyky: snadn\u011bji, z\u00e1bavn\u011bji a odkudkoliv.\",\"potentialAction\":[{\"@type\":\"SearchAction\",\"target\":{\"@type\":\"EntryPoint\",\"urlTemplate\":\"https:\/\/easylingo.com\/cs\/?s={search_term_string}\"},\"query-input\":\"required name=search_term_string\"}],\"inLanguage\":\"cs\"}]}<\/script>\n<!-- \/ Yoast SEO plugin. -->","yoast_head_json":{"title":"\u0160pan\u011bl\u0161tina na cesty - EasyLingo","robots":{"index":"index","follow":"follow","max-snippet":"max-snippet:-1","max-image-preview":"max-image-preview:large","max-video-preview":"max-video-preview:-1"},"canonical":"https:\/\/easylingo.com\/cs\/eshop\/spanelstina-na-cesty\/","og_locale":"cs_CZ","og_type":"article","og_title":"\u0160pan\u011bl\u0161tina na cesty - EasyLingo","og_description":"Kolikr\u00e1t jste se vydali na cesty a za\u017eili nejeden trapas, proto\u017ee jste se nedok\u00e1zali domluvit \u0161pan\u011blsky? D\u00edky kurzu pro v\u0161echny nad\u0161en\u00e9 cestovatele a dovolenk\u00e1\u0159e, se dal\u0161\u00edho zahrani\u010dn\u00edho dobrodru\u017estv\u00ed b\u00e1t nemus\u00edte. P\u0159iprav\u00edte se na v\u0161e, co se cestov\u00e1n\u00ed t\u00fdk\u00e1 &#8211; od dopravy letadlem, vlakem \u010di orientaci ve m\u011bst\u011b a\u017e po zaji\u0161t\u011bn\u00ed ubytov\u00e1n\u00ed a \u0159e\u0161en\u00ed p\u0159\u00edpadn\u00fdch cestovatelsk\u00fdch [&hellip;]","og_url":"https:\/\/easylingo.com\/cs\/eshop\/spanelstina-na-cesty\/","og_site_name":"EasyLingo","article_publisher":"https:\/\/www.facebook.com\/onlinejazyky\/","article_modified_time":"2025-06-27T11:26:33+00:00","og_image":[{"width":700,"height":600,"url":"https:\/\/easylingo.com\/cs\/wp-content\/uploads\/sites\/3\/2024\/12\/EL_eshop_krabice_spanelstina-na-cesty_cz.png","type":"image\/png"}],"twitter_card":"summary_large_image","twitter_misc":{"Odhadovan\u00e1 doba \u010dten\u00ed":"1 minuta"},"schema":{"@context":"https:\/\/schema.org","@graph":[{"@type":"WebPage","@id":"https:\/\/easylingo.com\/cs\/eshop\/spanelstina-na-cesty\/","url":"https:\/\/easylingo.com\/cs\/eshop\/spanelstina-na-cesty\/","name":"\u0160pan\u011bl\u0161tina na cesty - EasyLingo","isPartOf":{"@id":"https:\/\/easylingo.com\/cs\/#website"},"datePublished":"2024-12-12T07:05:38+00:00","dateModified":"2025-06-27T11:26:33+00:00","breadcrumb":{"@id":"https:\/\/easylingo.com\/cs\/eshop\/spanelstina-na-cesty\/#breadcrumb"},"inLanguage":"cs","potentialAction":[{"@type":"ReadAction","target":["https:\/\/easylingo.com\/cs\/eshop\/spanelstina-na-cesty\/"]}]},{"@type":"BreadcrumbList","@id":"https:\/\/easylingo.com\/cs\/eshop\/spanelstina-na-cesty\/#breadcrumb","itemListElement":[{"@type":"ListItem","position":1,"name":"Home","item":"https:\/\/easylingo.com\/cs\/"},{"@type":"ListItem","position":2,"name":"E-shop","item":"https:\/\/easylingo.com\/cs\/eshop\/"},{"@type":"ListItem","position":3,"name":"\u0160pan\u011bl\u0161tina na cesty"}]},{"@type":"WebSite","@id":"https:\/\/easylingo.com\/cs\/#website","url":"https:\/\/easylingo.com\/cs\/","name":"EasyLingo","description":"Nau\u010dte se jazyky: snadn\u011bji, z\u00e1bavn\u011bji a odkudkoliv.","potentialAction":[{"@type":"SearchAction","target":{"@type":"EntryPoint","urlTemplate":"https:\/\/easylingo.com\/cs\/?s={search_term_string}"},"query-input":"required name=search_term_string"}],"inLanguage":"cs"}]}},"_links":{"self":[{"href":"https:\/\/easylingo.com\/cs\/wp-json\/wp\/v2\/product\/39231"}],"collection":[{"href":"https:\/\/easylingo.com\/cs\/wp-json\/wp\/v2\/product"}],"about":[{"href":"https:\/\/easylingo.com\/cs\/wp-json\/wp\/v2\/types\/product"}],"replies":[{"embeddable":true,"href":"https:\/\/easylingo.com\/cs\/wp-json\/wp\/v2\/comments?post=39231"}],"wp:featuredmedia":[{"embeddable":true,"href":"https:\/\/easylingo.com\/cs\/wp-json\/wp\/v2\/media\/39232"}],"wp:attachment":[{"href":"https:\/\/easylingo.com\/cs\/wp-json\/wp\/v2\/media?parent=39231"}],"wp:term":[{"taxonomy":"product_cat","embeddable":true,"href":"https:\/\/easylingo.com\/cs\/wp-json\/wp\/v2\/product_cat?post=39231"},{"taxonomy":"product_tag","embeddable":true,"href":"https:\/\/easylingo.com\/cs\/wp-json\/wp\/v2\/product_tag?post=39231"}],"curies":[{"name":"wp","href":"https:\/\/api.w.org\/{rel}","templated":true}]}}