{"id":40658,"date":"2025-05-06T12:24:46","date_gmt":"2025-05-06T11:24:46","guid":{"rendered":"https:\/\/easylingo.com\/cs\/?post_type=product&#038;p=40658"},"modified":"2025-05-06T12:28:50","modified_gmt":"2025-05-06T11:28:50","slug":"banking","status":"publish","type":"product","link":"https:\/\/easylingo.com\/cs\/eshop\/banking\/","title":{"rendered":"Banking"},"content":{"rendered":"<p dir=\"ltr\">Chcete si prohloubit sv\u00e9 znalosti angli\u010dtiny v\u00a0oblasti\u00a0bankovnictv\u00ed a\u00a0bankovn\u00edch operac\u00ed?<br \/>\nPak je kurz kurz Banking B1-B2 t\u00edm prav\u00fdm z\u00e1kladem, kter\u00fd hled\u00e1te. P\u0159edkl\u00e1d\u00e1me v\u00e1m unik\u00e1tn\u00ed materi\u00e1l, kter\u00fd se zam\u011b\u0159uje na t\u00e9mata:\u00a0<strong>zakl\u00e1d\u00e1n\u00ed bankovn\u00ed operace, proces zakl\u00e1d\u00e1n\u00ed a\u00a0ru\u0161en\u00ed \u00fa\u010dt\u016f, typy \u00fa\u010dt\u016f a\u00a0dal\u0161\u00ed bankovn\u00ed produkty.<\/strong>\u00a0Pozornost je tak\u00e9 v\u011bnov\u00e1na z\u00e1kladn\u00edm obrat\u016fm, kter\u00e9 jsou nezbytn\u00e9 v\u00a0bankovn\u00ed terminologii.<\/p>\n<p dir=\"ltr\">S tematickou slovn\u00ed z\u00e1sobou se pracuje v\u00a0\u010dl\u00e1nc\u00edch, posle\u0161\u00edch, gramatick\u00fdch cvi\u010den\u00edch nebo v\u00a0r\u00e1mci n\u00e1cviku samostatn\u00e9ho \u00fastn\u00edho projevu.<\/p>\n<p dir=\"ltr\">Kurz Banking B1-B2 je obchodn\u00edm kurzem ze\u00a0s\u00e9rie na\u0161ich kurz\u016f Business English.<\/p>\n<p dir=\"ltr\">Pokud V\u00e1m kurz nebude vyhovovat, m\u016f\u017eete si do 14 dn\u016f vybrat jin\u00fd nebo po\u017e\u00e1dat o\u00a0vr\u00e1cen\u00ed pen\u011bz. Nic neriskujete, nev\u00e1hejte a\u00a0zkuste to!<\/p>\n","protected":false},"excerpt":{"rendered":"<p>Chcete si prohloubit sv\u00e9 znalosti angli\u010dtiny v\u00a0oblasti\u00a0bankovnictv\u00ed a\u00a0bankovn\u00edch operac\u00ed? Pak je kurz kurz Banking B1-B2 t\u00edm prav\u00fdm z\u00e1kladem, kter\u00fd hled\u00e1te. P\u0159edkl\u00e1d\u00e1me v\u00e1m unik\u00e1tn\u00ed materi\u00e1l, kter\u00fd se zam\u011b\u0159uje na t\u00e9mata:\u00a0zakl\u00e1d\u00e1n\u00ed bankovn\u00ed operace, proces zakl\u00e1d\u00e1n\u00ed a\u00a0ru\u0161en\u00ed \u00fa\u010dt\u016f, typy \u00fa\u010dt\u016f a\u00a0dal\u0161\u00ed bankovn\u00ed produkty.\u00a0Pozornost je tak\u00e9 v\u011bnov\u00e1na z\u00e1kladn\u00edm obrat\u016fm, kter\u00e9 jsou nezbytn\u00e9 v\u00a0bankovn\u00ed terminologii. S tematickou slovn\u00ed z\u00e1sobou se [&hellip;]<\/p>\n","protected":false},"featured_media":40659,"comment_status":"closed","ping_status":"closed","template":"","meta":{"_et_pb_use_builder":"off","_et_pb_old_content":"Po absolvov\u00e1n\u00ed tohoto kurzu u\u017e se v\u00e1m nem\u016f\u017ee st\u00e1t, \u017ee n\u011bkter\u00fd z\u00a0va\u0161ich n\u00e1pad\u016f nebo n\u00e1vrh\u016f v\u00a0anglicky mluv\u00edc\u00edm pracovn\u00edm prost\u0159ed\u00ed z\u016fstane nevy\u0159\u010den\u00fd. Kone\u010dn\u011b se za\u0159ad\u00edte tam, kam pr\u00e1vem pat\u0159\u00edte a\u00a0<strong>u\u017e v\u00e1s nebude limitovat \u017e\u00e1dn\u00e1 jazykov\u00e1 bari\u00e9ra<\/strong>.\u00a0Kurz obsahuje\u00a06+1 m\u011bs\u00edc\u016f\u00a0studia. Jestli\u017ee se odhadnete nespr\u00e1vn\u011b a\u00a0n\u00e1pl\u0148 kurzu v\u00e1m nebude vyhovovat, m\u016f\u017eete si do 14 dn\u016f vybrat jin\u00fd kurz nebo po\u017e\u00e1dat o\u00a0vr\u00e1cen\u00ed pen\u011bz. <strong>Nic neriskujete<\/strong>, nev\u00e1hejte a\u00a0zkuste to.","_et_gb_content_width":"","inline_featured_image":false},"product_cat":[81,85,60,50],"product_tag":[],"yoast_head":"<!-- This site is optimized with the Yoast SEO plugin v21.5 - https:\/\/yoast.com\/wordpress\/plugins\/seo\/ -->\n<title>Banking - EasyLingo<\/title>\n<meta name=\"robots\" content=\"index, follow, max-snippet:-1, max-image-preview:large, max-video-preview:-1\" \/>\n<link rel=\"canonical\" href=\"https:\/\/easylingo.com\/cs\/eshop\/banking\/\" \/>\n<meta property=\"og:locale\" content=\"cs_CZ\" \/>\n<meta property=\"og:type\" content=\"article\" \/>\n<meta property=\"og:title\" content=\"Banking - EasyLingo\" \/>\n<meta property=\"og:description\" content=\"Chcete si prohloubit sv\u00e9 znalosti angli\u010dtiny v\u00a0oblasti\u00a0bankovnictv\u00ed a\u00a0bankovn\u00edch operac\u00ed? Pak je kurz kurz Banking B1-B2 t\u00edm prav\u00fdm z\u00e1kladem, kter\u00fd hled\u00e1te. P\u0159edkl\u00e1d\u00e1me v\u00e1m unik\u00e1tn\u00ed materi\u00e1l, kter\u00fd se zam\u011b\u0159uje na t\u00e9mata:\u00a0zakl\u00e1d\u00e1n\u00ed bankovn\u00ed operace, proces zakl\u00e1d\u00e1n\u00ed a\u00a0ru\u0161en\u00ed \u00fa\u010dt\u016f, typy \u00fa\u010dt\u016f a\u00a0dal\u0161\u00ed bankovn\u00ed produkty.\u00a0Pozornost je tak\u00e9 v\u011bnov\u00e1na z\u00e1kladn\u00edm obrat\u016fm, kter\u00e9 jsou nezbytn\u00e9 v\u00a0bankovn\u00ed terminologii. S tematickou slovn\u00ed z\u00e1sobou se [&hellip;]\" \/>\n<meta property=\"og:url\" content=\"https:\/\/easylingo.com\/cs\/eshop\/banking\/\" \/>\n<meta property=\"og:site_name\" content=\"EasyLingo\" \/>\n<meta property=\"article:publisher\" content=\"https:\/\/www.facebook.com\/onlinejazyky\/\" \/>\n<meta property=\"article:modified_time\" content=\"2025-05-06T11:28:50+00:00\" \/>\n<meta property=\"og:image\" content=\"https:\/\/easylingo.com\/cs\/wp-content\/uploads\/sites\/3\/2025\/05\/EL_eshop_krabice_banking_v2-1.png\" \/>\n\t<meta property=\"og:image:width\" content=\"700\" \/>\n\t<meta property=\"og:image:height\" content=\"600\" \/>\n\t<meta property=\"og:image:type\" content=\"image\/png\" \/>\n<meta name=\"twitter:card\" content=\"summary_large_image\" \/>\n<meta name=\"twitter:label1\" content=\"Odhadovan\u00e1 doba \u010dten\u00ed\" \/>\n\t<meta name=\"twitter:data1\" content=\"1 minuta\" \/>\n<script type=\"application\/ld+json\" class=\"yoast-schema-graph\">{\"@context\":\"https:\/\/schema.org\",\"@graph\":[{\"@type\":\"WebPage\",\"@id\":\"https:\/\/easylingo.com\/cs\/eshop\/banking\/\",\"url\":\"https:\/\/easylingo.com\/cs\/eshop\/banking\/\",\"name\":\"Banking - EasyLingo\",\"isPartOf\":{\"@id\":\"https:\/\/easylingo.com\/cs\/#website\"},\"datePublished\":\"2025-05-06T11:24:46+00:00\",\"dateModified\":\"2025-05-06T11:28:50+00:00\",\"breadcrumb\":{\"@id\":\"https:\/\/easylingo.com\/cs\/eshop\/banking\/#breadcrumb\"},\"inLanguage\":\"cs\",\"potentialAction\":[{\"@type\":\"ReadAction\",\"target\":[\"https:\/\/easylingo.com\/cs\/eshop\/banking\/\"]}]},{\"@type\":\"BreadcrumbList\",\"@id\":\"https:\/\/easylingo.com\/cs\/eshop\/banking\/#breadcrumb\",\"itemListElement\":[{\"@type\":\"ListItem\",\"position\":1,\"name\":\"Home\",\"item\":\"https:\/\/easylingo.com\/cs\/\"},{\"@type\":\"ListItem\",\"position\":2,\"name\":\"E-shop\",\"item\":\"https:\/\/easylingo.com\/cs\/eshop\/\"},{\"@type\":\"ListItem\",\"position\":3,\"name\":\"Banking\"}]},{\"@type\":\"WebSite\",\"@id\":\"https:\/\/easylingo.com\/cs\/#website\",\"url\":\"https:\/\/easylingo.com\/cs\/\",\"name\":\"EasyLingo\",\"description\":\"Nau\u010dte se jazyky: snadn\u011bji, z\u00e1bavn\u011bji a odkudkoliv.\",\"potentialAction\":[{\"@type\":\"SearchAction\",\"target\":{\"@type\":\"EntryPoint\",\"urlTemplate\":\"https:\/\/easylingo.com\/cs\/?s={search_term_string}\"},\"query-input\":\"required name=search_term_string\"}],\"inLanguage\":\"cs\"}]}<\/script>\n<!-- \/ Yoast SEO plugin. -->","yoast_head_json":{"title":"Banking - EasyLingo","robots":{"index":"index","follow":"follow","max-snippet":"max-snippet:-1","max-image-preview":"max-image-preview:large","max-video-preview":"max-video-preview:-1"},"canonical":"https:\/\/easylingo.com\/cs\/eshop\/banking\/","og_locale":"cs_CZ","og_type":"article","og_title":"Banking - EasyLingo","og_description":"Chcete si prohloubit sv\u00e9 znalosti angli\u010dtiny v\u00a0oblasti\u00a0bankovnictv\u00ed a\u00a0bankovn\u00edch operac\u00ed? Pak je kurz kurz Banking B1-B2 t\u00edm prav\u00fdm z\u00e1kladem, kter\u00fd hled\u00e1te. P\u0159edkl\u00e1d\u00e1me v\u00e1m unik\u00e1tn\u00ed materi\u00e1l, kter\u00fd se zam\u011b\u0159uje na t\u00e9mata:\u00a0zakl\u00e1d\u00e1n\u00ed bankovn\u00ed operace, proces zakl\u00e1d\u00e1n\u00ed a\u00a0ru\u0161en\u00ed \u00fa\u010dt\u016f, typy \u00fa\u010dt\u016f a\u00a0dal\u0161\u00ed bankovn\u00ed produkty.\u00a0Pozornost je tak\u00e9 v\u011bnov\u00e1na z\u00e1kladn\u00edm obrat\u016fm, kter\u00e9 jsou nezbytn\u00e9 v\u00a0bankovn\u00ed terminologii. S tematickou slovn\u00ed z\u00e1sobou se [&hellip;]","og_url":"https:\/\/easylingo.com\/cs\/eshop\/banking\/","og_site_name":"EasyLingo","article_publisher":"https:\/\/www.facebook.com\/onlinejazyky\/","article_modified_time":"2025-05-06T11:28:50+00:00","og_image":[{"width":700,"height":600,"url":"https:\/\/easylingo.com\/cs\/wp-content\/uploads\/sites\/3\/2025\/05\/EL_eshop_krabice_banking_v2-1.png","type":"image\/png"}],"twitter_card":"summary_large_image","twitter_misc":{"Odhadovan\u00e1 doba \u010dten\u00ed":"1 minuta"},"schema":{"@context":"https:\/\/schema.org","@graph":[{"@type":"WebPage","@id":"https:\/\/easylingo.com\/cs\/eshop\/banking\/","url":"https:\/\/easylingo.com\/cs\/eshop\/banking\/","name":"Banking - EasyLingo","isPartOf":{"@id":"https:\/\/easylingo.com\/cs\/#website"},"datePublished":"2025-05-06T11:24:46+00:00","dateModified":"2025-05-06T11:28:50+00:00","breadcrumb":{"@id":"https:\/\/easylingo.com\/cs\/eshop\/banking\/#breadcrumb"},"inLanguage":"cs","potentialAction":[{"@type":"ReadAction","target":["https:\/\/easylingo.com\/cs\/eshop\/banking\/"]}]},{"@type":"BreadcrumbList","@id":"https:\/\/easylingo.com\/cs\/eshop\/banking\/#breadcrumb","itemListElement":[{"@type":"ListItem","position":1,"name":"Home","item":"https:\/\/easylingo.com\/cs\/"},{"@type":"ListItem","position":2,"name":"E-shop","item":"https:\/\/easylingo.com\/cs\/eshop\/"},{"@type":"ListItem","position":3,"name":"Banking"}]},{"@type":"WebSite","@id":"https:\/\/easylingo.com\/cs\/#website","url":"https:\/\/easylingo.com\/cs\/","name":"EasyLingo","description":"Nau\u010dte se jazyky: snadn\u011bji, z\u00e1bavn\u011bji a odkudkoliv.","potentialAction":[{"@type":"SearchAction","target":{"@type":"EntryPoint","urlTemplate":"https:\/\/easylingo.com\/cs\/?s={search_term_string}"},"query-input":"required name=search_term_string"}],"inLanguage":"cs"}]}},"_links":{"self":[{"href":"https:\/\/easylingo.com\/cs\/wp-json\/wp\/v2\/product\/40658"}],"collection":[{"href":"https:\/\/easylingo.com\/cs\/wp-json\/wp\/v2\/product"}],"about":[{"href":"https:\/\/easylingo.com\/cs\/wp-json\/wp\/v2\/types\/product"}],"replies":[{"embeddable":true,"href":"https:\/\/easylingo.com\/cs\/wp-json\/wp\/v2\/comments?post=40658"}],"wp:featuredmedia":[{"embeddable":true,"href":"https:\/\/easylingo.com\/cs\/wp-json\/wp\/v2\/media\/40659"}],"wp:attachment":[{"href":"https:\/\/easylingo.com\/cs\/wp-json\/wp\/v2\/media?parent=40658"}],"wp:term":[{"taxonomy":"product_cat","embeddable":true,"href":"https:\/\/easylingo.com\/cs\/wp-json\/wp\/v2\/product_cat?post=40658"},{"taxonomy":"product_tag","embeddable":true,"href":"https:\/\/easylingo.com\/cs\/wp-json\/wp\/v2\/product_tag?post=40658"}],"curies":[{"name":"wp","href":"https:\/\/api.w.org\/{rel}","templated":true}]}}