{"id":15419,"date":"2021-01-08T21:30:49","date_gmt":"2021-01-08T20:30:49","guid":{"rendered":"https:\/\/easylingo.com\/en\/?page_id=15419"},"modified":"2021-01-08T21:44:37","modified_gmt":"2021-01-08T20:44:37","slug":"terms-of-use","status":"publish","type":"page","link":"https:\/\/easylingo.com\/en\/terms-of-use\/","title":{"rendered":"Terms of Use"},"content":{"rendered":"<p>[et_pb_section fb_built=&#8221;1&#8243; _builder_version=&#8221;4.3.4&#8243; background_image=&#8221;https:\/\/easylingo.com\/es2\/wp-content\/uploads\/sites\/4\/2020\/11\/hero-bottom.svg&#8221; background_position=&#8221;bottom_center&#8221; custom_padding=&#8221;2px|||||&#8221;][et_pb_row _builder_version=&#8221;4.7.0&#8243; max_width=&#8221;1440px&#8221; module_alignment=&#8221;center&#8221; min_height=&#8221;530px&#8221; custom_margin=&#8221;|1px||auto||&#8221;][et_pb_column type=&#8221;4_4&#8243; _builder_version=&#8221;4.3.4&#8243;][et_pb_text _builder_version=&#8221;4.7.6&#8243; custom_margin=&#8221;40px|||||&#8221; inline_fonts=&#8221;Proxima Light,Proxima Bold&#8221;]<\/p>\n<p><span style=\"font-size: x-large\"><strong><span style=\"font-family: 'Proxima Light'\">Terms of Use of the Website<\/span><\/strong><\/span><\/p>\n<p>[\/et_pb_text][et_pb_text _builder_version=&#8221;4.7.6&#8243; inline_fonts=&#8221;Proxima Light,Proxima Regular&#8221;]<\/p>\n<p><span style=\"font-weight: 400\">In effect from 30.8.2012\u00a0<\/span><\/p>\n<p><span style=\"font-weight: 400\">The website www.easylingo.com is operated by Online learning s.r.o. (hereinafter referred to as the &#8220;Operator&#8221;), who exercises the property rights to this website. It is forbidden to copy any part of the content, appearance or program code of the website.\u00a0<\/span><\/p>\n<p><span style=\"font-weight: 400\">The Operator hereby issues the terms of use of the website www.easylingo.com (hereinafter referred to as the &#8220;Terms&#8221;). These Terms apply to all persons who intend to use the www.easylingo.com website.\u00a0<\/span><\/p>\n<p><span style=\"font-weight: 400\">It is forbidden to in any way interfere in the technical substance or content of the www.easylingo.com website without the consent of the Operator.\u00a0<\/span><\/p>\n<p><span style=\"font-weight: 400\">Nevertheless, the Operator is in no way responsible for the accuracy and currency of the published information. All information published on the website is for informational purposes only.\u00a0<\/span><\/p>\n<p><span style=\"font-weight: 400\">The Operator reserves the right to change, modify, add or remove these conditions at any time, at their sole discretion, even without prior notice. Any such modifications are binding for the users of the website.\u00a0<\/span><\/p>\n<p>[\/et_pb_text][et_pb_text _builder_version=&#8221;4.7.6&#8243; hover_enabled=&#8221;0&#8243; inline_fonts=&#8221;Proxima Light,Proxima Regular&#8221; sticky_enabled=&#8221;0&#8243;]<\/p>\n<p>MATERIALS ON THE WEBSITE\u00a0<\/p>\n<p><span style=\"font-weight: 400\">The materials on the website are protected by the copyright of Online learning s.r.o. All rights reserved. Unless otherwise specified, we grant you a non-exclusive, non-transferable and limited right to access, view and use this website.\u00a0<\/span><\/p>\n<p>ACCURACY AND CURRENCY OF DATA\u00a0<\/p>\n<p><span style=\"font-weight: 400\">The Operator makes reasonable efforts to ensure that the website contains accurate, complete and up-to-date data and information. However, they make no warranties or claims in this regard. Please note that the website may contain incorrect and incomplete data or errors, which will be corrected as soon as the Operator discovers them.\u00a0<\/span><\/p>\n<p><span style=\"font-weight: 400\">The Operator is not responsible for any errors or omissions in the content of this website. This website is updated. The Operator reserves the right to update, modify, adjust, supplement or otherwise change the data contained on the website at any time and without prior notice.\u00a0<\/span><\/p>\n<p><span style=\"font-weight: 400\">Using and browsing the website is at your own risk. In no event shall the Operator be liable for any direct, indirect, extraordinary or other consequential damages caused by the use of this website, even if the Operator was notified of the possibility of such damages in advance.\u00a0<\/span><\/p>\n<p><span style=\"font-weight: 400\">Whatever you transfer or post on the website will become the property of Online learning s.r.o. and can be used for any purpose (with the exception of personal data). At the same time, the Operator is not obligated to use these contributions in any way and is entitled to remove these contributions from the website and applications at any time, at their sole discretion.\u00a0<\/span><\/p>\n<p><span style=\"font-weight: 400\">By browsing the website and providing personal data, the user also agrees to provide their personal data to Online learning s.r.o. The company is entitled to store and use this personal data for the purpose of communication with the user. The user expressly agrees with using and processing such data by Online learning s.r.o. The user has the option to request in writing the deletion of their data from the Operator&#8217;s database at any time.\u00a0<\/span><\/p>\n<p>TERMINATION OF USER REGISTRATION\u00a0<\/p>\n<p><span style=\"font-weight: 400\">The Operator reserves the right to delete any user account from the system that serves or was created by the user for the purpose of transfer to another user, whether for a fee or free of charge, serves to commit or assists in committing a crime or activity that is in conflict with generally accepted ethical or moral principles of the company or whose user has tried to disrupt the stability and operation of the services provided by the Operator. The Operator can terminate user registration at any time and without compensation.\u00a0<\/span><\/p>\n<p>FINAL PROVISIONS\u00a0<\/p>\n<p><span style=\"font-weight: 400\">Each visitor of this website undertakes not to interfere with the standard operation or integrity of this website.\u00a0<\/span><\/p>\n<p><span style=\"font-weight: 400\">The Operator is not responsible for any malfunction, inaccessibility or poor accessibility of this website and the services offered on it.<\/span><\/p>\n<p>QUESTIONS, SUGGESTIONS AND POSSIBLE COMPLAINTS\u00a0<\/p>\n<p><span style=\"font-weight: 400\">Questions, suggestions and possible complaints regarding the services of the Operator or the terms of use of this website can be sent by users via the contacts listed on this website.\u00a0<\/span><\/p>\n<p><span style=\"font-weight: 400\">The terms of use of www.easylingo.com were published on August 30, 2012, and are valid and effective from that date.\u00a0<\/span><\/p>\n<p>TERMS OF USE OF THE ONLINE COURSES\u00a0<\/p>\n<ol>\n<li style=\"font-weight: 400\"><span style=\"font-weight: 400\">The license for lifetime courses is valid for 5 years, and if you ask us to renew it 12 months before the license expires, we will immediately renew it free of charge. Contact us.\u00a0<\/span><\/li>\n<li style=\"font-weight: 400\"><span style=\"font-weight: 400\">Lecturer at hand is a service provided by real lecturers, who are available to students via a &#8220;chat&#8221;. The chat is accessible with a single click on the lecturer icon in the Online Study Room. Lecturers are available at least every working day from 8 am to 4 pm CET.<\/span><\/li>\n<li style=\"font-weight: 400\"><span style=\"font-weight: 400\">It is not possible to delete the study results of the studied course and start studying the course as if it were new. However, it is possible to return to any subject matter and practice it in the course at will, even after finishing the entire course and obtaining a certificate. Revision of exercises is not limited in any way.\u00a0<\/span><\/li>\n<li style=\"font-weight: 400\"><span style=\"font-weight: 400\">The content of the offered courses includes study material for 6 months if you study for 20 minutes every working day (10 minutes of revision of the studied materials, 10 minutes of studying new material in the course).\u00a0<\/span><\/li>\n<li style=\"font-weight: 400\"><span style=\"font-weight: 400\">The individual language levels are perceived as follows &#8211; A1-, A1+, A2-, A2+, B1-, B1+, B2-, B2+, C1, C2. The labelling of levels A1, A2, B1, B2, C1, C2 corresponds to the Common European Framework of Reference for Languages.\u00a0<\/span><\/li>\n<li style=\"font-weight: 400\"><span style=\"font-weight: 400\">If the student publicly uses their name and profile picture on social media, they agree that the data can be used in the online study room or on the e-learning course provider&#8217;s website.\u00a0<\/span><\/li>\n<li style=\"font-weight: 400\"><span style=\"font-weight: 400\">Subscription to the language courses \u2013 the six-month or annual subscription is paid in a single lump sum. The monthly subscription is paid by recurring payments, which are automatically deducted each month from the payment card that was used for the first payment. The subscription is active until you cancel it in the study room or you ask our customer support for cancellation. You always unsubscribe from the next payment. After unsubscribing, the subscription period expires and then the access to subscribed courses is cancelled.\u00a0<\/span><\/li>\n<li style=\"font-weight: 400\"><b>Recurring payments<\/b><span style=\"font-weight: 400\"> represent the automatic deduction of payment for provided service at the frequency specified in the order. This is most often a monthly deduction of course fees. Payment for the service is fixed, so its amount is always the same as the order and payment for the first subscription period. The payment is deducted automatically via a secure payment gateway always on the day when the order and the first payment were made (e.g. if the order and the first payment take place on 1 January 2017, the next payment will be automatically deducted on 1 February 2017). The user is informed that the payment is based on a recurring payment via the e-mail by which they registered for their account. The customer can see the subscription period in their course within their account. To cancel your recurring payment, contact us at info@easylingo.com.\u00a0<\/span><\/li>\n<\/ol>\n<p><b>In the case of a recurring payment, the customer agrees:\u00a0<\/b><\/p>\n<ul>\n<li style=\"font-weight: 400\"><span style=\"font-weight: 400\">with the establishment and parameters of a recurring payment.<\/span><\/li>\n<li style=\"font-weight: 400\"><span style=\"font-weight: 400\">with the storage of payment data in the payment gateway &#8211; the data of your payment card is handled by the payment gateway operator according to the international security standard.\u00a0<\/span><\/li>\n<\/ul>\n<p>ESTABLISHMENT OF THE CONTRACTUAL RELATIONSHIP\u00a0<\/p>\n<ol>\n<li style=\"font-weight: 400\"><span style=\"font-weight: 400\">The contractual relationship between<\/span><b> Online learning s.r.o.<\/b><span style=\"font-weight: 400\">, with its registered office at Nerudova 198\/36, Pra\u017esk\u00e9 P\u0159edm\u011bst\u00ed, 500 02 Hradec Kr\u00e1lov\u00e9, Czech Republic, I\u010c 27477169 (hereinafter referred to as \u201cOL\u201d) and the course user (hereinafter referred to as the \u201cUser\u201d) arises upon the receipt of course fee payment.\u00a0<\/span><\/li>\n<li style=\"font-weight: 400\"><span style=\"font-weight: 400\">After sending a firm order and payment, the User will be sent a confirmation email with all the information needed and the course will be activated.\u00a0<\/span><\/li>\n<li style=\"font-weight: 400\"><span style=\"font-weight: 400\">All orders made by the User are available after logging into his\/her account.\u00a0<\/span><\/li>\n<\/ol>\n<p>COURSE PRICE\u00a0<\/p>\n<ol>\n<li style=\"font-weight: 400\"><span style=\"font-weight: 400\">The price of the relevant course (hereinafter referred to as &#8220;course fee&#8221;) is set for a period of several months or a year, according to the OL price list, which is updated for each relevant half-year and is available on the website <\/span><a href=\"http:\/\/www.easylingo.com\/\"><span style=\"font-weight: 400\">www.easylingo.com<\/span><\/a><span style=\"font-weight: 400\">.\u00a0<\/span><\/li>\n<li style=\"font-weight: 400\"><span style=\"font-weight: 400\">Recurring payments represent the automatic deduction of payment for the provided service at the frequency specified in the order. This is most often a monthly deduction of course fees. Payment for the service is fixed, therefore its amount is always the same as the order and payment for the first subscription period.\u00a0<\/span><\/li>\n<\/ol>\n<p>RIGHTS AND OBLIGATIONS OF THE USER\u00a0<\/p>\n<ol>\n<li style=\"font-weight: 400\"><span style=\"font-weight: 400\">The <\/span><span style=\"font-weight: 400\">User<\/span><span style=\"font-weight: 400\"> hereby consents to the collection of information about himself\/herself, only for the administrative and study needs of OL. The <\/span><span style=\"font-weight: 400\">User<\/span><span style=\"font-weight: 400\"> hereby expressly authorises the storage of their address, phone number, email, or additional information concerning the course payer in the OL database.\u00a0<\/span><\/li>\n<li style=\"font-weight: 400\"><span style=\"font-weight: 400\">By paying the course fee, the <\/span><span style=\"font-weight: 400\">User<\/span><span style=\"font-weight: 400\"> agrees to the terms of use and the contractual terms and conditions, which are available on the website <\/span><a href=\"http:\/\/www.easylingo.com\/\"><span style=\"font-weight: 400\">www.easylingo.com<\/span><\/a><span style=\"font-weight: 400\">.\u00a0<\/span><\/li>\n<li style=\"font-weight: 400\"><span style=\"font-weight: 400\">The <\/span><span style=\"font-weight: 400\">User<\/span><span style=\"font-weight: 400\"> is not entitled to lend their login and password to third parties. In case of violation of this rule, OL has the full right to cancel their study account without giving any reason and without refunding the course fee to the <\/span><span style=\"font-weight: 400\">User<\/span><span style=\"font-weight: 400\">.\u00a0<\/span><\/li>\n<li style=\"font-weight: 400\"><span style=\"font-weight: 400\">The <\/span><span style=\"font-weight: 400\">User<\/span><span style=\"font-weight: 400\"> of the online language course is entitled to use all multimedia teaching materials exclusively for their study needs and has no right to make them available in any way to third parties. In case of violation of this rule, OL has the full right to cancel their study account without giving any reason and without refunding the course fee to the <\/span><span style=\"font-weight: 400\">User<\/span><span style=\"font-weight: 400\">.\u00a0<\/span><\/li>\n<li style=\"font-weight: 400\"><span style=\"font-weight: 400\">All texts, exercises, multimedia explanations, grammar and vocabulary explanations, MP3 listenings and video recordings are protected by copyright law.\u00a0<\/span><\/li>\n<li style=\"font-weight: 400\"><span style=\"font-weight: 400\">OL hereby expressly prohibits any further distribution or disclosure of OL content to third parties.\u00a0<\/span><\/li>\n<li style=\"font-weight: 400\"><span style=\"font-weight: 400\">The <\/span><span style=\"font-weight: 400\">User<\/span><span style=\"font-weight: 400\"> acknowledges that the study system of OL is evolving on the basis of user feedback and according to newly available modern trends in online teaching. For this reason, some functions of the learning system may be updated, terminated or replaced by new ones.\u00a0<\/span><\/li>\n<li style=\"font-weight: 400\"><span style=\"font-weight: 400\">In case of any problems, our customer support is available to the <\/span><span style=\"font-weight: 400\">User<\/span><span style=\"font-weight: 400\">. Contact us.\u00a0<\/span><\/li>\n<\/ol>\n<p>COMPLAINTS PROCEDURE AND WITHDRAWAL FROM THE CONTRACT\u00a0<\/p>\n<ol>\n<li style=\"font-weight: 400\"><span style=\"font-weight: 400\">OL is responsible to the <\/span><span style=\"font-weight: 400\">User<\/span><span style=\"font-weight: 400\"> that the online courses are free of defects upon receipt and have such features as OL described or which the <\/span><span style=\"font-weight: 400\">User<\/span><span style=\"font-weight: 400\"> expected with regard to the nature of the goods.\u00a0<\/span><\/li>\n<li style=\"font-weight: 400\"><span style=\"font-weight: 400\">The <\/span><span style=\"font-weight: 400\">User<\/span><span style=\"font-weight: 400\"> is entitled to withdraw from the contract within 14 days from the date of the conclusion of the contract. The <\/span><span style=\"font-weight: 400\">User<\/span><span style=\"font-weight: 400\"> is not obligated to state the reason for the withdrawal from the contract. The withdrawal period is considered to be maintained if the notice of withdrawal is sent to info@easylingo.com within the period.\u00a0<\/span><\/li>\n<li style=\"font-weight: 400\"><span style=\"font-weight: 400\">If the <\/span><span style=\"font-weight: 400\">User<\/span><span style=\"font-weight: 400\"> withdraws from the contract duly as mentioned in the previous point OL guarantees a refund of the course fee without undue delay.\u00a0<\/span><\/li>\n<\/ol>\n<p><b>We wish you the best of luck and every success in our online language courses!<\/b><\/p>\n<p>[\/et_pb_text][\/et_pb_column][\/et_pb_row][\/et_pb_section]<\/p>\n","protected":false},"excerpt":{"rendered":"<p>Terms of Use of the WebsiteIn effect from 30.8.2012\u00a0 The website www.easylingo.com is operated by Online learning s.r.o. (hereinafter referred to as the &#8220;Operator&#8221;), who exercises the property rights to this website. It is forbidden to copy any part of the content, appearance or program code of the website.\u00a0 The Operator hereby issues the terms [&hellip;]<\/p>\n","protected":false},"author":37,"featured_media":0,"parent":0,"menu_order":0,"comment_status":"closed","ping_status":"closed","template":"","meta":{"_et_pb_use_builder":"on","_et_pb_old_content":"","_et_gb_content_width":"","inline_featured_image":false},"_links":{"self":[{"href":"https:\/\/easylingo.com\/en\/wp-json\/wp\/v2\/pages\/15419"}],"collection":[{"href":"https:\/\/easylingo.com\/en\/wp-json\/wp\/v2\/pages"}],"about":[{"href":"https:\/\/easylingo.com\/en\/wp-json\/wp\/v2\/types\/page"}],"author":[{"embeddable":true,"href":"https:\/\/easylingo.com\/en\/wp-json\/wp\/v2\/users\/37"}],"replies":[{"embeddable":true,"href":"https:\/\/easylingo.com\/en\/wp-json\/wp\/v2\/comments?post=15419"}],"version-history":[{"count":4,"href":"https:\/\/easylingo.com\/en\/wp-json\/wp\/v2\/pages\/15419\/revisions"}],"predecessor-version":[{"id":15428,"href":"https:\/\/easylingo.com\/en\/wp-json\/wp\/v2\/pages\/15419\/revisions\/15428"}],"wp:attachment":[{"href":"https:\/\/easylingo.com\/en\/wp-json\/wp\/v2\/media?parent=15419"}],"curies":[{"name":"wp","href":"https:\/\/api.w.org\/{rel}","templated":true}]}}