{"id":15424,"date":"2021-01-08T21:40:34","date_gmt":"2021-01-08T20:40:34","guid":{"rendered":"https:\/\/easylingo.com\/en\/?page_id=15424"},"modified":"2023-05-16T11:23:00","modified_gmt":"2023-05-16T10:23:00","slug":"privacy-policy","status":"publish","type":"page","link":"https:\/\/easylingo.com\/en\/privacy-policy\/","title":{"rendered":"Privacy Policy"},"content":{"rendered":"<p>[et_pb_section fb_built=&#8221;1&#8243; _builder_version=&#8221;4.16&#8243; background_image=&#8221;https:\/\/easylingo.com\/es2\/wp-content\/uploads\/sites\/4\/2020\/11\/hero-bottom.svg&#8221; background_position=&#8221;bottom_center&#8221; custom_padding=&#8221;2px|||||&#8221; global_colors_info=&#8221;{}&#8221; da_is_popup=&#8221;off&#8221; da_exit_intent=&#8221;off&#8221; da_has_close=&#8221;on&#8221; da_alt_close=&#8221;off&#8221; da_dark_close=&#8221;off&#8221; da_not_modal=&#8221;on&#8221; da_is_singular=&#8221;off&#8221; da_with_loader=&#8221;off&#8221; da_has_shadow=&#8221;on&#8221; da_disable_devices=&#8221;off|off|off&#8221;][et_pb_row _builder_version=&#8221;4.16&#8243; max_width=&#8221;1440px&#8221; module_alignment=&#8221;center&#8221; min_height=&#8221;530px&#8221; custom_margin=&#8221;|1px||230px||&#8221; global_colors_info=&#8221;{}&#8221;][et_pb_column type=&#8221;4_4&#8243; _builder_version=&#8221;4.16&#8243; global_colors_info=&#8221;{}&#8221;][et_pb_text _builder_version=&#8221;4.16&#8243; custom_margin=&#8221;40px|||||&#8221; inline_fonts=&#8221;Proxima Light,Proxima Bold&#8221; global_colors_info=&#8221;{}&#8221;]<span style=\"font-size: x-large\"><strong><span style=\"font-family: 'Proxima Light'\">PRIVACY POLICY<\/span><\/strong><\/span>[\/et_pb_text][et_pb_text _builder_version=&#8221;4.16&#8243; inline_fonts=&#8221;Proxima Light,Proxima Regular&#8221; global_colors_info=&#8221;{}&#8221;]<\/p>\n<p><span style=\"font-weight: 400\">Under the General Data Protection Regulation (GDPR)<\/span><\/p>\n<p><span style=\"font-weight: 400\">By using this website, you agree to the terms of this Privacy Policy statement.<\/span><\/p>\n<p><span style=\"font-weight: 400\">Online learning s.r.o. considers the disclosed personal and other data strictly confidential and is governed by Act No. 101\/2000 Sb. on the protection of personal data in their processing.<\/span><\/p>\n<p><span style=\"font-weight: 400\">Each user can request the immediate deletion of all their personal data but thereby loses the opportunity to obtain information about news, instructions and special events for loyal customers. A request for deletion can be sent to our email address.\u00a0<\/span><\/p>\n<p><span style=\"font-weight: 400\">Please note that we must keep the information about purchases required by law. <\/span><\/p>\n<p>[\/et_pb_text][et_pb_text _builder_version=&#8221;4.16&#8243; inline_fonts=&#8221;Proxima Light,Proxima Regular&#8221; global_colors_info=&#8221;{}&#8221;]<\/p>\n<h2><span style=\"font-weight: 400;\">ONLINE ORDER PROCESS\u00a0<\/span><\/h2>\n<p><span style=\"font-weight: 400;\">What data do we store? <\/span><span style=\"font-weight: 400;\"><br \/><\/span><span style=\"font-weight: 400;\">All the data you enter into the order, particularly email in case of electronic licenses. If we issue you a tax invoice after payment in a specific name or company, we also store billing information.\u00a0<\/span><\/p>\n<p><span style=\"font-weight: 400;\">Why do we store them? <\/span><span style=\"font-weight: 400;\"><br \/><\/span><span style=\"font-weight: 400;\">We store the data for license activation, subsequent license registration and for marketing purposes.\u00a0<\/span><\/p>\n<p><span style=\"font-weight: 400;\">Where is the data stored? <\/span><span style=\"font-weight: 400;\"><br \/><\/span><span style=\"font-weight: 400;\">We store the data on our secure servers without access by external entities.\u00a0<\/span><\/p>\n<p><span style=\"font-weight: 400;\">What data do we not store? <\/span><span style=\"font-weight: 400;\"><br \/><\/span><span style=\"font-weight: 400;\">When paying by card, we do not store payment card data, this data is processed by a third party &#8211; a secure payment gateway. We also do not store data from your PayPal, Stripe account or internet banking if you use it for payment.\u00a0<\/span><\/p>\n<h2><span style=\"font-weight: 400;\">ACCESS TO SERVICES\u00a0<\/span><\/h2>\n<p><span style=\"font-weight: 400;\">What data do we store? <\/span><span style=\"font-weight: 400;\"><br \/><\/span><span style=\"font-weight: 400;\">The user&#8217;s email address and password to access the account. If the user attaches a photo to the account, we also store it. In the case of logging in via external services (Facebook), we also store the data necessary for connection to these services. For orders paid via PayPal or Stripe, we record order\/transaction numbers to verify the status of the payment and potential complaints. We also store statistics on the use of software and online services.\u00a0<\/span><\/p>\n<p><span style=\"font-weight: 400;\">Why do we store them? <\/span><span style=\"font-weight: 400;\"><br \/><\/span><span style=\"font-weight: 400;\">We store the data for the purpose of error-free license activation, subsequent registration of licenses, for marketing and analytical purposes, to ensure the functionality of the software and online services and to ensure their protection against misuse.\u00a0<\/span><\/p>\n<p><span style=\"font-weight: 400;\">Where is the data stored? <\/span><span style=\"font-weight: 400;\"><br \/><\/span><span style=\"font-weight: 400;\">We store the data on our secure servers without access by external entities.\u00a0<\/span><\/p>\n<h2><span style=\"font-weight: 400;\">DATA PROVIDED PASSIVELY\u00a0\u00a0<\/span><\/h2>\n<p><span style=\"font-weight: 400;\">When navigating a website, certain data may be passively collected (i.e. obtained without being actively provided by the user) using various technologies (such as cookies, javascript measurement systems, particularly Google Analytics, and standard logging of your HTTP requests on the server).\u00a0<\/span><\/p>\n<p><span style=\"font-weight: 400;\">Your internet browser automatically transfers some of the listed anonymous information to these websites, for example, the URL of the web portal or search engine you just left (Referrer URL), your IP address, the version of the browser and the operating system that your computer currently uses, default language settings, or information about installed extensions of your browser.\u00a0<\/span><\/p>\n<p><span style=\"font-weight: 400;\">This website requires the storage of cookies in your browser for its operation. You can set it to inform you when a cookie is sent, or reject or disable cookies altogether, however certain parts of the website may not work properly without cookies.\u00a0<\/span><\/p>\n<h2><span style=\"font-weight: 400;\">INFORMATION ON PERSONAL DATA PROTECTION\u00a0\u00a0<\/span><\/h2>\n<p><span style=\"font-weight: 400;\">If you are our customer, news subscriber, or website visitor, you entrust your personal data to us. We are responsible for their protection and security. Please familiarize yourself with the privacy policy and with the policies and rights that you have in relation to the GDPR (General Data Protection Regulation).\u00a0<\/span><\/p>\n<h3><span style=\"font-weight: 400;\">WHO IS THE ADMINISTRATOR?\u00a0<\/span><\/h3>\n<p><span style=\"font-weight: 400;\">We are the company ONLINE learning s.r.o. with its registered office in Hradec Kr\u00e1lov\u00e9, Nerudova 198\/36, Hradec Kr\u00e1lov\u00e9, 500 02, Czech Republic, I\u010c: 27477169, DI\u010c: CZ27477169, which operates the website www.easylingo.com. We process your personal data as an administrator, i.e., we determine how personal data will be processed, for what purpose and for how long. We also select any other potential processors who will help us with the processing.\u00a0<\/span><\/p>\n<h3><span style=\"font-weight: 400;\">CONTACT INFORMATION\u00a0<\/span><\/h3>\n<p><span style=\"font-weight: 400;\">If you would like to contact us during processing, you can contact us via email:<\/span><span style=\"font-weight: 400;\"> info@easylingo.com.<\/span><span style=\"font-weight: 400;\">\u00a0<\/span><\/p>\n<h3><span style=\"font-weight: 400;\">WE DECLARE<\/span><\/h3>\n<p><span style=\"font-weight: 400;\">We declare that, as the administrator of your personal data, we comply with all legal obligations required by applicable legislation, in particular the Personal Data Protection Act and the GDPR, and therefore that:\u00a0<\/span><\/p>\n<ul>\n<li style=\"font-weight: 400;\"><span style=\"font-weight: 400;\">we will process your personal data only on the basis of a valid legal reason, in particular legitimate interest, the performance of a contract, legal obligation or consent\u00a0<\/span><\/li>\n<li style=\"font-weight: 400;\"><span style=\"font-weight: 400;\">we will enable and support you in exercising your rights under the Personal Data Protection Act and the GDPR.\u00a0<\/span><\/li>\n<\/ul>\n<h3><span style=\"font-weight: 400;\">SCOPE OF PERSONAL DATA AND PURPOSES OF PROCESSING\u00a0<\/span><\/h3>\n<p><span style=\"font-weight: 400;\">We process personal data that you entrust to us for the following reasons (to fulfill these purposes):\u00a0<\/span><\/p>\n<ul>\n<ul>\n<li style=\"font-weight: 400;\"><b>provision of services, the performance of a contract <\/b><span style=\"font-weight: 400;\"><br \/><\/span><span style=\"font-weight: 400;\">Scope of your personal data: email &#8211; needed to perform the contract (e.g. sending access to the study room, etc.).\u00a0<\/span><\/li>\n<li style=\"font-weight: 400;\"><b>bookkeeping<\/b> <span style=\"font-weight: 400;\"><br \/><\/span><span style=\"font-weight: 400;\">If you are our customer, we need your personal data (invoicing data) to comply with the legal obligations for issuing and registering tax documents.\u00a0<\/span><\/li>\n<li style=\"font-weight: 400;\"><b>marketing &#8211; sending newsletters<\/b> <span style=\"font-weight: 400;\"><br \/><\/span><span style=\"font-weight: 400;\">We use your personal data (email and name), gender, what you click on in e-mails and when you open them most often for the purpose of direct marketing &#8211; sending business messages, advice and tips on how to learn languages effectively. If you are our customer, we do so out of legitimate interest, as we reasonably assume that you are interested in our news until you unsubscribe. If you are not our customer, we send you newsletters only with your consent and until you unsubscribe. In either case, you can revoke this consent by using the unsubscribe link in each sent email.<\/span><\/li>\n<\/ul>\n<li><span style=\"font-weight: 400;\"><\/span><\/li>\n<ul>\n<li style=\"font-weight: 400;\"><b style=\"font-size: 16px;\"><\/b><\/li>\n<li style=\"font-weight: 400;\"><b style=\"font-size: 16px;\"><\/b><\/li>\n<li style=\"font-weight: 400;\"><b style=\"font-size: 16px;\"><\/b><\/li>\n<li style=\"font-weight: 400;\"><b style=\"font-size: 16px;\">advanced marketing with consent<\/b><\/li>\n<li style=\"font-weight: 400;\"><b style=\"font-size: 16px;\"><span style=\"font-weight: 400;\">Only with your consent can we send you inspiring offers from third parties or use your e-mail address, for example, for remarketing and targeted advertising on Facebook, until you unsubscribe. Your consent can be revoked at any time via our contact details.<\/span><\/b><\/li>\n<\/ul>\n<li><b style=\"font-size: 16px;\"><span style=\"font-weight: 400;\"><\/span><\/b><\/li>\n<ul>\n<li style=\"font-weight: 400;\"><b style=\"font-size: 16px;\"><\/b><\/li>\n<li style=\"font-weight: 400;\"><b style=\"font-size: 16px;\"><\/b><\/li>\n<li style=\"font-weight: 400;\"><b style=\"font-size: 16px;\">photographic documentation, references, live events, workshops<\/b><\/li>\n<li style=\"font-weight: 400;\"><span style=\"font-weight: 400;\">Only with your consent can we use your photos, references, feedback, etc. until you revoke the consent.\u00a0<\/span><\/li>\n<\/ul>\n<\/ul>\n<h3><span style=\"font-weight: 400;\">COOKIES\u00a0<\/span><\/h3>\n<p><span style=\"font-weight: 400;\">When browsing our website, we record your IP address, how long you stay on the website and from which website you came. We perceive the use of cookies to measure website traffic and customize the display of websites as our legitimate interest of the administrator, as we believe that thanks to this, we can offer you better services.\u00a0<\/span><\/p>\n<p><span style=\"font-weight: 400;\">Cookies for targeted advertising will only be processed with your consent.\u00a0<\/span><\/p>\n<p><span style=\"font-weight: 400;\">Our website can also be browsed in a mode that does not allow the collection of personal data. You can disable the use of cookies on your computer.\u00a0<\/span><\/p>\n<h3><span style=\"font-weight: 400;\">SECURITY AND PROTECTION OF PERSONAL DATA\u00a0<\/span><\/h3>\n<p><span style=\"font-weight: 400;\">We protect personal data as much as possible using modern technologies that correspond to the level of technical development. We protect them as if they were our own. We have taken and maintain all possible (currently known) technical and organizational measures to prevent the misuse, damage or destruction of your personal data.\u00a0<\/span><\/p>\n<h3><span style=\"font-weight: 400;\">TRANSFER OF PERSONAL DATA TO THIRD PARTIES\u00a0<\/span><\/h3>\n<p><span style=\"font-weight: 400;\">Our employees and co-workers have access to your personal data. To ensure specific processing operations that we cannot provide on our own, we use the services and applications of processors who can protect data better than we do and specialize in the processing. These are the providers:\u00a0<\/span><\/p>\n<ul>\n<li style=\"font-weight: 400;\"><span style=\"font-weight: 400;\">Active Campaign &#8211; a program for email communication\u00a0<\/span><\/li>\n<li style=\"font-weight: 400;\"><span style=\"font-weight: 400;\">Affiliate Box &#8211; a program for affiliate partnerships\u00a0<\/span><\/li>\n<li style=\"font-weight: 400;\"><span style=\"font-weight: 400;\">Smartsupp &#8211; application for a chat with customer support\u00a0<\/span><\/li>\n<li style=\"font-weight: 400;\"><span style=\"font-weight: 400;\">Facebook &#8211; FB pixel\u00a0<\/span><\/li>\n<li style=\"font-weight: 400;\"><span style=\"font-weight: 400;\">Google &#8211; Google Analytics and AdWords\u00a0<\/span><\/li>\n<li style=\"font-weight: 400;\"><span style=\"font-weight: 400;\">Cesorg spol. s r. o. &#8211; accounting firm\u00a0<\/span><\/li>\n<\/ul>\n<p><span style=\"font-weight: 400;\">It is possible that in the future we will decide to use other applications or processors to facilitate and improve processing. However, we promise you that in such a case, when choosing, we will place at least the same demands for security and quality of processing on the processor as on ourselves.\u00a0<\/span><\/p>\n<h3><span style=\"font-weight: 400;\">TRANSFER OF DATA OUTSIDE THE EUROPEAN UNION\u00a0<\/span><\/h3>\n<p><span style=\"font-weight: 400;\">We process data exclusively in the European Union or in countries that provide an adequate level of protection based on the decision of the European Commission.\u00a0<\/span><\/p>\n<h3><span style=\"font-weight: 400;\">YOUR RIGHTS IN RELATION TO THE PROTECTION OF PERSONAL DATA\u00a0<\/span><\/h3>\n<p><span style=\"font-weight: 400;\">You have many rights in relation to the protection of personal data. If you wish to exercise any of these rights, please contact us via our e-mail: <\/span><span style=\"font-weight: 400;\">info@easylingo.com.<\/span><\/p>\n<p><span style=\"font-weight: 400;\">You have the <\/span><b>right to information<\/b><span style=\"font-weight: 400;\"> which is already performed via this informational website with privacy policy.\u00a0<\/span><\/p>\n<p><span style=\"font-weight: 400;\">Thanks to the <\/span><b>right of access<\/b><span style=\"font-weight: 400;\">, you can contact us at any time and we will show you within 14 days which personal data is processed and why.\u00a0<\/span><\/p>\n<p><span style=\"font-weight: 400;\">If you find any of your data out of date or incomplete or if the data changes you have the <\/span><b>right to supplement and change<\/b><span style=\"font-weight: 400;\"> your personal data.\u00a0<\/span><\/p>\n<p><span style=\"font-weight: 400;\">You can exercise the<\/span><b> right to restrict processing<\/b><span style=\"font-weight: 400;\"> if you believe that we are processing inaccurate data, if you believe that we are processing data illegally, but you do not want to delete all data, or if you object to the processing.\u00a0<\/span><\/p>\n<p><b>Right to portability <\/b><b><br \/><\/b><span style=\"font-weight: 400;\">If you would like to take your personal data and transfer it to someone else, we will proceed in the same way as when exercising the right of access, with the only difference that we will provide the information in a machine-readable format. Therefore, we need at least 30 days.\u00a0<\/span><\/p>\n<p><b>Right to erasure (Right to be forgotten) <\/b><b><br \/><\/b><span style=\"font-weight: 400;\">You also have the right to erasure (Right to be forgotten). We do not want to forget you, but if you want to, you have the right to be forgotten. In this case, we will delete all your personal data from our system as well as from the system of all sub-processors and backups. We need 30 days to secure the right to erasure.\u00a0<\/span><\/p>\n<p><span style=\"font-weight: 400;\">In some cases, we are bound by legal obligation, for example, we must register the issued tax documents for the period specified by law. In this case, we will delete all personal data that is not bound by another law. We will notify you by email when the erasure is complete.\u00a0<\/span><\/p>\n<p><b>Cancelling subscription from newsletters and business messages <\/b><b><br \/><\/b><span style=\"font-weight: 400;\">If you are our customer, we send you inspirational emails, articles or products and services based on our legitimate interest. If you are not yet our customer, we will only send them to you with your consent. In either case, you can unsubscribe from our emails by clicking the unsubscribe link in each sent email.\u00a0<\/span><\/p>\n<h3><span style=\"font-weight: 400;\">CONFIDENTIALITY\u00a0<\/span><\/h3>\n<p><span style=\"font-weight: 400;\">We would like to assure you that our employees and co-workers who will process your personal data are obligated to maintain the confidentiality of personal data and security measures, the disclosure of which would jeopardize the security of your personal data. At the same time, this <\/span><b>confidentiality continues even after the end of your contractual relations with us<\/b><span style=\"font-weight: 400;\">. Your personal data will not be disclosed to any third party without your consent.\u00a0<\/span><\/p>\n<h3><span style=\"font-weight: 400;\">UPLOADING CONTACTS FROM THE ADRESS BOOK<\/span><\/h3>\n<p><span style=\"font-weight: 400;\"><span>This will upload e-mail addresses from the customer&#8217;s address book to our server. We will find other users of this application among them and suggest that the customer add them to friends.<\/span><br \/><span>Uploaded data is not stored, shared or processed for any other purpose. It is deleted immediatelly after searching, whole process is one-time only. We upload only e-mail addresses, no other personal data.<\/span><\/span><\/p>\n<p><span style=\"font-weight: 400;\"><\/span><\/p>\n<p><b>Thank you<\/b><span style=\"font-weight: 400;\"> for taking the time to read our privacy policy.\u00a0<\/span><\/p>\n<p><span style=\"font-weight: 400;\">Last update: <\/span><b>\u00a0May 2023<\/b><\/p>\n<p>&nbsp;<\/p>\n<p>[\/et_pb_text][\/et_pb_column][\/et_pb_row][\/et_pb_section]<\/p>\n","protected":false},"excerpt":{"rendered":"<p>PRIVACY POLICYUnder the General Data Protection Regulation (GDPR) By using this website, you agree to the terms of this Privacy Policy statement. Online learning s.r.o. considers the disclosed personal and other data strictly confidential and is governed by Act No. 101\/2000 Sb. on the protection of personal data in their processing. Each user can request [&hellip;]<\/p>\n","protected":false},"author":37,"featured_media":0,"parent":0,"menu_order":0,"comment_status":"closed","ping_status":"closed","template":"","meta":{"_et_pb_use_builder":"on","_et_pb_old_content":"","_et_gb_content_width":"","inline_featured_image":false},"_links":{"self":[{"href":"https:\/\/easylingo.com\/en\/wp-json\/wp\/v2\/pages\/15424"}],"collection":[{"href":"https:\/\/easylingo.com\/en\/wp-json\/wp\/v2\/pages"}],"about":[{"href":"https:\/\/easylingo.com\/en\/wp-json\/wp\/v2\/types\/page"}],"author":[{"embeddable":true,"href":"https:\/\/easylingo.com\/en\/wp-json\/wp\/v2\/users\/37"}],"replies":[{"embeddable":true,"href":"https:\/\/easylingo.com\/en\/wp-json\/wp\/v2\/comments?post=15424"}],"version-history":[{"count":4,"href":"https:\/\/easylingo.com\/en\/wp-json\/wp\/v2\/pages\/15424\/revisions"}],"predecessor-version":[{"id":16424,"href":"https:\/\/easylingo.com\/en\/wp-json\/wp\/v2\/pages\/15424\/revisions\/16424"}],"wp:attachment":[{"href":"https:\/\/easylingo.com\/en\/wp-json\/wp\/v2\/media?parent=15424"}],"curies":[{"name":"wp","href":"https:\/\/api.w.org\/{rel}","templated":true}]}}