{"id":16179,"date":"2021-01-08T20:56:47","date_gmt":"2021-01-08T19:56:47","guid":{"rendered":"https:\/\/easylingo.com\/es\/?page_id=16179"},"modified":"2021-01-08T20:56:59","modified_gmt":"2021-01-08T19:56:59","slug":"terminos-de-uso","status":"publish","type":"page","link":"https:\/\/easylingo.com\/es\/terminos-de-uso\/","title":{"rendered":"T\u00e9rminos de uso"},"content":{"rendered":"<p>[et_pb_section fb_built=\u00bb1&#8243; _builder_version=\u00bb4.3.4&#8243; background_image=\u00bbhttps:\/\/easylingo.com\/es2\/wp-content\/uploads\/sites\/4\/2020\/11\/hero-bottom.svg\u00bb background_position=\u00bbbottom_center\u00bb custom_padding=\u00bb2px|||||\u00bb hover_enabled=\u00bb0&#8243; sticky_enabled=\u00bb0&#8243;][et_pb_row _builder_version=\u00bb4.7.6&#8243; _module_preset=\u00bbdefault\u00bb][et_pb_column _builder_version=\u00bb4.7.6&#8243; _module_preset=\u00bbdefault\u00bb type=\u00bb4_4&#8243;][et_pb_text _builder_version=\u00bb4.7.6&#8243; custom_margin=\u00bb40px|||||\u00bb hover_enabled=\u00bb0&#8243; inline_fonts=\u00bbProxima Light,Proxima Bold\u00bb sticky_enabled=\u00bb0&#8243;]<\/p>\n<p><span style=\"font-size: x-large\"><strong><span style=\"font-family: 'Proxima Light'\">Condiciones de uso del sitio web<\/span><\/strong><\/span><\/p>\n<p>[\/et_pb_text][et_pb_text _builder_version=\u00bb4.7.6&#8243; hover_enabled=\u00bb0&#8243; inline_fonts=\u00bbProxima Light,Proxima Regular\u00bb sticky_enabled=\u00bb0&#8243;]<\/p>\n<p><span style=\"font-weight: 400\">En vigor desde el <b>30 de Agosto del 2012<\/b><\/span><\/p>\n<p><span style=\"font-weight: 400\">El sitio web <\/span><b>www.easylingo.com<\/b><span style=\"font-weight: 400\"> es operado por <\/span><b>Online learning s.r.o.<\/b><span style=\"font-weight: 400\"> (en adelante, el \u00ab<\/span><b>Operador<\/b><span style=\"font-weight: 400\">\u00ab), que ejerce los derechos de propiedad sobre este sitio web. Est\u00e1 prohibido copiar cualquier parte del contenido, apariencia o c\u00f3digo de programa del sitio web.\u00a0<\/span><\/p>\n<p><span style=\"font-weight: 400\">El Operador emite los t\u00e9rminos de uso del sitio web www.easylingo.com (en adelante, los \u00ab<\/span><b>T\u00e9rminos<\/b><span style=\"font-weight: 400\">\u00ab). Estos T\u00e9rminos se aplican a todas las personas que tengan la intenci\u00f3n de utilizar el sitio web www.easylingo.com.\u00a0<\/span><\/p>\n<p><span style=\"font-weight: 400\">Est\u00e1 prohibido interferir de cualquier manera en la sustancia t\u00e9cnica o el contenido del sitio web www.easylingo.com sin el consentimiento del Operador.\u00a0<\/span><\/p>\n<p><span style=\"font-weight: 400\">Sin embargo, el Operador no es responsable de la exactitud y actualidad de la informaci\u00f3n publicada. Toda la informaci\u00f3n publicada en el sitio web es solo para fines informativos.\u00a0<\/span><\/p>\n<p><span style=\"font-weight: 400\">El Operador se reserva el derecho de cambiar, modificar, agregar o eliminar estas condiciones en cualquier momento, a su entera discreci\u00f3n, incluso sin previo aviso. Cualquiera de estas modificaciones es vinculante para los usuarios del sitio web. <\/span><\/p>\n<p>[\/et_pb_text][et_pb_text _builder_version=\u00bb4.7.6&#8243; hover_enabled=\u00bb0&#8243; inline_fonts=\u00bbProxima Light,Proxima Regular\u00bb sticky_enabled=\u00bb0&#8243;]<\/p>\n<p><strong>MATERIALES EN EL SITIO WEB\u00a0<\/strong><\/p>\n<p><span style=\"font-weight: 400\">Los materiales en el sitio web est\u00e1n protegidos por los derechos de autor de Online learning s.r.o. con todos los derechos reservados. A menos que se especifique lo contrario, le otorgamos un derecho no exclusivo, intransferible y limitado para acceder, ver y utilizar este sitio web.\u00a0<\/span><\/p>\n<p><strong>PRECISI\u00d3N Y ACTUALIDAD DE LOS DATOS<\/strong><\/p>\n<p><span style=\"font-weight: 400\">El Operador realiza esfuerzos razonables para garantizar que el sitio web contenga informaci\u00f3n y datos precisos, completos y actualizados. Sin embargo, no ofrecen garant\u00edas ni aceptan reclamos al respecto. Tenga en cuenta que el sitio web puede contener informaci\u00f3n y datos incorrectos e incompletos, que ser\u00e1n corregidos tan pronto como el Operador los descubra.\u00a0<\/span><\/p>\n<p><span style=\"font-weight: 400\">El Operador no es responsable de ning\u00fan error u omisi\u00f3n en el contenido de este sitio web. El sitio web est\u00e1 actualizado. El Operador se reserva el derecho de actualizar, modificar, ajustar, complementar o cambiar los datos contenidos en el sitio web en cualquier momento y sin previo aviso.\u00a0<\/span><\/p>\n<p><span style=\"font-weight: 400\">El uso y navegaci\u00f3n del sitio web es bajo su propio riesgo. En ning\u00fan caso el Operador ser\u00e1 responsable de ning\u00fan da\u00f1o directo, indirecto, extraordinario o consecuente causado por el uso de este sitio web, incluso si el Operador fue notificado de la posibilidad de tales da\u00f1os con anticipaci\u00f3n.\u00a0<\/span><\/p>\n<p><span style=\"font-weight: 400\">Todo lo que transfiera o publique en el sitio web pasar\u00e1 a ser propiedad de Online learning s.r.o., y se puede utilizar para cualquier prop\u00f3sito (a excepci\u00f3n de los datos personales). Al mismo tiempo, el Operador no est\u00e1 obligado a utilizar estas contribuciones de ninguna manera y tiene derecho a eliminar estas contribuciones del sitio web y las aplicaciones en cualquier momento, a su entera discreci\u00f3n.\u00a0<\/span><\/p>\n<p><span style=\"font-weight: 400\">Al navegar por el sitio web y proporcionar datos personales, el usuario tambi\u00e9n acepta proporcionar sus datos personales a Online learning s.r.o., La empresa tiene derecho a almacenar y utilizar estos datos personales con el fin de comunicarse con el usuario. El usuario acepta expresamente el uso y procesamiento de dichos datos por parte de Online learning s.r.o., El usuario tiene la opci\u00f3n de solicitar por escrito la eliminaci\u00f3n de sus datos personales de la base de datos del Operador en cualquier momento.\u00a0<\/span><\/p>\n<p><strong>TERMINACI\u00d3N DEL REGISTRO DE USUARIO\u00a0<\/strong><\/p>\n<p><span style=\"font-weight: 400\">El Operador se reserva el derecho de eliminar del sistema cualquier cuenta de usuario que sirva o haya sido creada con el prop\u00f3sito de transferirla a otro usuario, ya sea de forma gratuita o de pago. Sirva o ayude a comprometerse en un delito o actividad que est\u00e9 en conflicto con los principios \u00e9ticos y morales generalmente aceptados por la empresa o cuyo usuario haya intentado perturbar la estabilidad y el funcionamiento de los servicios prestados por el Operador. El Operador puede cancelar el registro de usuario en cualquier momento y sin compensaci\u00f3n alguna.\u00a0<\/span><\/p>\n<p><strong>DISPOSICIONES FINALES\u00a0<\/strong><\/p>\n<p><span style=\"font-weight: 400\">Cada visitante de este sitio web se compromete a no interferir con el funcionamiento est\u00e1ndar o la integridad de este sitio web.\u00a0<\/span><\/p>\n<p><span style=\"font-weight: 400\">El Operador no es responsable de ning\u00fan mal funcionamiento, inaccesibilidad o mala accesibilidad de este sitio web y los servicios ofrecidos en \u00e9l.<\/span><\/p>\n<p><strong>PREGUNTAS, SUGERENCIAS Y POSIBLES QUEJAS<\/strong><\/p>\n<p><span style=\"font-weight: 400\">Las\u00a0<\/span><span style=\"font-weight: 400\">Preguntas, sugerencias y posibles quejas sobre los servicios del Operador o las condiciones de uso de este sitio web pueden ser enviadas por los usuarios a trav\u00e9s de los contactos que figuran en este sitio web.\u00a0<\/span><\/p>\n<p><span style=\"font-weight: 400\">Los t\u00e9rminos de uso de www.easylingo.com fueron publicados el 30 de agosto de 2012 y son v\u00e1lidos y efectivos a partir de esa fecha.\u00a0<\/span><\/p>\n<p><strong>T\u00c9RMINOS DE USO DE LOS CURSOS EN L\u00cdNEA<\/strong><\/p>\n<ol>\n<li style=\"font-weight: 400\"><span style=\"font-weight: 400\">La licencia para los cursos de por vida tiene una validez de 5 a\u00f1os, y si nos pide que la renovemos 12 meses antes de que expire la licencia, la renovamos inmediatamente sin cargo. Cont\u00e1ctenos.\u00a0<\/span><\/li>\n<li style=\"font-weight: 400\"><span style=\"font-weight: 400\">Un profesor a la mano <\/span><span style=\"font-weight: 400\">es un servicio proporcionado por profesores reales, que est\u00e1n disponibles para los estudiantes a trav\u00e9s de un \u00abchat online\u00bb. Se puede acceder al chat con un solo clic en el icono del profesor en la sala de estudio en l\u00ednea. Los profesores est\u00e1n disponibles los d\u00edas h\u00e1biles: Lunes a viernes de 8 a.m. a 4 p.m. CET.\u00a0<\/span><\/li>\n<li style=\"font-weight: 400\"><span style=\"font-weight: 400\">No es posible borrar los resultados de lo ya estudiado del curso y comenzar a estudiar el curso como si fuera nuevo. Sin embargo, es posible volver a cualquier tema y practicarlo en el curso a voluntad, incluso despu\u00e9s de terminar el curso completamente y obtener un certificado. La revisi\u00f3n de los ejercicios no est\u00e1 limitada de ninguna manera.\u00a0<\/span><\/li>\n<li style=\"font-weight: 400\"><span style=\"font-weight: 400\">El contenido de los cursos ofrecidos incluye material de estudio para 6 meses si estudias 5 d\u00edas durante 20 minutos. (10 minutos de revisi\u00f3n de los materiales estudiados m\u00e1s 10 minutos de estudio de material nuevo en el curso).\u00a0<\/span><\/li>\n<li style=\"font-weight: 400\"><span style=\"font-weight: 400\">Los niveles de idioma individuales se presentan de la siguiente manera: A1-, A1+, A2-, A2+, B1-, B1+, B2-, B2+, C1, C2. La divisi\u00f3n de los niveles A1, A2, B1, B2, C1, C2 corresponde al <\/span><b>Marco Com\u00fan Europeo de Referencia para las Lenguas.<\/b><span style=\"font-weight: 400\">\u00a0<\/span><\/li>\n<li style=\"font-weight: 400\"><span style=\"font-weight: 400\">Si el estudiante p\u00fablicamente usa su nombre y foto de perfil en las redes sociales, acepta que los datos se pueden usar en la sala de estudio del curso en l\u00ednea o en el sitio web del proveedor.<\/span><\/li>\n<li style=\"font-weight: 400\"><b>Suscripci\u00f3n a los cursos de idiomas: <\/b><span style=\"font-weight: 400\">la suscripci\u00f3n semestral o anual se paga en un \u00fanico pago total<\/span><span style=\"font-weight: 400\">, lo que significa que debe realizar una nueva compra dentro de 6 meses o 12 meses si desea prolongar la suscripci\u00f3n.<\/span><span style=\"font-weight: 400\"> La suscripci\u00f3n mensual se paga mediante pagos recurrentes, que se deducen autom\u00e1ticamente cada mes de la tarjeta de cr\u00e9dito o d\u00e9bito que se utiliz\u00f3 para el primer pago. La suscripci\u00f3n est\u00e1 activa hasta que sea cancelada en su sesi\u00f3n de la sala de estudio o hasta que comunique la cancelaci\u00f3n de su suscripci\u00f3n a trav\u00e9s de correo electr\u00f3nico a <\/span><a href=\"mailto:info@easylingo.com\"><span style=\"font-weight: 400\">info@easylingo.com<\/span><\/a><span style=\"font-weight: 400\"> y nuestro servicio de atenci\u00f3n al cliente cancelar\u00e1 la suscripci\u00f3n por usted. El cliente siempre cancela el pr\u00f3ximo pago. Despu\u00e9s de cancelar la suscripci\u00f3n, el per\u00edodo de suscripci\u00f3n expira un d\u00eda antes de la fecha del pr\u00f3ximo pago y se cancela el acceso a los cursos suscritos.<\/span><\/li>\n<li style=\"font-weight: 400\"><b>Los pagos recurrentes<\/b><span style=\"font-weight: 400\"> representan la deducci\u00f3n autom\u00e1tica del pago por el servicio prestado con la frecuencia especificada en el pedido. Esta suele ser una deducci\u00f3n mensual de las tarifas del curso. El pago del servicio es fijo, por lo que su importe es siempre el mismo que el del pedido y el pago del primer per\u00edodo de suscripci\u00f3n. El pago se deduce autom\u00e1ticamente a trav\u00e9s de una pasarela de pago segura siempre el d\u00eda en que se realiz\u00f3 el pedido y el primer pago (por ejemplo, si el pedido y el primer pago se realizan el 1 de enero de 2020, el pr\u00f3ximo pago se deducir\u00e1 autom\u00e1ticamente el 1 de febrero de 2020 ). Se informa al usuario que el pago se basa en un pago recurrente a trav\u00e9s de un correo electr\u00f3nico con el cual se registr\u00f3 en su cuenta. El cliente puede ver el per\u00edodo de suscripci\u00f3n en su curso dentro de su cuenta y en la <\/span><span style=\"font-weight: 400\">secci\u00f3n \u00abMi suscripci\u00f3n\u00bb.<\/span><span style=\"font-weight: 400\"> Para cancelar su pago recurrente, cont\u00e1ctenos a <\/span><a href=\"mailto:info@easylingo.com\"><span style=\"font-weight: 400\">info@easylingo.com<\/span><\/a><span style=\"font-weight: 400\"> y nuestro servicio de atenci\u00f3n al cliente lo ayudar\u00e1.<\/span><\/li>\n<\/ol>\n<p><b>En el caso de un pago recurrente, el cliente est\u00e1 de acuerdo:\u00a0<\/b><\/p>\n<ul>\n<li style=\"font-weight: 400\"><span style=\"font-weight: 400\">con el establecimiento y par\u00e1metros de un pago recurrente,\u00a0<\/span><\/li>\n<li style=\"font-weight: 400\"><span style=\"font-weight: 400\">con el almacenamiento de los datos de pago en la pasarela de pago &#8211; los datos de su tarjeta de cr\u00e9dito o d\u00e9bito son manejados por el operador de la pasarela de pago de acuerdo con el est\u00e1ndar de seguridad internacional.\u00a0<\/span><\/li>\n<\/ul>\n<p><span style=\"font-weight: 400\"><\/span><strong>ESTABLECIMIENTO DE LA RELACI\u00d3N CONTRACTUAL\u00a0<\/strong><\/p>\n<ol>\n<li style=\"font-weight: 400\"><span style=\"font-weight: 400\">La relaci\u00f3n contractual entre<\/span><b> Online learning s.r.o.<\/b><span style=\"font-weight: 400\">, con domicilio social en Nerudova 198\/36, Pra\u017esk\u00e9 P\u0159edm\u011bst\u00ed, 500 02 Hradec Kr\u00e1lov\u00e9, Rep\u00fablica Checa, I\u010cO 27477169 (en lo sucesivo, \u00ab<\/span><b>OL<\/b><span style=\"font-weight: 400\">\u00ab) y el usuario del curso ( en lo sucesivo, el \u00ab<\/span><b>Usuario<\/b><span style=\"font-weight: 400\">\u00ab) surge al recibir el pago total de la tarifa del curso.\u00a0<\/span><\/li>\n<li style=\"font-weight: 400\"><span style=\"font-weight: 400\">Despu\u00e9s de enviar un pedido en firme y el pago total, se enviar\u00e1 al Usuario un correo electr\u00f3nico de confirmaci\u00f3n con toda la informaci\u00f3n necesaria y se activar\u00e1 el curso.\u00a0<\/span><\/li>\n<li style=\"font-weight: 400\"><span style=\"font-weight: 400\">Todos los pedidos realizados por el Usuario est\u00e1n disponibles despu\u00e9s de iniciar sesi\u00f3n en su cuenta.\u00a0<\/span><\/li>\n<\/ol>\n<p><strong>PRECIO DEL CURSO\u00a0<\/strong><\/p>\n<ol>\n<li style=\"font-weight: 400\"><span style=\"font-weight: 400\">El precio del curso correspondiente (en lo sucesivo, \u00ab<\/span><b>tarifa del curso<\/b><span style=\"font-weight: 400\">\u00ab) se establece por un per\u00edodo de mes con mes, varios meses o un a\u00f1o, de acuerdo con la lista de precios OL, que se actualiza para cada semestre relevante y est\u00e1 disponible en el sitio web <\/span><a href=\"http:\/\/www.easylingo.com\/\"><span style=\"font-weight: 400\">www.easylingo.com<\/span><\/a><span style=\"font-weight: 400\">.\u00a0<\/span><\/li>\n<li style=\"font-weight: 400\"><span style=\"font-weight: 400\">Los pagos recurrentes representan la deducci\u00f3n autom\u00e1tica del pago por el servicio prestado en la frecuencia especificada en el pedido. Esta suele ser una deducci\u00f3n mensual de las tarifas del curso. El pago del servicio es fijo, por lo que su importe es siempre el mismo que el del pedido y el pago del primer per\u00edodo de suscripci\u00f3n.\u00a0<\/span><\/li>\n<\/ol>\n<p><strong>DERECHOS Y OBLIGACIONES DEL USUARIO\u00a0<\/strong><\/p>\n<ol>\n<li style=\"font-weight: 400\"><span style=\"font-weight: 400\">El <\/span><span style=\"font-weight: 400\">Usuario<\/span><span style=\"font-weight: 400\"> consiente la recopilaci\u00f3n de informaci\u00f3n personal \u00fanicamente para las necesidades administrativas y de estudio de OL. El <\/span><span style=\"font-weight: 400\">Usuario<\/span><span style=\"font-weight: 400\"> autoriza expresamente el almacenamiento de su direcci\u00f3n, n\u00famero de tel\u00e9fono, correo electr\u00f3nico e informaci\u00f3n adicional sobre el actual pagador y usuario del curso en la base de datos de OL.\u00a0<\/span><\/li>\n<li style=\"font-weight: 400\"><span style=\"font-weight: 400\">Al pagar la tarifa del curso, el <\/span><span style=\"font-weight: 400\">Usuario<\/span><span style=\"font-weight: 400\"> acepta los t\u00e9rminos de uso y los t\u00e9rminos y condiciones contractuales, que est\u00e1n disponibles en el sitio web <\/span><a href=\"http:\/\/www.easylingo.com\/\"><span style=\"font-weight: 400\">www.easylingo.com<\/span><\/a><span style=\"font-weight: 400\">.\u00a0<\/span><\/li>\n<li style=\"font-weight: 400\"><span style=\"font-weight: 400\">El <\/span><span style=\"font-weight: 400\">Usuario<\/span><span style=\"font-weight: 400\"> no tiene derecho a prestar su nombre de usuario y contrase\u00f1a a terceros. En caso de violaci\u00f3n de esta regla, OL tiene todo el derecho de cancelar su cuenta de estudio sin dar ning\u00fan motivo y no reembolsar la tarifa del curso al <\/span><span style=\"font-weight: 400\">Usuario<\/span><span style=\"font-weight: 400\">.\u00a0<\/span><\/li>\n<li style=\"font-weight: 400\"><span style=\"font-weight: 400\">El <\/span><span style=\"font-weight: 400\">Usuario<\/span><span style=\"font-weight: 400\"> del curso de idiomas en l\u00ednea tiene derecho a utilizar todos los materiales did\u00e1cticos multimedia exclusivamente para sus necesidades de estudio y no tiene derecho a ponerlos a disposici\u00f3n de terceros de ninguna manera. En caso de violaci\u00f3n de esta regla, OL tiene todo el derecho de cancelar su cuenta de estudio sin dar ning\u00fan motivo y no reembolsar la tarifa del curso al <\/span><span style=\"font-weight: 400\">Usuario<\/span><span style=\"font-weight: 400\">.\u00a0<\/span><\/li>\n<li style=\"font-weight: 400\"><span style=\"font-weight: 400\">Todos los textos, ejercicios, explicaciones multimedia, explicaciones gramaticales y de vocabulario, grabaciones MP3 y de v\u00eddeo est\u00e1n protegidos por la ley de derechos de autor.\u00a0<\/span><\/li>\n<li style=\"font-weight: 400\"><span style=\"font-weight: 400\">Por la presente, OL proh\u00edbe expresamente cualquier distribuci\u00f3n o divulgaci\u00f3n adicional del contenido de OL a terceros.\u00a0<\/span><\/li>\n<li style=\"font-weight: 400\"><span style=\"font-weight: 400\">El <\/span><span style=\"font-weight: 400\">Usuario<\/span><span style=\"font-weight: 400\"> reconoce que el sistema de estudio de OL est\u00e1 evolucionando sobre la base de los comentarios de los usuarios y de acuerdo con las tendencias modernas disponibles en la ense\u00f1anza en l\u00ednea. Por esta raz\u00f3n, algunas funciones del sistema de aprendizaje pueden ser actualizadas, canceladas o reemplazadas por otras nuevas.\u00a0<\/span><\/li>\n<li style=\"font-weight: 400\"><span style=\"font-weight: 400\">En caso de cualquier problema, nuestro servicio de atenci\u00f3n al cliente est\u00e1 disponible para el <\/span><span style=\"font-weight: 400\">Usuario<\/span><span style=\"font-weight: 400\">. Cont\u00e1ctenos a\u00a0 <\/span><a href=\"http:\/\/www.easylingo.com\/\"><span style=\"font-weight: 400\">www.easylingo.com<\/span><\/a><span style=\"font-weight: 400\">.\u00a0<\/span><\/li>\n<\/ol>\n<p><strong>PROCEDIMIENTO DE RECLAMOS Y RETIRO DEL CONTRATO\u00a0<\/strong><\/p>\n<ol>\n<li style=\"font-weight: 400\"><span style=\"font-weight: 400\">OL es responsable ante el <\/span><span style=\"font-weight: 400\">Usuario<\/span><span style=\"font-weight: 400\"> de que los cursos en l\u00ednea est\u00e9n libres de defectos al recibirlos y tengan las caracter\u00edsticas descritas por OL o que el <\/span><span style=\"font-weight: 400\">Usuario<\/span><span style=\"font-weight: 400\"> esperaba con respecto a la naturaleza de los bienes.\u00a0<\/span><\/li>\n<li style=\"font-weight: 400\"><span style=\"font-weight: 400\">El <\/span><span style=\"font-weight: 400\">Usuario<\/span><span style=\"font-weight: 400\"> tiene derecho a rescindir el contrato dentro de los 14 d\u00edas a partir de la fecha de celebraci\u00f3n del contrato. El <\/span><span style=\"font-weight: 400\">Usuario<\/span><span style=\"font-weight: 400\"> no est\u00e1 obligado a indicar el motivo del desistimiento del contrato. Se considera que el per\u00edodo de retiro se mantiene si el aviso de retiro se env\u00eda a <\/span><a href=\"mailto:info@easylingo.com\"><span style=\"font-weight: 400\">info@easylingo.com<\/span><\/a><span style=\"font-weight: 400\"> dentro del per\u00edodo de los 14 d\u00edas.\u00a0<\/span><\/li>\n<li style=\"font-weight: 400\"><span style=\"font-weight: 400\">Si el <\/span><span style=\"font-weight: 400\">Usuario<\/span><span style=\"font-weight: 400\"> rescinde el contrato debidamente como se menciona en el punto anterior, OL garantiza el reembolso del precio del curso sin demoras indebidas.\u00a0<\/span><\/li>\n<\/ol>\n<p><b>\u00a1Le deseamos mucha suerte y mucho \u00e9xito en nuestros cursos de idiomas online!<\/b><\/p>\n<p>[\/et_pb_text][\/et_pb_column][\/et_pb_row][\/et_pb_section]<\/p>\n","protected":false},"excerpt":{"rendered":"<p>Condiciones de uso del sitio web En vigor desde el 30 de Agosto del 2012 El sitio web www.easylingo.com es operado por Online learning s.r.o. (en adelante, el \u00abOperador\u00bb), que ejerce los derechos de propiedad sobre este sitio web. Est\u00e1 prohibido copiar cualquier parte del contenido, apariencia o c\u00f3digo de programa del sitio web.\u00a0 El [&hellip;]<\/p>\n","protected":false},"author":37,"featured_media":0,"parent":0,"menu_order":0,"comment_status":"closed","ping_status":"closed","template":"","meta":{"_et_pb_use_builder":"on","_et_pb_old_content":"","_et_gb_content_width":"","inline_featured_image":false},"_links":{"self":[{"href":"https:\/\/easylingo.com\/es\/wp-json\/wp\/v2\/pages\/16179"}],"collection":[{"href":"https:\/\/easylingo.com\/es\/wp-json\/wp\/v2\/pages"}],"about":[{"href":"https:\/\/easylingo.com\/es\/wp-json\/wp\/v2\/types\/page"}],"author":[{"embeddable":true,"href":"https:\/\/easylingo.com\/es\/wp-json\/wp\/v2\/users\/37"}],"replies":[{"embeddable":true,"href":"https:\/\/easylingo.com\/es\/wp-json\/wp\/v2\/comments?post=16179"}],"version-history":[{"count":2,"href":"https:\/\/easylingo.com\/es\/wp-json\/wp\/v2\/pages\/16179\/revisions"}],"predecessor-version":[{"id":16182,"href":"https:\/\/easylingo.com\/es\/wp-json\/wp\/v2\/pages\/16179\/revisions\/16182"}],"wp:attachment":[{"href":"https:\/\/easylingo.com\/es\/wp-json\/wp\/v2\/media?parent=16179"}],"curies":[{"name":"wp","href":"https:\/\/api.w.org\/{rel}","templated":true}]}}