{"id":16249,"date":"2021-02-02T08:26:50","date_gmt":"2021-02-02T07:26:50","guid":{"rendered":"https:\/\/easylingo.com\/es\/?page_id=16249"},"modified":"2022-01-04T13:49:49","modified_gmt":"2022-01-04T12:49:49","slug":"blog","status":"publish","type":"page","link":"https:\/\/easylingo.com\/es\/blog\/","title":{"rendered":"Blog"},"content":{"rendered":"<p>[et_pb_section fb_built=\u00bb1&#8243; _builder_version=\u00bb4.7.6&#8243; background_image=\u00bbhttps:\/\/easylingo.com\/es2\/wp-content\/uploads\/sites\/4\/2020\/11\/hero-bottom.svg\u00bb background_position=\u00bbbottom_center\u00bb custom_padding=\u00bb2px||0px|||\u00bb][et_pb_row column_structure=\u00bb2_5,%223_5%22&#8243; _builder_version=\u00bb4.7.0&#8243; max_width=\u00bb1440px\u00bb module_alignment=\u00bbcenter\u00bb min_height=\u00bb530px\u00bb custom_margin=\u00bb|-9px||auto||\u00bb custom_padding=\u00bb||13px|||\u00bb][et_pb_column type=\u00bb2_5&#8243; _builder_version=\u00bb4.3.4&#8243;][et_pb_text content_phone=\u00bb<\/p>\n<h1><span>O n\u00e1s<br \/><span>EasyLingo<\/span><\/span><\/h1>\n<p>\u00bb content_last_edited=\u00bboff|desktop\u00bb _builder_version=\u00bb4.7.5&#8243; custom_margin=\u00bb60px|||||\u00bb custom_margin_tablet=\u00bb\u00bb custom_margin_phone=\u00bb20px||||false|false\u00bb custom_margin_last_edited=\u00bbon|phone\u00bb inline_fonts=\u00bbProxima Bold\u00bb]<\/p>\n<h1><span style=\"font-size: 80px;font-family: 'Proxima Bold';font-weight: normal\">Blog<\/span><\/h1>\n<p>[\/et_pb_text][et_pb_text _builder_version=\u00bb4.7.6&#8243; custom_padding=\u00bb|0px|||false|false\u00bb inline_fonts=\u00bbProxima Bold,Proxima Light\u00bb]<\/p>\n<p><span style=\"font-family: 'Proxima Light';font-weight: normal;font-size: x-large;color: #339ccd\">Nuestros art\u00edculos e informaci\u00f3n acerca de aprendizaje de ingl\u00e9s est\u00e1n destinados para obtener inspiraci\u00f3n y motivaci\u00f3n de aprender.<\/span><\/p>\n<p>[\/et_pb_text][et_pb_button button_url=\u00bb#post-section\u00bb button_text=\u00bbLeer art\u00edculos\u00bb _builder_version=\u00bb4.7.6&#8243; custom_margin=\u00bb%2220px||||false|false%22&#8243; animation_intensity_slide=\u00bb%2225%%22&#8243; button_text_size__hover_enabled=\u00bboff\u00bb button_one_text_size__hover_enabled=\u00bboff\u00bb button_two_text_size__hover_enabled=\u00bboff\u00bb button_text_color__hover_enabled=\u00bboff\u00bb button_one_text_color__hover_enabled=\u00bboff\u00bb button_two_text_color__hover_enabled=\u00bboff\u00bb button_border_width__hover_enabled=\u00bboff\u00bb button_one_border_width__hover_enabled=\u00bboff\u00bb button_two_border_width__hover_enabled=\u00bboff\u00bb button_border_color__hover_enabled=\u00bboff\u00bb button_one_border_color__hover_enabled=\u00bboff\u00bb button_two_border_color__hover_enabled=\u00bboff\u00bb button_border_radius__hover_enabled=\u00bboff\u00bb button_one_border_radius__hover_enabled=\u00bboff\u00bb button_two_border_radius__hover_enabled=\u00bboff\u00bb button_letter_spacing__hover_enabled=\u00bboff\u00bb button_one_letter_spacing__hover_enabled=\u00bboff\u00bb button_two_letter_spacing__hover_enabled=\u00bboff\u00bb button_bg_color__hover_enabled=\u00bboff\u00bb button_one_bg_color__hover_enabled=\u00bboff\u00bb button_two_bg_color__hover_enabled=\u00bboff\u00bb][\/et_pb_button][\/et_pb_column][et_pb_column type=\u00bb%223_5%22&#8243; _builder_version=\u00bb3.25&#8243; custom_padding=\u00bb|||\u00bb custom_padding__hover=\u00bb|||\u00bb][et_pb_image src=\u00bbhttps:\/\/easylingo.com\/es\/wp-content\/uploads\/sites\/4\/2020\/11\/vtramvaji.png\u00bb title_text=\u00bbvtramvaji\u00bb align=\u00bb%22center%22&#8243; align_tablet=\u00bbcenter\u00bb align_phone=\u00bb%22center%22&#8243; align_last_edited=\u00bbon|desktop\u00bb _builder_version=\u00bb4.7.6&#8243; width=\u00bb137.4%\u00bb width_tablet=\u00bb%22%22&#8243; width_phone=\u00bb%22100%%22&#8243; width_last_edited=\u00bb%22on|phone%22&#8243; custom_margin=\u00bb%220px|-147px|-150px|0px|false|false%22&#8243; custom_margin_tablet=\u00bb%22|0px||0px|false|false%22&#8243; custom_margin_phone=\u00bb%220px||-100px||false|false%22&#8243; custom_margin_last_edited=\u00bb%22on|phone%22&#8243; custom_padding=\u00bb|||180px||\u00bb animation_style=\u00bbslide\u00bb animation_direction=\u00bbleft\u00bb animation_duration=\u00bb500ms\u00bb animation_intensity_slide=\u00bb10%\u00bb scroll_vertical_motion=\u00bb%220|50|50|100|0|0|-1%22&#8243; scroll_blur_enable=\u00bb%22on%22&#8243; scroll_blur=\u00bb%220|40|60|100|0px|0px|10px%22&#8243; motion_trigger_start=\u00bb%22bottom%22&#8243;][\/et_pb_image][\/et_pb_column][\/et_pb_row][\/et_pb_section][et_pb_section fb_built=\u00bb1&#8243; module_id=\u00bbpost-section\u00bb _builder_version=\u00bb4.7.6&#8243; custom_padding=\u00bb50px|||||\u00bb locked=\u00bboff\u00bb][et_pb_row _builder_version=\u00bb4.7.6&#8243; custom_margin=\u00bb|auto|50px|auto||\u00bb][et_pb_column type=\u00bb4_4&#8243; _builder_version=\u00bb4.3.4&#8243;][et_pb_blog fullwidth=\u00bboff\u00bb meta_date=\u00bbj. m. Y\u00bb excerpt_length=\u00bb222&#8243; show_more=\u00bbon\u00bb show_author=\u00bboff\u00bb show_date=\u00bboff\u00bb show_categories=\u00bboff\u00bb _builder_version=\u00bb4.7.6&#8243; header_font=\u00bb|700|||||||\u00bb header_text_color=\u00bb#333333&#8243; header_font_size=\u00bb21px\u00bb header_line_height=\u00bb1.3em\u00bb meta_font_size=\u00bb13px\u00bb read_more_font=\u00bb|600|||||||\u00bb read_more_text_color=\u00bb#339ccd\u00bb read_more_letter_spacing=\u00bb1px\u00bb read_more_line_height=\u00bb1.8em\u00bb border_radii=\u00bbon|10px|10px|10px|10px\u00bb box_shadow_style=\u00bbpreset1&#8243; box_shadow_color=\u00bbrgba(0,0,0,0.1)\u00bb][\/et_pb_blog][\/et_pb_column][\/et_pb_row][\/et_pb_section]<\/p>\n","protected":false},"excerpt":{"rendered":"<p>BlogNuestros art\u00edculos e informaci\u00f3n acerca de aprendizaje de ingl\u00e9s est\u00e1n destinados para obtener inspiraci\u00f3n y motivaci\u00f3n de aprender.<\/p>\n","protected":false},"author":4,"featured_media":0,"parent":0,"menu_order":0,"comment_status":"open","ping_status":"closed","template":"","meta":{"_et_pb_use_builder":"on","_et_pb_old_content":"","_et_gb_content_width":"","inline_featured_image":false},"_links":{"self":[{"href":"https:\/\/easylingo.com\/es\/wp-json\/wp\/v2\/pages\/16249"}],"collection":[{"href":"https:\/\/easylingo.com\/es\/wp-json\/wp\/v2\/pages"}],"about":[{"href":"https:\/\/easylingo.com\/es\/wp-json\/wp\/v2\/types\/page"}],"author":[{"embeddable":true,"href":"https:\/\/easylingo.com\/es\/wp-json\/wp\/v2\/users\/4"}],"replies":[{"embeddable":true,"href":"https:\/\/easylingo.com\/es\/wp-json\/wp\/v2\/comments?post=16249"}],"version-history":[{"count":23,"href":"https:\/\/easylingo.com\/es\/wp-json\/wp\/v2\/pages\/16249\/revisions"}],"predecessor-version":[{"id":108290,"href":"https:\/\/easylingo.com\/es\/wp-json\/wp\/v2\/pages\/16249\/revisions\/108290"}],"wp:attachment":[{"href":"https:\/\/easylingo.com\/es\/wp-json\/wp\/v2\/media?parent=16249"}],"curies":[{"name":"wp","href":"https:\/\/api.w.org\/{rel}","templated":true}]}}