{"id":88,"date":"2020-10-26T17:51:39","date_gmt":"2020-10-26T16:51:39","guid":{"rendered":"https:\/\/easylingo.com\/es2\/?page_id=88"},"modified":"2022-10-10T10:19:19","modified_gmt":"2022-10-10T09:19:19","slug":"sobre-nosotros","status":"publish","type":"page","link":"https:\/\/easylingo.com\/es\/sobre-nosotros\/","title":{"rendered":"Sobre nosotros"},"content":{"rendered":"<p>[et_pb_section fb_built=\u00bb1&#8243; _builder_version=\u00bb4.16&#8243; background_image=\u00bbhttps:\/\/easylingo.com\/es2\/wp-content\/uploads\/sites\/4\/2020\/11\/hero-bottom.svg\u00bb background_position=\u00bbbottom_center\u00bb custom_padding=\u00bb2px|||||\u00bb global_colors_info=\u00bb{}\u00bb da_is_popup=\u00bboff\u00bb da_exit_intent=\u00bboff\u00bb da_has_close=\u00bbon\u00bb da_alt_close=\u00bboff\u00bb da_dark_close=\u00bboff\u00bb da_not_modal=\u00bbon\u00bb da_is_singular=\u00bboff\u00bb da_with_loader=\u00bboff\u00bb da_has_shadow=\u00bbon\u00bb da_disable_devices=\u00bboff|off|off\u00bb][et_pb_row column_structure=\u00bb2_5,3_5&#8243; _builder_version=\u00bb4.16&#8243; max_width=\u00bb1440px\u00bb module_alignment=\u00bbcenter\u00bb min_height=\u00bb530px\u00bb custom_margin=\u00bb|1px||auto||\u00bb global_colors_info=\u00bb{}\u00bb][et_pb_column type=\u00bb2_5&#8243; _builder_version=\u00bb4.16&#8243; global_colors_info=\u00bb{}\u00bb][et_pb_text content_tablet=\u00bb<\/p>\n<h1><span>Sobre nosotros<br \/><span>EasyLingo<\/span><\/span><\/h1>\n<p>\u00bb content_phone=\u00bb<\/p>\n<h1><span>Sobre nosotros<br \/><span>EasyLingo<\/span><\/span><\/h1>\n<p>\u00bb content_last_edited=\u00bboff|desktop\u00bb _builder_version=\u00bb4.16&#8243; custom_margin=\u00bb60px|||||\u00bb custom_margin_tablet=\u00bb\u00bb custom_margin_phone=\u00bb20px||||false|false\u00bb custom_margin_last_edited=\u00bbon|phone\u00bb inline_fonts=\u00bbProxima Bold\u00bb global_colors_info=\u00bb{}\u00bb]<\/p>\n<h1><span style=\"font-size: 80px;font-family: 'Proxima Bold';font-weight: normal\">Sobre nosotros<br \/><span style=\"color: #339ccd\">EasyLingo<\/span><\/span><\/h1>\n<p>[\/et_pb_text][et_pb_text _builder_version=\u00bb4.16&#8243; custom_padding=\u00bb|0px|||false|false\u00bb inline_fonts=\u00bbProxima Bold,Proxima Light\u00bb global_colors_info=\u00bb{}\u00bb]<\/p>\n<p><span style=\"font-family: 'Proxima Light';font-weight: normal;font-size: x-large;color: #339ccd\">Te ense\u00f1aremos ingl\u00e9s de una forma f\u00e1cil y entretenida, desde la comodidad de tu casa o de donde t\u00fa quieras.<\/span><\/p>\n<p>[\/et_pb_text][et_pb_button button_url=\u00bb#scrollto\u00bb button_text=\u00bbdescubrir m\u00e1s\u00bb _builder_version=\u00bb4.16&#8243; global_colors_info=\u00bb{}\u00bb][\/et_pb_button][\/et_pb_column][et_pb_column type=\u00bb3_5&#8243; _builder_version=\u00bb4.16&#8243; global_colors_info=\u00bb{}\u00bb][et_pb_image src=\u00bbhttps:\/\/easylingo.com\/es2\/wp-content\/uploads\/sites\/4\/2020\/11\/onas.png\u00bb title_text=\u00bbonas\u00bb align=\u00bbcenter\u00bb align_tablet=\u00bb\u00bb align_phone=\u00bbcenter\u00bb align_last_edited=\u00bbon|phone\u00bb _builder_version=\u00bb4.16&#8243; width_tablet=\u00bb\u00bb width_phone=\u00bb100%\u00bb width_last_edited=\u00bbon|phone\u00bb custom_margin=\u00bb0px|-147px|-150px|0px|false|false\u00bb custom_margin_tablet=\u00bb|0px||0px|false|false\u00bb custom_margin_phone=\u00bb0px||-100px||false|false\u00bb custom_margin_last_edited=\u00bbon|phone\u00bb scroll_vertical_motion=\u00bb0|50|50|100|0|0|-1&#8243; scroll_blur_enable=\u00bbon\u00bb scroll_blur=\u00bb0|40|60|100|0px|0px|10px\u00bb motion_trigger_start=\u00bbbottom\u00bb global_colors_info=\u00bb{}\u00bb][\/et_pb_image][\/et_pb_column][\/et_pb_row][\/et_pb_section][et_pb_section fb_built=\u00bb1&#8243; custom_padding_last_edited=\u00bbon|phone\u00bb module_id=\u00bbscrollto\u00bb _builder_version=\u00bb4.16&#8243; custom_padding=\u00bb112px||150px|||\u00bb custom_padding_tablet=\u00bb\u00bb custom_padding_phone=\u00bb70px||100px||false|false\u00bb global_colors_info=\u00bb{}\u00bb da_is_popup=\u00bboff\u00bb da_exit_intent=\u00bboff\u00bb da_has_close=\u00bbon\u00bb da_alt_close=\u00bboff\u00bb da_dark_close=\u00bboff\u00bb da_not_modal=\u00bbon\u00bb da_is_singular=\u00bboff\u00bb da_with_loader=\u00bboff\u00bb da_has_shadow=\u00bbon\u00bb da_disable_devices=\u00bboff|off|off\u00bb][et_pb_row column_structure=\u00bb2_5,3_5&#8243; _builder_version=\u00bb4.16&#8243; width=\u00bb66%\u00bb width_tablet=\u00bb\u00bb width_phone=\u00bb80%\u00bb width_last_edited=\u00bbon|phone\u00bb module_alignment=\u00bbcenter\u00bb custom_padding=\u00bb28px|||||\u00bb global_colors_info=\u00bb{}\u00bb][et_pb_column type=\u00bb2_5&#8243; _builder_version=\u00bb4.16&#8243; global_colors_info=\u00bb{}\u00bb][et_pb_blurb title=\u00bb10 cursos de ingl\u00e9s online\u00bb image=\u00bbhttps:\/\/easylingo.com\/es2\/wp-content\/uploads\/sites\/4\/2020\/12\/EL_lang-box-predplatne-1.png\u00bb _builder_version=\u00bb4.16&#8243; custom_margin=\u00bb||1px|||\u00bb inline_fonts=\u00bbProxima Regular\u00bb global_colors_info=\u00bb{}\u00bb]<\/p>\n<p><span>Elige entre los 10 cursos de ingl\u00e9s online y empieza hoy mismo gratis<\/a>.<\/span><\/p>\n<p>[\/et_pb_blurb][et_pb_button button_url=\u00bbhttps:\/\/student.easylingo.com\/login?lang=es&#038;regForm=true\u00bb button_text=\u00bbEmpieza gratis ya\u00bb _builder_version=\u00bb4.16&#8243; custom_margin=\u00bb7px||55px||false|false\u00bb custom_padding=\u00bb15px|40px|15px|40px|false|false\u00bb global_colors_info=\u00bb{}\u00bb][\/et_pb_button][\/et_pb_column][et_pb_column type=\u00bb3_5&#8243; _builder_version=\u00bb4.16&#8243; global_colors_info=\u00bb{}\u00bb][et_pb_text _builder_version=\u00bb4.16&#8243; custom_margin=\u00bb40px|||||\u00bb inline_fonts=\u00bbProxima Light,Proxima Bold\u00bb global_colors_info=\u00bb{}\u00bb]<\/p>\n<p><span style=\"font-size: x-large;font-family: 'Proxima Light';font-weight: normal\"><span style=\"font-weight: 400\">Ya seas un principiante o un profesional experimentado, nuestros cursos te ayudar\u00e1n a progresar un poco m\u00e1s.<\/span><\/span><\/p>\n<p>[\/et_pb_text][et_pb_text _builder_version=\u00bb4.16&#8243; inline_fonts=\u00bbProxima Light,Proxima Regular\u00bb global_colors_info=\u00bb{}\u00bb]<\/p>\n<p><b>Ense\u00f1amos idiomas desde hace m\u00e1s de 20 a\u00f1os. <\/b><span style=\"font-weight: 400\">Somos un equipo de profesores profesionales, especialistas en metodolog\u00edas, programadores, dise\u00f1adores gr\u00e1ficos, ilustradores y entusiastas de los idiomas que se han marcado como objetivo ense\u00f1ar idiomas a nuestros alumnos de la manera m\u00e1s f\u00e1cil y entretenida y desde cualquier lugar.\u00a0<\/span><\/p>\n<p><span style=\"font-weight: 400\">Es por eso que en el 2013 empezamos con la educaci\u00f3n exclusivamente online y creamos el sistema de aprendizaje virtual. Cientos de estudiantes satisfechos usan EasyLingo.com.<\/span><\/p>\n<p><b>Desde el 2015, hemos estado compartiendo nuestra experiencia ling\u00fc\u00edstica en<\/b> <a href=\"http:\/\/sogoodlanguages.com\/\"><span style=\"font-weight: 400\">SoGoodLanguages.com<\/span><\/a><span style=\"font-weight: 400\">, una revista internacional completamente gratuita para estudiantes de idiomas, que est\u00e1 llena de nuestros mejores consejos sobre educaci\u00f3n ling\u00fc\u00edstica, explicaciones gramaticales claras y estructuradas, art\u00edculos biling\u00fces, vocabulario y frases de campos espec\u00edficos.<\/span><\/p>\n<p>[\/et_pb_text][\/et_pb_column][\/et_pb_row][\/et_pb_section]<\/p>\n","protected":false},"excerpt":{"rendered":"<p>Sobre nosotrosEasyLingoTe ense\u00f1aremos ingl\u00e9s de una forma f\u00e1cil y entretenida, desde la comodidad de tu casa o de donde t\u00fa quieras.Elige entre los 10 cursos de ingl\u00e9s online y empieza hoy mismo gratis.Ya seas un principiante o un profesional experimentado, nuestros cursos te ayudar\u00e1n a progresar un poco m\u00e1s.Ense\u00f1amos idiomas desde hace m\u00e1s de 20 [&hellip;]<\/p>\n","protected":false},"author":1,"featured_media":0,"parent":0,"menu_order":0,"comment_status":"closed","ping_status":"closed","template":"","meta":{"_et_pb_use_builder":"on","_et_pb_old_content":"","_et_gb_content_width":"","inline_featured_image":false},"_links":{"self":[{"href":"https:\/\/easylingo.com\/es\/wp-json\/wp\/v2\/pages\/88"}],"collection":[{"href":"https:\/\/easylingo.com\/es\/wp-json\/wp\/v2\/pages"}],"about":[{"href":"https:\/\/easylingo.com\/es\/wp-json\/wp\/v2\/types\/page"}],"author":[{"embeddable":true,"href":"https:\/\/easylingo.com\/es\/wp-json\/wp\/v2\/users\/1"}],"replies":[{"embeddable":true,"href":"https:\/\/easylingo.com\/es\/wp-json\/wp\/v2\/comments?post=88"}],"version-history":[{"count":29,"href":"https:\/\/easylingo.com\/es\/wp-json\/wp\/v2\/pages\/88\/revisions"}],"predecessor-version":[{"id":109260,"href":"https:\/\/easylingo.com\/es\/wp-json\/wp\/v2\/pages\/88\/revisions\/109260"}],"wp:attachment":[{"href":"https:\/\/easylingo.com\/es\/wp-json\/wp\/v2\/media?parent=88"}],"curies":[{"name":"wp","href":"https:\/\/api.w.org\/{rel}","templated":true}]}}