{"id":94,"date":"2020-10-26T17:53:23","date_gmt":"2020-10-26T16:53:23","guid":{"rendered":"https:\/\/easylingo.com\/es2\/?page_id=94"},"modified":"2026-01-13T14:01:11","modified_gmt":"2026-01-13T13:01:11","slug":"contacto","status":"publish","type":"page","link":"https:\/\/easylingo.com\/es\/contacto\/","title":{"rendered":"Contacto"},"content":{"rendered":"<p>[et_pb_section fb_built=\u00bb1&#8243; _builder_version=\u00bb4.16&#8243; background_image=\u00bbhttps:\/\/easylingo.com\/es2\/wp-content\/uploads\/sites\/4\/2020\/11\/hero-bottom.svg\u00bb background_position=\u00bbbottom_center\u00bb global_colors_info=\u00bb{}\u00bb da_is_popup=\u00bboff\u00bb da_exit_intent=\u00bboff\u00bb da_has_close=\u00bbon\u00bb da_alt_close=\u00bboff\u00bb da_dark_close=\u00bboff\u00bb da_not_modal=\u00bbon\u00bb da_is_singular=\u00bboff\u00bb da_with_loader=\u00bboff\u00bb da_has_shadow=\u00bbon\u00bb da_disable_devices=\u00bboff|off|off\u00bb][et_pb_row column_structure=\u00bb1_2,1_2&#8243; _builder_version=\u00bb4.16&#8243; width=\u00bb85%\u00bb max_width=\u00bb1440px\u00bb module_alignment=\u00bbcenter\u00bb min_height=\u00bb530px\u00bb custom_margin=\u00bb|1px||auto||\u00bb global_colors_info=\u00bb{}\u00bb][et_pb_column type=\u00bb1_2&#8243; _builder_version=\u00bb4.16&#8243; global_colors_info=\u00bb{}\u00bb][et_pb_text content_phone=\u00bb<\/p>\n<h1><span>Informaci\u00f3n de contacto<\/span><\/h1>\n<p>\u00bb content_last_edited=\u00bboff|desktop\u00bb _builder_version=\u00bb4.16&#8243; custom_margin=\u00bb-1px||1px|||\u00bb inline_fonts=\u00bbProxima Bold\u00bb global_colors_info=\u00bb{}\u00bb]<\/p>\n<h1><span style=\"font-size: 80px;font-family: 'Proxima Bold';font-weight: normal\">Informaci\u00f3n de contacto<\/span><\/h1>\n<p>[\/et_pb_text][et_pb_text _builder_version=\u00bb4.16&#8243; custom_margin=\u00bb||1px|||\u00bb inline_fonts=\u00bbProxima Light,Proxima Bold\u00bb global_colors_info=\u00bb{}\u00bb]<\/p>\n<p><span style=\"font-family: 'Proxima Bold';font-size: x-large\">Escr\u00edbenos<\/span><\/p>\n<p>[\/et_pb_text][et_pb_text _builder_version=\u00bb4.16&#8243; inline_fonts=\u00bbProxima Light,Proxima Regular\u00bb global_colors_info=\u00bb{}\u00bb]<\/p>\n<p><span style=\"font-weight: 400\">D\u00e9janos un mensaje con tus datos y te responderemos lo antes posible.<\/span><\/p>\n<p>[\/et_pb_text][et_pb_text _builder_version=\u00bb4.16&#8243; custom_padding=\u00bb|0px|||false|false\u00bb inline_fonts=\u00bbProxima Bold,Proxima Light\u00bb global_colors_info=\u00bb{}\u00bb]<\/p>\n<p><span style=\"font-family: 'Proxima Light';font-weight: normal;font-size: x-large;color: #339ccd\">info@easylingo.com<\/span><\/p>\n<p>Lunes a viernes 8:00 &#8211; 16:00<\/p>\n<p>[\/et_pb_text][\/et_pb_column][et_pb_column type=\u00bb1_2&#8243; _builder_version=\u00bb4.16&#8243; global_colors_info=\u00bb{}\u00bb][et_pb_image src=\u00bbhttps:\/\/easylingo.com\/es2\/wp-content\/uploads\/sites\/4\/2020\/11\/fr.png\u00bb title_text=\u00bbfr\u00bb _builder_version=\u00bb4.16&#8243; _module_preset=\u00bbdefault\u00bb custom_margin=\u00bb|-126px|-119px|||\u00bb global_colors_info=\u00bb{}\u00bb][\/et_pb_image][\/et_pb_column][\/et_pb_row][\/et_pb_section][et_pb_section fb_built=\u00bb1&#8243; custom_padding_last_edited=\u00bbon|phone\u00bb _builder_version=\u00bb4.16&#8243; custom_padding=\u00bb149px||150px|||\u00bb custom_padding_tablet=\u00bb\u00bb custom_padding_phone=\u00bb50px||50px||false|false\u00bb global_colors_info=\u00bb{}\u00bb da_is_popup=\u00bboff\u00bb da_exit_intent=\u00bboff\u00bb da_has_close=\u00bbon\u00bb da_alt_close=\u00bboff\u00bb da_dark_close=\u00bboff\u00bb da_not_modal=\u00bbon\u00bb da_is_singular=\u00bboff\u00bb da_with_loader=\u00bboff\u00bb da_has_shadow=\u00bbon\u00bb da_disable_devices=\u00bboff|off|off\u00bb][et_pb_row column_structure=\u00bb1_2,1_2&#8243; _builder_version=\u00bb4.16&#8243; width=\u00bb60%\u00bb width_tablet=\u00bb\u00bb width_phone=\u00bb80%\u00bb width_last_edited=\u00bbon|phone\u00bb module_alignment=\u00bbcenter\u00bb global_colors_info=\u00bb{}\u00bb custom_margin=\u00bb|337px||auto||\u00bb][et_pb_column type=\u00bb1_2&#8243; _builder_version=\u00bb4.16&#8243; global_colors_info=\u00bb{}\u00bb][et_pb_text _builder_version=\u00bb4.16&#8243; text_letter_spacing=\u00bb1px\u00bb custom_margin=\u00bb||20px|||\u00bb custom_padding=\u00bb|0px|||false|false\u00bb inline_fonts=\u00bbProxima Bold,Proxima Light\u00bb global_colors_info=\u00bb{}\u00bb]<\/p>\n<p><span style=\"font-family: 'Proxima Light';font-weight: normal;font-size: x-large;color: #339ccd\">ONLINE learning s.r.o.<\/span><\/p>\n<p>[\/et_pb_text][\/et_pb_column][et_pb_column type=\u00bb1_2&#8243; _builder_version=\u00bb4.16&#8243; global_colors_info=\u00bb{}\u00bb][et_pb_text _builder_version=\u00bb4.16&#8243; text_font_size=\u00bb6px\u00bb text_letter_spacing=\u00bb26px\u00bb custom_padding=\u00bb|0px|0px|1px|false|false\u00bb inline_fonts=\u00bbProxima Bold,Proxima Light\u00bb global_colors_info=\u00bb{}\u00bb]<a href=\"https:\/\/www.facebook.com\/easylingoes\" target=\"_blank\" rel=\"noopener noreferrer\"><img decoding=\"async\" loading=\"lazy\" src=\"https:\/\/easylingo.com\/es\/wp-content\/uploads\/sites\/4\/2020\/12\/Facebook.png\" alt=\"\" class=\"wp-image-16115 alignnone size-full\" width=\"40\" height=\"40\" \/><\/a> <a href=\"https:\/\/www.instagram.com\/easylingoes\/\" target=\"_blank\" rel=\"noopener noreferrer\"><img decoding=\"async\" loading=\"lazy\" src=\"https:\/\/easylingo.com\/es\/wp-content\/uploads\/sites\/4\/2020\/12\/Instagram.png\" alt=\"\" class=\"wp-image-16114 alignnone size-medium\" width=\"40\" height=\"40\" \/><\/a> <a href=\"https:\/\/twitter.com\/easylingo_es\" target=\"_blank\" rel=\"noopener noreferrer\"><img decoding=\"async\" loading=\"lazy\" src=\"https:\/\/easylingo.com\/es\/wp-content\/uploads\/sites\/4\/2020\/12\/Twitter-Copy.png\" alt=\"\" class=\"wp-image-16113 alignnone size-full\" width=\"40\" height=\"40\" \/><\/a>[\/et_pb_text][\/et_pb_column][\/et_pb_row][\/et_pb_section]<\/p>\n","protected":false},"excerpt":{"rendered":"<p>Informaci\u00f3n de contactoEscr\u00edbenosD\u00e9janos un mensaje con tus datos y te responderemos lo antes posible.info@easylingo.com Lunes a viernes 8:00 &#8211; 16:00ONLINE learning s.r.o.<\/p>\n","protected":false},"author":1,"featured_media":0,"parent":0,"menu_order":0,"comment_status":"closed","ping_status":"closed","template":"","meta":{"_et_pb_use_builder":"on","_et_pb_old_content":"","_et_gb_content_width":"","inline_featured_image":false},"_links":{"self":[{"href":"https:\/\/easylingo.com\/es\/wp-json\/wp\/v2\/pages\/94"}],"collection":[{"href":"https:\/\/easylingo.com\/es\/wp-json\/wp\/v2\/pages"}],"about":[{"href":"https:\/\/easylingo.com\/es\/wp-json\/wp\/v2\/types\/page"}],"author":[{"embeddable":true,"href":"https:\/\/easylingo.com\/es\/wp-json\/wp\/v2\/users\/1"}],"replies":[{"embeddable":true,"href":"https:\/\/easylingo.com\/es\/wp-json\/wp\/v2\/comments?post=94"}],"version-history":[{"count":30,"href":"https:\/\/easylingo.com\/es\/wp-json\/wp\/v2\/pages\/94\/revisions"}],"predecessor-version":[{"id":109731,"href":"https:\/\/easylingo.com\/es\/wp-json\/wp\/v2\/pages\/94\/revisions\/109731"}],"wp:attachment":[{"href":"https:\/\/easylingo.com\/es\/wp-json\/wp\/v2\/media?parent=94"}],"curies":[{"name":"wp","href":"https:\/\/api.w.org\/{rel}","templated":true}]}}