{"id":108150,"date":"2021-11-03T22:17:44","date_gmt":"2021-11-03T21:17:44","guid":{"rendered":"https:\/\/easylingo.com\/es\/?post_type=product&#038;p=108150"},"modified":"2022-06-17T13:26:55","modified_gmt":"2022-06-17T12:26:55","slug":"ingles-para-viajes","status":"publish","type":"product","link":"https:\/\/easylingo.com\/es\/product\/ingles-para-viajes\/","title":{"rendered":"Ingl\u00e9s para viajes"},"content":{"rendered":"<p>\u00bfCu\u00e1ntas veces has viajado y experimentado m\u00e1s de una verg\u00fcenza porque no pod\u00edas hablar ingl\u00e9s? Gracias al curso para todos los viajeros y veraneantes entusiastas, no tienes que preocuparte por otra aventura en el extranjero. Estar\u00e1s preparado para todo lo relacionado con los viajes, desde el transporte en avi\u00f3n, tren u orientaci\u00f3n en la ciudad hasta la reservaci\u00f3n de alojamiento y la soluci\u00f3n de cualquier posible problema de viaje. Puedes hacer todo esto en ingl\u00e9s. Si el contenido del curso no te conviene, puedes elegir otro curso o solicitar un reembolso dentro de los 14 d\u00edas. No arriesgues nada, no lo dudes y pru\u00e9balo.<\/p>\n","protected":false},"excerpt":{"rendered":"<p>\u00bfCu\u00e1ntas veces has viajado y experimentado m\u00e1s de una verg\u00fcenza porque no pod\u00edas hablar ingl\u00e9s? Gracias al curso para todos los viajeros y veraneantes entusiastas, no tienes que preocuparte por otra aventura en el extranjero. Estar\u00e1s preparado para todo lo relacionado con los viajes, desde el transporte en avi\u00f3n, tren u orientaci\u00f3n en la ciudad [&hellip;]<\/p>\n","protected":false},"featured_media":108151,"template":"","meta":{"_et_pb_use_builder":"","_et_pb_old_content":"","_et_gb_content_width":"","inline_featured_image":false},"product_cat":[15],"product_tag":[],"_links":{"self":[{"href":"https:\/\/easylingo.com\/es\/wp-json\/wp\/v2\/product\/108150"}],"collection":[{"href":"https:\/\/easylingo.com\/es\/wp-json\/wp\/v2\/product"}],"about":[{"href":"https:\/\/easylingo.com\/es\/wp-json\/wp\/v2\/types\/product"}],"wp:featuredmedia":[{"embeddable":true,"href":"https:\/\/easylingo.com\/es\/wp-json\/wp\/v2\/media\/108151"}],"wp:attachment":[{"href":"https:\/\/easylingo.com\/es\/wp-json\/wp\/v2\/media?parent=108150"}],"wp:term":[{"taxonomy":"product_cat","embeddable":true,"href":"https:\/\/easylingo.com\/es\/wp-json\/wp\/v2\/product_cat?post=108150"},{"taxonomy":"product_tag","embeddable":true,"href":"https:\/\/easylingo.com\/es\/wp-json\/wp\/v2\/product_tag?post=108150"}],"curies":[{"name":"wp","href":"https:\/\/api.w.org\/{rel}","templated":true}]}}