{"id":108508,"date":"2022-01-17T18:02:28","date_gmt":"2022-01-17T17:02:28","guid":{"rendered":"https:\/\/easylingo.com\/es\/?post_type=product&#038;p=108508"},"modified":"2022-01-17T18:04:55","modified_gmt":"2022-01-17T17:04:55","slug":"ebook","status":"publish","type":"product","link":"https:\/\/easylingo.com\/es\/product\/ebook\/","title":{"rendered":"Ebook"},"content":{"rendered":"<p>Hemos creado un curso de 1000 palabras en ingl\u00e9s para ti, que se centra en repetir y ampliar el vocabulario. Tanto los principiantes como los avanzados ser\u00e1n contentos. Aprender\u00e1s vocabulario general relacionado, por ejemplo, con la familia y tu entorno. El curso se complementa con im\u00e1genes para ayudarte a memorizar mejor las palabras. Si el curso no te conviene, puedes elegir un curso diferente u organizar un reembolso en un plazo de 14 d\u00edas. No arriesgues nada, no lo dudes y pru\u00e9balo.<\/p>\n","protected":false},"excerpt":{"rendered":"<p>Hemos creado un curso de 1000 palabras en ingl\u00e9s para ti, que se centra en repetir y ampliar el vocabulario. Tanto los principiantes como los avanzados ser\u00e1n contentos. Aprender\u00e1s vocabulario general relacionado, por ejemplo, con la familia y tu entorno. El curso se complementa con im\u00e1genes para ayudarte a memorizar mejor las palabras. Si el [&hellip;]<\/p>\n","protected":false},"featured_media":108153,"template":"","meta":{"_et_pb_use_builder":"","_et_pb_old_content":"","_et_gb_content_width":"","inline_featured_image":false},"product_cat":[15],"product_tag":[],"_links":{"self":[{"href":"https:\/\/easylingo.com\/es\/wp-json\/wp\/v2\/product\/108508"}],"collection":[{"href":"https:\/\/easylingo.com\/es\/wp-json\/wp\/v2\/product"}],"about":[{"href":"https:\/\/easylingo.com\/es\/wp-json\/wp\/v2\/types\/product"}],"wp:featuredmedia":[{"embeddable":true,"href":"https:\/\/easylingo.com\/es\/wp-json\/wp\/v2\/media\/108153"}],"wp:attachment":[{"href":"https:\/\/easylingo.com\/es\/wp-json\/wp\/v2\/media?parent=108508"}],"wp:term":[{"taxonomy":"product_cat","embeddable":true,"href":"https:\/\/easylingo.com\/es\/wp-json\/wp\/v2\/product_cat?post=108508"},{"taxonomy":"product_tag","embeddable":true,"href":"https:\/\/easylingo.com\/es\/wp-json\/wp\/v2\/product_tag?post=108508"}],"curies":[{"name":"wp","href":"https:\/\/api.w.org\/{rel}","templated":true}]}}