{"id":537,"date":"2020-11-10T14:14:56","date_gmt":"2020-11-10T14:14:56","guid":{"rendered":"https:\/\/easylingo.com\/es2\/?post_type=product&#038;p=537"},"modified":"2021-11-11T10:42:06","modified_gmt":"2021-11-11T09:42:06","slug":"ingles-todo-incluido-suscripcion-mensual-1","status":"publish","type":"product","link":"https:\/\/easylingo.com\/es\/product\/ingles-todo-incluido-suscripcion-mensual-1\/","title":{"rendered":"INGL\u00c9S TODO INCLUIDO \u2013 suscripci\u00f3n mensual"},"content":{"rendered":"<p>Al selecionar nuestro plan de suscripci\u00f3n mensual recibiras de forma inmediata acceso por 30 d\u00edas a nuestros 10 cursos de ingl\u00e9s online en los 6 niveles de idioma A1 &#8211; C2.<\/p>\n<p>La cantidad total antes mencionada se descontar\u00e1 autom\u00e1ticamente de la tarjeta mensualmente. La suscripci\u00f3n mensual puede ser cancelada en cualquier momento.<\/p>\n<p>Si sientes que este curso no te conviene av\u00edsanos dentro de los 14 d\u00edas posteriores a la compra y te daremos un reembolso completo.<\/p>\n","protected":false},"excerpt":{"rendered":"<p>Al selecionar nuestro plan de suscripci\u00f3n mensual recibiras de forma inmediata acceso por 30 d\u00edas a nuestros 10 cursos de ingl\u00e9s online en los 6 niveles de idioma A1 &#8211; C2. La cantidad total antes mencionada se descontar\u00e1 autom\u00e1ticamente de la tarjeta mensualmente. La suscripci\u00f3n mensual puede ser cancelada en cualquier momento. Si sientes que [&hellip;]<\/p>\n","protected":false},"featured_media":15570,"template":"","meta":{"_et_pb_use_builder":"","_et_pb_old_content":"","_et_gb_content_width":"","inline_featured_image":false},"product_cat":[55],"product_tag":[],"_links":{"self":[{"href":"https:\/\/easylingo.com\/es\/wp-json\/wp\/v2\/product\/537"}],"collection":[{"href":"https:\/\/easylingo.com\/es\/wp-json\/wp\/v2\/product"}],"about":[{"href":"https:\/\/easylingo.com\/es\/wp-json\/wp\/v2\/types\/product"}],"wp:featuredmedia":[{"embeddable":true,"href":"https:\/\/easylingo.com\/es\/wp-json\/wp\/v2\/media\/15570"}],"wp:attachment":[{"href":"https:\/\/easylingo.com\/es\/wp-json\/wp\/v2\/media?parent=537"}],"wp:term":[{"taxonomy":"product_cat","embeddable":true,"href":"https:\/\/easylingo.com\/es\/wp-json\/wp\/v2\/product_cat?post=537"},{"taxonomy":"product_tag","embeddable":true,"href":"https:\/\/easylingo.com\/es\/wp-json\/wp\/v2\/product_tag?post=537"}],"curies":[{"name":"wp","href":"https:\/\/api.w.org\/{rel}","templated":true}]}}