{"id":88,"date":"2020-10-26T17:51:39","date_gmt":"2020-10-26T16:51:39","guid":{"rendered":"https:\/\/easylingo.com\/es2\/?page_id=88"},"modified":"2021-09-30T06:45:56","modified_gmt":"2021-09-30T06:45:56","slug":"o-nas","status":"publish","type":"page","link":"https:\/\/easylingo.com\/pl\/o-nas\/","title":{"rendered":"O n\u00e1s"},"content":{"rendered":"<p>[et_pb_section fb_built=&#8221;1&#8243; _builder_version=&#8221;4.3.4&#8243; background_image=&#8221;https:\/\/easylingo.com\/pl\/wp-content\/uploads\/sites\/9\/2020\/11\/hero-bottom.svg&#8221; background_position=&#8221;bottom_center&#8221; custom_padding=&#8221;2px|||||&#8221;][et_pb_row column_structure=&#8221;2_5,3_5&#8243; _builder_version=&#8221;4.7.0&#8243; max_width=&#8221;1440px&#8221; module_alignment=&#8221;center&#8221; min_height=&#8221;530px&#8221; custom_margin=&#8221;|1px||auto||&#8221;][et_pb_column type=&#8221;2_5&#8243; _builder_version=&#8221;4.3.4&#8243;][et_pb_text content_tablet=&#8221;<\/p>\n<h1><span>Sobre nosotros<br \/><span>EasyLingo<\/span><\/span><\/h1>\n<p>&#8221; content_phone=&#8221;<\/p>\n<h1><span>Sobre nosotros<br \/><span>EasyLingo<\/span><\/span><\/h1>\n<p>&#8221; content_last_edited=&#8221;off|desktop&#8221; _builder_version=&#8221;4.9.7&#8243; custom_margin=&#8221;60px|||||&#8221; custom_margin_tablet=&#8221;&#8221; custom_margin_phone=&#8221;20px||||false|false&#8221; custom_margin_last_edited=&#8221;on|phone&#8221; inline_fonts=&#8221;Proxima Bold&#8221;]<\/p>\n<h1><span style=\"font-size: 80px;font-family: 'Proxima Bold';font-weight: normal\">O nas<br \/><span style=\"color: #339ccd\">EasyLingo<\/span><\/span><\/h1>\n<p>[\/et_pb_text][et_pb_text _builder_version=&#8221;4.9.7&#8243; custom_padding=&#8221;|0px|||false|false&#8221; inline_fonts=&#8221;Proxima Bold,Proxima Light&#8221;]<\/p>\n<p><span style=\"font-family: 'Proxima Light';font-weight: normal;font-size: x-large;color: #339ccd\">Nauczymy Ci\u0119 angielskiego w zaciszu Twojego domu. \u0141atwiej, zabawniej, w dowolnym miejscu.<\/span><\/p>\n<p>[\/et_pb_text][et_pb_button button_url=&#8221;#scrollto&#8221; button_text=&#8221;DOWIEDZ SI\u0118 WI\u0118CEJ&#8221; button_alignment=&#8221;left&#8221; _builder_version=&#8221;4.9.7&#8243; custom_button=&#8221;on&#8221; button_text_size=&#8221;16px&#8221; button_text_color=&#8221;#ffffff&#8221; button_bg_color=&#8221;#0095da&#8221; button_bg_use_color_gradient=&#8221;on&#8221; button_bg_color_gradient_start=&#8221;#0095da&#8221; button_bg_color_gradient_end=&#8221;#1390ae&#8221; button_bg_color_gradient_overlays_image=&#8221;on&#8221; button_border_width=&#8221;0px&#8221; button_border_color=&#8221;rgba(255,255,255,0.09)&#8221; button_border_radius=&#8221;100px&#8221; button_letter_spacing=&#8221;3px&#8221; button_font=&#8221;Proxima Bold|700||on|||||&#8221; button_icon=&#8221;%%3%%&#8221; custom_margin=&#8221;20px||||false|false&#8221; custom_padding=&#8221;15px|70px|15px|60px|false|false&#8221; animation_style=&#8221;slide&#8221; animation_duration=&#8221;300ms&#8221; animation_intensity_slide=&#8221;25%&#8221; box_shadow_style=&#8221;preset3&#8243; box_shadow_color=&#8221;rgba(0,149,218,0.43)&#8221;][\/et_pb_button][\/et_pb_column][et_pb_column type=&#8221;3_5&#8243; _builder_version=&#8221;4.3.4&#8243;][et_pb_image src=&#8221;https:\/\/easylingo.com\/pl\/wp-content\/uploads\/sites\/9\/2020\/11\/onas.png&#8221; alt=&#8221;EasyLingo to zesp\u00f3\u0142 profesjonalnych lektor\u00f3w, metodyk\u00f3w, programist\u00f3w, grafik\u00f3w, ilustrator\u00f3w i entuzjast\u00f3w j\u0119zykowych&#8221; title_text=&#8221;EasyLingo je t\u00edm lektorov, metodikov, v\u00fdEasyLingo to zesp\u00f3\u0142 profesjonalnych lektor\u00f3w, metodyk\u00f3w, programist\u00f3w, grafik\u00f3w, ilustrator\u00f3w i entuzjast\u00f3w j\u0119zykowychvoj\u00e1rov a jazykov\u00fdch nad\u0161encov. &#8221; align=&#8221;center&#8221; align_tablet=&#8221;&#8221; align_phone=&#8221;center&#8221; align_last_edited=&#8221;on|phone&#8221; _builder_version=&#8221;4.9.7&#8243; width_tablet=&#8221;&#8221; width_phone=&#8221;100%&#8221; width_last_edited=&#8221;on|phone&#8221; custom_margin=&#8221;0px|-147px|-150px|0px|false|false&#8221; custom_margin_tablet=&#8221;|0px||0px|false|false&#8221; custom_margin_phone=&#8221;0px||-100px||false|false&#8221; custom_margin_last_edited=&#8221;on|phone&#8221; scroll_vertical_motion=&#8221;0|50|50|100|0|0|-1&#8243; scroll_blur_enable=&#8221;on&#8221; scroll_blur=&#8221;0|40|60|100|0px|0px|10px&#8221; motion_trigger_start=&#8221;bottom&#8221; hover_enabled=&#8221;0&#8243; sticky_enabled=&#8221;0&#8243;][\/et_pb_image][\/et_pb_column][\/et_pb_row][\/et_pb_section][et_pb_section fb_built=&#8221;1&#8243; custom_padding_last_edited=&#8221;on|phone&#8221; module_id=&#8221;scrollto&#8221; _builder_version=&#8221;4.7.5&#8243; custom_padding=&#8221;112px||150px|||&#8221; custom_padding_tablet=&#8221;&#8221; custom_padding_phone=&#8221;70px||100px||false|false&#8221;][et_pb_row column_structure=&#8221;2_5,3_5&#8243; _builder_version=&#8221;4.7.0&#8243; width=&#8221;66%&#8221; width_tablet=&#8221;&#8221; width_phone=&#8221;80%&#8221; width_last_edited=&#8221;on|phone&#8221; module_alignment=&#8221;center&#8221; custom_padding=&#8221;28px|||||&#8221;][et_pb_column type=&#8221;2_5&#8243; _builder_version=&#8221;4.3.4&#8243;][et_pb_blurb title=&#8221;16 online kurs\u00f3w j\u0119zyka angielskiego&#8221; image=&#8221;https:\/\/easylingo.com\/pl\/wp-content\/uploads\/sites\/9\/2020\/12\/EL_lang-box-predplatne-1.png&#8221; alt=&#8221;Bal\u00ed\u010dek online kurzov angli\u010dtiny.&#8221; _builder_version=&#8221;4.9.7&#8243; custom_margin=&#8221;||1px|||&#8221; inline_fonts=&#8221;Proxima Regular&#8221;]<\/p>\n<p><span>Wybierz spo\u015br\u00f3d szerokiej oferty kurs\u00f3w online i zacznij studiowa\u0107 ju\u017c dzisiaj\u00a0dowolny kurs za darmo. Mo\u017cesz wypr\u00f3bowa\u0107 pierwsz\u0105 lekcj\u0119 za darmo i wybra\u0107 kurs, kt\u00f3ry jest dostosowany do Twoich potrzeb. Przygotowali\u015bmy kursy og\u00f3lne, s\u0142ownictwa i angielski biznesowy.<\/a>.<\/span><\/p>\n<p>[\/et_pb_blurb][et_pb_button button_url=&#8221;https:\/\/student.easylingo.com\/login?lang=sk&amp;regForm=true&#8221; button_text=&#8221;zacz\u0105\u0107 za darmo&#8221; button_alignment=&#8221;center&#8221; _builder_version=&#8221;4.9.7&#8243; custom_button=&#8221;on&#8221; button_text_size=&#8221;16px&#8221; button_text_color=&#8221;#ffffff&#8221; button_bg_color=&#8221;#0095da&#8221; button_bg_use_color_gradient=&#8221;on&#8221; button_bg_color_gradient_start=&#8221;#0095da&#8221; button_bg_color_gradient_end=&#8221;#1390ae&#8221; button_bg_color_gradient_overlays_image=&#8221;on&#8221; button_border_width=&#8221;0px&#8221; button_border_color=&#8221;rgba(255,255,255,0.09)&#8221; button_border_radius=&#8221;100px&#8221; button_letter_spacing=&#8221;3px&#8221; button_font=&#8221;Proxima Bold|||on|||||&#8221; button_icon=&#8221;%%3%%&#8221; custom_margin=&#8221;20px||||false|false&#8221; custom_padding=&#8221;15px|70px|15px|60px|false|false&#8221; animation_style=&#8221;slide&#8221; animation_duration=&#8221;300ms&#8221; animation_intensity_slide=&#8221;25%&#8221; box_shadow_style=&#8221;preset3&#8243; box_shadow_color=&#8221;rgba(0,149,218,0.43)&#8221;][\/et_pb_button][\/et_pb_column][et_pb_column type=&#8221;3_5&#8243; _builder_version=&#8221;4.3.4&#8243;][et_pb_text _builder_version=&#8221;4.9.7&#8243; custom_margin=&#8221;40px|||||&#8221; inline_fonts=&#8221;Proxima Light,Proxima Bold&#8221;]<\/p>\n<p><span style=\"font-size: x-large;font-family: 'Proxima Light';font-weight: normal\"><span style=\"font-weight: 400\">Bez wzgl\u0119du na to, czy jeste\u015b pocz\u0105tkuj\u0105cym lub do\u015bwiadczonym profesjonalist\u0105, z naszymi kursami j\u0119zykowymi online posuniesz si\u0119 o krok do przodu.<\/span><\/span><\/p>\n<p>[\/et_pb_text][et_pb_text _builder_version=&#8221;4.9.7&#8243; inline_fonts=&#8221;Proxima Light,Proxima Regular&#8221;]<\/p>\n<p><b>Uczymy j\u0119zyk\u00f3w obcych ponad 20 lat. <\/b><span style=\"font-weight: 400\">Jeste\u015bmy zespo\u0142em profesjonalnych lektor\u00f3w, metodyk\u00f3w, programist\u00f3w, grafik\u00f3w, ilustrator\u00f3w i entuzjast\u00f3w j\u0119zykowych, kt\u00f3rzy postawili sobie za cel nauczy\u0107 naszych student\u00f3w j\u0119zyk\u00f3w obcych w spos\u00f3b \u0142atwiejszy, zabawniejszy i na jakimkolwiej miejscu.  <\/span><\/p>\n<p><span style=\"font-weight: 400\">Dlatego w 2013 roku wprowadzili\u015bmy wy\u0142\u0105cznie nauk\u0119 online i stworzyli\u015bmy e-learning system nauki EasyLingo.com, z\u00a0kt\u00f3rego korzystaj\u0105 setki tysi\u0119cy zadowolonych student\u00f3w.<\/span><\/p>\n<p><b>Od 2015 roku dzielimy si\u0119 naszym do\u015bwiadczeniem j\u0119zykowym na<\/b> <a href=\"http:\/\/sogoodlanguages.com\/\"><span style=\"font-weight: 400\">SoGoodLanguages.com<\/span><\/a><span style=\"font-weight: 400\">, bezp\u0142atnym mi\u0119dzynarodowym magazynie dla student\u00f3w j\u0119zyk\u00f3w obcych, kt\u00f3ry jest pe\u0142en superprzejrzystych wyk\u0142ad\u00f3w gramatyki, najlepszych wskaz\u00f3wek dotycz\u0105cych nauki j\u0119zyk\u00f3w, dwuj\u0119zycznych artyku\u0142\u00f3w i s\u0142\u00f3wek oraz zwrot\u00f3w na tematy specjalistyczne. <\/span><\/p>\n<p>[\/et_pb_text][\/et_pb_column][\/et_pb_row][\/et_pb_section]<\/p>\n","protected":false},"excerpt":{"rendered":"<p>O nasEasyLingoNauczymy Ci\u0119 angielskiego w zaciszu Twojego domu. \u0141atwiej, zabawniej, w dowolnym miejscu.Wybierz spo\u015br\u00f3d szerokiej oferty kurs\u00f3w online i zacznij studiowa\u0107 ju\u017c dzisiaj\u00a0dowolny kurs za darmo. Mo\u017cesz wypr\u00f3bowa\u0107 pierwsz\u0105 lekcj\u0119 za darmo i wybra\u0107 kurs, kt\u00f3ry jest dostosowany do Twoich potrzeb. Przygotowali\u015bmy kursy og\u00f3lne, s\u0142ownictwa i angielski biznesowy..Bez wzgl\u0119du na to, czy jeste\u015b pocz\u0105tkuj\u0105cym lub [&hellip;]<\/p>\n","protected":false},"author":37,"featured_media":0,"parent":0,"menu_order":0,"comment_status":"closed","ping_status":"closed","template":"","meta":{"_et_pb_use_builder":"on","_et_pb_old_content":"","_et_gb_content_width":"","inline_featured_image":false},"_links":{"self":[{"href":"https:\/\/easylingo.com\/pl\/wp-json\/wp\/v2\/pages\/88"}],"collection":[{"href":"https:\/\/easylingo.com\/pl\/wp-json\/wp\/v2\/pages"}],"about":[{"href":"https:\/\/easylingo.com\/pl\/wp-json\/wp\/v2\/types\/page"}],"author":[{"embeddable":true,"href":"https:\/\/easylingo.com\/pl\/wp-json\/wp\/v2\/users\/37"}],"replies":[{"embeddable":true,"href":"https:\/\/easylingo.com\/pl\/wp-json\/wp\/v2\/comments?post=88"}],"version-history":[{"count":3,"href":"https:\/\/easylingo.com\/pl\/wp-json\/wp\/v2\/pages\/88\/revisions"}],"predecessor-version":[{"id":108416,"href":"https:\/\/easylingo.com\/pl\/wp-json\/wp\/v2\/pages\/88\/revisions\/108416"}],"wp:attachment":[{"href":"https:\/\/easylingo.com\/pl\/wp-json\/wp\/v2\/media?parent=88"}],"curies":[{"name":"wp","href":"https:\/\/api.w.org\/{rel}","templated":true}]}}