{"id":94,"date":"2020-10-26T17:53:23","date_gmt":"2020-10-26T16:53:23","guid":{"rendered":"https:\/\/easylingo.com\/es2\/?page_id=94"},"modified":"2026-01-13T13:06:51","modified_gmt":"2026-01-13T13:06:51","slug":"kontakt","status":"publish","type":"page","link":"https:\/\/easylingo.com\/pl\/kontakt\/","title":{"rendered":"Kontakt"},"content":{"rendered":"<p>[et_pb_section fb_built=&#8221;1&#8243; _builder_version=&#8221;4.16&#8243; background_image=&#8221;https:\/\/easylingo.com\/pl\/wp-content\/uploads\/sites\/9\/2020\/11\/hero-bottom.svg&#8221; background_position=&#8221;bottom_center&#8221; global_colors_info=&#8221;{}&#8221;][et_pb_row column_structure=&#8221;1_2,1_2&#8243; _builder_version=&#8221;4.16&#8243; width=&#8221;85%&#8221; max_width=&#8221;1440px&#8221; module_alignment=&#8221;center&#8221; min_height=&#8221;530px&#8221; custom_margin=&#8221;|1px||auto||&#8221; global_colors_info=&#8221;{}&#8221;][et_pb_column type=&#8221;1_2&#8243; _builder_version=&#8221;4.16&#8243; global_colors_info=&#8221;{}&#8221;][et_pb_text content_phone=&#8221;<\/p>\n<h1><span>Informaci\u00f3n de contacto<\/span><\/h1>\n<p>&#8221; content_last_edited=&#8221;off|desktop&#8221; _builder_version=&#8221;4.16&#8243; custom_margin=&#8221;-1px||1px|||&#8221; inline_fonts=&#8221;Proxima Bold&#8221; global_colors_info=&#8221;{}&#8221;]<\/p>\n<h1><span style=\"font-size: 80px;font-family: 'Proxima Bold';font-weight: normal\">Informacje kontaktowe<\/span><\/h1>\n<p>[\/et_pb_text][et_pb_text _builder_version=&#8221;4.16&#8243; custom_margin=&#8221;||1px|||&#8221; inline_fonts=&#8221;Proxima Light,Proxima Bold&#8221; global_colors_info=&#8221;{}&#8221;]<\/p>\n<p><span style=\"font-family: 'Proxima Bold';font-size: x-large\">Napisz do nas<\/span><\/p>\n<p>[\/et_pb_text][et_pb_text _builder_version=&#8221;4.16&#8243; inline_fonts=&#8221;Proxima Light,Proxima Regular&#8221; global_colors_info=&#8221;{}&#8221;]<\/p>\n<p><span style=\"font-weight: 400\">Zostaw wiadomo\u015b\u0107 ze swoimi danymi kontaktowymi, a odpowiemy tak szybko, jak to b\u0119dzie mo\u017cliwe.<\/span><\/p>\n<p>[\/et_pb_text][et_pb_text _builder_version=&#8221;4.16&#8243; custom_padding=&#8221;|0px|||false|false&#8221; inline_fonts=&#8221;Proxima Bold,Proxima Light&#8221; global_colors_info=&#8221;{}&#8221;]<\/p>\n<p><span style=\"font-family: 'Proxima Light';font-weight: normal;font-size: x-large;color: #339ccd\">info@easylingo.com<\/span><\/p>\n<p>Od poniedzia\u0142ku do piatku 8:00 &#8211; 16.00<\/p>\n<p>[\/et_pb_text][\/et_pb_column][et_pb_column type=&#8221;1_2&#8243; _builder_version=&#8221;4.16&#8243; global_colors_info=&#8221;{}&#8221;][et_pb_image src=&#8221;https:\/\/easylingo.com\/pl\/wp-content\/uploads\/sites\/9\/2020\/11\/fr.png&#8221; alt=&#8221;Gdziekolwiek jeste\u015b, jeste\u015bmy tu dla Ciebie.&#8221; title_text=&#8221;Gdziekolwiek jeste\u015b, jeste\u015bmy tu dla Ciebie.&#8221; _builder_version=&#8221;4.16&#8243; _module_preset=&#8221;default&#8221; custom_margin=&#8221;|-126px|-119px|||&#8221; global_colors_info=&#8221;{}&#8221;][\/et_pb_image][\/et_pb_column][\/et_pb_row][\/et_pb_section][et_pb_section fb_built=&#8221;1&#8243; custom_padding_last_edited=&#8221;on|phone&#8221; _builder_version=&#8221;4.16&#8243; custom_padding=&#8221;149px||150px|||&#8221; custom_padding_tablet=&#8221;&#8221; custom_padding_phone=&#8221;50px||50px||false|false&#8221; global_colors_info=&#8221;{}&#8221;][et_pb_row column_structure=&#8221;1_2,1_2&#8243; _builder_version=&#8221;4.16&#8243; width=&#8221;60%&#8221; width_tablet=&#8221;&#8221; width_phone=&#8221;80%&#8221; width_last_edited=&#8221;on|phone&#8221; module_alignment=&#8221;center&#8221; global_colors_info=&#8221;{}&#8221;][et_pb_column type=&#8221;1_2&#8243; _builder_version=&#8221;4.16&#8243; global_colors_info=&#8221;{}&#8221;][et_pb_text _builder_version=&#8221;4.16&#8243; text_letter_spacing=&#8221;1px&#8221; custom_margin=&#8221;||20px|||&#8221; custom_padding=&#8221;|0px|||false|false&#8221; inline_fonts=&#8221;Proxima Bold,Proxima Light&#8221; global_colors_info=&#8221;{}&#8221;]<\/p>\n<p><span style=\"font-family: 'Proxima Light';font-weight: normal;font-size: x-large;color: #339ccd\">ONLINE learning s.r.o.<\/span><\/p>\n<p>[\/et_pb_text][\/et_pb_column][et_pb_column type=&#8221;1_2&#8243; _builder_version=&#8221;4.16&#8243; global_colors_info=&#8221;{}&#8221;][et_pb_text _builder_version=&#8221;4.16&#8243; text_font_size=&#8221;6px&#8221; text_letter_spacing=&#8221;26px&#8221; custom_padding=&#8221;|0px|0px|1px|false|false&#8221; inline_fonts=&#8221;Proxima Bold,Proxima Light&#8221; global_colors_info=&#8221;{}&#8221;]<a href=\"https:\/\/www.facebook.com\/easylingoes\" target=\"_blank\" rel=\"noopener noreferrer\"><img decoding=\"async\" loading=\"lazy\" src=\"https:\/\/easylingo.com\/pl\/wp-content\/uploads\/sites\/9\/2020\/12\/Facebook.png\" alt=\"\" class=\"wp-image-16115 alignnone size-full\" width=\"40\" height=\"40\" \/><\/a> <a href=\"https:\/\/www.instagram.com\/easylingoes\/\" target=\"_blank\" rel=\"noopener noreferrer\"><img decoding=\"async\" loading=\"lazy\" src=\"https:\/\/easylingo.com\/pl\/wp-content\/uploads\/sites\/9\/2020\/12\/Instagram.png\" alt=\"\" class=\"wp-image-16114 alignnone size-medium\" width=\"40\" height=\"40\" \/><\/a> <a href=\"https:\/\/twitter.com\/easylingo_es\" target=\"_blank\" rel=\"noopener noreferrer\"><img decoding=\"async\" loading=\"lazy\" src=\"https:\/\/easylingo.com\/pl\/wp-content\/uploads\/sites\/9\/2020\/12\/Twitter-Copy.png\" alt=\"\" class=\"wp-image-16113 alignnone size-full\" width=\"40\" height=\"40\" \/><\/a>[\/et_pb_text][\/et_pb_column][\/et_pb_row][\/et_pb_section]<\/p>\n","protected":false},"excerpt":{"rendered":"<p>Informacje kontaktoweNapisz do nasZostaw wiadomo\u015b\u0107 ze swoimi danymi kontaktowymi, a odpowiemy tak szybko, jak to b\u0119dzie mo\u017cliwe.info@easylingo.com Od poniedzia\u0142ku do piatku 8:00 &#8211; 16.00ONLINE learning s.r.o.<\/p>\n","protected":false},"author":37,"featured_media":0,"parent":0,"menu_order":0,"comment_status":"closed","ping_status":"closed","template":"","meta":{"_et_pb_use_builder":"on","_et_pb_old_content":"","_et_gb_content_width":"","inline_featured_image":false},"_links":{"self":[{"href":"https:\/\/easylingo.com\/pl\/wp-json\/wp\/v2\/pages\/94"}],"collection":[{"href":"https:\/\/easylingo.com\/pl\/wp-json\/wp\/v2\/pages"}],"about":[{"href":"https:\/\/easylingo.com\/pl\/wp-json\/wp\/v2\/types\/page"}],"author":[{"embeddable":true,"href":"https:\/\/easylingo.com\/pl\/wp-json\/wp\/v2\/users\/37"}],"replies":[{"embeddable":true,"href":"https:\/\/easylingo.com\/pl\/wp-json\/wp\/v2\/comments?post=94"}],"version-history":[{"count":6,"href":"https:\/\/easylingo.com\/pl\/wp-json\/wp\/v2\/pages\/94\/revisions"}],"predecessor-version":[{"id":109121,"href":"https:\/\/easylingo.com\/pl\/wp-json\/wp\/v2\/pages\/94\/revisions\/109121"}],"wp:attachment":[{"href":"https:\/\/easylingo.com\/pl\/wp-json\/wp\/v2\/media?parent=94"}],"curies":[{"name":"wp","href":"https:\/\/api.w.org\/{rel}","templated":true}]}}