{"id":108742,"date":"2025-03-12T12:20:26","date_gmt":"2025-03-12T12:20:26","guid":{"rendered":"https:\/\/easylingo.com\/pl\/?post_type=product&#038;p=108742"},"modified":"2025-05-05T16:35:01","modified_gmt":"2025-05-05T16:35:01","slug":"angielski-dla-poczatkujacych-a1-plus","status":"publish","type":"product","link":"https:\/\/easylingo.com\/pl\/product\/angielski-dla-poczatkujacych-a1-plus\/","title":{"rendered":"Angielski dla pocz\u0105tkuj\u0105cych A1+"},"content":{"rendered":"<p class=\"\" data-start=\"141\" data-end=\"517\">Nie wiesz, jak zam\u00f3wi\u0107 co\u015b do jedzenia po angielsku albo poprosi\u0107 sprzedawc\u0119 o inny rozmiar spodni? <strong data-start=\"322\" data-end=\"360\">\u201eAngielski dla pocz\u0105tkuj\u0105cych A1+\u201d<\/strong> to praktyczny kurs, kt\u00f3ry przygotuje Ci\u0119 do komunikacji w codziennym \u017cyciu: w sklepie, restauracji, podczas podr\u00f3\u017cy czy rozmowy o pracy i zainteresowaniach.<\/p>\n<p class=\"\" data-start=\"519\" data-end=\"905\">Nauczysz si\u0119 s\u0142ownictwa zwi\u0105zanego z technologi\u0105, miastem, jedzeniem, mieszkaniem, edukacj\u0105 czy emocjami. Prze\u0107wiczysz te\u017c najwa\u017cniejsze zagadnienia gramatyczne \u2013 m.in. rzeczowniki policzalne i niepoliczalne, czasowniki modalne <em data-start=\"747\" data-end=\"752\">can<\/em> i <em data-start=\"755\" data-end=\"762\">would<\/em>, pytania w czasie przesz\u0142ym oraz r\u00f3\u017cnic\u0119 mi\u0119dzy <em data-start=\"811\" data-end=\"821\">how much<\/em> i <em data-start=\"824\" data-end=\"834\">how many<\/em>. Zyskasz pewno\u015b\u0107 w m\u00f3wieniu i rozumieniu prostych tekst\u00f3w.<\/p>\n<p>Je\u015bli uznasz, \u017ce to nie dla Ciebie \u2013 masz 14 dni na zmian\u0119 lub zwrot pieni\u0119dzy.<\/p>\n","protected":false},"excerpt":{"rendered":"<p>Nie wiesz, jak zam\u00f3wi\u0107 co\u015b do jedzenia po angielsku albo poprosi\u0107 sprzedawc\u0119 o inny rozmiar spodni? \u201eAngielski dla pocz\u0105tkuj\u0105cych A1+\u201d to praktyczny kurs, kt\u00f3ry przygotuje Ci\u0119 do komunikacji w codziennym \u017cyciu: w sklepie, restauracji, podczas podr\u00f3\u017cy czy rozmowy o pracy i zainteresowaniach. Nauczysz si\u0119 s\u0142ownictwa zwi\u0105zanego z technologi\u0105, miastem, jedzeniem, mieszkaniem, edukacj\u0105 czy emocjami. Prze\u0107wiczysz [&hellip;]<\/p>\n","protected":false},"featured_media":108751,"template":"","meta":{"_et_pb_use_builder":"off","_et_pb_old_content":"<p class=\"\" data-start=\"141\" data-end=\"517\">Nie wiesz, jak zam\u00f3wi\u0107 co\u015b do jedzenia po angielsku albo poprosi\u0107 sprzedawc\u0119 o inny rozmiar spodni? <strong data-start=\"322\" data-end=\"360\">\u201eAngielski dla pocz\u0105tkuj\u0105cych A1+\u201d<\/strong> to praktyczny kurs, kt\u00f3ry przygotuje Ci\u0119 do komunikacji w codziennym \u017cyciu: w sklepie, restauracji, podczas podr\u00f3\u017cy czy rozmowy o pracy i zainteresowaniach.<\/p>\r\n<p class=\"\" data-start=\"519\" data-end=\"905\">Nauczysz si\u0119 s\u0142ownictwa zwi\u0105zanego z technologi\u0105, miastem, jedzeniem, mieszkaniem, edukacj\u0105 czy emocjami. Prze\u0107wiczysz te\u017c najwa\u017cniejsze zagadnienia gramatyczne \u2013 m.in. rzeczowniki policzalne i niepoliczalne, czasowniki modalne <em data-start=\"747\" data-end=\"752\">can<\/em> i <em data-start=\"755\" data-end=\"762\">would<\/em>, pytania w czasie przesz\u0142ym oraz r\u00f3\u017cnic\u0119 mi\u0119dzy <em data-start=\"811\" data-end=\"821\">how much<\/em> i <em data-start=\"824\" data-end=\"834\">how many<\/em>. Zyskasz pewno\u015b\u0107 w m\u00f3wieniu i rozumieniu prostych tekst\u00f3w.<\/p>\r\nJe\u015bli uznasz, \u017ce to nie dla Ciebie \u2013 masz 14 dni na zmian\u0119 lub zwrot pieni\u0119dzy.","_et_gb_content_width":"","inline_featured_image":false},"product_cat":[75],"product_tag":[],"_links":{"self":[{"href":"https:\/\/easylingo.com\/pl\/wp-json\/wp\/v2\/product\/108742"}],"collection":[{"href":"https:\/\/easylingo.com\/pl\/wp-json\/wp\/v2\/product"}],"about":[{"href":"https:\/\/easylingo.com\/pl\/wp-json\/wp\/v2\/types\/product"}],"wp:featuredmedia":[{"embeddable":true,"href":"https:\/\/easylingo.com\/pl\/wp-json\/wp\/v2\/media\/108751"}],"wp:attachment":[{"href":"https:\/\/easylingo.com\/pl\/wp-json\/wp\/v2\/media?parent=108742"}],"wp:term":[{"taxonomy":"product_cat","embeddable":true,"href":"https:\/\/easylingo.com\/pl\/wp-json\/wp\/v2\/product_cat?post=108742"},{"taxonomy":"product_tag","embeddable":true,"href":"https:\/\/easylingo.com\/pl\/wp-json\/wp\/v2\/product_tag?post=108742"}],"curies":[{"name":"wp","href":"https:\/\/api.w.org\/{rel}","templated":true}]}}