{"id":108756,"date":"2025-03-13T07:19:11","date_gmt":"2025-03-13T07:19:11","guid":{"rendered":"https:\/\/easylingo.com\/pl\/?post_type=product&#038;p=108756"},"modified":"2025-05-05T16:17:05","modified_gmt":"2025-05-05T16:17:05","slug":"angielski-dla-poczatkujacych-a1-minus","status":"publish","type":"product","link":"https:\/\/easylingo.com\/pl\/product\/angielski-dla-poczatkujacych-a1-minus\/","title":{"rendered":"Angielski dla pocz\u0105tkuj\u0105cych A1-"},"content":{"rendered":"<p class=\"\" data-start=\"107\" data-end=\"355\"><strong data-start=\"107\" data-end=\"191\">Zacznij od podstaw i krok po kroku buduj pewno\u015b\u0107 siebie w m\u00f3wieniu po angielsku.<\/strong> Kurs <strong data-start=\"197\" data-end=\"228\">\u201eAngielski od podstaw (A1)\u201d<\/strong> to solidny start dla ka\u017cdego, kto chce opanowa\u0107 podstawowe struktury j\u0119zykowe i s\u0142ownictwo potrzebne w codziennych sytuacjach.<\/p>\n<p class=\"\" data-start=\"357\" data-end=\"830\">Nauczysz si\u0119 przedstawia\u0107, m\u00f3wi\u0107 o rodzinie, opisywa\u0107 wygl\u0105d i cechy charakteru, a tak\u017ce opowiada\u0107 o swoich zainteresowaniach, planie dnia czy ulubionych zaj\u0119ciach. Gramatyka w kursie wprowadza m.in. czasownik <strong data-start=\"640\" data-end=\"647\">by\u0107<\/strong> i <strong data-start=\"650\" data-end=\"658\">mie\u0107<\/strong>, pytania, przeczenia, czas Present Simple i Past Simple, przyimki miejsca i czasu, liczby porz\u0105dkowe i osobowe zaimki.<\/p>\n<p class=\"\" data-start=\"943\" data-end=\"1081\">Je\u015bli oka\u017ce si\u0119, \u017ce kurs nie spe\u0142nia Twoich oczekiwa\u0144, masz 14 dni na jego zmian\u0119 lub zwrot pieni\u0119dzy. Uczysz si\u0119 bez stresu i bez ryzyka.<\/p>\n","protected":false},"excerpt":{"rendered":"<p>Zacznij od podstaw i krok po kroku buduj pewno\u015b\u0107 siebie w m\u00f3wieniu po angielsku. Kurs \u201eAngielski od podstaw (A1)\u201d to solidny start dla ka\u017cdego, kto chce opanowa\u0107 podstawowe struktury j\u0119zykowe i s\u0142ownictwo potrzebne w codziennych sytuacjach. Nauczysz si\u0119 przedstawia\u0107, m\u00f3wi\u0107 o rodzinie, opisywa\u0107 wygl\u0105d i cechy charakteru, a tak\u017ce opowiada\u0107 o swoich zainteresowaniach, planie dnia [&hellip;]<\/p>\n","protected":false},"featured_media":108757,"template":"","meta":{"_et_pb_use_builder":"on","_et_pb_old_content":"<p class=\"\" data-start=\"107\" data-end=\"355\"><strong data-start=\"107\" data-end=\"191\">Zacznij od podstaw i krok po kroku buduj pewno\u015b\u0107 siebie w m\u00f3wieniu po angielsku.<\/strong> Kurs <strong data-start=\"197\" data-end=\"228\">\u201eAngielski od podstaw (A1)\u201d<\/strong> to solidny start dla ka\u017cdego, kto chce opanowa\u0107 podstawowe struktury j\u0119zykowe i s\u0142ownictwo potrzebne w codziennych sytuacjach.<\/p>\r\n<p class=\"\" data-start=\"357\" data-end=\"830\">Nauczysz si\u0119 przedstawia\u0107, m\u00f3wi\u0107 o rodzinie, opisywa\u0107 wygl\u0105d i cechy charakteru, a tak\u017ce opowiada\u0107 o swoich zainteresowaniach, planie dnia czy ulubionych zaj\u0119ciach. Gramatyka w kursie wprowadza m.in. czasownik <strong data-start=\"640\" data-end=\"647\">by\u0107<\/strong> i <strong data-start=\"650\" data-end=\"658\">mie\u0107<\/strong>, pytania, przeczenia, czas Present Simple i Past Simple, przyimki miejsca i czasu, liczby porz\u0105dkowe i osobowe zaimki.<\/p>\r\n<p class=\"\" data-start=\"943\" data-end=\"1081\">Je\u015bli oka\u017ce si\u0119, \u017ce kurs nie spe\u0142nia Twoich oczekiwa\u0144, masz 14 dni na jego zmian\u0119 lub zwrot pieni\u0119dzy. Uczysz si\u0119 bez stresu i bez ryzyka.<\/p>","_et_gb_content_width":"","inline_featured_image":false},"product_cat":[75],"product_tag":[],"_links":{"self":[{"href":"https:\/\/easylingo.com\/pl\/wp-json\/wp\/v2\/product\/108756"}],"collection":[{"href":"https:\/\/easylingo.com\/pl\/wp-json\/wp\/v2\/product"}],"about":[{"href":"https:\/\/easylingo.com\/pl\/wp-json\/wp\/v2\/types\/product"}],"wp:featuredmedia":[{"embeddable":true,"href":"https:\/\/easylingo.com\/pl\/wp-json\/wp\/v2\/media\/108757"}],"wp:attachment":[{"href":"https:\/\/easylingo.com\/pl\/wp-json\/wp\/v2\/media?parent=108756"}],"wp:term":[{"taxonomy":"product_cat","embeddable":true,"href":"https:\/\/easylingo.com\/pl\/wp-json\/wp\/v2\/product_cat?post=108756"},{"taxonomy":"product_tag","embeddable":true,"href":"https:\/\/easylingo.com\/pl\/wp-json\/wp\/v2\/product_tag?post=108756"}],"curies":[{"name":"wp","href":"https:\/\/api.w.org\/{rel}","templated":true}]}}