{"id":108758,"date":"2025-03-13T07:24:57","date_gmt":"2025-03-13T07:24:57","guid":{"rendered":"https:\/\/easylingo.com\/pl\/?post_type=product&#038;p=108758"},"modified":"2025-05-05T16:16:40","modified_gmt":"2025-05-05T16:16:40","slug":"angielski-dla-poczatkujacych-a2-minus","status":"publish","type":"product","link":"https:\/\/easylingo.com\/pl\/product\/angielski-dla-poczatkujacych-a2-minus\/","title":{"rendered":"Angielski dla pocz\u0105tkuj\u0105cych A2-"},"content":{"rendered":"<p class=\"\" data-start=\"153\" data-end=\"464\">Nie czujesz si\u0119 jeszcze gotowy\/a na poziom \u015brednio zaawansowany, ale nie masz te\u017c ochoty wraca\u0107 do zupe\u0142nych podstaw?\u00a0 <strong data-start=\"303\" data-end=\"347\">\u201eAngielski dla znaj\u0105cych podstawy (A2\u2013)\u201d<\/strong> to spokojne, systematyczne przej\u015bcie w stron\u0119 wy\u017cszego poziomu \u2013 bez stresu, bez po\u015bpiechu, z naciskiem na praktyk\u0119.<\/p>\n<p class=\"\" data-start=\"466\" data-end=\"922\">Powt\u00f3rzysz i utrwalisz czasy tera\u017aniejsze i przesz\u0142e, nauczysz si\u0119 m\u00f3wi\u0107 o swoich zainteresowaniach, podr\u00f3\u017cach, pracy i planach. \u0106wiczysz gramatyk\u0119 w kontek\u015bcie \u2013 zrozumiesz m.in. r\u00f3\u017cnice mi\u0119dzy <em data-start=\"763\" data-end=\"775\">would like<\/em>, <em data-start=\"777\" data-end=\"783\">want<\/em> i <em data-start=\"786\" data-end=\"800\">would rather<\/em>, nauczysz si\u0119 poprawnie zadawa\u0107 pytania, stosowa\u0107 przys\u0142\u00f3wki i wykorzystywa\u0107 czasowniki modalne w codziennej komunikacjii.<\/p>\n<p class=\"\" data-start=\"1044\" data-end=\"1157\">Je\u015bli kurs oka\u017ce si\u0119 nietrafiony, masz 14 dni na jego zmian\u0119 lub zwrot pieni\u0119dzy. Bez ryzyka \u2013 po prostu zacznij.<\/p>\n","protected":false},"excerpt":{"rendered":"<p>Za\u010dn\u011bte od z\u00e1klad\u016f, pokra\u010dujte a\u00a0u\u017e nep\u0159esta\u0148te. <strong>Povedeme v\u00e1s angli\u010dtinou<\/strong> nenucen\u011b a\u00a0efektivn\u011b. Ji\u017e brzy porozum\u00edte b\u011b\u017en\u00fdm v\u00fdraz\u016fm a\u00a0fr\u00e1z\u00edm. Kurz obsahuje 6+1 tematick\u00fdch kapitol studia, ve kter\u00fdch se krom\u011b z\u00e1kladn\u00edch komunika\u010dn\u00edch obrat\u016f nau\u010d\u00edte nap\u0159\u00edklad <strong>p\u0159edstavit se, koupit si l\u00edstky na vlak \u010di mluvit o\u00a0sv\u00fdch volno\u010dasov\u00fdch aktivit\u00e1ch<\/strong>. Jestli\u017ee se odhadnete nespr\u00e1vn\u011b a\u00a0n\u00e1pl\u0148 kurzu v\u00e1m nebude vyhovovat, m\u016f\u017eete si do 14 dn\u016f vybrat jin\u00fd kurz nebo po\u017e\u00e1dat o\u00a0vr\u00e1cen\u00ed pen\u011bz. <strong>Nic neriskujete<\/strong>, nev\u00e1hejte a\u00a0zkuste to.<\/p>\n","protected":false},"featured_media":108759,"template":"","meta":{"_et_pb_use_builder":"off","_et_pb_old_content":"n\u011bjak\u00fd popis","_et_gb_content_width":"","inline_featured_image":false},"product_cat":[75],"product_tag":[],"_links":{"self":[{"href":"https:\/\/easylingo.com\/pl\/wp-json\/wp\/v2\/product\/108758"}],"collection":[{"href":"https:\/\/easylingo.com\/pl\/wp-json\/wp\/v2\/product"}],"about":[{"href":"https:\/\/easylingo.com\/pl\/wp-json\/wp\/v2\/types\/product"}],"wp:featuredmedia":[{"embeddable":true,"href":"https:\/\/easylingo.com\/pl\/wp-json\/wp\/v2\/media\/108759"}],"wp:attachment":[{"href":"https:\/\/easylingo.com\/pl\/wp-json\/wp\/v2\/media?parent=108758"}],"wp:term":[{"taxonomy":"product_cat","embeddable":true,"href":"https:\/\/easylingo.com\/pl\/wp-json\/wp\/v2\/product_cat?post=108758"},{"taxonomy":"product_tag","embeddable":true,"href":"https:\/\/easylingo.com\/pl\/wp-json\/wp\/v2\/product_tag?post=108758"}],"curies":[{"name":"wp","href":"https:\/\/api.w.org\/{rel}","templated":true}]}}