{"id":108760,"date":"2025-03-13T07:28:53","date_gmt":"2025-03-13T07:28:53","guid":{"rendered":"https:\/\/easylingo.com\/pl\/?post_type=product&#038;p=108760"},"modified":"2025-05-05T16:16:30","modified_gmt":"2025-05-05T16:16:30","slug":"angielski-dla-poczatkujacych-a2-plus","status":"publish","type":"product","link":"https:\/\/easylingo.com\/pl\/product\/angielski-dla-poczatkujacych-a2-plus\/","title":{"rendered":"Angielski dla pocz\u0105tkuj\u0105cych A2+"},"content":{"rendered":"<p class=\"\" data-start=\"112\" data-end=\"413\">Przygotowujesz si\u0119 do egzaminu KET? A mo\u017ce po prostu chcesz swobodnie si\u0119 dogada\u0107? Ten kurs pomo\u017ce Ci w obu przypadkach. <strong data-start=\"295\" data-end=\"339\">\u201eAngielski dla znaj\u0105cych podstawy (A2+)\u201d<\/strong> to praktyczne tematy, przydatne s\u0142ownictwo i jasne wyja\u015bnienia gramatyki.<\/p>\n<p class=\"\" data-start=\"415\" data-end=\"737\">Nauczysz si\u0119 opisywa\u0107 ludzi, rozmawia\u0107 o pogodzie i zdrowiu, wyja\u015bnia\u0107 problemy w podr\u00f3\u017cy i zadawa\u0107 konkretne pytania. Poznasz i utrwalisz m.in. czasy Present Simple, Past Simple, Present Perfect i be going to, a tak\u017ce konstrukcje z <em data-start=\"648\" data-end=\"654\">must<\/em>, <em data-start=\"656\" data-end=\"665\">have to<\/em> i <em data-start=\"668\" data-end=\"676\">should<\/em>. B\u0119dziesz wiedzie\u0107, jak i kiedy ich u\u017cywa\u0107 \u2013 bez zgadywania.<\/p>\n<p class=\"\" data-start=\"739\" data-end=\"884\">Je\u015bli uznasz, \u017ce poziom nie jest dla Ciebie odpowiedni, masz 14 dni na zmian\u0119 kursu lub zwrot pieni\u0119dzy. Uczysz si\u0119 bez ryzyka \u2013 warto spr\u00f3bowa\u0107.<\/p>\n","protected":false},"excerpt":{"rendered":"<p>Przygotowujesz si\u0119 do egzaminu KET? A mo\u017ce po prostu chcesz swobodnie si\u0119 dogada\u0107? Ten kurs pomo\u017ce Ci w obu przypadkach. \u201eAngielski dla znaj\u0105cych podstawy (A2+)\u201d to praktyczne tematy, przydatne s\u0142ownictwo i jasne wyja\u015bnienia gramatyki. Nauczysz si\u0119 opisywa\u0107 ludzi, rozmawia\u0107 o pogodzie i zdrowiu, wyja\u015bnia\u0107 problemy w podr\u00f3\u017cy i zadawa\u0107 konkretne pytania. Poznasz i utrwalisz m.in. [&hellip;]<\/p>\n","protected":false},"featured_media":108761,"template":"","meta":{"_et_pb_use_builder":"off","_et_pb_old_content":"n\u011bjak\u00fd popis","_et_gb_content_width":"","inline_featured_image":false},"product_cat":[75],"product_tag":[],"_links":{"self":[{"href":"https:\/\/easylingo.com\/pl\/wp-json\/wp\/v2\/product\/108760"}],"collection":[{"href":"https:\/\/easylingo.com\/pl\/wp-json\/wp\/v2\/product"}],"about":[{"href":"https:\/\/easylingo.com\/pl\/wp-json\/wp\/v2\/types\/product"}],"wp:featuredmedia":[{"embeddable":true,"href":"https:\/\/easylingo.com\/pl\/wp-json\/wp\/v2\/media\/108761"}],"wp:attachment":[{"href":"https:\/\/easylingo.com\/pl\/wp-json\/wp\/v2\/media?parent=108760"}],"wp:term":[{"taxonomy":"product_cat","embeddable":true,"href":"https:\/\/easylingo.com\/pl\/wp-json\/wp\/v2\/product_cat?post=108760"},{"taxonomy":"product_tag","embeddable":true,"href":"https:\/\/easylingo.com\/pl\/wp-json\/wp\/v2\/product_tag?post=108760"}],"curies":[{"name":"wp","href":"https:\/\/api.w.org\/{rel}","templated":true}]}}