{"id":108762,"date":"2025-03-13T10:26:36","date_gmt":"2025-03-13T10:26:36","guid":{"rendered":"https:\/\/easylingo.com\/pl\/?post_type=product&#038;p=108762"},"modified":"2025-05-05T16:16:18","modified_gmt":"2025-05-05T16:16:18","slug":"angielski-dla-srednio-zaawansowanych-b1-minus","status":"publish","type":"product","link":"https:\/\/easylingo.com\/pl\/product\/angielski-dla-srednio-zaawansowanych-b1-minus\/","title":{"rendered":"Angielski dla \u015brednio zaawansowanych B1-"},"content":{"rendered":"<p class=\"\" data-start=\"91\" data-end=\"509\">Masz ju\u017c podstawy, ale nadal zdarza Ci si\u0119 szuka\u0107 s\u0142\u00f3w i zastanawia\u0107 nad poprawn\u0105 form\u0105? W tym kursie uporz\u0105dkujesz gramatyk\u0119, rozbudujesz s\u0142ownictwo.Tematyka lekcji dotyczy m.in. pracy, podr\u00f3\u017cy, zdrowia, relacji, czasu wolnego i technologii, wi\u0119c uczysz si\u0119 j\u0119zyka, kt\u00f3ry naprawd\u0119 przyda Ci si\u0119 w praktyce.<\/p>\n<p class=\"\" data-start=\"511\" data-end=\"1049\">Powt\u00f3rzysz najwa\u017cniejsze czasy, poznasz konstrukcje przysz\u0142o\u015bciowe (will, be going to, Present Continuous), nauczysz si\u0119 rozr\u00f3\u017cnia\u0107 pytania, stosowa\u0107 zdania wzgl\u0119dne i budowa\u0107 wypowiedzi z czasownikami modalnymi (<em data-start=\"780\" data-end=\"786\">must<\/em>, <em data-start=\"788\" data-end=\"796\">should<\/em>, <em data-start=\"798\" data-end=\"807\">have to<\/em>). Prze\u0107wiczysz te\u017c stopniowanie przymiotnik\u00f3w i pierwsze okresy warunkowe. Gramatyka \u0142\u0105czy si\u0119 ze s\u0142ownictwem, kt\u00f3re obejmuje m.in. sport, muzyk\u0119, jedzenie, pogod\u0119, rodzin\u0119, zdrowie i codzienne problemy.<\/p>\n<p class=\"\" data-start=\"1051\" data-end=\"1197\">Je\u015bli kurs nie b\u0119dzie dla Ciebie odpowiedni, mo\u017cesz w ci\u0105gu 14 dni wybra\u0107 inny lub poprosi\u0107 o zwrot pieni\u0119dzy. Uczysz si\u0119 bez presji i bez ryzyka.<\/p>\n","protected":false},"excerpt":{"rendered":"<p>Masz ju\u017c podstawy, ale nadal zdarza Ci si\u0119 szuka\u0107 s\u0142\u00f3w i zastanawia\u0107 nad poprawn\u0105 form\u0105? W tym kursie uporz\u0105dkujesz gramatyk\u0119, rozbudujesz s\u0142ownictwo.Tematyka lekcji dotyczy m.in. pracy, podr\u00f3\u017cy, zdrowia, relacji, czasu wolnego i technologii, wi\u0119c uczysz si\u0119 j\u0119zyka, kt\u00f3ry naprawd\u0119 przyda Ci si\u0119 w praktyce. Powt\u00f3rzysz najwa\u017cniejsze czasy, poznasz konstrukcje przysz\u0142o\u015bciowe (will, be going to, Present [&hellip;]<\/p>\n","protected":false},"featured_media":108763,"template":"","meta":{"_et_pb_use_builder":"off","_et_pb_old_content":"n\u011bjak\u00fd popis","_et_gb_content_width":"","inline_featured_image":false},"product_cat":[75],"product_tag":[],"_links":{"self":[{"href":"https:\/\/easylingo.com\/pl\/wp-json\/wp\/v2\/product\/108762"}],"collection":[{"href":"https:\/\/easylingo.com\/pl\/wp-json\/wp\/v2\/product"}],"about":[{"href":"https:\/\/easylingo.com\/pl\/wp-json\/wp\/v2\/types\/product"}],"wp:featuredmedia":[{"embeddable":true,"href":"https:\/\/easylingo.com\/pl\/wp-json\/wp\/v2\/media\/108763"}],"wp:attachment":[{"href":"https:\/\/easylingo.com\/pl\/wp-json\/wp\/v2\/media?parent=108762"}],"wp:term":[{"taxonomy":"product_cat","embeddable":true,"href":"https:\/\/easylingo.com\/pl\/wp-json\/wp\/v2\/product_cat?post=108762"},{"taxonomy":"product_tag","embeddable":true,"href":"https:\/\/easylingo.com\/pl\/wp-json\/wp\/v2\/product_tag?post=108762"}],"curies":[{"name":"wp","href":"https:\/\/api.w.org\/{rel}","templated":true}]}}